{"id":3974,"date":"2024-07-10T10:17:09","date_gmt":"2024-07-10T09:17:09","guid":{"rendered":"https:\/\/bawso.org.uk\/?page_id=3974"},"modified":"2024-09-23T14:21:57","modified_gmt":"2024-09-23T13:21:57","slug":"bawso-sebei-project","status":"publish","type":"page","link":"https:\/\/bawso.org.uk\/vi\/bawso-sebei-project\/","title":{"rendered":"D\u1ef1 \u00e1n Bawso \u2013 Sebei"},"content":{"rendered":"<figure class=\"wp-block-image size-large\"><img loading=\"lazy\" decoding=\"async\" width=\"1024\" height=\"585\" src=\"https:\/\/bawso.org.uk\/wp-content\/uploads\/2024\/03\/Website-Wordpress-Feature-Image-1100-x-628-px-3-1024x585.png\" alt=\"\" class=\"wp-image-3632\"\/><\/figure>\n\n\n\n<p>Ch\u00fang t\u00f4i vui m\u1eebng th\u00f4ng b\u00e1o v\u1ec1 m\u1ed9t d\u1ef1 \u00e1n m\u1edbi l\u00e0 s\u1ef1 h\u1ee3p t\u00e1c gi\u1eefa Wales v\u00e0 Uganda. Ch\u00fang t\u00f4i \u0111\u00e3 nh\u1eadn \u0111\u01b0\u1ee3c t\u00e0i tr\u1ee3 t\u1eeb ch\u00ednh ph\u1ee7 x\u1ee9 Wales do H\u1ed9i \u0111\u1ed3ng h\u00e0nh \u0111\u1ed9ng t\u00ecnh nguy\u1ec7n x\u1ee9 Wales (WCVA) qu\u1ea3n l\u00fd theo ch\u01b0\u01a1ng tr\u00ecnh Wales v\u00ec ch\u00e2u Phi, \u0111\u1ec3 h\u1ee3p t\u00e1c v\u1edbi D\u1ef1 \u00e1n trao quy\u1ec1n cho c\u1ed9ng \u0111\u1ed3ng Sebei \u1edf Uganda nh\u1eb1m gi\u1ea3i quy\u1ebft v\u1ea5n \u0111\u1ec1 th\u1ef1c h\u00e0nh FGM.<\/p>\n\n\n\n<figure class=\"wp-block-image size-full is-resized\"><img loading=\"lazy\" decoding=\"async\" width=\"691\" height=\"300\" src=\"https:\/\/bawso.org.uk\/wp-content\/uploads\/2024\/03\/WA_Colour-removebg-preview-e1710238776667.png\" alt=\"\" class=\"wp-image-3619\" style=\"width:839px;height:auto\" srcset=\"https:\/\/bawso.org.uk\/wp-content\/uploads\/2024\/03\/WA_Colour-removebg-preview-e1710238776667.png 691w, https:\/\/bawso.org.uk\/wp-content\/uploads\/2024\/03\/WA_Colour-removebg-preview-e1710238776667-300x130.png 300w, https:\/\/bawso.org.uk\/wp-content\/uploads\/2024\/03\/WA_Colour-removebg-preview-e1710238776667-18x8.png 18w\" sizes=\"auto, (max-width: 691px) 100vw, 691px\" \/><\/figure>\n\n\n\n<p>D\u1ef1 \u00e1n nh\u1eb1m m\u1ee5c \u0111\u00edch g\u00f3p ph\u1ea7n lo\u1ea1i b\u1ecf FGM \u1edf v\u00f9ng Sebei thu\u1ed9c mi\u1ec1n \u0110\u00f4ng Uganda th\u00f4ng qua gi\u00e1o d\u1ee5c c\u1ed9ng \u0111\u1ed3ng v\u00e0 n\u00e2ng cao nh\u1eadn th\u1ee9c. C\u00e1c l\u1ee3i \u00edch bao g\u1ed3m vi\u1ec7c t\u1ea1o ra m\u1ed9t nh\u00f3m nh\u1eefng ng\u01b0\u1eddi \u1ee7ng h\u1ed9 c\u1ed9ng \u0111\u1ed3ng bao g\u1ed3m c\u00e1c tr\u01b0\u1eddng h\u1ecdc, c\u00e1c b\u00e0 \u0111\u1ee1 \u0111\u01b0\u1ee3c \u0111\u00e0o t\u1ea1o theo truy\u1ec1n th\u1ed1ng (nh\u1eefng ng\u01b0\u1eddi h\u1ed9 sinh truy\u1ec1n th\u1ed1ng) v\u00e0 nh\u1eefng ng\u01b0\u1eddi l\u00e3nh \u0111\u1ea1o quan \u0111i\u1ec3m, nh\u1eefng ng\u01b0\u1eddi s\u1ebd d\u1eabn \u0111\u1ea7u d\u1ef1 \u00e1n v\u00e0 qu\u1ea3n l\u00fd k\u1ebft qu\u1ea3.<\/p>\n\n\n\n<p>K\u1ebft qu\u1ea3 chung c\u1ee7a d\u1ef1 \u00e1n l\u00e0 gi\u1ea3m b\u1ea1o l\u1ef1c \u0111\u1ed1i v\u1edbi ph\u1ee5 n\u1eef v\u00e0 tr\u1ebb em g\u00e1i (VAWG), bao g\u1ed3m FGM, thay \u0111\u1ed5i th\u00e1i \u0111\u1ed9 v\u00e0 s\u1ef1 t\u1ef1 tin \u0111\u1ec3 th\u00e1ch th\u1ee9c c\u00e1c t\u1eadp t\u1ee5c v\u0103n h\u00f3a c\u00f3 h\u1ea1i. T\u00e1c \u0111\u1ed9ng l\u00e2u d\u00e0i l\u00e0 gi\u1ea3m 55% FGM \u1edf khu v\u1ef1c Sebei trong v\u00f2ng 10 n\u0103m.<\/p>\n\n\n\n<p>D\u1ef1 \u00e1n s\u1ebd g\u00f3p ph\u1ea7n th\u1ef1c hi\u1ec7n \u0110\u1ea1o lu\u1eadt Ph\u00fac l\u1ee3i cho c\u00e1c th\u1ebf h\u1ec7 t\u01b0\u01a1ng lai n\u0103m 2015 b\u1eb1ng c\u00e1ch trang b\u1ecb cho gi\u00e1o vi\u00ean \u1edf Wales th\u00f4ng tin v\u00e0 ki\u1ebfn th\u1ee9c \u0111\u1ec3 x\u00e1c \u0111\u1ecbnh c\u00e1c b\u00e9 g\u00e1i c\u00f3 nguy c\u01a1 b\u1ecb FGM v\u00e0 gi\u1ea3i quy\u1ebft c\u00e1c v\u1ea5n \u0111\u1ec1 b\u1ea3o v\u1ec7 an to\u00e0n cho c\u00e1c b\u00e9 g\u00e1i BME. N\u00f3 c\u0169ng s\u1ebd c\u1ee7ng c\u1ed1 vai tr\u00f2 c\u1ee7a Bawso trong vi\u1ec7c cung c\u1ea5p c\u00e1c d\u1ecbch v\u1ee5 tr\u00ean kh\u1eafp x\u1ee9 Wales \u0111\u1ec3 h\u1ed7 tr\u1ee3 ph\u1ee5 n\u1eef t\u1eeb c\u00e1c c\u1ed9ng \u0111\u1ed3ng BME v\u00e0 t\u1ea1o c\u01a1 h\u1ed9i h\u1ecdc t\u1eadp gi\u1eefa x\u1ee9 Wales v\u00e0 Uganda.<\/p>\n\n\n\n<hr class=\"wp-block-separator has-alpha-channel-opacity\"\/>\n\n\n\n<p>\u201cT\u00f4i vui m\u1eebng th\u00f4ng b\u00e1o r\u1eb1ng Bawso \u0111\u00e3 nh\u1eadn \u0111\u01b0\u1ee3c ngu\u1ed3n t\u00e0i tr\u1ee3 th\u00f4ng qua ch\u01b0\u01a1ng tr\u00ecnh Wales v\u00e0 Ch\u00e2u Phi c\u1ee7a Ch\u00ednh ph\u1ee7 Wales, trao quy\u1ec1n cho c\u00e1c t\u1ed5 ch\u1ee9c \u1edf Wales b\u1eaft tay v\u00e0o c\u00e1c d\u1ef1 \u00e1n ph\u00f9 h\u1ee3p v\u1edbi M\u1ee5c ti\u00eau Ph\u00e1t tri\u1ec3n B\u1ec1n v\u1eefng c\u1ee7a Li\u00ean H\u1ee3p Qu\u1ed1c. S\u1ef1 h\u1ee3p t\u00e1c n\u00e0y s\u1eb5n s\u00e0ng mang l\u1ea1i l\u1ee3i \u00edch \u0111\u00e1ng k\u1ec3 cho c\u1ea3 x\u1ee9 Wales v\u00e0 Ch\u00e2u Phi.<br>&nbsp;<br>S\u00e1ng ki\u1ebfn \u0111\u1ed9t ph\u00e1 c\u1ee7a ch\u00fang t\u00f4i, d\u1ef1 \u00e1n Bawso-Sebei, \u0111\u01b0\u1ee3c thi\u1ebft l\u1eadp \u0111\u1ec3 t\u1ea1o ra t\u00e1c \u0111\u1ed9ng \u0111\u00e1ng k\u1ec3 trong vi\u1ec7c x\u00f3a b\u1ecf n\u1ea1n c\u1eaft x\u00e9n b\u1ed9 ph\u1eadn sinh d\u1ee5c n\u1eef (FGM) \u1edf v\u00f9ng Sebei c\u1ee7a Uganda. Th\u00f4ng qua quan h\u1ec7 \u0111\u1ed1i t\u00e1c chi\u1ebfn l\u01b0\u1ee3c v\u1edbi c\u00e1c nh\u00f3m c\u1ed9ng \u0111\u1ed3ng v\u00e0 tr\u01b0\u1eddng h\u1ecdc \u0111\u1ecba ph\u01b0\u01a1ng, ch\u00fang t\u00f4i mong mu\u1ed1n \u0111\u1ea1t \u0111\u01b0\u1ee3c m\u1ee9c gi\u1ea3m \u0111\u00e1ng k\u1ec3 55% FGM trong th\u1eadp k\u1ef7 t\u1edbi.<br>&nbsp;<br>C\u00f9ng nhau, ch\u00fang t\u00f4i cam k\u1ebft th\u00fac \u0111\u1ea9y s\u1ef1 thay \u0111\u1ed5i t\u00edch c\u1ef1c v\u00e0 \u0111\u00f3ng g\u00f3p cho m\u1ed9t th\u1ebf gi\u1edbi an to\u00e0n h\u01a1n, c\u00f4ng b\u1eb1ng h\u01a1n.\u201d- Tina Fahm,&nbsp;<em>Gi\u00e1m \u0111\u1ed1c \u0111i\u1ec1u h\u00e0nh Bawso<\/em>.<\/p>\n\n\n\n<h2 class=\"wp-block-heading\"><strong>G\u1eb7p g\u1ee1 nh\u00f3m l\u00e0m vi\u1ec7c trong D\u1ef1 \u00e1n Bawso-Sebei t\u1ea1i Uganda&nbsp;<\/strong><\/h2>\n\n\n\n<p>Ch\u00fang t\u00f4i r\u1ea5t vui m\u1eebng \u0111\u01b0\u1ee3c l\u00e0m vi\u1ec7c v\u1edbi nh\u00f3m D\u1ef1 \u00e1n trao quy\u1ec1n cho c\u1ed9ng \u0111\u1ed3ng Sebei \u0111\u1ec3 \u0111\u1ea3m b\u1ea3o x\u00f3a b\u1ecf h\u1ee7 t\u1ee5c c\u1eaft b\u1ed9 ph\u1eadn sinh d\u1ee5c n\u1eef \u1edf khu v\u1ef1c Sebei.\u00a0<\/p>\n\n\n\n<div class=\"wp-block-columns is-layout-flex wp-container-core-columns-is-layout-9d6595d7 wp-block-columns-is-layout-flex\">\n<div class=\"wp-block-column is-layout-flow wp-block-column-is-layout-flow\">\n<div class=\"wp-block-media-text is-stacked-on-mobile\" style=\"grid-template-columns:46% auto\"><figure class=\"wp-block-media-text__media\"><img loading=\"lazy\" decoding=\"async\" width=\"216\" height=\"288\" src=\"https:\/\/bawso.org.uk\/wp-content\/uploads\/2024\/08\/Sokuton-1.jpg\" alt=\"\" class=\"wp-image-4075 size-full\" srcset=\"https:\/\/bawso.org.uk\/wp-content\/uploads\/2024\/08\/Sokuton-1.jpg 216w, https:\/\/bawso.org.uk\/wp-content\/uploads\/2024\/08\/Sokuton-1-9x12.jpg 9w\" sizes=\"auto, (max-width: 216px) 100vw, 216px\" \/><\/figure><div class=\"wp-block-media-text__content\">\n<p class=\"has-small-font-size\">Sokuton Samuel, Qu\u1ea3n l\u00fd d\u1ef1 \u00e1n<\/p>\n\n\n\n<p class=\"has-small-font-size\">Trao quy\u1ec1n cho c\u1ed9ng \u0111\u1ed3ng Greater Sebei, Uganda<\/p>\n<\/div><\/div>\n<\/div>\n\n\n\n<div class=\"wp-block-column is-layout-flow wp-block-column-is-layout-flow\">\n<div class=\"wp-block-media-text is-stacked-on-mobile\"><figure class=\"wp-block-media-text__media\"><img loading=\"lazy\" decoding=\"async\" width=\"247\" height=\"329\" src=\"https:\/\/bawso.org.uk\/wp-content\/uploads\/2024\/08\/Picture2.jpg\" alt=\"\" class=\"wp-image-4076 size-full\" srcset=\"https:\/\/bawso.org.uk\/wp-content\/uploads\/2024\/08\/Picture2.jpg 247w, https:\/\/bawso.org.uk\/wp-content\/uploads\/2024\/08\/Picture2-225x300.jpg 225w, https:\/\/bawso.org.uk\/wp-content\/uploads\/2024\/08\/Picture2-9x12.jpg 9w\" sizes=\"auto, (max-width: 247px) 100vw, 247px\" \/><\/figure><div class=\"wp-block-media-text__content\">\n<p class=\"has-small-font-size\">Nyadoi Winfred, Hu\u1ea5n luy\u1ec7n vi\u00ean d\u1ef1 \u00e1n<\/p>\n\n\n\n<p class=\"has-small-font-size\">Trao quy\u1ec1n cho c\u1ed9ng \u0111\u1ed3ng Greater Sebei, Uganda<\/p>\n<\/div><\/div>\n<\/div>\n\n\n\n<div class=\"wp-block-column is-layout-flow wp-block-column-is-layout-flow\">\n<div class=\"wp-block-media-text is-stacked-on-mobile\"><figure class=\"wp-block-media-text__media\"><img loading=\"lazy\" decoding=\"async\" width=\"225\" height=\"300\" src=\"https:\/\/bawso.org.uk\/wp-content\/uploads\/2024\/08\/Picture3.jpg\" alt=\"\" class=\"wp-image-4077 size-full\" srcset=\"https:\/\/bawso.org.uk\/wp-content\/uploads\/2024\/08\/Picture3.jpg 225w, https:\/\/bawso.org.uk\/wp-content\/uploads\/2024\/08\/Picture3-9x12.jpg 9w\" sizes=\"auto, (max-width: 225px) 100vw, 225px\" \/><\/figure><div class=\"wp-block-media-text__content\">\n<p class=\"has-small-font-size\">Twietuk Benfred, C\u00e1n b\u1ed9 n\u00e2ng cao nh\u1eadn th\u1ee9c v\u00e0 n\u00e2ng cao nh\u1eadn th\u1ee9c c\u1ed9ng \u0111\u1ed3ng   <\/p>\n\n\n\n<p class=\"has-small-font-size\">                         <\/p>\n<\/div><\/div>\n<\/div>\n<\/div>\n\n\n\n<p class=\"is-style-text-large has-medium-font-size\"><strong>K\u1ebft n\u1ed1i c\u1ed9ng \u0111\u1ed3ng \u1edf Ch\u00e2u Phi c\u1eadn Sahara<\/strong><\/p>\n\n\n\n<p>Sau khi h\u1ee3p t\u00e1c th\u00e0nh c\u00f4ng v\u1edbi c\u00e1c \u0111\u1ed1i t\u00e1c c\u1ee7a ch\u00fang t\u00f4i t\u1ea1i Kenya, C\u01a1 quan Ph\u00e1t tri\u1ec3n \u0110\u1ed1i t\u00e1c C\u01a1 \u0111\u1ed1c gi\u00e1o, \u0111\u1ec3 n\u00e2ng cao nh\u1eadn th\u1ee9c trong c\u1ed9ng \u0111\u1ed3ng v\u1ec1 b\u1ea1o l\u1ef1c \u0111\u1ed1i v\u1edbi ph\u1ee5 n\u1eef v\u00e0 tr\u1ebb em g\u00e1i, ch\u00fang t\u00f4i \u0111\u00e3 t\u1ea1o ra quan h\u1ec7 \u0111\u1ed1i t\u00e1c gi\u1eefa Nh\u00f3m c\u1ee7a ch\u00fang t\u00f4i t\u1ea1i Uganda v\u00e0 Kenya \u0111\u1ec3 c\u00f9ng nhau h\u1ed7 tr\u1ee3 v\u00e0 h\u1ecdc h\u1ecfi l\u1eabn nhau b\u1eb1ng c\u00e1ch k\u1ebft n\u1ed1i hai c\u1ed9ng \u0111\u1ed3ng. \u0110i\u1ec1u n\u00e0y s\u1ebd bao g\u1ed3m vi\u1ec7c \u0111i l\u1ea1i gi\u1eefa hai c\u1ed9ng \u0111\u1ed3ng, x\u00e2y d\u1ef1ng m\u1ed1i quan h\u1ec7 v\u00e0 chia s\u1ebb th\u00f4ng l\u1ec7 t\u1ed1t nh\u1ea5t. Ch\u00fang t\u00f4i r\u1ea5t vui m\u1eebng khi th\u1ea5y \u0111\u01b0\u1ee3c th\u00e0nh qu\u1ea3 c\u1ee7a quan h\u1ec7 \u0111\u1ed1i t\u00e1c n\u00e0y.<\/p>\n\n\n\n<div class=\"wp-block-columns is-layout-flex wp-container-core-columns-is-layout-9d6595d7 wp-block-columns-is-layout-flex\">\n<div class=\"wp-block-column is-layout-flow wp-block-column-is-layout-flow\">\n<div class=\"wp-block-media-text is-stacked-on-mobile\"><figure class=\"wp-block-media-text__media\"><img loading=\"lazy\" decoding=\"async\" width=\"307\" height=\"409\" src=\"https:\/\/bawso.org.uk\/wp-content\/uploads\/2024\/08\/Picture4.jpg\" alt=\"\" class=\"wp-image-4078 size-full\" srcset=\"https:\/\/bawso.org.uk\/wp-content\/uploads\/2024\/08\/Picture4.jpg 307w, https:\/\/bawso.org.uk\/wp-content\/uploads\/2024\/08\/Picture4-225x300.jpg 225w, https:\/\/bawso.org.uk\/wp-content\/uploads\/2024\/08\/Picture4-9x12.jpg 9w\" sizes=\"auto, (max-width: 307px) 100vw, 307px\" \/><\/figure><div class=\"wp-block-media-text__content\">\n<p class=\"has-small-font-size\">Alice Kirambi, Gi\u00e1m \u0111\u1ed1c \u0111i\u1ec1u h\u00e0nh<\/p>\n\n\n\n<p class=\"has-small-font-size\">C\u01a1 quan Ph\u00e1t tri\u1ec3n \u0110\u1ed1i t\u00e1c C\u01a1 \u0111\u1ed1c gi\u00e1o, Kenya<\/p>\n<\/div><\/div>\n<\/div>\n\n\n\n<div class=\"wp-block-column is-layout-flow wp-block-column-is-layout-flow\">\n<div class=\"wp-block-media-text is-stacked-on-mobile\"><figure class=\"wp-block-media-text__media\"><img loading=\"lazy\" decoding=\"async\" width=\"320\" height=\"427\" src=\"https:\/\/bawso.org.uk\/wp-content\/uploads\/2024\/08\/Picture5.jpg\" alt=\"\" class=\"wp-image-4079 size-full\" srcset=\"https:\/\/bawso.org.uk\/wp-content\/uploads\/2024\/08\/Picture5.jpg 320w, https:\/\/bawso.org.uk\/wp-content\/uploads\/2024\/08\/Picture5-225x300.jpg 225w, https:\/\/bawso.org.uk\/wp-content\/uploads\/2024\/08\/Picture5-9x12.jpg 9w\" sizes=\"auto, (max-width: 320px) 100vw, 320px\" \/><\/figure><div class=\"wp-block-media-text__content\">\n<p class=\"has-small-font-size\">Anne Savai, \u0110i\u1ec1u ph\u1ed1i vi\u00ean d\u1ef1 \u00e1n&nbsp;<\/p>\n\n\n\n<p class=\"has-small-font-size\">C\u01a1 quan Ph\u00e1t tri\u1ec3n \u0110\u1ed1i t\u00e1c C\u01a1 \u0111\u1ed1c gi\u00e1o, Kenya<\/p>\n<\/div><\/div>\n<\/div>\n\n\n\n<div class=\"wp-block-column is-layout-flow wp-block-column-is-layout-flow\">\n<div class=\"wp-block-media-text is-stacked-on-mobile\"><figure class=\"wp-block-media-text__media\"><img loading=\"lazy\" decoding=\"async\" width=\"321\" height=\"497\" src=\"https:\/\/bawso.org.uk\/wp-content\/uploads\/2024\/08\/Picture6.png\" alt=\"\" class=\"wp-image-4080 size-full\" srcset=\"https:\/\/bawso.org.uk\/wp-content\/uploads\/2024\/08\/Picture6.png 321w, https:\/\/bawso.org.uk\/wp-content\/uploads\/2024\/08\/Picture6-194x300.png 194w, https:\/\/bawso.org.uk\/wp-content\/uploads\/2024\/08\/Picture6-8x12.png 8w\" sizes=\"auto, (max-width: 321px) 100vw, 321px\" \/><\/figure><div class=\"wp-block-media-text__content\">\n<p class=\"has-small-font-size\">Rooda Ahmed, \u0110i\u1ec1u ph\u1ed1i vi\u00ean D\u1ef1 \u00e1n<\/p>\n\n\n\n<p class=\"has-small-font-size\">Bawso Womens Aid, Wales, V\u01b0\u01a1ng qu\u1ed1c Anh<\/p>\n\n\n\n<details class=\"wp-block-details is-layout-flow wp-block-details-is-layout-flow\"><summary><strong>Vai tr\u00f2 c\u1ee7a t\u00f4i<\/strong><\/summary>\n<p>l\u00e0 gi\u00e1m s\u00e1t d\u1ef1 \u00e1n t\u1ea1i Uganda v\u00e0 l\u00e0m vi\u1ec7c ch\u1eb7t ch\u1ebd v\u1edbi nh\u00f3m th\u1ef1c \u0111\u1ecba \u0111\u1ec3 \u0111\u1ea1t \u0111\u01b0\u1ee3c k\u1ebft qu\u1ea3 c\u1ee7a d\u1ef1 \u00e1n. T\u1ea1i Wales, vai tr\u00f2 c\u1ee7a t\u00f4i c\u0169ng bao g\u1ed3m \u0111i\u1ec1u ph\u1ed1i nh\u00e1nh Wales c\u1ee7a d\u1ef1 \u00e1n, bao g\u1ed3m l\u00e0m vi\u1ec7c v\u1edbi c\u00e1c tr\u01b0\u1eddng h\u1ecdc, t\u00ecnh nguy\u1ec7n vi\u00ean v\u00e0 c\u1ed9ng \u0111\u1ed3ng \u0111\u1ec3 \u0111i\u1ec1u ph\u1ed1i c\u00e1c ho\u1ea1t \u0111\u1ed9ng nh\u1eb1m n\u00e2ng cao ki\u1ebfn th\u1ee9c v\u1ec1 FGM trong s\u1ed1 nh\u1eefng ng\u01b0\u1eddi th\u1ee5 h\u01b0\u1edfng. M\u1ed9t ph\u1ea7n vai tr\u00f2 c\u1ee7a t\u00f4i l\u00e0 k\u1ebft n\u1ed1i m\u1ea1ng l\u01b0\u1edbi v\u00e0 li\u00ean l\u1ea1c v\u1edbi c\u00e1c \u0111\u1ed1i t\u00e1c \u0111\u1ec3 ph\u00e1t tri\u1ec3n v\u00e0 duy tr\u00ec m\u1ed1i li\u00ean k\u1ebft v\u1edbi c\u00e1c c\u1ed9ng \u0111\u1ed3ng v\u00e0 t\u1ed5 ch\u1ee9c t\u1ea1i \u0111\u00e2y v\u00e0 \u1edf Ch\u00e2u Phi.<\/p>\n<\/details>\n<\/div><\/div>\n<\/div>\n<\/div>\n\n\n\n<h2 class=\"wp-block-heading\">T\u1edd r\u01a1i th\u00f4ng tin v\u1ec1 c\u1eaft x\u00e9n b\u1ed9 ph\u1eadn sinh d\u1ee5c n\u1eef <\/h2>\n\n\n\n<p>M\u1ee5c \u0111\u00edch c\u1ee7a vi\u1ec7c t\u1ea1o ra c\u00e1c t\u1edd r\u01a1i th\u00f4ng tin v\u1ec1 FGM ph\u1ee5c v\u1ee5 m\u1ed9t s\u1ed1 m\u1ee5c \u0111\u00edch quan tr\u1ecdng. \u0110\u1ea7u ti\u00ean, \u0111\u00f3 l\u00e0 n\u00e2ng cao nh\u1eadn th\u1ee9c v\u00e0 gi\u00fap th\u00f4ng b\u00e1o cho c\u00f4ng ch\u00fang, c\u0169ng nh\u01b0 c\u00e1c c\u1ed9ng \u0111\u1ed3ng c\u1ee5 th\u1ec3 c\u00f3 nguy c\u01a1 v\u1ec1 FGM l\u00e0 g\u00ec, c\u00e1c lo\u1ea1i h\u00ecnh, m\u1ee9c \u0111\u1ed9 ph\u1ed5 bi\u1ebfn v\u00e0 c\u00e1c r\u1ee7i ro nghi\u00eam tr\u1ecdng v\u1ec1 s\u1ee9c kh\u1ecfe v\u00e0 vi ph\u1ea1m nh\u00e2n quy\u1ec1n li\u00ean quan \u0111\u1ebfn n\u00f3.&nbsp;&nbsp;                               <\/p>\n\n\n\n<p>Th\u1ee9 hai, t\u1edd r\u01a1i th\u00f4ng tin c\u00f2n nh\u1eb1m trao quy\u1ec1n cho c\u00e1c c\u00f4 g\u00e1i v\u00e0 ph\u1ee5 n\u1eef tr\u1ebb \u0111\u1ec3 b\u1ea3o v\u1ec7 b\u1ea3n th\u00e2n v\u00e0 ch\u1ed1ng l\u1ea1i \u00e1p l\u1ef1c ph\u1ea3i th\u1ef1c hi\u1ec7n FGM. \u0110\u00e2y c\u0169ng l\u00e0 c\u01a1 h\u1ed9i \u0111\u1ec3 gi\u00e1o d\u1ee5c c\u00e1c c\u1ed9ng \u0111\u1ed3ng kh\u00e1c v\u1ec1 c\u00e1c h\u00ecnh th\u1ee9c b\u1ea1o l\u1ef1c kh\u00e1c nhau \u0111\u1ed1i v\u1edbi ph\u1ee5 n\u1eef v\u00e0 tr\u1ebb em g\u00e1i, trong \u0111\u00f3 c\u00f3 FGM.&nbsp;&nbsp;<\/p>\n\n\n\n<p>N\u00f3 c\u1ee7ng c\u1ed1 khung ph\u00e1p l\u00fd c\u1ee7a V\u01b0\u01a1ng qu\u1ed1c Anh xung quanh FGM v\u00e0 nh\u1eefng t\u00e1c \u0111\u1ed9ng c\u1ee7a n\u00f3. N\u00f3 th\u00f4ng b\u00e1o cho c\u1ed9ng \u0111\u1ed3ng v\u1ec1 t\u00ecnh tr\u1ea1ng ph\u00e1p l\u00fd c\u1ee7a FGM \u1edf qu\u1ed1c gia c\u1ee7a h\u1ecd, bao g\u1ed3m lu\u1eadt c\u1ea5m th\u1ef1c h\u00e0nh v\u00e0 h\u00ecnh ph\u1ea1t \u0111\u1ed1i v\u1edbi nh\u1eefng ng\u01b0\u1eddi th\u1ef1c hi\u1ec7n ho\u1eb7c t\u1ea1o \u0111i\u1ec1u ki\u1ec7n cho h\u00e0nh vi n\u00e0y.&nbsp;&nbsp;<\/p>\n\n\n\n<p>T\u1edd th\u00f4ng tin cung c\u1ea5p c\u00e1c d\u1ecbch v\u1ee5 h\u1ed7 tr\u1ee3 kh\u00e1c nhau d\u00e0nh cho nh\u1eefng ng\u01b0\u1eddi s\u1ed1ng s\u00f3t sau FGM v\u00e0 c\u00e1c ngu\u1ed3n th\u00f4ng tin chung cung c\u1ea5p th\u00eam th\u00f4ng tin. Nh\u00ecn chung, t\u1edd r\u01a1i FGM \u0111\u00f3ng m\u1ed9t vai tr\u00f2 quan tr\u1ecdng trong n\u1ed7 l\u1ef1c to\u00e0n c\u1ea7u nh\u1eb1m x\u00f3a b\u1ecf t\u1eadp t\u1ee5c n\u00e0y v\u00e0 h\u1ed7 tr\u1ee3 c\u00e1c c\u1ed9ng \u0111\u1ed3ng b\u1ecb \u1ea3nh h\u01b0\u1edfng.&nbsp;&nbsp;<\/p>\n\n\n\n<figure class=\"wp-block-image size-large\"><a href=\"https:\/\/bawso.org.uk\/wp-content\/uploads\/2024\/07\/202407-Bawso-FGM-Awareness-leaflet.pdf.png\"><img loading=\"lazy\" decoding=\"async\" width=\"1024\" height=\"307\" src=\"https:\/\/bawso.org.uk\/wp-content\/uploads\/2024\/07\/202407-Bawso-FGM-Awareness-leaflet.pdf-1024x307.png\" alt=\"\" class=\"wp-image-4013\" srcset=\"https:\/\/bawso.org.uk\/wp-content\/uploads\/2024\/07\/202407-Bawso-FGM-Awareness-leaflet.pdf-1024x307.png 1024w, https:\/\/bawso.org.uk\/wp-content\/uploads\/2024\/07\/202407-Bawso-FGM-Awareness-leaflet.pdf-300x90.png 300w, https:\/\/bawso.org.uk\/wp-content\/uploads\/2024\/07\/202407-Bawso-FGM-Awareness-leaflet.pdf-768x230.png 768w, https:\/\/bawso.org.uk\/wp-content\/uploads\/2024\/07\/202407-Bawso-FGM-Awareness-leaflet.pdf-1536x460.png 1536w, https:\/\/bawso.org.uk\/wp-content\/uploads\/2024\/07\/202407-Bawso-FGM-Awareness-leaflet.pdf-18x5.png 18w, https:\/\/bawso.org.uk\/wp-content\/uploads\/2024\/07\/202407-Bawso-FGM-Awareness-leaflet.pdf.png 2000w\" sizes=\"auto, (max-width: 1024px) 100vw, 1024px\" \/><\/a><\/figure>\n\n\n\n<figure class=\"wp-block-image size-large\"><a href=\"https:\/\/bawso.org.uk\/wp-content\/uploads\/2024\/07\/202407-Bawso-FGM-Awareness-leaflet.pdf-1.png\"><img loading=\"lazy\" decoding=\"async\" width=\"1024\" height=\"307\" src=\"https:\/\/bawso.org.uk\/wp-content\/uploads\/2024\/07\/202407-Bawso-FGM-Awareness-leaflet.pdf-1-1024x307.png\" alt=\"\" class=\"wp-image-4016\" srcset=\"https:\/\/bawso.org.uk\/wp-content\/uploads\/2024\/07\/202407-Bawso-FGM-Awareness-leaflet.pdf-1-1024x307.png 1024w, https:\/\/bawso.org.uk\/wp-content\/uploads\/2024\/07\/202407-Bawso-FGM-Awareness-leaflet.pdf-1-300x90.png 300w, https:\/\/bawso.org.uk\/wp-content\/uploads\/2024\/07\/202407-Bawso-FGM-Awareness-leaflet.pdf-1-768x230.png 768w, https:\/\/bawso.org.uk\/wp-content\/uploads\/2024\/07\/202407-Bawso-FGM-Awareness-leaflet.pdf-1-1536x460.png 1536w, https:\/\/bawso.org.uk\/wp-content\/uploads\/2024\/07\/202407-Bawso-FGM-Awareness-leaflet.pdf-1-18x5.png 18w, https:\/\/bawso.org.uk\/wp-content\/uploads\/2024\/07\/202407-Bawso-FGM-Awareness-leaflet.pdf-1.png 2000w\" sizes=\"auto, (max-width: 1024px) 100vw, 1024px\" \/><\/a><\/figure>\n\n\n\n<h2 class=\"wp-block-heading has-brand-one-color has-text-color has-link-color wp-elements-f83db1f6d3b29a0d7a1c91e86e820ee8\"><a href=\"https:\/\/bawso.org.uk\/vi\/bawso-sebei-fgm-project-update\/\" data-type=\"page\" data-id=\"3983\">B<\/a><a href=\"https:\/\/bawso.org.uk\/vi\/bawso-sebei-fgm-project-update\/\" data-type=\"page\" data-id=\"3983\" target=\"_blank\" rel=\"noreferrer noopener\">awso \u2013 C\u1eacP NH\u1eacT D\u1ef1 \u00e1n Sebei FGM!&nbsp;<\/a><\/h2>\n\n\n\n<h2 class=\"wp-block-heading has-brand-one-color has-text-color has-link-color wp-elements-d5732e93419d15dd6160343a321ccb40\"><a href=\"https:\/\/bawso.org.uk\/vi\/linking-communities-in-africa-to-address-fgm\/\" data-type=\"page\" data-id=\"4082\">Li\u00ean k\u1ebft c\u1ed9ng \u0111\u1ed3ng \u1edf Ch\u00e2u Phi \u0111\u1ec3 gi\u1ea3i quy\u1ebft v\u1ea5n \u0111\u1ec1 FGM<\/a><\/h2>","protected":false},"excerpt":{"rendered":"<p>We are delighted to announce a new project which is a partnership between Wales and Uganda. We have received funding from the Welsh government administered by Wales Council for Voluntary [&hellip;]<\/p>\n","protected":false},"author":6,"featured_media":3632,"parent":0,"menu_order":0,"comment_status":"closed","ping_status":"closed","template":"","meta":{"_acf_changed":false,"_seopress_robots_primary_cat":"","_seopress_titles_title":"","_seopress_titles_desc":"","_seopress_robots_index":"","footnotes":""},"class_list":["post-3974","page","type-page","status-publish","has-post-thumbnail","hentry"],"acf":[],"publishpress_future_action":{"enabled":false,"date":"2026-07-08 16:29:41","action":"category-add","newStatus":"draft","terms":[],"taxonomy":"","extraData":[]},"publishpress_future_workflow_manual_trigger":{"enabledWorkflows":[]},"_links":{"self":[{"href":"https:\/\/bawso.org.uk\/vi\/wp-json\/wp\/v2\/pages\/3974","targetHints":{"allow":["GET"]}}],"collection":[{"href":"https:\/\/bawso.org.uk\/vi\/wp-json\/wp\/v2\/pages"}],"about":[{"href":"https:\/\/bawso.org.uk\/vi\/wp-json\/wp\/v2\/types\/page"}],"author":[{"embeddable":true,"href":"https:\/\/bawso.org.uk\/vi\/wp-json\/wp\/v2\/users\/6"}],"replies":[{"embeddable":true,"href":"https:\/\/bawso.org.uk\/vi\/wp-json\/wp\/v2\/comments?post=3974"}],"version-history":[{"count":11,"href":"https:\/\/bawso.org.uk\/vi\/wp-json\/wp\/v2\/pages\/3974\/revisions"}],"predecessor-version":[{"id":4133,"href":"https:\/\/bawso.org.uk\/vi\/wp-json\/wp\/v2\/pages\/3974\/revisions\/4133"}],"wp:featuredmedia":[{"embeddable":true,"href":"https:\/\/bawso.org.uk\/vi\/wp-json\/wp\/v2\/media\/3632"}],"wp:attachment":[{"href":"https:\/\/bawso.org.uk\/vi\/wp-json\/wp\/v2\/media?parent=3974"}],"curies":[{"name":"wp","href":"https:\/\/api.w.org\/{rel}","templated":true}]}}