{"id":3896,"date":"2024-05-21T08:24:47","date_gmt":"2024-05-21T07:24:47","guid":{"rendered":"https:\/\/bawso.org.uk\/?page_id=3896"},"modified":"2025-01-07T15:56:41","modified_gmt":"2025-01-07T15:56:41","slug":"research-and-publications","status":"publish","type":"page","link":"https:\/\/bawso.org.uk\/tr\/research-and-publications\/","title":{"rendered":"Ara\u015ft\u0131rma ve yay\u0131nlar"},"content":{"rendered":"<p class=\"has-large-font-size\"><strong><em><strong>Bawso zorla evlilik ara\u015ft\u0131rma raporundan elde edilen bulgular&nbsp;<\/strong>&nbsp;<\/em><\/strong><\/p>\n\n\n\n<p>Zorla evlilik d\u00fcnya \u00e7ap\u0131nda 15,4 milyondan fazla insan\u0131 etkiliyor; bunlar\u0131n 88%&#039;si kad\u0131n ve k\u0131z \u00e7ocuklar\u0131. Uygulama, kad\u0131nlar\u0131n evlenmeleri gereken ki\u015fiyi, birlikte ya\u015fayacaklar\u0131 arkada\u015flar\u0131 ve di\u011fer ya\u015fam se\u00e7imlerini dikte ederek ya\u015famdaki se\u00e7imlerini s\u0131n\u0131rl\u0131yor. Zorla evlilik, kad\u0131nlara ve k\u0131z \u00e7ocuklar\u0131na y\u00f6nelik bir istismar \u015feklidir ve su\u00e7 olarak ele al\u0131nmal\u0131d\u0131r.&nbsp;&nbsp;<\/p>\n\n\n\n<p>\u00c7o\u011funlukla evlilikle ili\u015fkilendirilen zorla evlendirme ve Namusa Dayal\u0131 \u0130stismar\u0131n (HBA) ele al\u0131nmas\u0131, uygulaman\u0131n \u00f6l\u00e7e\u011finin ve buna katk\u0131da bulunan fakt\u00f6rlerin daha iyi anla\u015f\u0131lmas\u0131n\u0131 gerektirir. Zorla evlendirme ve HBA ma\u011fdurlar\u0131n\u0131 ve hayatta kalanlar\u0131 destekleyen bir kurulu\u015f olarak, zorla evlendirme ve HBV&#039;ye katk\u0131da bulunan ideolojiler hakk\u0131nda derinlemesine bir anlay\u0131\u015f kazanmay\u0131 ama\u00e7layan bir \u00e7al\u0131\u015fma ger\u00e7ekle\u015ftirdik. Bu \u00e7al\u0131\u015fma 2022&#039;den itibaren y\u00fcr\u00fct\u00fcld\u00fc ve Eyl\u00fcl 2023&#039;te tamamland\u0131. Rapor, Ekim 2023&#039;te Sosyal Adalet Bakan\u0131 ve Ba\u015f Whip Jane Hutt (Galler H\u00fck\u00fcmeti) taraf\u0131ndan ba\u015flat\u0131ld\u0131.&nbsp;&nbsp;<\/p>\n\n\n\n<p>Ara\u015ft\u0131rman\u0131n \u00f6nemli tavsiyelerinden biri, destek kurulu\u015flar\u0131n\u0131n, bir olay\u0131n rapor edildi\u011fi noktadan ma\u011fdurun art\u0131k do\u011frudan deste\u011fe ihtiya\u00e7 duymad\u0131\u011f\u0131 bir zamana kadar hayatta kalanlar i\u00e7in kapsaml\u0131 bir u\u00e7tan uca destek sistemi olu\u015fturmas\u0131 ihtiyac\u0131yd\u0131. g\u00f6\u00e7menlik durumlar\u0131.&nbsp;&nbsp;&nbsp;<\/p>\n\n\n\n<p>Rapordaki ayr\u0131nt\u0131l\u0131 bulgular ve tavsiyeler i\u00e7in, raporun tamam\u0131na ve \u00f6zet rapora y\u00f6nelik buradaki ba\u011flant\u0131y\u0131 takip edin.&nbsp;&nbsp;<\/p>\n\n\n\n<iframe allowfullscreen=\"allowfullscreen\" scrolling=\"no\" class=\"fp-iframe\" src=\"https:\/\/heyzine.com\/flip-book\/6255fce0df.html\" style=\"border: 1px solid lightgray; width: 100%; height: 400px;\"><\/iframe>\n\n\n\n<div class=\"wp-block-file\"><a id=\"wp-block-file--media-9f7730c8-6cc1-4d03-a8db-1f9baeee7b79\" href=\"https:\/\/bawso.org.uk\/wp-content\/uploads\/2024\/05\/Bawso-Understanding-Forced-Marriage-Report.pdf\" target=\"_blank\" rel=\"noreferrer noopener\">Bawso-Anlama-Zorla-Evlilik-Raporu<\/a><a href=\"https:\/\/bawso.org.uk\/wp-content\/uploads\/2024\/05\/Bawso-Understanding-Forced-Marriage-Report.pdf\" class=\"wp-block-file__button wp-element-button\" download aria-describedby=\"wp-block-file--media-9f7730c8-6cc1-4d03-a8db-1f9baeee7b79\">\u0130ndirmek<\/a><\/div>\n\n\n\n<p> <\/p>\n\n\n\n<h2 class=\"wp-block-heading\">Bawso Zorla Evlilik Ara\u015ft\u0131rma Raporunun Lansman\u0131 19.10.23<\/h2>\n\n\n\n<figure class=\"wp-block-embed is-type-wp-embed is-provider-bawso wp-block-embed-bawso\"><div class=\"wp-block-embed__wrapper\">\n<blockquote class=\"wp-embedded-content\" data-secret=\"MafNx7rbM3\"><a href=\"https:\/\/bawso.org.uk\/tr\/2023\/10\/launch-of-bawso-forced-marriage-research-report\/\">Bawso Zorla Evlilik Ara\u015ft\u0131rma Raporunun Lansman\u0131<\/a><\/blockquote><iframe loading=\"lazy\" class=\"wp-embedded-content\" sandbox=\"allow-scripts\" security=\"restricted\" style=\"position: absolute; visibility: hidden;\" title=\"\u201cBawso Zorla Evlendirme Ara\u015ft\u0131rma Raporu Yay\u0131nland\u0131\u201d \u2014 Bawso\" src=\"https:\/\/bawso.org.uk\/en\/2023\/10\/launch-of-bawso-forced-marriage-research-report\/embed\/#?secret=ICmyeXtCPh#?secret=MafNx7rbM3\" data-secret=\"MafNx7rbM3\" width=\"600\" height=\"338\" frameborder=\"0\" marginwidth=\"0\" marginheight=\"0\" scrolling=\"no\"><\/iframe>\n<\/div><\/figure>\n\n\n\n\n\n<div class=\"wp-block-file\"><a id=\"wp-block-file--media-9f7730c8-6cc1-4d03-a8db-1f9baeee7b79\" href=\"https:\/\/bawso.org.uk\/wp-content\/uploads\/2025\/01\/Understanding-Forced-Marriage_English-Welsh-October-2023-Summary-Report.pdf\" target=\"_blank\" rel=\"noreferrer noopener\">Zorla Evlili\u011fi Anlamak_\u0130ngilizce-Galce-Ekim-2023-\u00d6zet-Rapor<\/a><a href=\"https:\/\/bawso.org.uk\/wp-content\/uploads\/2025\/01\/Understanding-Forced-Marriage_English-Welsh-October-2023-Summary-Report.pdf\" class=\"wp-block-file__button wp-element-button\" download aria-describedby=\"wp-block-file--media-9f7730c8-6cc1-4d03-a8db-1f9baeee7b79\">\u0130ndirmek<\/a><\/div>\n\n\n\n<hr class=\"wp-block-separator has-alpha-channel-opacity\"\/>\n\n\n\n<h2 class=\"wp-block-heading\">Ya\u015fam Maliyeti Raporu 2024<\/h2>\n\n\n\n<p>Birle\u015fik Krall\u0131k, COVID 19&#039;dan bu yana d\u00fc\u015f\u00fck gelirli, savunmas\u0131z ve dezavantajl\u0131 insanlar\u0131n hayatlar\u0131n\u0131 etkileyen enflasyonda bir art\u0131\u015f g\u00f6rd\u00fc. Enflasyon, g\u0131da ve tuvalet malzemeleri, ula\u015f\u0131m, \u00e7ocuk bak\u0131m\u0131 ve tatiller gibi temel mallar\u0131n maliyetini art\u0131rd\u0131. Genel olarak, Galler&#039;deki 28%&#039;lik \u00e7ocuk yoksulluk oran\u0131, politika yap\u0131c\u0131lar\u0131 ve h\u00fck\u00fcmeti endi\u015felendirmelidir. Bu, \u00e7ocuklar\u0131n yeterli yiyecek olmadan yata\u011fa girmesi ve refahlar\u0131n\u0131 ve b\u00fcy\u00fcmelerini destekleyecek temel ihtiya\u00e7lardan yoksun olmas\u0131 anlam\u0131na geliyor.<\/p>\n\n\n\n<p>Bawso ya\u015fam maliyeti raporunda vurguland\u0131\u011f\u0131 gibi, yetersiz harcanabilir gelir ayn\u0131 zamanda \u015fiddet ve ili\u015fkilerde bozulma riskini de art\u0131r\u0131yor.&nbsp;<\/p>\n\n\n\n<iframe allowfullscreen=\"allowfullscreen\" scrolling=\"no\" class=\"fp-iframe\" src=\"https:\/\/heyzine.com\/flip-book\/a1208138a6.html\" style=\"border: 1px solid lightgray; width: 100%; height: 400px;\"><\/iframe>\n\n\n\n<div class=\"wp-block-file\"><a id=\"wp-block-file--media-9f7730c8-6cc1-4d03-a8db-1f9baeee7b79\" href=\"https:\/\/bawso.org.uk\/wp-content\/uploads\/2024\/10\/Cost-of-living-report-for-Bawso-August-2024.pdf\" target=\"_blank\" rel=\"noreferrer noopener\">Bawso i\u00e7in ya\u015fam maliyeti raporu-A\u011fustos-2024<\/a><a href=\"https:\/\/bawso.org.uk\/wp-content\/uploads\/2024\/10\/Cost-of-living-report-for-Bawso-August-2024.pdf\" class=\"wp-block-file__button wp-element-button\" download aria-describedby=\"wp-block-file--media-9f7730c8-6cc1-4d03-a8db-1f9baeee7b79\">\u0130ndirmek<\/a><\/div>\n\n\n\n<hr class=\"wp-block-separator has-alpha-channel-opacity\"\/>\n\n\n\n<h2 class=\"wp-block-heading\">Kamu Fonlar\u0131na Ba\u015fvuru Hakk\u0131 Yok (NRPF) 2024<\/h2>\n\n\n\n<p>Kamu Fonlar\u0131na Ba\u015fvurulamama (NRPF), Birle\u015fik Krall\u0131k H\u00fck\u00fcmeti taraf\u0131ndan g\u00f6\u00e7menlere vize verilmesi i\u00e7in konulan bir g\u00f6\u00e7menlik ko\u015fuludur. Ko\u015ful, e\u015f vizesi olan kad\u0131nlar i\u00e7in de ge\u00e7erlidir ve g\u00f6\u00e7menlerin kamuya hi\u00e7bir maliyeti olmadan Birle\u015fik Krall\u0131k&#039;ta kalmalar\u0131na olanak tan\u0131r. NRPF&#039;de aile i\u00e7i taciz ve \u015fiddet ma\u011fdurlar\u0131 dezavantajl\u0131d\u0131r ve daha fazla tacize maruz kalma riskleri artar. Ma\u011fdurlar, bar\u0131nma kamu fonlar\u0131 taraf\u0131ndan sa\u011fland\u0131\u011f\u0131 i\u00e7in s\u0131\u011f\u0131nma evlerinde hay\u0131r kurumlar\u0131 taraf\u0131ndan sa\u011flanan g\u00fcvenli konaklamaya hak kazanamazlar. Ayr\u0131ca ya\u015famak i\u00e7in mali yard\u0131mlara\/sosyal yard\u0131mlara eri\u015femezler.&nbsp;&nbsp;<\/p>\n\n\n\n<p>Bawso NRPF politika \u00f6zeti (2024), Galler&#039;de evsizli\u011fi sona erdirme ve aile i\u00e7i \u015fiddet ve istismar ma\u011fdurlar\u0131n\u0131 koruma konular\u0131n\u0131 ele alan mevcut Galler H\u00fck\u00fcmeti mevzuat\u0131 hakk\u0131nda bilgi sa\u011flar.&nbsp;&nbsp;<\/p>\n\n\n\n<iframe allowfullscreen=\"allowfullscreen\" scrolling=\"no\" class=\"fp-iframe\" src=\"https:\/\/heyzine.com\/flip-book\/0e864d6e09.html\" style=\"border: 1px solid lightgray; width: 100%; height: 400px;\"><\/iframe>\n\n\n\n<div class=\"wp-block-file\"><a id=\"wp-block-file--media-9f7730c8-6cc1-4d03-a8db-1f9baeee7b79\" href=\"https:\/\/bawso.org.uk\/wp-content\/uploads\/2025\/01\/Bawso-NRPF-policy-brief-October-2024.pdf\" target=\"_blank\" rel=\"noreferrer noopener\">Bawso-NRPF-politika \u00f6zeti-Eyl\u00fcl-2024<\/a><a href=\"https:\/\/bawso.org.uk\/wp-content\/uploads\/2025\/01\/Bawso-NRPF-policy-brief-October-2024.pdf\" class=\"wp-block-file__button wp-element-button\" download aria-describedby=\"wp-block-file--media-9f7730c8-6cc1-4d03-a8db-1f9baeee7b79\">\u0130ndirmek<\/a><\/div>","protected":false},"excerpt":{"rendered":"<p>Findings from Bawso forced marriage research report&nbsp;&nbsp; Forced marriage affects over 15.4 million people worldwide, of which 88% are women and girls. The practice limits women\u2019s choices in life dictating [&hellip;]<\/p>\n","protected":false},"author":6,"featured_media":0,"parent":0,"menu_order":0,"comment_status":"closed","ping_status":"closed","template":"","meta":{"_acf_changed":false,"_seopress_robots_primary_cat":"","_seopress_titles_title":"","_seopress_titles_desc":"","_seopress_robots_index":"","footnotes":""},"class_list":["post-3896","page","type-page","status-publish","hentry"],"acf":[],"publishpress_future_action":{"enabled":false,"date":"2026-07-01 08:46:24","action":"category-add","newStatus":"draft","terms":[],"taxonomy":"","extraData":[]},"publishpress_future_workflow_manual_trigger":{"enabledWorkflows":[]},"_links":{"self":[{"href":"https:\/\/bawso.org.uk\/tr\/wp-json\/wp\/v2\/pages\/3896","targetHints":{"allow":["GET"]}}],"collection":[{"href":"https:\/\/bawso.org.uk\/tr\/wp-json\/wp\/v2\/pages"}],"about":[{"href":"https:\/\/bawso.org.uk\/tr\/wp-json\/wp\/v2\/types\/page"}],"author":[{"embeddable":true,"href":"https:\/\/bawso.org.uk\/tr\/wp-json\/wp\/v2\/users\/6"}],"replies":[{"embeddable":true,"href":"https:\/\/bawso.org.uk\/tr\/wp-json\/wp\/v2\/comments?post=3896"}],"version-history":[{"count":16,"href":"https:\/\/bawso.org.uk\/tr\/wp-json\/wp\/v2\/pages\/3896\/revisions"}],"predecessor-version":[{"id":4424,"href":"https:\/\/bawso.org.uk\/tr\/wp-json\/wp\/v2\/pages\/3896\/revisions\/4424"}],"wp:attachment":[{"href":"https:\/\/bawso.org.uk\/tr\/wp-json\/wp\/v2\/media?parent=3896"}],"curies":[{"name":"wp","href":"https:\/\/api.w.org\/{rel}","templated":true}]}}