{"id":272,"date":"2022-02-08T15:34:29","date_gmt":"2022-02-08T15:34:29","guid":{"rendered":"https:\/\/bawso.org.uk\/?page_id=272"},"modified":"2022-03-23T20:40:58","modified_gmt":"2022-03-23T20:40:58","slug":"terms-of-use","status":"publish","type":"page","link":"https:\/\/bawso.org.uk\/tr\/terms-of-use\/","title":{"rendered":"Kullan\u0131m \u015eartlar\u0131"},"content":{"rendered":"<h2 class=\"has-brand-one-color has-text-color wp-block-heading\" id=\"website-terms-of-use-privacy\"><strong>Web Sitesi Kullan\u0131m Ko\u015fullar\u0131 ve Gizlilik<\/strong><\/h2>\n\n\n\n<p>A\u015fa\u011f\u0131daki &quot;Biz&quot; ve &quot;Bizim&quot;, &quot;Bawso&quot; ve bizim istihdam\u0131m\u0131zdaki veya bizim ad\u0131m\u0131za \u00e7al\u0131\u015fan herkes anlam\u0131na gelir.<\/p>\n\n\n\n<p>Web sitemizi kullanarak, kullan\u0131m \u015fart ve ko\u015fullar\u0131na ve a\u015fa\u011f\u0131da belirtilen gizlilik bildirimimize ba\u011fl\u0131 kalmay\u0131 kabul etmektesiniz.<\/p>\n\n\n\n<div style=\"height:20px\" aria-hidden=\"true\" class=\"wp-block-spacer\"><\/div>\n\n\n\n<h2 class=\"has-brand-one-color has-text-color wp-block-heading\" id=\"terms-and-conditions\"><strong>\u015eartlar ve ko\u015fullar<\/strong><\/h2>\n\n\n\n<div style=\"height:20px\" aria-hidden=\"true\" class=\"wp-block-spacer\"><\/div>\n\n\n\n<h3 class=\"has-brand-one-color has-text-color wp-block-heading\" id=\"1-access-to-the-website-and-content\"><strong>1. Web sitesine ve i\u00e7eri\u011fe eri\u015fim<\/strong><\/h3>\n\n\n\n<p>Bu web sitesinde verilen bilgiler hi\u00e7bir \u015fekilde \u00f6ne \u00e7\u0131kan herhangi bir \u00fcr\u00fcn veya hizmeti sat\u0131n alman\u0131z i\u00e7in bir davet veya tavsiye de\u011fildir ve uygun ba\u011f\u0131ms\u0131z tavsiye almal\u0131s\u0131n\u0131z.<\/p>\n\n\n\n<p>Bu web sitesine kesintisiz eri\u015fime izin vermeye \u00e7al\u0131\u015faca\u011f\u0131z, ancak bu web sitelerinden herhangi birine eri\u015fim herhangi bir zamanda ask\u0131ya al\u0131nabilir, k\u0131s\u0131tlanabilir veya sonland\u0131r\u0131labilir.<\/p>\n\n\n\n<p>Bu web sitesinin ba\u011flant\u0131 verdi\u011fi di\u011fer web sitelerinin i\u00e7eri\u011fi i\u00e7in hi\u00e7bir sorumluluk kabul etmiyoruz.<\/p>\n\n\n\n<div style=\"height:20px\" aria-hidden=\"true\" class=\"wp-block-spacer\"><\/div>\n\n\n\n<h3 class=\"has-brand-one-color has-text-color wp-block-heading\" id=\"2-intellectual-property\"><strong>2. Fikri M\u00fclkiyet<\/strong><\/h3>\n\n\n\n<p>Bu web sitesinin i\u00e7eri\u011fi, tasar\u0131m\u0131, metni ve grafikleri ile bunlar\u0131n se\u00e7imi ve d\u00fczenlenmesi konusundaki telif haklar\u0131 bize veya bu bilgileri sa\u011flayanlara aittir. T\u00fcm haklar\u0131 sakl\u0131d\u0131r. Bu materyalin hi\u00e7biri yaz\u0131l\u0131 iznimiz olmadan \u00e7o\u011falt\u0131lamaz veya yeniden da\u011f\u0131t\u0131lamaz. Bununla birlikte, kendi ticari olmayan \u00e7evrimd\u0131\u015f\u0131 g\u00f6r\u00fcnt\u00fclemeniz i\u00e7in tek bir kopya indirebilir veya yazd\u0131rabilirsiniz.<\/p>\n\n\n\n<p>Bu web sitesinde ad\u0131 ge\u00e7en \u00fcr\u00fcn ve \u015firket adlar\u0131, ilgili sahiplerinin ticari markalar\u0131 veya tescilli ticari markalar\u0131 olabilir.<\/p>\n\n\n\n<div style=\"height:20px\" aria-hidden=\"true\" class=\"wp-block-spacer\"><\/div>\n\n\n\n<h3 class=\"has-brand-one-color has-text-color wp-block-heading\" id=\"3-exclusions-of-liability\"><strong>3. Sorumlulu\u011fun \u0130stisnalar\u0131<\/strong><\/h3>\n\n\n\n<p>Y\u00fcr\u00fcrl\u00fckteki yasalar\u0131n izin verdi\u011fi \u00f6l\u00e7\u00fcde, bu web sitesinde yer alan herhangi bir bilginin do\u011frulu\u011funa ili\u015fkin t\u00fcm garantileri ve beyanlar\u0131 (a\u00e7\u0131k veya z\u0131mni) reddediyoruz. Bu web sitesinin hatas\u0131z olaca\u011f\u0131n\u0131 garanti etmiyoruz ve herhangi bir hata veya eksiklik i\u00e7in sorumluluk kabul etmiyoruz.<\/p>\n\n\n\n<p>Verilerin internet \u00fczerinden elektronik olarak iletilmesinin do\u011fas\u0131 ve bu web sitesinde verilerin yay\u0131nland\u0131\u011f\u0131 kullan\u0131c\u0131lar\u0131n say\u0131s\u0131 nedeniyle, bu web sitesine eri\u015fememe veya bu web sitesinin kullan\u0131m\u0131 veya bu web sitesi kullan\u0131larak iletilen verilere g\u00fcvenilmesi, yasalar\u0131n izin verdi\u011fi en geni\u015f \u00f6l\u00e7\u00fcde hari\u00e7 tutulmu\u015ftur. Hi\u00e7bir durumda, bu web sitesinin kullan\u0131m\u0131ndan kaynaklanan herhangi bir s\u00f6zle\u015fme, haks\u0131z fiil (ihmal dahil) veya ba\u015fka bir \u015fekilde ortaya \u00e7\u0131kan herhangi bir kar, gelir, iyi niyet, f\u0131rsat, i\u015f, beklenen tasarruf veya di\u011fer dolayl\u0131 veya sonu\u00e7 olarak ortaya \u00e7\u0131kan kay\u0131plardan sorumlu olmayaca\u011f\u0131z, bu t\u00fcr bir sorumlulu\u011fun kanunla hari\u00e7 tutulamad\u0131\u011f\u0131 durumlar d\u0131\u015f\u0131nda.<\/p>\n\n\n\n<p>Bu web sitesinin vir\u00fcs veya herhangi bir teknoloji \u00fczerinde zararl\u0131 etkisi olabilecek herhangi bir \u015fey i\u00e7ermedi\u011fine dair herhangi bir garanti vermiyoruz.<\/p>\n\n\n\n<div style=\"height:20px\" aria-hidden=\"true\" class=\"wp-block-spacer\"><\/div>\n\n\n\n<h3 class=\"has-brand-one-color has-text-color wp-block-heading\" id=\"4-links-disclaimer\"><strong>4. Ba\u011flant\u0131 Sorumluluk Reddi<\/strong><\/h3>\n\n\n\n<p>Sa\u011flanan t\u00fcm ba\u011flant\u0131lar, kullan\u0131c\u0131lar\u0131m\u0131za kolayl\u0131k sa\u011flamak i\u00e7in sa\u011flanm\u0131\u015ft\u0131r. Herhangi bir \u00fc\u00e7\u00fcnc\u00fc taraf web sitesini ziyaret ederken bulunan veya kullan\u0131lan i\u00e7eri\u011fin\/bilginin do\u011frulu\u011fu veya ba\u015fka herhangi bir y\u00f6n\u00fc ile ilgili kontrol\u00fcm\u00fcz, sorumlulu\u011fumuz yoktur ve hi\u00e7bir beyanda bulunmay\u0131z. Bir \u00fc\u00e7\u00fcnc\u00fc taraf web sitesine ba\u011flant\u0131 sa\u011flanmas\u0131, size veya \u00fc\u00e7\u00fcnc\u00fc taraf arac\u0131l\u0131\u011f\u0131yla sa\u011flanabilecek herhangi bir i\u00e7erik\/bilgi, \u00fcr\u00fcn\/hizmet i\u00e7in taraf\u0131m\u0131zca a\u00e7\u0131k veya z\u0131mni bir onay olarak de\u011ferlendirilmemelidir.<\/p>\n\n\n\n<div style=\"height:20px\" aria-hidden=\"true\" class=\"wp-block-spacer\"><\/div>\n\n\n\n<h3 class=\"has-brand-one-color has-text-color wp-block-heading\" id=\"5-governing-law\"><strong>5. Ge\u00e7erli yasa<\/strong><\/h3>\n\n\n\n<p>Bu h\u00fck\u00fcm ve ko\u015fullar, \u0130ngiliz ve Galler yasalar\u0131na tabidir ve bu yasalara g\u00f6re yorumlanacakt\u0131r. Herhangi bir anla\u015fmazl\u0131k, \u0130ngiliz ve Galler mahkemelerinin m\u00fcnhas\u0131r yarg\u0131 yetkisine tabi olacakt\u0131r.<\/p>\n\n\n\n<p>Web Sitesi Gizlilik Bildirimi Bu gizlilik bildirimi, Bawso&#039;nun web sitesi\/siteleri i\u00e7in ge\u00e7erlidir. <a href=\"https:\/\/bawso.org.uk\/tr\/\" data-type=\"URL\" data-id=\"www.bawso.org.uk\" target=\"_blank\" rel=\"noreferrer noopener\">www.bawso.org.uk<\/a> Ki\u015fisel verilerin gizlili\u011fini ciddiye al\u0131yoruz. Bu gizlilik politikas\u0131, veri denetleyicisinin Bawso oldu\u011fu 2016\/679 Genel Veri Koruma Y\u00f6netmeli\u011fi ve 2018 Veri Koruma Yasas\u0131 kapsam\u0131nda ki\u015fisel verilerin toplanmas\u0131n\u0131, i\u015flenmesini ve di\u011fer kullan\u0131mlar\u0131n\u0131 kapsar. Bu web sitesini kullanarak, bu gizlilik politikas\u0131n\u0131 ve size uygulanmas\u0131n\u0131 kabul etmi\u015f olursunuz. Bu ama\u00e7la Bilgi Komiserli\u011fi&#039;ne kay\u0131tl\u0131y\u0131z.<\/p>\n\n\n\n<div style=\"height:20px\" aria-hidden=\"true\" class=\"wp-block-spacer\"><\/div>\n\n\n\n<h3 class=\"has-brand-one-color has-text-color wp-block-heading\" id=\"6-information-we-collect\"><strong>6. Toplad\u0131\u011f\u0131m\u0131z bilgiler<\/strong><\/h3>\n\n\n\n<p>Yukar\u0131daki web site(ler)imizde ki\u015fisel verileri yaln\u0131zca kullan\u0131c\u0131 taraf\u0131ndan bize do\u011frudan sa\u011flanm\u0131\u015fsa ve bu nedenle sizin izninizle taraf\u0131n\u0131zdan verilmi\u015fse toplayaca\u011f\u0131z. Ayr\u0131ca, trafik verileri, konum verileri, web g\u00fcnl\u00fckleri ve di\u011fer ileti\u015fim verileri dahil ancak bunlarla s\u0131n\u0131rl\u0131 olmamak \u00fczere, web sitemize yapt\u0131\u011f\u0131n\u0131z ziyaretlerin ve eri\u015fti\u011finiz kaynaklar\u0131n ayr\u0131nt\u0131lar\u0131n\u0131 izleyen analitik ve istatistiksel ara\u00e7lar kullan\u0131r\u0131z (ancak bu veriler sizi ki\u015fisel olarak tan\u0131mlamaz ).<\/p>\n\n\n\n<p>Web sitemiz \u00fczerinden ba\u011f\u0131\u015f yapman\u0131z durumunda sa\u011flad\u0131\u011f\u0131n\u0131z \u00f6deme bilgileriniz (\u00f6rn. kredi kart\u0131 bilgileri) taraf\u0131m\u0131zca al\u0131nmamakta veya saklanmamaktad\u0131r. Bu bilgiler, kulland\u0131\u011f\u0131m\u0131z \u00fc\u00e7\u00fcnc\u00fc taraf \u00f6deme i\u015flemcileri taraf\u0131ndan g\u00fcvenli ve gizli bir \u015fekilde i\u015flenir. Bu bilgilere hi\u00e7bir zaman eri\u015femeyece\u011fiz. Ki\u015fisel verilerinizi \u00f6deme i\u015fleyicilerimizle, ancak yaln\u0131zca ilgili \u00f6deme i\u015flemini tamamlamak amac\u0131yla payla\u015fabiliriz. Bu t\u00fcr \u00f6deme i\u015flemcilerinin, bize bu gerekli \u00f6deme hizmetlerini sa\u011flamak d\u0131\u015f\u0131nda ki\u015fisel verilerinizi kullanmalar\u0131 yasaklanm\u0131\u015ft\u0131r ve ki\u015fisel verilerinizin ve \u00f6deme bilgilerinizin gizlili\u011fini korumalar\u0131 gerekmektedir.<\/p>\n\n\n\n<div style=\"height:20px\" aria-hidden=\"true\" class=\"wp-block-spacer\"><\/div>\n\n\n\n<h3 class=\"has-brand-one-color has-text-color wp-block-heading\" id=\"7-use-storage-and-disclosure-of-your-information\"><strong>7. Bilgilerinizin kullan\u0131lmas\u0131, saklanmas\u0131 ve if\u015fa edilmesi<\/strong><\/h3>\n\n\n\n<p>Bu ki\u015fisel verileri 2018 Veri Koruma Yasas\u0131 uyar\u0131nca tutabilir ve i\u015fleyebiliriz ancak ki\u015fisel verilerinizi \u00fc\u00e7\u00fcnc\u00fc taraflara aktarmayaca\u011f\u0131z, payla\u015fmayaca\u011f\u0131z, satmayaca\u011f\u0131z, kiralamayaca\u011f\u0131z veya kiralamayaca\u011f\u0131z.<\/p>\n\n\n\n<p>Sizinle ilgili olarak toplad\u0131\u011f\u0131m\u0131z ve saklad\u0131\u011f\u0131m\u0131z bilgiler, \u00f6ncelikle size hizmetlerimizi sunmam\u0131z\u0131 sa\u011flamak i\u00e7in kullan\u0131l\u0131r. Ek olarak, bilgileri a\u015fa\u011f\u0131dakiler de dahil olmak \u00fczere a\u015fa\u011f\u0131daki ama\u00e7larla kullanabiliriz:<\/p>\n\n\n\n<p>Hizmetlerimizle ilgili olarak bizden istenen bilgileri size sa\u011flamak. Bu t\u00fcr bilgileri almay\u0131 kabul etti\u011finiz durumlarda, ilginizi \u00e7ekebilece\u011fini d\u00fc\u015f\u00fcnd\u00fc\u011f\u00fcm\u00fcz di\u011fer hizmetler hakk\u0131nda bilgi sa\u011flamak;<\/p>\n\n\n\n<p>Varsa size olan s\u00f6zle\u015fme taahh\u00fctlerimizi yerine getirmek i\u00e7in;<\/p>\n\n\n\n<p>Hizmetimizi etkileyebilecek iyile\u015ftirmeler veya hizmet\/\u00fcr\u00fcn de\u011fi\u015fiklikleri gibi web sitemizdeki herhangi bir de\u011fi\u015fiklik hakk\u0131nda sizi bilgilendirmek i\u00e7in;<\/p>\n\n\n\n<p>Doland\u0131r\u0131c\u0131l\u0131k korumas\u0131na yard\u0131mc\u0131 olmak ve riski en aza indirmek.<\/p>\n\n\n\n<p>Tan\u0131mlanabilir ki\u015filer hakk\u0131ndaki bilgileri \u00fc\u00e7\u00fcnc\u00fc \u015fah\u0131slara a\u00e7\u0131klamad\u0131\u011f\u0131m\u0131z\u0131, ancak zaman zaman onlara ziyaret\u00e7ilerimiz hakk\u0131nda toplu istatistiksel bilgiler sa\u011flayabilece\u011fimizi l\u00fctfen unutmay\u0131n.<\/p>\n\n\n\n<p>\u00d6rne\u011fin web sitemiz arac\u0131l\u0131\u011f\u0131yla size sunulan hizmetlerin bir par\u00e7as\u0131 olarak, bize sa\u011flad\u0131\u011f\u0131n\u0131z bilgiler Avrupa Ekonomik Alan\u0131 (AEA) d\u0131\u015f\u0131ndaki \u00fclkelere aktar\u0131labilir, ancak bu \u00fclkelerde saklanmayabilir, \u00e7\u00fcnk\u00fc bunlar\u0131 sa\u011flamak i\u00e7in uzak web sitesi sunucu ana bilgisayarlar\u0131n\u0131 kullan\u0131r\u0131z. AEA d\u0131\u015f\u0131nda yerle\u015fik olabilecek web sitesi ve hizmetimizin baz\u0131 y\u00f6nleri veya AEA d\u0131\u015f\u0131ndaki sunucular\u0131 kullanabilirsiniz - bu genellikle &quot;Bulut&quot;ta depolanan verilerin do\u011fas\u0131d\u0131r. Sunucular\u0131m\u0131zdan herhangi biri AEA d\u0131\u015f\u0131ndaki bir \u00fclkede bulunuyorsa veya hizmet sa\u011flay\u0131c\u0131lar\u0131m\u0131zdan biri AEA d\u0131\u015f\u0131ndaki bir \u00fclkede bulunuyorsa, ki\u015fisel verilerinizin aktar\u0131m\u0131 ger\u00e7ekle\u015febilir. Ki\u015fisel verilerinizi bu \u015fekilde AEA d\u0131\u015f\u0131na aktar\u0131r veya saklarsak, bu gizlilik politikas\u0131nda belirtildi\u011fi gibi ve 1998 tarihli Veri Koruma Yasas\u0131 (2018) uyar\u0131nca gizlilik haklar\u0131n\u0131z\u0131n korunmaya devam etmesini sa\u011flamak amac\u0131yla ad\u0131mlar ataca\u011f\u0131z. ). Hizmetimizi AEA d\u0131\u015f\u0131ndayken kullan\u0131rsan\u0131z, size bu hizmetlerin sunulabilmesi i\u00e7in ki\u015fisel verileriniz AEA d\u0131\u015f\u0131na aktar\u0131labilir.<\/p>\n\n\n\n<p>A\u00e7\u0131k r\u0131zan\u0131z olmadan \u0131rk, din veya siyasi ba\u011flant\u0131lar gibi hassas ki\u015fisel verileri kullanm\u0131yor veya if\u015fa etmiyoruz.<\/p>\n\n\n\n<p>Aksi takdirde, ki\u015fisel verilerinizi yaln\u0131zca kanunen gerekli oldu\u011fu takdirde veya bu t\u00fcr bir i\u015flemin yasal gerekliliklere veya bize veya web sitesine tebli\u011f edilen yasal s\u00fcrece uymak i\u00e7in gerekli oldu\u011funa iyi niyetle inand\u0131\u011f\u0131m\u0131zda i\u015fleyecek, if\u015fa edecek veya payla\u015faca\u011f\u0131z.<\/p>\n\n\n\n<p>adresinden bizimle ileti\u015fime ge\u00e7erek, ki\u015fisel verilerinizi pazarlama amac\u0131yla i\u015flememizi devre d\u0131\u015f\u0131 b\u0131rakma hakk\u0131na sahipsiniz. <a href=\"mailto:info@bawso.org.uk\" target=\"_blank\" rel=\"noreferrer noopener\">info@bawso.org.uk<\/a><\/p>\n\n\n\n<div style=\"height:20px\" aria-hidden=\"true\" class=\"wp-block-spacer\"><\/div>\n\n\n\n<h3 class=\"has-brand-one-color has-text-color wp-block-heading\" id=\"8-security\"><strong>8. G\u00fcvenlik<\/strong><\/h3>\n\n\n\n<p>\u0130nternet veya e-posta yoluyla bilgi aktar\u0131m\u0131 tamamen g\u00fcvenli de\u011fildir. Ki\u015fisel verilerinizi korumak i\u00e7in elimizden gelenin en iyisini yapacak olsak da, sitemize aktar\u0131rken verilerin g\u00fcvenli\u011fini garanti edemeyiz; bu t\u00fcr iletimlerin riski size aittir. Ki\u015fisel verilerinizi ald\u0131ktan sonra, yetkisiz eri\u015fimi engellemeye \u00e7al\u0131\u015fmak i\u00e7in kat\u0131 prosed\u00fcrler ve g\u00fcvenlik \u00f6zellikleri kullanaca\u011f\u0131z.<\/p>\n\n\n\n<p>Sitemizin belirli b\u00f6l\u00fcmlerine eri\u015febilmeniz i\u00e7in size bir \u015fifre verdi\u011fimizde (veya se\u00e7ti\u011finiz yerde), bu \u015fifreyi gizli tutmaktan siz sorumlusunuz. Birinin tahmin etmesi kolay olmayan bir \u015fifre se\u00e7melisiniz.<\/p>\n\n\n\n<div style=\"height:20px\" aria-hidden=\"true\" class=\"wp-block-spacer\"><\/div>\n\n\n\n<h3 class=\"has-brand-one-color has-text-color wp-block-heading\" id=\"9-third-party-links\"><strong>9. \u00dc\u00e7\u00fcnc\u00fc Taraf Ba\u011flant\u0131lar\u0131<\/strong><\/h3>\n\n\n\n<p>Yukar\u0131daki web sitelerimizde \u00fc\u00e7\u00fcnc\u00fc taraf web sitelerine ba\u011flant\u0131lar bulabilirsiniz. Bu web sitelerinin, kontrol etmeniz gereken kendi gizlilik politikalar\u0131 olmal\u0131d\u0131r. Bunlar \u00fczerinde hi\u00e7bir kontrol\u00fcm\u00fcz olmad\u0131\u011f\u0131 i\u00e7in web siteleri veya politikalar\u0131 i\u00e7in herhangi bir sorumluluk veya y\u00fck\u00fcml\u00fcl\u00fck kabul etmiyoruz.<\/p>\n\n\n\n<div style=\"height:20px\" aria-hidden=\"true\" class=\"wp-block-spacer\"><\/div>\n\n\n\n<h3 class=\"has-brand-one-color has-text-color wp-block-heading\" id=\"10-cookies\"><strong>10. \u00c7erezler<\/strong><\/h3>\n\n\n\n<p>Zaman zaman, hizmetlerimiz i\u00e7in bilgisayar\u0131n\u0131z hakk\u0131nda bilgi toplayabilir ve web sitemizin kullan\u0131m\u0131yla ilgili istatistiksel bilgileri reklamc\u0131lar\u0131m\u0131za sa\u011flayabiliriz. Bu t\u00fcr bilgiler sizi ki\u015fisel olarak tan\u0131mlamaz - bu, ziyaret\u00e7ilerimiz ve sitemizi kullan\u0131mlar\u0131yla ilgili istatistiksel verilerdir. Bu istatistiksel veriler, herhangi bir ki\u015fisel ayr\u0131nt\u0131y\u0131 tan\u0131mlamaz. Yukar\u0131dakilere benzer \u015fekilde, bir \u00e7erez dosyas\u0131 kullanarak genel \u0130nternet kullan\u0131m\u0131n\u0131z hakk\u0131nda bilgi toplayabiliriz. Kullan\u0131ld\u0131\u011f\u0131 yerde, bu \u00e7erezler bilgisayar\u0131n\u0131za otomatik olarak indirilir. \u00c7erezler, bilgisayar\u0131n\u0131z\u0131n sabit diskine aktar\u0131lan bilgileri i\u00e7erdi\u011finden, bu \u00e7erez dosyas\u0131 bilgisayar\u0131n\u0131z\u0131n sabit diskinde saklan\u0131r. Web sitemizi ve size sundu\u011fumuz hizmeti geli\u015ftirmemize yard\u0131mc\u0131 olurlar. B\u00fct\u00fcn bilgisayarlar\u0131n \u00e7erezleri reddetme yetene\u011fi vard\u0131r. Bu, taray\u0131c\u0131n\u0131zda \u00e7erezleri reddetmenizi sa\u011flayan ayar\u0131 etkinle\u015ftirerek yap\u0131labilir. \u00c7erezleri reddetmeyi se\u00e7erseniz, web sitemizin belirli b\u00f6l\u00fcmlerine eri\u015femeyebilece\u011finizi l\u00fctfen unutmay\u0131n.<\/p>\n\n\n\n<div style=\"height:20px\" aria-hidden=\"true\" class=\"wp-block-spacer\"><\/div>\n\n\n\n<h3 class=\"has-brand-one-color has-text-color wp-block-heading\" id=\"11-access-to-information\"><strong>11. Bilgiye eri\u015fim<\/strong><\/h3>\n\n\n\n<p>2018 Veri Koruma Yasas\u0131 size hakk\u0131n\u0131zda bizim taraf\u0131m\u0131zdan tutulan bilgilere eri\u015fme hakk\u0131 verir. Bu hak sizin taraf\u0131n\u0131zdan Kanuna uygun olarak kullan\u0131labilir. Hakk\u0131n\u0131zda tuttu\u011fumuz ayr\u0131nt\u0131lar\u0131 almak isterseniz, l\u00fctfen a\u015fa\u011f\u0131daki ileti\u015fim bilgilerini kullanarak bizimle ileti\u015fime ge\u00e7in:<br><br>E-posta: <a rel=\"noreferrer noopener\" href=\"mailto:dataprotection@bawso.org.uk\" target=\"_blank\">dataprotection@bawso.org.uk<\/a><br>telefon: <a href=\"http:\/\/02920644633\" data-type=\"URL\" data-id=\"02920644633\">02920644633<\/a><br>Kalite G\u00fcvence ve Uyum Ba\u015fkan\u0131,<br>\u00dcnite 4, Egemen R\u0131ht\u0131m\u0131,<br>Havannah Street,<br>Cardiff,<br>CF10 5SF<\/p>\n\n\n\n<div style=\"height:20px\" aria-hidden=\"true\" class=\"wp-block-spacer\"><\/div>\n\n\n\n<h3 class=\"has-brand-one-color has-text-color wp-block-heading\" id=\"12-changes-to-this-policy\"><strong>12. Bu Politikadaki De\u011fi\u015fiklikler<\/strong><\/h3>\n\n\n\n<p>Yukar\u0131daki web sitesinde\/sitelerinde yap\u0131lan de\u011fi\u015fiklikleri ve m\u00fc\u015fteri geri bildirimlerini yans\u0131tmak i\u00e7in bu gizlilik politikas\u0131n\u0131 herhangi bir zamanda g\u00fcncelleyebiliriz. Mevcut gizlilik politikam\u0131zdan haberdar olmak i\u00e7in l\u00fctfen bu gizlilik politikas\u0131n\u0131 d\u00fczenli olarak g\u00f6zden ge\u00e7irin.<\/p>","protected":false},"excerpt":{"rendered":"<p>Website Terms of Use &amp; Privacy \u201cWe\u201d and \u201cOur\u201d below refer to \u201cBawso\u201d and anyone in our employment or working on our behalf. By using our website, you are agreeing [&hellip;]<\/p>\n","protected":false},"author":1,"featured_media":0,"parent":0,"menu_order":14,"comment_status":"closed","ping_status":"closed","template":"","meta":{"_acf_changed":false,"_seopress_robots_primary_cat":"","_seopress_titles_title":"Bawso | Terms &amp; Conditions","_seopress_titles_desc":"Bawso terms of use - by using our website, you are agreeing to be bound by terms and conditions of use and our privacy statement.","_seopress_robots_index":"","footnotes":""},"class_list":["post-272","page","type-page","status-publish","hentry"],"acf":[],"publishpress_future_action":{"enabled":false,"date":"2026-07-07 16:10:18","action":"category-add","newStatus":"draft","terms":[],"taxonomy":"","extraData":[]},"publishpress_future_workflow_manual_trigger":{"enabledWorkflows":[]},"_links":{"self":[{"href":"https:\/\/bawso.org.uk\/tr\/wp-json\/wp\/v2\/pages\/272","targetHints":{"allow":["GET"]}}],"collection":[{"href":"https:\/\/bawso.org.uk\/tr\/wp-json\/wp\/v2\/pages"}],"about":[{"href":"https:\/\/bawso.org.uk\/tr\/wp-json\/wp\/v2\/types\/page"}],"author":[{"embeddable":true,"href":"https:\/\/bawso.org.uk\/tr\/wp-json\/wp\/v2\/users\/1"}],"replies":[{"embeddable":true,"href":"https:\/\/bawso.org.uk\/tr\/wp-json\/wp\/v2\/comments?post=272"}],"version-history":[{"count":0,"href":"https:\/\/bawso.org.uk\/tr\/wp-json\/wp\/v2\/pages\/272\/revisions"}],"wp:attachment":[{"href":"https:\/\/bawso.org.uk\/tr\/wp-json\/wp\/v2\/media?parent=272"}],"curies":[{"name":"wp","href":"https:\/\/api.w.org\/{rel}","templated":true}]}}