{"id":1535,"date":"2022-08-11T19:40:46","date_gmt":"2022-08-11T18:40:46","guid":{"rendered":"https:\/\/bawso.org.uk\/?page_id=1535"},"modified":"2022-08-12T12:54:53","modified_gmt":"2022-08-12T11:54:53","slug":"grants-team","status":"publish","type":"page","link":"https:\/\/bawso.org.uk\/tr\/grants-team\/","title":{"rendered":"Hibe Ekibi"},"content":{"rendered":"<p class=\"is-style-text-x-large\">Bawso, Birle\u015fik Krall\u0131k&#039;tan ve yerel kurulu\u015flardan Galler&#039;deki siyahi ve az\u0131nl\u0131k gruplar\u0131na verilen hibeleri y\u00f6netme ve y\u00f6netme konusunda uzmanl\u0131\u011fa sahip uzman bir hibe ekibine sahiptir.<\/p>\n\n\n\n<p class=\"is-style-default\">Bu yetenek, Comic Relief taraf\u0131ndan sa\u011flanan K\u00fcresel \u00c7o\u011funluk Fonu hibe programlar\u0131n\u0131n sunumunda son y\u0131llarda geli\u015ftirilmi\u015ftir.<\/p>\n\n\n\n<p class=\"is-style-default\">Bawso, Galler&#039;deki siyah gruplar ve topluluk liderleriyle derin ve uzun s\u00fcreli ili\u015fkilere sahiptir. Bawso Y\u00f6netim Kurulu, personeli ve g\u00f6n\u00fcll\u00fcleri bu topluluklardand\u0131r ve Bawso&#039;nun hibe sa\u011flamak ve Galler&#039;de faaliyet g\u00f6stermek isteyen hibe fon sa\u011flay\u0131c\u0131lar\u0131n\u0131 desteklemek ve tavsiyelerde bulunmak i\u00e7in denenmi\u015f ve test edilmi\u015f bir kapasitesi vard\u0131r. Bu \u00e7al\u0131\u015fma alan\u0131nda birincil ara\u015ft\u0131rma yapmaktad\u0131r.<\/p>","protected":false},"excerpt":{"rendered":"<p>Bawso&#039;nun, Birle\u015fik Krall\u0131k ve yerel kurulu\u015flardan Galler&#039;deki siyah ve az\u0131nl\u0131k gruplar\u0131na y\u00f6nelik hibeleri y\u00f6netme ve uygulama konusunda uzmanla\u015fm\u0131\u015f \u00f6zel bir hibe ekibi bulunmaktad\u0131r. Bu yetenek geli\u015ftirilmi\u015ftir [\u2026]<\/p>","protected":false},"author":1,"featured_media":0,"parent":0,"menu_order":3,"comment_status":"closed","ping_status":"closed","template":"","meta":{"_acf_changed":false,"_seopress_robots_primary_cat":"","_seopress_titles_title":"Bawso | Grants Team","_seopress_titles_desc":"Bawso has a specialist grants team with expertise in managing and administering grants from UK and local bodies to black and minoritised groups in Wales.","_seopress_robots_index":"","footnotes":""},"class_list":["post-1535","page","type-page","status-publish","hentry"],"acf":[],"publishpress_future_action":{"enabled":false,"date":"2026-06-15 18:41:59","action":"category-add","newStatus":"draft","terms":[],"taxonomy":"","extraData":[]},"publishpress_future_workflow_manual_trigger":{"enabledWorkflows":[]},"_links":{"self":[{"href":"https:\/\/bawso.org.uk\/tr\/wp-json\/wp\/v2\/pages\/1535","targetHints":{"allow":["GET"]}}],"collection":[{"href":"https:\/\/bawso.org.uk\/tr\/wp-json\/wp\/v2\/pages"}],"about":[{"href":"https:\/\/bawso.org.uk\/tr\/wp-json\/wp\/v2\/types\/page"}],"author":[{"embeddable":true,"href":"https:\/\/bawso.org.uk\/tr\/wp-json\/wp\/v2\/users\/1"}],"replies":[{"embeddable":true,"href":"https:\/\/bawso.org.uk\/tr\/wp-json\/wp\/v2\/comments?post=1535"}],"version-history":[{"count":3,"href":"https:\/\/bawso.org.uk\/tr\/wp-json\/wp\/v2\/pages\/1535\/revisions"}],"predecessor-version":[{"id":1562,"href":"https:\/\/bawso.org.uk\/tr\/wp-json\/wp\/v2\/pages\/1535\/revisions\/1562"}],"wp:attachment":[{"href":"https:\/\/bawso.org.uk\/tr\/wp-json\/wp\/v2\/media?parent=1535"}],"curies":[{"name":"wp","href":"https:\/\/api.w.org\/{rel}","templated":true}]}}