{"id":4810,"date":"2025-09-16T10:58:11","date_gmt":"2025-09-16T09:58:11","guid":{"rendered":"https:\/\/bawso.org.uk\/?page_id=4810"},"modified":"2025-09-16T10:58:12","modified_gmt":"2025-09-16T09:58:12","slug":"bawso-service-user-engagement-august-2025","status":"publish","type":"page","link":"https:\/\/bawso.org.uk\/sq\/bawso-service-user-engagement-august-2025\/","title":{"rendered":"Angazhimi i P\u00ebrdoruesve t\u00eb Sh\u00ebrbimit Bawso \u2013 Gusht 2025"},"content":{"rendered":"<p>Bawso vazhdon t\u00eb ngulis\u00eb nj\u00eb etos pjes\u00ebmarr\u00ebs n\u00eb zem\u00ebr t\u00eb ofrimit t\u00eb sh\u00ebrbimeve t\u00eb saj, duke njohur rolin jet\u00ebsor q\u00eb individ\u00ebt me p\u00ebrvoj\u00eb t\u00eb jetuar luajn\u00eb n\u00eb form\u00ebsimin e mb\u00ebshtetjes efektive dhe t\u00eb p\u00ebrgjegjshme. Ne jemi t\u00eb p\u00ebrkushtuar p\u00ebr t\u00eb nxitur ndryshime afatgjata dhe kuptimplote duke d\u00ebgjuar, fuqizuar dhe nd\u00ebrtuar kapacitetin e p\u00ebrdoruesve aktual\u00eb dhe t\u00eb m\u00ebparsh\u00ebm t\u00eb sh\u00ebrbimit. P\u00ebrmes k\u00ebsaj qasjeje, ne sigurohemi q\u00eb sh\u00ebrbimet tona t\u00eb mbeten relevante, t\u00eb informuara dhe reflektojn\u00eb nevojat dhe p\u00ebrvojat e komuniteteve q\u00eb u sh\u00ebrbejm\u00eb.<\/p>\n\n\n\n<p>Ky raport ofron nj\u00eb p\u00ebrmbledhje t\u00eb aktiviteteve kryesore t\u00eb angazhimit t\u00eb p\u00ebrdoruesve t\u00eb sh\u00ebrbimeve t\u00eb kryera gjat\u00eb periudh\u00ebs raportuese q\u00eb p\u00ebrfundon n\u00eb gusht 2025.<\/p>\n\n\n\n<p class=\"has-brand-one-background-color has-background\"><strong>1. Paneli i shqyrtimit t\u00eb z\u00ebrit t\u00eb t\u00eb mbijetuarve t\u00eb Qeveris\u00eb Uellsiane<\/strong><\/p>\n\n\n\n<p>Bawso \u00ebsht\u00eb krenare q\u00eb mb\u00ebshtet pjes\u00ebmarrjen e dy ish-p\u00ebrdoruesve t\u00eb sh\u00ebrbimeve q\u00eb sh\u00ebrbejn\u00eb n\u00eb Panelin e Shqyrtimit t\u00eb Z\u00ebrit t\u00eb t\u00eb Mbijetuarve t\u00eb Qeveris\u00eb Uellsiane. K\u00ebta individ\u00eb luajn\u00eb nj\u00eb rol vendimtar n\u00eb p\u00ebrfaq\u00ebsimin e perspektivave t\u00eb t\u00eb mbijetuarve t\u00eb dhun\u00ebs ndaj grave, abuzimit n\u00eb familje dhe dhun\u00ebs seksuale (VAWDASV), duke kontribuar n\u00eb zhvillimin dhe shqyrtimin e politikave dhe praktikave p\u00ebrkat\u00ebse.<\/p>\n\n\n\n<p>\u00b7 Nj\u00eb an\u00ebtar i panelit \u00ebsht\u00eb nj\u00eb ish-p\u00ebrdorues i sh\u00ebrbimit nga sh\u00ebrbimi yn\u00eb n\u00eb Swansea.<\/p>\n\n\n\n<p>\u00b7 P\u00ebrfaq\u00ebsuesi i dyt\u00eb m\u00eb par\u00eb ka aksesuar mb\u00ebshtetje n\u00ebp\u00ebrmjet zyr\u00ebs son\u00eb n\u00eb Newport.<\/p>\n\n\n\n<p>Kontributet e tyre pasqyrojn\u00eb nj\u00eb z\u00eb t\u00eb fort\u00eb dhe n\u00eb rritje t\u00eb t\u00eb mbijetuarve n\u00eb diskutimet e politikave komb\u00ebtare, dhe ne vazhdojm\u00eb t\u00eb ofrojm\u00eb mb\u00ebshtetje t\u00eb vazhdueshme p\u00ebr t\u00eb siguruar q\u00eb ata jan\u00eb t\u00eb pajisur dhe t\u00eb fuqizuar p\u00ebr t\u00eb marr\u00eb pjes\u00eb n\u00eb m\u00ebnyr\u00eb efektive.<\/p>\n\n\n\n<p class=\"has-brand-one-background-color has-background\"><strong>2. Hulumtim<\/strong><\/p>\n\n\n\n<p>N\u00eb vitin 2023, Bawso koordinoi angazhimet e konsultimit t\u00eb p\u00ebrdoruesve t\u00eb sh\u00ebrbimeve me Universitetin e Uellsit t\u00eb Jugut. P\u00ebrdoruesit e sh\u00ebrbimeve ishin t\u00eb etur t\u00eb p\u00ebrfshiheshin n\u00eb nj\u00eb projekt k\u00ebrkimor p\u00ebr t\u00eb par\u00eb se si ofruesit e sh\u00ebrbimeve mund t&#039;i kuptojn\u00eb m\u00eb mir\u00eb format e tyre komplekse dhe shum\u00eb shpesh mbivendos\u00ebse t\u00eb abuzimit, si dhe llojin e mb\u00ebshtetjes q\u00eb do t\u00eb ishte e p\u00ebrshtatshme p\u00ebr viktimat. Ky konsultim kulmoi n\u00eb nj\u00eb ofert\u00eb k\u00ebrkimore midis Bawso dhe Universitetit t\u00eb Uellsit t\u00eb Jugut, t\u00eb paraqitur n\u00eb Health and Care Research Wales.<\/p>\n\n\n\n<p>Titulli i hulumtimit: &#039;T\u00eb d\u00ebgjuarit \u00ebsht\u00eb nj\u00eb hap i madh: Zhvillimi i p\u00ebrbashk\u00ebt i nj\u00eb Kornize Shum\u00ebagjencish me grat\u00eb BME p\u00ebr Dhun\u00ebn ndaj Grave, Abuzimin n\u00eb Familje dhe Dhun\u00ebn Seksuale&#039;.<\/p>\n\n\n\n<p>Projekti k\u00ebrkimor filloi n\u00eb tetor 2024 me rekrutimin dhe planifikimin e projektit. Ai eksploron pun\u00ebn shum\u00eb-agjencish n\u00eb lidhje me nevojat dhe p\u00ebrvojat e grave me ngjyr\u00eb dhe pakicave etnike t\u00eb prekura nga dhuna ndaj grave, abuzimi n\u00eb familje dhe dhuna seksuale. Korniza do t\u00eb informoj\u00eb m\u00ebnyrat se si agjencit\u00eb mund t\u00eb punojn\u00eb m\u00eb mir\u00eb s\u00eb bashku p\u00ebr t\u00eb parandaluar, mbrojtur dhe mb\u00ebshtetur grat\u00eb me origjin\u00eb nga origjina mashkullore, me origjin\u00eb nga origjina mashkullore, t\u00eb prekura nga dhuna ndaj grave, dhun\u00ebs n\u00eb familje dhe dhun\u00ebs seksuale. Projekti p\u00ebrdor nj\u00eb s\u00ebr\u00eb metodash, duke p\u00ebrfshir\u00eb nj\u00eb rishikim t\u00eb literatur\u00ebs, intervista dhe bashk\u00eb-krijimin e Historive Dixhitale (DS) me p\u00ebrdoruesit e sh\u00ebrbimit, si dhe pun\u00ebtori p\u00ebr t\u00eb bashk\u00eb-zhvilluar rezultate.<\/p>\n\n\n\n<p>Projekti mb\u00ebshtetet nga nj\u00eb grup k\u00ebshillues i p\u00ebrb\u00ebr\u00eb nga p\u00ebrdorues t\u00eb sh\u00ebrbimit Bawso dhe profesionist\u00eb nga agjencit\u00eb kryesore. Roli i grupit \u00ebsht\u00eb t\u00eb mb\u00ebshtes\u00eb zbatimin dhe ofrimin e projektit, p.sh. mjetet e mbledhjes s\u00eb t\u00eb dh\u00ebnave, rekrutimin, reagimet mbi gjetjet e reja, bashk\u00eb-zhvillimin e rezultateve dhe shp\u00ebrndarjen. Grupi k\u00ebshillues takohet \u00e7do tremujor (me nj\u00eb kombinim takimesh online dhe ball\u00eb p\u00ebr ball\u00eb) gjat\u00eb gjith\u00eb projektit. Kjo pun\u00eb do t\u00eb p\u00ebrfundoj\u00eb n\u00eb shtator 2026.<\/p>\n\n\n\n<p><strong>1. Progresi i k\u00ebrkimit<\/strong><\/p>\n\n\n\n<ul class=\"wp-block-list\">\n<li>2 studiues koleg\u00eb jan\u00eb rekrutuar nga p\u00ebrdoruesit e sh\u00ebrbimit Ex-Bawso t\u00eb cil\u00ebt u mb\u00ebshtet\u00ebn nga zyrat tona n\u00eb Newport dhe Cardiff. Hulumtimi ofron mund\u00ebsi p\u00ebr studiuesit koleg\u00eb q\u00eb t\u00eb p\u00ebrfitojn\u00eb nga transferimi i aft\u00ebsive, duke punuar ngusht\u00eb me studiuesit e universitetit. Studiuesit koleg\u00eb gjithashtu kan\u00eb mund\u00ebsin\u00eb t\u00eb p\u00ebrparojn\u00eb n\u00eb trajnime akademike dhe t\u00eb ndjekin nj\u00eb karrier\u00eb n\u00eb k\u00ebrkim.<\/li>\n\n\n\n<li>Rolet e tyre p\u00ebrfshijn\u00eb kontributin n\u00eb t\u00eb gjitha aspektet e hulumtimit, si\u00e7 jan\u00eb mbledhja e t\u00eb dh\u00ebnave, analiza, takimet e grupeve k\u00ebshillimore, pun\u00ebtorit\u00eb dhe prodhimi i korniz\u00ebs, rezultatet akademike dhe raportet.<\/li>\n<\/ul>\n\n\n\n<div style=\"height:12px\" aria-hidden=\"true\" class=\"wp-block-spacer\"><\/div>\n\n\n\n<p><strong>2. An\u00ebtar\u00ebt e panelit k\u00ebshillues<\/strong><\/p>\n\n\n\n<p>Agjencit\u00eb statutore<\/p>\n\n\n\n<pre class=\"wp-block-preformatted\">1. Komisioneri i Policis\u00eb dhe Krimit t\u00eb Uellsit Jugor 2. Kujdesi Social i Uellsit 3. Sh\u00ebrbimi K\u00ebshillimor dhe Mb\u00ebshtet\u00ebs i Gjykat\u00ebs p\u00ebr F\u00ebmij\u00eb dhe Familje (CAFCASS) 4. Edukator\u00ebt Kryesor\u00eb t\u00eb Mamive (LME Group Wales) 5. Bordi Sh\u00ebndet\u00ebsor Universitar Aneurin Bevan (ABUHB) - Vizitor Sh\u00ebndet\u00ebsor 6. Bordi Sh\u00ebndet\u00ebsor Universitar Aneurin Bevan (ABUHB) - Sh\u00ebndeti i Popullsis\u00eb dhe Ndryshimi i Biznesit\n<\/pre>\n\n\n\n<p><strong>Bawso<\/strong><\/p>\n\n\n\n<p>N\u00eb panelin k\u00ebshillues jan\u00eb 9 p\u00ebrdorues aktual\u00eb dhe ish-p\u00ebrdorues t\u00eb sh\u00ebrbimit, t\u00eb rekrutuar nga t\u00eb kat\u00ebr rajonet tona n\u00eb Uells.<\/p>\n\n\n\n<p class=\"has-brand-one-background-color has-background\"><strong>3. P\u00ebrdit\u00ebsimi i aktivitetit<\/strong><\/p>\n\n\n\n<ul class=\"wp-block-list\">\n<li>12 histori dixhitale jan\u00eb krijuar n\u00eb 2 pun\u00ebtori shum\u00ebditore n\u00eb jug dhe veri t\u00eb Uellsit.<\/li>\n<\/ul>\n\n\n\n<p>o Historit\u00eb ndajn\u00eb p\u00ebrvojat e asaj q\u00eb ka funksionuar mir\u00eb p\u00ebr p\u00ebrdoruesit e sh\u00ebrbimit, udh\u00ebtimet drejt siguris\u00eb dhe mb\u00ebshtetjes, si dhe \u00e7\u00ebshtjet q\u00eb jan\u00eb t\u00eb r\u00ebnd\u00ebsishme p\u00ebr ta.<\/p>\n\n\n\n<ul class=\"wp-block-list\">\n<li>Deri m\u00eb sot jan\u00eb p\u00ebrfunduar 23 intervista ball\u00eb p\u00ebr ball\u00eb dhe deri n\u00eb mesin e shtatorit do t\u00eb p\u00ebrfundojn\u00eb deri n\u00eb 17 t\u00eb tjera. Intervistat jan\u00eb zhvilluar n\u00eb Cardiff, Newport, Wrexham dhe Swansea p\u00ebr t\u00eb mbuluar zonat e ofrimit t\u00eb sh\u00ebrbimeve t\u00eb Bawso-s. V\u00ebzhgimet fillestare p\u00ebrfshijn\u00eb:<\/li>\n<\/ul>\n\n\n\n<div style=\"height:11px\" aria-hidden=\"true\" class=\"wp-block-spacer\"><\/div>\n\n\n\n<p>    o Nj\u00eb gam\u00eb p\u00ebrvojash me sh\u00ebrbimet dhe llojet e sh\u00ebrbimeve.<br>    P\u00ebrdoruesit e sh\u00ebrbimit shpesh marrin mb\u00ebshtetje n\u00ebp\u00ebrmjet lidhjeve personale\/rast\u00ebsis\u00eb.<br>    o P\u00ebrvojat kan\u00eb tendenc\u00eb t\u00eb jen\u00eb shum\u00eb t\u00eb mira ose shum\u00eb t\u00eb k\u00ebqija \u2013 pak prova t\u00eb nj\u00eb terreni t\u00eb mes\u00ebm ose p\u00ebrvojave \u201ct\u00eb mira\/t\u00eb k\u00ebnaqshme\u201d.<br>   P\u00ebrdoruesit e sh\u00ebrbimeve t\u00eb frustruar ngaq\u00eb u duhet t\u2019i ndajn\u00eb historit\u00eb e tyre disa her\u00eb me secilin ofrues sh\u00ebrbimi.<br>   P\u00ebrgjigja e p\u00ebrgjithshme ndryshon shum\u00eb n\u00eb var\u00ebsi t\u00eb personit nga i cili erdhi p\u00ebrgjigjja e par\u00eb.<\/p>\n\n\n\n<ul class=\"wp-block-list\">\n<li>Sinteza cil\u00ebsore e provave \u00ebsht\u00eb duke u zhvilluar, me 63 punime q\u00eb aktualisht po rishikohen t\u00eb plota p\u00ebr prova kontekstuale.<\/li>\n\n\n\n<li>Ka pasur nj\u00eb takim t\u00eb grupit k\u00ebshillimor n\u00eb internet, dhe nj\u00eb i dyt\u00eb do t\u00eb mbahet ball\u00eb p\u00ebr ball\u00eb n\u00eb tetor 2025.<\/li>\n\n\n\n<li>Pun\u00ebtoria e par\u00eb e bashk\u00ebprodhimit me p\u00ebrdoruesit e sh\u00ebrbimeve dhe profesionist\u00ebt \u00ebsht\u00eb planifikuar gjithashtu p\u00ebr tetor 2025.<\/li>\n<\/ul>\n\n\n\n<p><\/p>\n\n\n\n<p>Personi i kontaktit p\u00ebr projektin k\u00ebrkimor:<\/p>\n\n\n\n<p>Nancy Lidubwi | Drejtoresh\u00eb e Politikave dhe Biznesit \u00a0<\/p>\n\n\n\n<p>Email: <a href=\"mailto:nancy@bawso.org.uk\">nancy@bawso.org.uk<\/a><\/p>\n\n\n\n<p>27<sup>th<\/sup> Gusht 2025<\/p>\n\n\n\n<p><\/p>","protected":false},"excerpt":{"rendered":"<p>Bawso continues to embed a participatory ethos at the heart of its service delivery, recognising the vital role that individuals with lived experience play in shaping effective and responsive support. [&hellip;]<\/p>","protected":false},"author":6,"featured_media":0,"parent":0,"menu_order":0,"comment_status":"closed","ping_status":"closed","template":"","meta":{"_acf_changed":false,"_seopress_robots_primary_cat":"","_seopress_titles_title":"","_seopress_titles_desc":"","_seopress_robots_index":"","footnotes":""},"class_list":["post-4810","page","type-page","status-publish","hentry"],"acf":[],"publishpress_future_action":{"enabled":false,"date":"2026-06-17 15:24:43","action":"category-add","newStatus":"draft","terms":[],"taxonomy":"","extraData":[]},"publishpress_future_workflow_manual_trigger":{"enabledWorkflows":[]},"_links":{"self":[{"href":"https:\/\/bawso.org.uk\/sq\/wp-json\/wp\/v2\/pages\/4810","targetHints":{"allow":["GET"]}}],"collection":[{"href":"https:\/\/bawso.org.uk\/sq\/wp-json\/wp\/v2\/pages"}],"about":[{"href":"https:\/\/bawso.org.uk\/sq\/wp-json\/wp\/v2\/types\/page"}],"author":[{"embeddable":true,"href":"https:\/\/bawso.org.uk\/sq\/wp-json\/wp\/v2\/users\/6"}],"replies":[{"embeddable":true,"href":"https:\/\/bawso.org.uk\/sq\/wp-json\/wp\/v2\/comments?post=4810"}],"version-history":[{"count":10,"href":"https:\/\/bawso.org.uk\/sq\/wp-json\/wp\/v2\/pages\/4810\/revisions"}],"predecessor-version":[{"id":4823,"href":"https:\/\/bawso.org.uk\/sq\/wp-json\/wp\/v2\/pages\/4810\/revisions\/4823"}],"wp:attachment":[{"href":"https:\/\/bawso.org.uk\/sq\/wp-json\/wp\/v2\/media?parent=4810"}],"curies":[{"name":"wp","href":"https:\/\/api.w.org\/{rel}","templated":true}]}}