{"id":457,"date":"2022-03-16T12:14:41","date_gmt":"2022-03-16T12:14:41","guid":{"rendered":"https:\/\/bawso.org.uk\/?page_id=457"},"modified":"2026-04-10T10:15:39","modified_gmt":"2026-04-10T09:15:39","slug":"vacancies","status":"publish","type":"page","link":"https:\/\/bawso.org.uk\/sq\/vacancies\/","title":{"rendered":"Pun\u00ebt"},"content":{"rendered":"<h2 class=\"wp-block-heading has-brand-two-color has-text-color\" id=\"good-news-we-re-hiring\"><strong>Po k\u00ebrkoni nj\u00eb pun\u00eb t\u00eb re p\u00ebrmbush\u00ebse? Pastaj ejani dhe bashkohuni me ne.<\/strong><\/h2>\n\n\n\n<p class=\"is-style-text-x-large\"><strong>Misioni yn\u00eb \u00ebsht\u00eb t\u00eb jemi ofruesi dhe avokati kryesor p\u00ebr sh\u00ebrbimet e specializuara p\u00ebr komunitetet BME t\u00eb prekura nga abuzimi, dhuna dhe shfryt\u00ebzimi. <\/strong><\/p>\n\n\n\n<p class=\"is-style-default\">P\u00ebr ta b\u00ebr\u00eb k\u00ebt\u00eb, ne kemi nevoj\u00eb p\u00ebr njer\u00ebzit m\u00eb t\u00eb p\u00ebrkushtuar, m\u00eb t\u00eb talentuar dhe entuziast\u00eb me nj\u00eb gam\u00eb t\u00eb gjer\u00eb aft\u00ebsish p\u00ebr t&#039;iu bashkuar ekipeve tona; nga pun\u00ebtor\u00ebt e strehimit, dhuna n\u00eb familje, trafikimi i qenieve njer\u00ebzore dhe menaxher\u00ebt e sh\u00ebrbimeve me baz\u00eb gjinore dhe avokat\u00ebt e pavarur t\u00eb dhun\u00ebs n\u00eb familje, deri te profesionist\u00ebt e mbledhjes s\u00eb fondeve, zhvillimit, financave dhe burimeve njer\u00ebzore.<\/p>\n\n\n\n<h2 class=\"wp-block-heading has-brand-two-color has-text-color\"><strong>Lajm i mir\u00eb - po pun\u00ebsojm\u00eb!<\/strong><\/h2>\n\n\n\n<p>N\u00ebse besoni n\u00eb vizionin ton\u00eb p\u00ebr nj\u00eb t\u00eb ardhme kur t\u00eb gjith\u00eb njer\u00ebzit n\u00eb Uells jan\u00eb t\u00eb lir\u00eb nga abuzimi, dhuna dhe shfryt\u00ebzimi, ne duam t\u00eb d\u00ebgjojm\u00eb nga ju.<\/p>\n\n\n\n<div style=\"height:31px\" aria-hidden=\"true\" class=\"wp-block-spacer\"><\/div>\n\n\n\n<div class=\"wp-block-buttons is-layout-flex wp-block-buttons-is-layout-flex\">\n<div class=\"wp-block-button has-custom-width wp-block-button__width-50 is-style-primary-btn\"><a class=\"wp-block-button__link wp-element-button\" href=\"https:\/\/bawso.ciphr-irecruit.com\/Applicants\/vacancy\">KLIKONI K\u00cbTU P\u00cbR T\u00cb PAR\u00cb VENDET TONA T\u00cb LIRA AKTUALE<\/a><\/div>\n<\/div>\n\n\n\n<div style=\"height:36px\" aria-hidden=\"true\" class=\"wp-block-spacer\"><\/div>\n\n\n\n<h2 class=\"wp-block-heading is-style-h2\">Shp\u00ebrblimet dhe p\u00ebrfitimet tuaja:<\/h2>\n\n\n\n<ul class=\"wp-block-list\">\n<li>30 dit\u00eb pushim vjetor (duke u rritur n\u00eb 35 pas 5 vitesh sh\u00ebrbimi) PLUS pushime publike dhe bankare.<\/li>\n\n\n\n<li>Skema e pages\u00ebs s\u00eb kompanis\u00eb p\u00ebr s\u00ebmundje.<\/li>\n\n\n\n<li>Skema e pensioneve n\u00eb vendin e pun\u00ebs.<\/li>\n\n\n\n<li>Rritja e pages\u00ebs s\u00eb lehonis\u00eb, bir\u00ebsimit dhe at\u00ebsis\u00eb.<\/li>\n\n\n\n<li>Programi i Asistenc\u00ebs s\u00eb Punonj\u00ebsve.<\/li>\n\n\n\n<li>Sigurimi i jet\u00ebs (p\u00ebrfitimi i vdekjes n\u00eb sh\u00ebrbim).<\/li>\n\n\n\n<li>Mund\u00ebsi t\u00eb shk\u00eblqyera trajnimi dhe zhvillimi.<\/li>\n\n\n\n<li>Opsionet e balanc\u00ebs pun\u00eb-jet\u00eb mund t\u00eb p\u00ebrfshijn\u00eb orar fleksi, ndarje pune, pun\u00eb n\u00eb sht\u00ebpi, me koh\u00eb t\u00eb pjesshme.<\/li>\n\n\n\n<li>Zyr\u00eb moderne me pamje nga ujra e Gjirit t\u00eb Cardiff, 5 minuta m\u00eb k\u00ebmb\u00eb nga stacioni i trenit.<\/li>\n<\/ul>\n\n\n\n<p><\/p>\n\n\n\n<h2 class=\"wp-block-heading has-brand-two-color has-text-color\" id=\"what-makes-bawso-different\"><strong>\u00c7far\u00eb e b\u00ebn Bawso t\u00eb ndryshme?<\/strong><\/h2>\n\n\n\n<p>Bawso \u00ebsht\u00eb nj\u00eb organizat\u00eb e udh\u00ebhequr nga BME q\u00eb ka ofruar mb\u00ebshtetje praktike dhe emocionale p\u00ebr viktimat e BME t\u00eb abuzimit n\u00eb familje, dhun\u00ebs seksuale, trafikimit t\u00eb qenieve njer\u00ebzore, gjymtimit gjenital fem\u00ebror dhe martes\u00ebs s\u00eb detyruar n\u00eb Uells p\u00ebr m\u00eb shum\u00eb se 25 vjet. Programet tona kontribuojn\u00eb n\u00eb parandalimin e dhun\u00ebs ndaj grave. \u00c7do vit, p\u00ebrmes sh\u00ebrbimeve tona t\u00eb mbrojtjes dhe mb\u00ebshtetjes, ne kemi mb\u00ebshtetur m\u00eb shum\u00eb se 6000 t\u00eb rritur dhe f\u00ebmij\u00eb dhe kemi zhvilluar iniciativa p\u00ebr t\u00eb luftuar riviktimizimin. Ne kemi detyr\u00ebn e vazhdueshme p\u00ebr t\u00eb mbledhur fonde n\u00eb m\u00ebnyr\u00eb q\u00eb t\u00eb mbajm\u00eb t\u00eb hapur ofrimin ton\u00eb t\u00eb modeleve t\u00eb specializuara t\u00eb sh\u00ebrbimeve t\u00eb kriz\u00ebs p\u00ebr komunitetet.<\/p>\n\n\n\n<p>N\u00eb Bawso, ne sigurojm\u00eb q\u00eb z\u00ebri i t\u00eb mbijetuarit t\u00eb jet\u00eb i p\u00ebrfshir\u00eb n\u00eb aktivitetet dhe sh\u00ebrbimet tona q\u00eb ofrojm\u00eb. P\u00ebrdoruesit e sh\u00ebrbimit ton\u00eb jan\u00eb plot\u00ebsisht t\u00eb p\u00ebrfshir\u00eb n\u00eb t\u00eb gjitha aspektet e jet\u00ebs s\u00eb Bawso. P\u00ebr shembull, n\u00ebse dikush \u00ebsht\u00eb akomoduar n\u00eb nj\u00eb streh\u00eb, atij i jepet nj\u00eb rol p\u00ebr t\u00eb luajtur n\u00eb drejtimin e tij dhe mb\u00ebshtetjen e banor\u00ebve t\u00eb tjer\u00eb. Ata jan\u00eb konsultuar m\u00eb tej p\u00ebr zhvillimin e sh\u00ebrbimit. Disa nga t\u00eb mbijetuarit sh\u00ebrbejn\u00eb si an\u00ebtar\u00eb t\u00eb panelit t\u00eb rekrutimit, vullnetar\u00eb ose staf me pages\u00eb, nd\u00ebrsa t\u00eb tjer\u00ebt ulen n\u00eb Bord pasi largohen nga sh\u00ebrbimi Bawso.<\/p>\n\n\n\n<h2 class=\"wp-block-heading has-brand-two-color has-text-color\" id=\"our-placement-opportunities\"><strong>Mund\u00ebsit\u00eb tona t\u00eb vendosjes&nbsp;<\/strong><\/h2>\n\n\n\n<p>Ne ofrojm\u00eb vende t\u00eb papaguara p\u00ebr student\u00ebt e vitit t\u00eb dyt\u00eb dhe t\u00eb tret\u00eb t\u00eb universitetit.<\/p>\n\n\n\n<p>Ne mir\u00ebpresim aplikimet nga t\u00eb gjitha seksionet e komunitetit t\u00eb cilit i sh\u00ebrbejm\u00eb dhe njohim vler\u00ebn q\u00eb diversiteti i shton pun\u00ebs dhe organizat\u00ebs son\u00eb.<\/p>\n\n\n\n<div style=\"height:68px\" aria-hidden=\"true\" class=\"wp-block-spacer\"><\/div>\n\n\n\n<p>N\u00ebse keni ndonj\u00eb pyetje, mund t\u00eb kontaktoni me ekipin ton\u00eb t\u00eb rekrutimit n\u00eb&nbsp;<a href=\"mailto:recruitment@bawso.org.uk\">recruitment@bawso.org.uk<\/a><\/p>\n\n\n\n<p><\/p>\n\n\n\n<p><\/p>","protected":false},"excerpt":{"rendered":"<p>Looking for a fulfilling new job? Then come and join us. Our mission is to be the leading provider and advocate for specialist services for BME communities affected by abuse, [&hellip;]<\/p>\n","protected":false},"author":1,"featured_media":0,"parent":0,"menu_order":11,"comment_status":"closed","ping_status":"closed","template":"","meta":{"_acf_changed":false,"_seopress_robots_primary_cat":"","_seopress_titles_title":"Bawso | Job Vacancies","_seopress_titles_desc":"Join the Bawso Team. If you believe in our vision of a future when all people in Wales are free from abuse, violence and exploitation, we want to hear from you.","_seopress_robots_index":"","footnotes":""},"class_list":["post-457","page","type-page","status-publish","hentry"],"acf":[],"publishpress_future_action":{"enabled":false,"date":"2026-07-08 08:11:15","action":"category-add","newStatus":"draft","terms":[],"taxonomy":"","extraData":[]},"publishpress_future_workflow_manual_trigger":{"enabledWorkflows":[]},"_links":{"self":[{"href":"https:\/\/bawso.org.uk\/sq\/wp-json\/wp\/v2\/pages\/457","targetHints":{"allow":["GET"]}}],"collection":[{"href":"https:\/\/bawso.org.uk\/sq\/wp-json\/wp\/v2\/pages"}],"about":[{"href":"https:\/\/bawso.org.uk\/sq\/wp-json\/wp\/v2\/types\/page"}],"author":[{"embeddable":true,"href":"https:\/\/bawso.org.uk\/sq\/wp-json\/wp\/v2\/users\/1"}],"replies":[{"embeddable":true,"href":"https:\/\/bawso.org.uk\/sq\/wp-json\/wp\/v2\/comments?post=457"}],"version-history":[{"count":55,"href":"https:\/\/bawso.org.uk\/sq\/wp-json\/wp\/v2\/pages\/457\/revisions"}],"predecessor-version":[{"id":5086,"href":"https:\/\/bawso.org.uk\/sq\/wp-json\/wp\/v2\/pages\/457\/revisions\/5086"}],"wp:attachment":[{"href":"https:\/\/bawso.org.uk\/sq\/wp-json\/wp\/v2\/media?parent=457"}],"curies":[{"name":"wp","href":"https:\/\/api.w.org\/{rel}","templated":true}]}}