{"id":454,"date":"2022-03-14T14:20:38","date_gmt":"2022-03-14T14:20:38","guid":{"rendered":"https:\/\/bawso.org.uk\/?post_type=services&#038;p=454"},"modified":"2022-09-17T14:01:27","modified_gmt":"2022-09-17T13:01:27","slug":"language-services","status":"publish","type":"page","link":"https:\/\/bawso.org.uk\/sq\/language-services\/","title":{"rendered":"Sh\u00ebrbimet gjuh\u00ebsore"},"content":{"rendered":"<h2 class=\"text-x-large is-style-text-xx-large has-brand-two-color has-text-color wp-block-heading\" id=\"we-believe-that-everyone-deserves-to-be-safe-treated-equally-and-have-a-voice\"><strong>P\u00ebrkthim dhe Interpretim Profesional<\/strong><\/h2>\n\n\n\n<p class=\"is-style-text-x-large\"><strong>Bawso ka nj\u00eb sh\u00ebrbim t\u00eb dedikuar p\u00ebr interpretim dhe p\u00ebrkthim n\u00eb mb\u00ebshtetje t\u00eb programit t\u00eb tij t\u00eb pun\u00ebs n\u00eb t\u00eb gjith\u00eb Uellsin, i cili \u00ebsht\u00eb gjithashtu i disponuesh\u00ebm p\u00ebr organet e jashtme.<\/strong><\/p>\n\n\n\n<p class=\"is-style-default\">Kjo mbulon mbi 90 gjuh\u00eb me p\u00ebrkthyes t\u00eb rrjedhsh\u00ebm dhe t\u00eb akredituar dhe p\u00ebrkthyes t\u00eb aft\u00eb n\u00eb ofrimin e sh\u00ebrbimeve p\u00ebr njer\u00ebzit e cenuesh\u00ebm dhe profesionist\u00ebt mb\u00ebshtet\u00ebs. Sh\u00ebrbimet ofrohen personalisht, on-line ose me telefon.<\/p>\n\n\n\n<p class=\"is-style-text-x-large\">P\u00ebr t\u00eb kontaktuar dhe rezervuar nj\u00eb p\u00ebrkthyes, <strong>telefononi 02920 644633<\/strong>.<\/p>","protected":false},"excerpt":{"rendered":"<p>Professional Translation and Interpretation Bawso has a dedicated Interpretation and Translation Service in support of its programme of work across Wales, which is also available to outside bodies. This covers [&hellip;]<\/p>\n","protected":false},"author":1,"featured_media":0,"parent":0,"menu_order":7,"comment_status":"open","ping_status":"closed","template":"","meta":{"_acf_changed":false,"_seopress_robots_primary_cat":"","_seopress_titles_title":"","_seopress_titles_desc":"","_seopress_robots_index":"","footnotes":""},"class_list":["post-454","page","type-page","status-publish","hentry"],"acf":[],"publishpress_future_action":{"enabled":false,"date":"2026-07-07 16:46:48","action":"category-add","newStatus":"draft","terms":[],"taxonomy":"","extraData":[]},"publishpress_future_workflow_manual_trigger":{"enabledWorkflows":[]},"_links":{"self":[{"href":"https:\/\/bawso.org.uk\/sq\/wp-json\/wp\/v2\/pages\/454","targetHints":{"allow":["GET"]}}],"collection":[{"href":"https:\/\/bawso.org.uk\/sq\/wp-json\/wp\/v2\/pages"}],"about":[{"href":"https:\/\/bawso.org.uk\/sq\/wp-json\/wp\/v2\/types\/page"}],"author":[{"embeddable":true,"href":"https:\/\/bawso.org.uk\/sq\/wp-json\/wp\/v2\/users\/1"}],"replies":[{"embeddable":true,"href":"https:\/\/bawso.org.uk\/sq\/wp-json\/wp\/v2\/comments?post=454"}],"version-history":[{"count":7,"href":"https:\/\/bawso.org.uk\/sq\/wp-json\/wp\/v2\/pages\/454\/revisions"}],"predecessor-version":[{"id":1682,"href":"https:\/\/bawso.org.uk\/sq\/wp-json\/wp\/v2\/pages\/454\/revisions\/1682"}],"wp:attachment":[{"href":"https:\/\/bawso.org.uk\/sq\/wp-json\/wp\/v2\/media?parent=454"}],"curies":[{"name":"wp","href":"https:\/\/api.w.org\/{rel}","templated":true}]}}