{"id":4134,"date":"2024-09-23T14:26:13","date_gmt":"2024-09-23T13:26:13","guid":{"rendered":"https:\/\/bawso.org.uk\/?page_id=4134"},"modified":"2024-09-23T14:26:13","modified_gmt":"2024-09-23T13:26:13","slug":"trust-matters-no-one-is-hard-to-reach-conference","status":"publish","type":"page","link":"https:\/\/bawso.org.uk\/sq\/trust-matters-no-one-is-hard-to-reach-conference\/","title":{"rendered":"\u201cBesimi ka r\u00ebnd\u00ebsi. Askush nuk \u00ebsht\u00eb i v\u00ebshtir\u00eb p\u00ebr t&#039;u arritur\u201d Konferenca"},"content":{"rendered":"<p>\u201cBesimi ka r\u00ebnd\u00ebsi. Askush nuk \u00ebsht\u00eb i v\u00ebshtir\u00eb p\u00ebr t&#039;u arritur\u201d konferenca \u00ebsht\u00eb p\u00ebr t\u00eb nxitur shk\u00ebmbimin e njohurive midis komuniteteve k\u00ebrkimore t\u00eb Universitetit t\u00eb Uellsit Jugor (USW), Organizatave t\u00eb Sektorit t\u00eb Tret\u00eb dhe komuniteteve t\u00eb minorizuara tradicionalisht t\u00eb p\u00ebrjashtuara nga k\u00ebrkimi, me fokus n\u00eb besimin dhe nd\u00ebrtimin e marr\u00ebdh\u00ebnieve. P\u00ebrve\u00e7 sh\u00ebrbimit si nj\u00eb nga fol\u00ebset kryesore t\u00eb ngjarjes, Nancy Lidubwi nga Bawso drejtoi gjithashtu nj\u00eb seminar mbi &quot;P\u00ebrmir\u00ebsimi i besimit n\u00eb pun\u00ebn e partneritetit me komunitetet e pakicuara&quot;. Ndarja e asaj q\u00eb Bawso po b\u00ebn p\u00ebr t\u00eb mb\u00ebshtetur komunitetet BME, ve\u00e7an\u00ebrisht n\u00eb kontekstin e k\u00ebrkimit, u b\u00eb e mundur nga kjo mund\u00ebsi e shk\u00eblqyer.<\/p>\n\n\n\n<figure class=\"wp-block-gallery has-nested-images columns-default is-cropped wp-block-gallery-1 is-layout-flex wp-block-gallery-is-layout-flex\">\n<figure class=\"wp-block-image size-large\"><img loading=\"lazy\" decoding=\"async\" width=\"1024\" height=\"768\" data-id=\"4137\" src=\"https:\/\/bawso.org.uk\/wp-content\/uploads\/2024\/09\/Trust-Matters.-No-One-is-Hard-To-Reach-conference-4-1024x768.jpg\" alt=\"\" class=\"wp-image-4137\" srcset=\"https:\/\/bawso.org.uk\/wp-content\/uploads\/2024\/09\/Trust-Matters.-No-One-is-Hard-To-Reach-conference-4-1024x768.jpg 1024w, https:\/\/bawso.org.uk\/wp-content\/uploads\/2024\/09\/Trust-Matters.-No-One-is-Hard-To-Reach-conference-4-300x225.jpg 300w, https:\/\/bawso.org.uk\/wp-content\/uploads\/2024\/09\/Trust-Matters.-No-One-is-Hard-To-Reach-conference-4-768x576.jpg 768w, https:\/\/bawso.org.uk\/wp-content\/uploads\/2024\/09\/Trust-Matters.-No-One-is-Hard-To-Reach-conference-4-1536x1152.jpg 1536w, https:\/\/bawso.org.uk\/wp-content\/uploads\/2024\/09\/Trust-Matters.-No-One-is-Hard-To-Reach-conference-4-16x12.jpg 16w, https:\/\/bawso.org.uk\/wp-content\/uploads\/2024\/09\/Trust-Matters.-No-One-is-Hard-To-Reach-conference-4.jpg 1600w\" sizes=\"auto, (max-width: 1024px) 100vw, 1024px\" \/><\/figure>\n\n\n\n<figure class=\"wp-block-image size-large\"><img loading=\"lazy\" decoding=\"async\" width=\"768\" height=\"1024\" data-id=\"4139\" src=\"https:\/\/bawso.org.uk\/wp-content\/uploads\/2024\/09\/Trust-Matters.-No-One-is-Hard-To-Reach-conference-3-768x1024.jpg\" alt=\"\" class=\"wp-image-4139\" srcset=\"https:\/\/bawso.org.uk\/wp-content\/uploads\/2024\/09\/Trust-Matters.-No-One-is-Hard-To-Reach-conference-3-768x1024.jpg 768w, https:\/\/bawso.org.uk\/wp-content\/uploads\/2024\/09\/Trust-Matters.-No-One-is-Hard-To-Reach-conference-3-225x300.jpg 225w, https:\/\/bawso.org.uk\/wp-content\/uploads\/2024\/09\/Trust-Matters.-No-One-is-Hard-To-Reach-conference-3-1152x1536.jpg 1152w, https:\/\/bawso.org.uk\/wp-content\/uploads\/2024\/09\/Trust-Matters.-No-One-is-Hard-To-Reach-conference-3-9x12.jpg 9w, https:\/\/bawso.org.uk\/wp-content\/uploads\/2024\/09\/Trust-Matters.-No-One-is-Hard-To-Reach-conference-3.jpg 1200w\" sizes=\"auto, (max-width: 768px) 100vw, 768px\" \/><\/figure>\n\n\n\n<figure class=\"wp-block-image size-large\"><img loading=\"lazy\" decoding=\"async\" width=\"1024\" height=\"768\" data-id=\"4140\" src=\"https:\/\/bawso.org.uk\/wp-content\/uploads\/2024\/09\/Trust-Matters.-No-One-is-Hard-To-Reach-conference-2-1024x768.jpg\" alt=\"\" class=\"wp-image-4140\" srcset=\"https:\/\/bawso.org.uk\/wp-content\/uploads\/2024\/09\/Trust-Matters.-No-One-is-Hard-To-Reach-conference-2-1024x768.jpg 1024w, https:\/\/bawso.org.uk\/wp-content\/uploads\/2024\/09\/Trust-Matters.-No-One-is-Hard-To-Reach-conference-2-300x225.jpg 300w, https:\/\/bawso.org.uk\/wp-content\/uploads\/2024\/09\/Trust-Matters.-No-One-is-Hard-To-Reach-conference-2-768x576.jpg 768w, https:\/\/bawso.org.uk\/wp-content\/uploads\/2024\/09\/Trust-Matters.-No-One-is-Hard-To-Reach-conference-2-1536x1152.jpg 1536w, https:\/\/bawso.org.uk\/wp-content\/uploads\/2024\/09\/Trust-Matters.-No-One-is-Hard-To-Reach-conference-2-16x12.jpg 16w, https:\/\/bawso.org.uk\/wp-content\/uploads\/2024\/09\/Trust-Matters.-No-One-is-Hard-To-Reach-conference-2.jpg 1600w\" sizes=\"auto, (max-width: 1024px) 100vw, 1024px\" \/><\/figure>\n\n\n\n<figure class=\"wp-block-image size-large\"><img loading=\"lazy\" decoding=\"async\" width=\"1024\" height=\"768\" data-id=\"4138\" src=\"https:\/\/bawso.org.uk\/wp-content\/uploads\/2024\/09\/Trust-Matters.-No-One-is-Hard-To-Reach-conference-1-1024x768.jpg\" alt=\"\" class=\"wp-image-4138\" srcset=\"https:\/\/bawso.org.uk\/wp-content\/uploads\/2024\/09\/Trust-Matters.-No-One-is-Hard-To-Reach-conference-1-1024x768.jpg 1024w, https:\/\/bawso.org.uk\/wp-content\/uploads\/2024\/09\/Trust-Matters.-No-One-is-Hard-To-Reach-conference-1-300x225.jpg 300w, https:\/\/bawso.org.uk\/wp-content\/uploads\/2024\/09\/Trust-Matters.-No-One-is-Hard-To-Reach-conference-1-768x576.jpg 768w, https:\/\/bawso.org.uk\/wp-content\/uploads\/2024\/09\/Trust-Matters.-No-One-is-Hard-To-Reach-conference-1-1536x1152.jpg 1536w, https:\/\/bawso.org.uk\/wp-content\/uploads\/2024\/09\/Trust-Matters.-No-One-is-Hard-To-Reach-conference-1-16x12.jpg 16w, https:\/\/bawso.org.uk\/wp-content\/uploads\/2024\/09\/Trust-Matters.-No-One-is-Hard-To-Reach-conference-1.jpg 1600w\" sizes=\"auto, (max-width: 1024px) 100vw, 1024px\" \/><\/figure>\n<\/figure>","protected":false},"excerpt":{"rendered":"<p>&#8220;Trust Matters. No One is Hard To Reach\u201d conference is to foster knowledge exchange among the University of South Wales (USW) research communities, Third Sector Organisations, and Minoritised communities traditionally [&hellip;]<\/p>","protected":false},"author":6,"featured_media":0,"parent":0,"menu_order":0,"comment_status":"closed","ping_status":"closed","template":"","meta":{"_acf_changed":false,"_seopress_robots_primary_cat":"","_seopress_titles_title":"","_seopress_titles_desc":"","_seopress_robots_index":"","footnotes":""},"class_list":["post-4134","page","type-page","status-publish","hentry"],"acf":[],"publishpress_future_action":{"enabled":false,"date":"2026-06-16 14:48:27","action":"category-add","newStatus":"draft","terms":[],"taxonomy":"","extraData":[]},"publishpress_future_workflow_manual_trigger":{"enabledWorkflows":[]},"_links":{"self":[{"href":"https:\/\/bawso.org.uk\/sq\/wp-json\/wp\/v2\/pages\/4134","targetHints":{"allow":["GET"]}}],"collection":[{"href":"https:\/\/bawso.org.uk\/sq\/wp-json\/wp\/v2\/pages"}],"about":[{"href":"https:\/\/bawso.org.uk\/sq\/wp-json\/wp\/v2\/types\/page"}],"author":[{"embeddable":true,"href":"https:\/\/bawso.org.uk\/sq\/wp-json\/wp\/v2\/users\/6"}],"replies":[{"embeddable":true,"href":"https:\/\/bawso.org.uk\/sq\/wp-json\/wp\/v2\/comments?post=4134"}],"version-history":[{"count":1,"href":"https:\/\/bawso.org.uk\/sq\/wp-json\/wp\/v2\/pages\/4134\/revisions"}],"predecessor-version":[{"id":4141,"href":"https:\/\/bawso.org.uk\/sq\/wp-json\/wp\/v2\/pages\/4134\/revisions\/4141"}],"wp:attachment":[{"href":"https:\/\/bawso.org.uk\/sq\/wp-json\/wp\/v2\/media?parent=4134"}],"curies":[{"name":"wp","href":"https:\/\/api.w.org\/{rel}","templated":true}]}}