{"id":3974,"date":"2024-07-10T10:17:09","date_gmt":"2024-07-10T09:17:09","guid":{"rendered":"https:\/\/bawso.org.uk\/?page_id=3974"},"modified":"2024-09-23T14:21:57","modified_gmt":"2024-09-23T13:21:57","slug":"bawso-sebei-project","status":"publish","type":"page","link":"https:\/\/bawso.org.uk\/sq\/bawso-sebei-project\/","title":{"rendered":"Projekti Bawso \u2013 Sebei"},"content":{"rendered":"<figure class=\"wp-block-image size-large\"><img loading=\"lazy\" decoding=\"async\" width=\"1024\" height=\"585\" src=\"https:\/\/bawso.org.uk\/wp-content\/uploads\/2024\/03\/Website-Wordpress-Feature-Image-1100-x-628-px-3-1024x585.png\" alt=\"\" class=\"wp-image-3632\"\/><\/figure>\n\n\n\n<p>Kemi k\u00ebnaq\u00ebsin\u00eb t\u00eb njoftojm\u00eb nj\u00eb projekt t\u00eb ri i cili \u00ebsht\u00eb nj\u00eb partneritet midis Uellsit dhe Ugand\u00ebs. Ne kemi marr\u00eb fonde nga qeveria e Uellsit t\u00eb administruar nga K\u00ebshilli i Uellsit p\u00ebr Veprim Vullnetar (WCVA) n\u00ebn programin Uells p\u00ebr Afrik\u00ebn, p\u00ebr t\u00eb punuar me Projektin e Fuqizimit t\u00eb Komunitetit Sebei n\u00eb Ugand\u00eb p\u00ebr t\u00eb trajtuar praktik\u00ebn e FGM.<\/p>\n\n\n\n<figure class=\"wp-block-image size-full is-resized\"><img loading=\"lazy\" decoding=\"async\" width=\"691\" height=\"300\" src=\"https:\/\/bawso.org.uk\/wp-content\/uploads\/2024\/03\/WA_Colour-removebg-preview-e1710238776667.png\" alt=\"\" class=\"wp-image-3619\" style=\"width:839px;height:auto\" srcset=\"https:\/\/bawso.org.uk\/wp-content\/uploads\/2024\/03\/WA_Colour-removebg-preview-e1710238776667.png 691w, https:\/\/bawso.org.uk\/wp-content\/uploads\/2024\/03\/WA_Colour-removebg-preview-e1710238776667-300x130.png 300w, https:\/\/bawso.org.uk\/wp-content\/uploads\/2024\/03\/WA_Colour-removebg-preview-e1710238776667-18x8.png 18w\" sizes=\"auto, (max-width: 691px) 100vw, 691px\" \/><\/figure>\n\n\n\n<p>Projekti synon t\u00eb kontribuoj\u00eb n\u00eb eliminimin e FGM-s\u00eb n\u00eb rajonin Sebei t\u00eb Ugand\u00ebs Lindore p\u00ebrmes edukimit t\u00eb komunitetit dhe rritjes s\u00eb nd\u00ebrgjegj\u00ebsimit. P\u00ebrfitimet p\u00ebrfshijn\u00eb krijimin e nj\u00eb ekipi avokat\u00ebsh t\u00eb komunitetit q\u00eb p\u00ebrfshin shkollat, bashk\u00ebshortet e trajnuara tradicionalisht (shoq\u00ebrueset tradicionale t\u00eb lindjes) dhe drejtuesit e opinionit, t\u00eb cil\u00ebt do t\u00eb drejtojn\u00eb projektin dhe do t\u00eb menaxhojn\u00eb rezultatet.<\/p>\n\n\n\n<p>Rezultati i p\u00ebrgjithsh\u00ebm i projektit \u00ebsht\u00eb reduktimi i dhun\u00ebs ndaj grave dhe vajzave (VAWG) q\u00eb p\u00ebrfshin FGM, ndryshim q\u00ebndrimi dhe besim p\u00ebr t\u00eb sfiduar praktikat e d\u00ebmshme kulturore. Ndikimi afatgjat\u00eb \u00ebsht\u00eb t\u00eb realizohet nj\u00eb reduktim i FGM n\u00eb rajonin Sebei me 55% brenda 10 viteve.<\/p>\n\n\n\n<p>Projekti do t\u00eb kontribuoj\u00eb n\u00eb Aktin e Mir\u00ebqenies s\u00eb gjeneratave t\u00eb ardhshme 2015 duke i pajisur m\u00ebsuesit n\u00eb Uells me informacion dhe njohuri p\u00ebr t\u00eb identifikuar vajzat n\u00eb rrezik t\u00eb FGM dhe p\u00ebr t\u00eb adresuar \u00e7\u00ebshtjet e mbrojtjes p\u00ebr vajzat e reja BME. Ai gjithashtu do t\u00eb forcoj\u00eb rolin e Bawso n\u00eb ofrimin e sh\u00ebrbimeve n\u00eb t\u00eb gjith\u00eb Uellsin n\u00eb mb\u00ebshtetje t\u00eb grave nga komunitetet BME dhe do t\u00eb krijoj\u00eb mund\u00ebsi p\u00ebr t\u00eb m\u00ebsuar midis Uellsit dhe Ugand\u00ebs.<\/p>\n\n\n\n<hr class=\"wp-block-separator has-alpha-channel-opacity\"\/>\n\n\n\n<p>\u201cJam i emocionuar t\u00eb njoftoj se Bawso ka siguruar fonde p\u00ebrmes programit t\u00eb Qeveris\u00eb s\u00eb Uellsit p\u00ebr Uellsin dhe Afrik\u00ebn, duke fuqizuar organizatat n\u00eb Uells p\u00ebr t\u00eb nisur projekte q\u00eb p\u00ebrputhen me Objektivat e Zhvillimit t\u00eb Q\u00ebndruesh\u00ebm t\u00eb OKB-s\u00eb. Ky bashk\u00ebpunim \u00ebsht\u00eb gati t\u00eb sjell\u00eb p\u00ebrfitime t\u00eb konsiderueshme si p\u00ebr Uellsin ashtu edhe p\u00ebr Afrik\u00ebn.<br>&nbsp;<br>Nisma jon\u00eb novatore, projekti Bawso-Sebei, do t\u00eb ket\u00eb nj\u00eb ndikim t\u00eb r\u00ebnd\u00ebsish\u00ebm n\u00eb zhdukjen e gjymtimit gjenital fem\u00ebror (FGM) n\u00eb rajonin Sebei t\u00eb Ugand\u00ebs. N\u00ebp\u00ebrmjet partneriteteve strategjike me grupet dhe shkollat e komunitetit lokal, ne synojm\u00eb t\u00eb arrijm\u00eb nj\u00eb reduktim t\u00eb jasht\u00ebzakonsh\u00ebm 55% n\u00eb FGM brenda dekad\u00ebs s\u00eb ardhshme.<br>&nbsp;<br>S\u00eb bashku, ne jemi t\u00eb p\u00ebrkushtuar p\u00ebr t\u00eb nxitur ndryshime pozitive dhe p\u00ebr t\u00eb kontribuar p\u00ebr nj\u00eb bot\u00eb m\u00eb t\u00eb sigurt dhe m\u00eb t\u00eb barabart\u00eb.\u201d \u2013 Tina Fahm,&nbsp;<em>CEO i Bawso<\/em>.<\/p>\n\n\n\n<h2 class=\"wp-block-heading\"><strong>Njihuni me ekipin q\u00eb punon n\u00eb Projektin Bawso-Sebei n\u00eb Ugand\u00eb&nbsp;<\/strong><\/h2>\n\n\n\n<p>Ne jemi t\u00eb emocionuar q\u00eb po punojm\u00eb me ekipin e Projektit t\u00eb Fuqizimit t\u00eb Komunitetit Sebei p\u00ebr t\u00eb siguruar eliminimin e FGM n\u00eb rajonin e Sebeit.\u00a0<\/p>\n\n\n\n<div class=\"wp-block-columns is-layout-flex wp-container-core-columns-is-layout-9d6595d7 wp-block-columns-is-layout-flex\">\n<div class=\"wp-block-column is-layout-flow wp-block-column-is-layout-flow\">\n<div class=\"wp-block-media-text is-stacked-on-mobile\" style=\"grid-template-columns:46% auto\"><figure class=\"wp-block-media-text__media\"><img loading=\"lazy\" decoding=\"async\" width=\"216\" height=\"288\" src=\"https:\/\/bawso.org.uk\/wp-content\/uploads\/2024\/08\/Sokuton-1.jpg\" alt=\"\" class=\"wp-image-4075 size-full\" srcset=\"https:\/\/bawso.org.uk\/wp-content\/uploads\/2024\/08\/Sokuton-1.jpg 216w, https:\/\/bawso.org.uk\/wp-content\/uploads\/2024\/08\/Sokuton-1-9x12.jpg 9w\" sizes=\"auto, (max-width: 216px) 100vw, 216px\" \/><\/figure><div class=\"wp-block-media-text__content\">\n<p class=\"has-small-font-size\">Sokuton Samuel, Menaxher i Projektit<\/p>\n\n\n\n<p class=\"has-small-font-size\">Fuqizimi i Komunitetit t\u00eb Madh Sebei, Ugand\u00eb<\/p>\n<\/div><\/div>\n<\/div>\n\n\n\n<div class=\"wp-block-column is-layout-flow wp-block-column-is-layout-flow\">\n<div class=\"wp-block-media-text is-stacked-on-mobile\"><figure class=\"wp-block-media-text__media\"><img loading=\"lazy\" decoding=\"async\" width=\"247\" height=\"329\" src=\"https:\/\/bawso.org.uk\/wp-content\/uploads\/2024\/08\/Picture2.jpg\" alt=\"\" class=\"wp-image-4076 size-full\" srcset=\"https:\/\/bawso.org.uk\/wp-content\/uploads\/2024\/08\/Picture2.jpg 247w, https:\/\/bawso.org.uk\/wp-content\/uploads\/2024\/08\/Picture2-225x300.jpg 225w, https:\/\/bawso.org.uk\/wp-content\/uploads\/2024\/08\/Picture2-9x12.jpg 9w\" sizes=\"auto, (max-width: 247px) 100vw, 247px\" \/><\/figure><div class=\"wp-block-media-text__content\">\n<p class=\"has-small-font-size\">Nyadoi Winfred, trajner i projektit<\/p>\n\n\n\n<p class=\"has-small-font-size\">Fuqizimi i Komunitetit t\u00eb Madh Sebei, Ugand\u00eb<\/p>\n<\/div><\/div>\n<\/div>\n\n\n\n<div class=\"wp-block-column is-layout-flow wp-block-column-is-layout-flow\">\n<div class=\"wp-block-media-text is-stacked-on-mobile\"><figure class=\"wp-block-media-text__media\"><img loading=\"lazy\" decoding=\"async\" width=\"225\" height=\"300\" src=\"https:\/\/bawso.org.uk\/wp-content\/uploads\/2024\/08\/Picture3.jpg\" alt=\"\" class=\"wp-image-4077 size-full\" srcset=\"https:\/\/bawso.org.uk\/wp-content\/uploads\/2024\/08\/Picture3.jpg 225w, https:\/\/bawso.org.uk\/wp-content\/uploads\/2024\/08\/Picture3-9x12.jpg 9w\" sizes=\"auto, (max-width: 225px) 100vw, 225px\" \/><\/figure><div class=\"wp-block-media-text__content\">\n<p class=\"has-small-font-size\">Twietuk Benfred, Zyrtar i Sensibilizimit dhe Rritjes s\u00eb Nd\u00ebrgjegj\u00ebsimit t\u00eb Komunitetit   <\/p>\n\n\n\n<p class=\"has-small-font-size\">                         <\/p>\n<\/div><\/div>\n<\/div>\n<\/div>\n\n\n\n<p class=\"is-style-text-large has-medium-font-size\"><strong>Lidhja e komuniteteve n\u00eb Afrik\u00ebn Sub-Sahariane<\/strong><\/p>\n\n\n\n<p>Pasi kemi punuar me sukses me partner\u00ebt tan\u00eb n\u00eb Kenia, Agjencia e Zhvillimit t\u00eb Partner\u00ebve t\u00eb Krishter\u00eb, p\u00ebr t\u00eb krijuar nd\u00ebrgjegj\u00ebsim n\u00eb komunitet p\u00ebr dhun\u00ebn ndaj grave dhe vajzave, ne kemi krijuar partneritet midis Ekipit ton\u00eb n\u00eb Ugand\u00eb dhe Kenia p\u00ebr t\u00eb punuar s\u00eb bashku p\u00ebr t\u00eb mb\u00ebshtetur dhe m\u00ebsuar nga nj\u00ebri-tjetri duke u lidhur dy komunitetet. Kjo do t\u00eb p\u00ebrfshij\u00eb udh\u00ebtimin midis dy komuniteteve, nd\u00ebrtimin e marr\u00ebdh\u00ebnieve dhe shk\u00ebmbimin e praktikave m\u00eb t\u00eb mira. Jemi shum\u00eb t\u00eb emocionuar t\u00eb shohim frytet e k\u00ebtij partneriteti.<\/p>\n\n\n\n<div class=\"wp-block-columns is-layout-flex wp-container-core-columns-is-layout-9d6595d7 wp-block-columns-is-layout-flex\">\n<div class=\"wp-block-column is-layout-flow wp-block-column-is-layout-flow\">\n<div class=\"wp-block-media-text is-stacked-on-mobile\"><figure class=\"wp-block-media-text__media\"><img loading=\"lazy\" decoding=\"async\" width=\"307\" height=\"409\" src=\"https:\/\/bawso.org.uk\/wp-content\/uploads\/2024\/08\/Picture4.jpg\" alt=\"\" class=\"wp-image-4078 size-full\" srcset=\"https:\/\/bawso.org.uk\/wp-content\/uploads\/2024\/08\/Picture4.jpg 307w, https:\/\/bawso.org.uk\/wp-content\/uploads\/2024\/08\/Picture4-225x300.jpg 225w, https:\/\/bawso.org.uk\/wp-content\/uploads\/2024\/08\/Picture4-9x12.jpg 9w\" sizes=\"auto, (max-width: 307px) 100vw, 307px\" \/><\/figure><div class=\"wp-block-media-text__content\">\n<p class=\"has-small-font-size\">Alice Kirambi, drejtore ekzekutive<\/p>\n\n\n\n<p class=\"has-small-font-size\">Agjencia e Zhvillimit t\u00eb Partner\u00ebve t\u00eb Krishter\u00eb, Kenia<\/p>\n<\/div><\/div>\n<\/div>\n\n\n\n<div class=\"wp-block-column is-layout-flow wp-block-column-is-layout-flow\">\n<div class=\"wp-block-media-text is-stacked-on-mobile\"><figure class=\"wp-block-media-text__media\"><img loading=\"lazy\" decoding=\"async\" width=\"320\" height=\"427\" src=\"https:\/\/bawso.org.uk\/wp-content\/uploads\/2024\/08\/Picture5.jpg\" alt=\"\" class=\"wp-image-4079 size-full\" srcset=\"https:\/\/bawso.org.uk\/wp-content\/uploads\/2024\/08\/Picture5.jpg 320w, https:\/\/bawso.org.uk\/wp-content\/uploads\/2024\/08\/Picture5-225x300.jpg 225w, https:\/\/bawso.org.uk\/wp-content\/uploads\/2024\/08\/Picture5-9x12.jpg 9w\" sizes=\"auto, (max-width: 320px) 100vw, 320px\" \/><\/figure><div class=\"wp-block-media-text__content\">\n<p class=\"has-small-font-size\">Anne Savai, Koordinatore e Projektit&nbsp;<\/p>\n\n\n\n<p class=\"has-small-font-size\">Agjencia e Zhvillimit t\u00eb Partner\u00ebve t\u00eb Krishter\u00eb, Kenia<\/p>\n<\/div><\/div>\n<\/div>\n\n\n\n<div class=\"wp-block-column is-layout-flow wp-block-column-is-layout-flow\">\n<div class=\"wp-block-media-text is-stacked-on-mobile\"><figure class=\"wp-block-media-text__media\"><img loading=\"lazy\" decoding=\"async\" width=\"321\" height=\"497\" src=\"https:\/\/bawso.org.uk\/wp-content\/uploads\/2024\/08\/Picture6.png\" alt=\"\" class=\"wp-image-4080 size-full\" srcset=\"https:\/\/bawso.org.uk\/wp-content\/uploads\/2024\/08\/Picture6.png 321w, https:\/\/bawso.org.uk\/wp-content\/uploads\/2024\/08\/Picture6-194x300.png 194w, https:\/\/bawso.org.uk\/wp-content\/uploads\/2024\/08\/Picture6-8x12.png 8w\" sizes=\"auto, (max-width: 321px) 100vw, 321px\" \/><\/figure><div class=\"wp-block-media-text__content\">\n<p class=\"has-small-font-size\">Rooda Ahmed, Koordinatore e Projektit<\/p>\n\n\n\n<p class=\"has-small-font-size\">Bawso Womens Aid, Uells, MB<\/p>\n\n\n\n<details class=\"wp-block-details is-layout-flow wp-block-details-is-layout-flow\"><summary><strong>Roli im<\/strong><\/summary>\n<p>\u00ebsht\u00eb t\u00eb mbik\u00ebqyr\u00eb projektin n\u00eb Ugand\u00eb dhe t\u00eb punoj\u00eb ngusht\u00eb me ekipin n\u00eb terren n\u00eb arritjen e rezultateve t\u00eb projektit. K\u00ebtu n\u00eb Uells, roli im p\u00ebrfshin gjithashtu koordinimin e krahut t\u00eb Uellsit t\u00eb projektit, i cili p\u00ebrfshin pun\u00ebn me shkollat, vullnetar\u00ebt dhe komunitetet p\u00ebr t\u00eb koordinuar aktivitetet q\u00eb do t\u00eb rrisin njohurit\u00eb mbi FGM midis p\u00ebrfituesve. Nj\u00eb pjes\u00eb e rolit tim \u00ebsht\u00eb t\u00eb rrjetizoj dhe t\u00eb nd\u00ebrlidhem me partner\u00ebt p\u00ebr t\u00eb zhvilluar dhe mbajtur lidhje me komunitetet dhe organizatat si k\u00ebtu ashtu edhe n\u00eb Afrik\u00eb.<\/p>\n<\/details>\n<\/div><\/div>\n<\/div>\n<\/div>\n\n\n\n<h2 class=\"wp-block-heading\">Flet\u00ebpalosje informative p\u00ebr gjymtimin gjenital t\u00eb femrave <\/h2>\n\n\n\n<p>Q\u00ebllimi i krijimit t\u00eb flet\u00ebpalosjeve informative p\u00ebr FGM sh\u00ebrben p\u00ebr disa q\u00ebllime t\u00eb r\u00ebnd\u00ebsishme. S\u00eb pari, \u00ebsht\u00eb p\u00ebr t\u00eb rritur nd\u00ebrgjegj\u00ebsimin dhe p\u00ebr t\u00eb ndihmuar n\u00eb informimin e publikut, si dhe t\u00eb komuniteteve specifike n\u00eb rrezik p\u00ebr at\u00eb q\u00eb \u00ebsht\u00eb FGM, llojet e saj, p\u00ebrhapja dhe rreziqet e r\u00ebnda sh\u00ebndet\u00ebsore dhe shkeljet e t\u00eb drejtave t\u00eb njeriut q\u00eb lidhen me t\u00eb.&nbsp;&nbsp;                               <\/p>\n\n\n\n<p>S\u00eb dyti, flet\u00ebpalosje informuese ka t\u00eb b\u00ebj\u00eb gjithashtu me fuqizimin e vajzave dhe grave t\u00eb reja p\u00ebr t\u00eb mbrojtur veten dhe p\u00ebr t&#039;i rezistuar presionit p\u00ebr t&#039;iu n\u00ebnshtruar FGM-s\u00eb. \u00cbsht\u00eb gjithashtu nj\u00eb mund\u00ebsi p\u00ebr t\u00eb edukuar komunitetet e tjera p\u00ebr format e ndryshme t\u00eb dhun\u00ebs ndaj grave dhe vajzave, e cila p\u00ebrfshin FGM.&nbsp;&nbsp;<\/p>\n\n\n\n<p>Ai p\u00ebrforcon kuadrin ligjor t\u00eb Mbret\u00ebris\u00eb s\u00eb Bashkuar q\u00eb rrethon FGM dhe implikimet e saj. Ai informon komunitetet p\u00ebr statusin ligjor t\u00eb FGM n\u00eb vendin e tyre, duke p\u00ebrfshir\u00eb ligjet q\u00eb ndalojn\u00eb praktik\u00ebn dhe nd\u00ebshkimet p\u00ebr ata q\u00eb kryejn\u00eb ose leht\u00ebsojn\u00eb.&nbsp;&nbsp;<\/p>\n\n\n\n<p>Flet\u00ebpalosja e informacionit ofron sh\u00ebrbime t\u00eb ndryshme mb\u00ebshtet\u00ebse t\u00eb disponueshme p\u00ebr t\u00eb mbijetuarit e FGM dhe burime t\u00eb p\u00ebrgjithshme q\u00eb ofrojn\u00eb informacione t\u00eb m\u00ebtejshme. N\u00eb p\u00ebrgjith\u00ebsi, flet\u00ebpalosjet e FGM-s\u00eb luajn\u00eb nj\u00eb rol vendimtar n\u00eb p\u00ebrpjekjet globale p\u00ebr t\u00eb \u00e7rr\u00ebnjosur praktik\u00ebn dhe p\u00ebr t\u00eb mb\u00ebshtetur komunitetet e prekura.&nbsp;&nbsp;<\/p>\n\n\n\n<figure class=\"wp-block-image size-large\"><a href=\"https:\/\/bawso.org.uk\/wp-content\/uploads\/2024\/07\/202407-Bawso-FGM-Awareness-leaflet.pdf.png\"><img loading=\"lazy\" decoding=\"async\" width=\"1024\" height=\"307\" src=\"https:\/\/bawso.org.uk\/wp-content\/uploads\/2024\/07\/202407-Bawso-FGM-Awareness-leaflet.pdf-1024x307.png\" alt=\"\" class=\"wp-image-4013\" srcset=\"https:\/\/bawso.org.uk\/wp-content\/uploads\/2024\/07\/202407-Bawso-FGM-Awareness-leaflet.pdf-1024x307.png 1024w, https:\/\/bawso.org.uk\/wp-content\/uploads\/2024\/07\/202407-Bawso-FGM-Awareness-leaflet.pdf-300x90.png 300w, https:\/\/bawso.org.uk\/wp-content\/uploads\/2024\/07\/202407-Bawso-FGM-Awareness-leaflet.pdf-768x230.png 768w, https:\/\/bawso.org.uk\/wp-content\/uploads\/2024\/07\/202407-Bawso-FGM-Awareness-leaflet.pdf-1536x460.png 1536w, https:\/\/bawso.org.uk\/wp-content\/uploads\/2024\/07\/202407-Bawso-FGM-Awareness-leaflet.pdf-18x5.png 18w, https:\/\/bawso.org.uk\/wp-content\/uploads\/2024\/07\/202407-Bawso-FGM-Awareness-leaflet.pdf.png 2000w\" sizes=\"auto, (max-width: 1024px) 100vw, 1024px\" \/><\/a><\/figure>\n\n\n\n<figure class=\"wp-block-image size-large\"><a href=\"https:\/\/bawso.org.uk\/wp-content\/uploads\/2024\/07\/202407-Bawso-FGM-Awareness-leaflet.pdf-1.png\"><img loading=\"lazy\" decoding=\"async\" width=\"1024\" height=\"307\" src=\"https:\/\/bawso.org.uk\/wp-content\/uploads\/2024\/07\/202407-Bawso-FGM-Awareness-leaflet.pdf-1-1024x307.png\" alt=\"\" class=\"wp-image-4016\" srcset=\"https:\/\/bawso.org.uk\/wp-content\/uploads\/2024\/07\/202407-Bawso-FGM-Awareness-leaflet.pdf-1-1024x307.png 1024w, https:\/\/bawso.org.uk\/wp-content\/uploads\/2024\/07\/202407-Bawso-FGM-Awareness-leaflet.pdf-1-300x90.png 300w, https:\/\/bawso.org.uk\/wp-content\/uploads\/2024\/07\/202407-Bawso-FGM-Awareness-leaflet.pdf-1-768x230.png 768w, https:\/\/bawso.org.uk\/wp-content\/uploads\/2024\/07\/202407-Bawso-FGM-Awareness-leaflet.pdf-1-1536x460.png 1536w, https:\/\/bawso.org.uk\/wp-content\/uploads\/2024\/07\/202407-Bawso-FGM-Awareness-leaflet.pdf-1-18x5.png 18w, https:\/\/bawso.org.uk\/wp-content\/uploads\/2024\/07\/202407-Bawso-FGM-Awareness-leaflet.pdf-1.png 2000w\" sizes=\"auto, (max-width: 1024px) 100vw, 1024px\" \/><\/a><\/figure>\n\n\n\n<h2 class=\"wp-block-heading has-brand-one-color has-text-color has-link-color wp-elements-f83db1f6d3b29a0d7a1c91e86e820ee8\"><a href=\"https:\/\/bawso.org.uk\/sq\/bawso-sebei-fgm-project-update\/\" data-type=\"page\" data-id=\"3983\">B<\/a><a href=\"https:\/\/bawso.org.uk\/sq\/bawso-sebei-fgm-project-update\/\" data-type=\"page\" data-id=\"3983\" target=\"_blank\" rel=\"noreferrer noopener\">awso \u2013 P\u00ebrdit\u00ebsimi i Projektit Sebei FGM!&nbsp;<\/a><\/h2>\n\n\n\n<h2 class=\"wp-block-heading has-brand-one-color has-text-color has-link-color wp-elements-d5732e93419d15dd6160343a321ccb40\"><a href=\"https:\/\/bawso.org.uk\/sq\/linking-communities-in-africa-to-address-fgm\/\" data-type=\"page\" data-id=\"4082\">Lidhja e komuniteteve n\u00eb Afrik\u00eb p\u00ebr t\u00eb adresuar FGM<\/a><\/h2>","protected":false},"excerpt":{"rendered":"<p>We are delighted to announce a new project which is a partnership between Wales and Uganda. We have received funding from the Welsh government administered by Wales Council for Voluntary [&hellip;]<\/p>\n","protected":false},"author":6,"featured_media":3632,"parent":0,"menu_order":0,"comment_status":"closed","ping_status":"closed","template":"","meta":{"_acf_changed":false,"_seopress_robots_primary_cat":"","_seopress_titles_title":"","_seopress_titles_desc":"","_seopress_robots_index":"","footnotes":""},"class_list":["post-3974","page","type-page","status-publish","has-post-thumbnail","hentry"],"acf":[],"publishpress_future_action":{"enabled":false,"date":"2026-06-30 10:56:00","action":"category-add","newStatus":"draft","terms":[],"taxonomy":"","extraData":[]},"publishpress_future_workflow_manual_trigger":{"enabledWorkflows":[]},"_links":{"self":[{"href":"https:\/\/bawso.org.uk\/sq\/wp-json\/wp\/v2\/pages\/3974","targetHints":{"allow":["GET"]}}],"collection":[{"href":"https:\/\/bawso.org.uk\/sq\/wp-json\/wp\/v2\/pages"}],"about":[{"href":"https:\/\/bawso.org.uk\/sq\/wp-json\/wp\/v2\/types\/page"}],"author":[{"embeddable":true,"href":"https:\/\/bawso.org.uk\/sq\/wp-json\/wp\/v2\/users\/6"}],"replies":[{"embeddable":true,"href":"https:\/\/bawso.org.uk\/sq\/wp-json\/wp\/v2\/comments?post=3974"}],"version-history":[{"count":11,"href":"https:\/\/bawso.org.uk\/sq\/wp-json\/wp\/v2\/pages\/3974\/revisions"}],"predecessor-version":[{"id":4133,"href":"https:\/\/bawso.org.uk\/sq\/wp-json\/wp\/v2\/pages\/3974\/revisions\/4133"}],"wp:featuredmedia":[{"embeddable":true,"href":"https:\/\/bawso.org.uk\/sq\/wp-json\/wp\/v2\/media\/3632"}],"wp:attachment":[{"href":"https:\/\/bawso.org.uk\/sq\/wp-json\/wp\/v2\/media?parent=3974"}],"curies":[{"name":"wp","href":"https:\/\/api.w.org\/{rel}","templated":true}]}}