{"id":311,"date":"2022-02-25T13:48:58","date_gmt":"2022-02-25T13:48:58","guid":{"rendered":"https:\/\/bawso.org.uk\/?page_id=311"},"modified":"2022-08-11T19:32:29","modified_gmt":"2022-08-11T18:32:29","slug":"about-us","status":"publish","type":"page","link":"https:\/\/bawso.org.uk\/sq\/about-us\/","title":{"rendered":"Rreth Nesh"},"content":{"rendered":"<h2 class=\"wp-block-heading\"><strong>Kush jemi ne<\/strong><\/h2>\n\n\n\n<p class=\"has-medium-font-size\"><strong>Bawso u krijua n\u00eb 1995 nga nj\u00eb grup i vog\u00ebl grash t\u00eb zeza dhe t\u00eb minorizuara n\u00eb Cardiff, t\u00eb cilat ishin t\u00eb shqet\u00ebsuara p\u00ebr p\u00ebrshtatshm\u00ebrin\u00eb e sh\u00ebrbimeve t\u00eb ofruara p\u00ebr viktimat e abuzimit n\u00eb familje. Ne mor\u00ebm me qira nj\u00eb dhom\u00eb me nj\u00eb tavolin\u00eb, karrige dhe telefon dhe filluam t\u00eb rrisim nd\u00ebrgjegj\u00ebsimin brenda komuniteteve me ngjyr\u00eb dhe t\u00eb minorizuar, me qeverin\u00eb, organet statutore dhe ofruesit e sh\u00ebrbimeve t\u00eb sektorit t\u00eb tret\u00eb.<\/strong><\/p>\n\n\n\n<p>Me kalimin e viteve, Bawso filloi pun\u00ebn n\u00eb zona shum\u00eb koh\u00eb p\u00ebrpara se t\u00eb b\u00ebheshin objekt i interesit dhe legjislacionit t\u00eb gjer\u00eb publik, duke p\u00ebrfshir\u00eb martes\u00ebn e detyruar (FM), gjymtimin gjenital fem\u00ebror (FMG), dhun\u00ebn e bazuar n\u00eb nder (HBV) dhe s\u00eb fundmi, skllav\u00ebrin\u00eb dhe trafikimin modern. .<\/p>\n\n\n\n<p>Sh\u00ebrbimet e Bawso tani shtrihen n\u00eb t\u00eb gjith\u00eb Uellsin, duke pun\u00ebsuar mbi nj\u00ebqind staf t\u00eb trajnuar dhe me p\u00ebrvoj\u00eb dhe vullnetar\u00eb t\u00eb shumt\u00eb. Me nj\u00eb qarkullim prej 4.6 milion \u00a3 n\u00eb vit, ne financohemi nga qeveria qendrore n\u00eb Westminster, qeveria e transferuar n\u00eb Cardiff Bay, Autoritetet Lokale, Komisioner\u00ebt e Krimit t\u00eb Policis\u00eb, organe t\u00eb tjera statutore, Fondacionet, Trustet, filantrop\u00ebt dhe aktivitetet e mbledhjes s\u00eb fondeve t\u00eb bazuara n\u00eb komunitet.<\/p>\n\n\n\n<p>Bawso drejton Refugjat\u00eb t\u00eb nd\u00ebrtuara p\u00ebr q\u00ebllime, sht\u00ebpi t\u00eb sigurta, objekte me nj\u00eb ndales\u00eb, Mb\u00ebshtetje lundruese p\u00ebr t\u00eb mbijetuarit n\u00eb komunitet dhe projekte t\u00eb specializuara p\u00ebr \u00e7do zon\u00eb t\u00eb dhun\u00ebs dhe shfryt\u00ebzimit t\u00eb grave dhe vajzave, burrave dhe djemve. Ne mb\u00ebshtesim mbi 6000 individ\u00eb \u00e7do vit dhe \u00e7do vit k\u00ebta numra rriten.<\/p>\n\n\n\n<p>Puna n\u00eb terren plot\u00ebsohet nga nj\u00eb linj\u00eb ndihm\u00ebse 24-or\u00ebshe, nj\u00eb departament trajnimi i angazhuar p\u00ebr p\u00ebrmir\u00ebsimin e vazhduesh\u00ebm t\u00eb sh\u00ebrbimeve t\u00eb Bawso dhe aft\u00ebsive t\u00eb stafit t\u00eb Bawso, dhe ofrimin e trajnimeve nd\u00ebrgjegj\u00ebsuese p\u00ebr agjencit\u00eb e jashtme, profesionist\u00ebt dhe praktikuesit, duke p\u00ebrfshir\u00eb policin\u00eb, mjek\u00ebt e p\u00ebrgjithsh\u00ebm. , Stafi i NHS, M\u00ebsuesit dhe N\u00ebpun\u00ebsit Civil\u00eb. Bawso gjithashtu ka nj\u00eb departament t\u00eb madh dhe t\u00eb p\u00ebrkushtuar t\u00eb Interpretimit dhe P\u00ebrkthimit t\u00eb pun\u00ebtor\u00ebve t\u00eb akredituar.<\/p>\n\n\n\n<p>Bawso drejtohet nga nj\u00eb Bord i grave dhe burrave me ngjyr\u00eb dhe me p\u00ebrvoj\u00eb shum\u00eb t\u00eb arrir\u00eb dhe me p\u00ebrvoj\u00eb t\u00eb minorizuar nga komunitetet t\u00eb cilave u sh\u00ebrbejn\u00eb. Stafi dhe vullnetar\u00ebt e Bawso jan\u00eb gjithashtu nga komunitetet e zeza dhe t\u00eb minorizuara n\u00eb Uells, duke u dh\u00ebn\u00eb atyre nj\u00eb kuptim unik t\u00eb kulturave, feve dhe gjuh\u00ebve t\u00eb p\u00ebrdoruesve t\u00eb sh\u00ebrbimeve dhe komuniteteve t\u00eb tyre.<\/p>\n\n\n\n<h3 class=\"wp-block-heading\"><strong>VIZIONI YNE<\/strong><\/h3>\n\n\n\n<p class=\"is-style-text-x-large has-medium-font-size\"><strong>Q\u00eb t\u00eb gjith\u00eb njer\u00ebzit n\u00eb Uells t\u00eb jetojn\u00eb t\u00eb lir\u00eb nga abuzimi, dhuna dhe shfryt\u00ebzimi.<\/strong><\/p>\n\n\n\n<h3 class=\"wp-block-heading\"><strong>MISIONI YNE<\/strong><\/h3>\n\n\n\n<p class=\"is-style-text-x-large has-medium-font-size\"><strong>P\u00ebr t\u00eb mbrojtur dhe ofruar sh\u00ebrbime t\u00eb specializuara p\u00ebr viktimat e zeza dhe t\u00eb minorizuara t\u00eb abuzimit, dhun\u00ebs dhe shfryt\u00ebzimit n\u00eb Uells.<\/strong><\/p>\n\n\n\n<h3 class=\"wp-block-heading\"><strong>VLERAT TONA<\/strong><\/h3>\n\n\n\n<ul class=\"wp-block-list\"><li>Ne jemi t\u00eb p\u00ebrkushtuar p\u00ebr t\u00eb punuar pa gjyq me nj\u00eb toleranc\u00eb zero ndaj abuzimit, dhun\u00ebs dhe shfryt\u00ebzimit.<\/li><li>Ne i p\u00ebrmbahemi standardeve t\u00eb larta profesionale t\u00eb praktik\u00ebs, duke qen\u00eb t\u00eb respektuesh\u00ebm, empatik, t\u00eb ndjesh\u00ebm dhe t\u00eb ndersh\u00ebm.<\/li><li>Ne ruajm\u00eb integritetin, transparenc\u00ebn dhe llogaridh\u00ebnien n\u00eb \u00e7do gj\u00eb q\u00eb b\u00ebjm\u00eb.<\/li><li>Ne ofrojm\u00eb sh\u00ebrbime leht\u00ebsisht t\u00eb disponueshme dhe leht\u00ebsisht t\u00eb aksesueshme.<\/li><li>Ne rrisim nd\u00ebrgjegj\u00ebsimin p\u00ebr t\u00eb gjitha format e abuzimit dhe dhun\u00ebs si brenda komuniteteve zezake dhe t\u00eb minorizuara, ashtu edhe me qeverin\u00eb dhe shoq\u00ebrin\u00eb civile n\u00eb Uells.<\/li><li>Ne gjithmon\u00eb sfidojm\u00eb racizmin dhe t\u00eb gjitha format e pabarazis\u00eb, padrejt\u00ebsis\u00eb dhe diskriminimit nd\u00ebrsektorial.<\/li><\/ul>","protected":false},"excerpt":{"rendered":"<p>Who we are Bawso was established in 1995 by a small group of black and minoritised women in Cardiff, who were concerned about the appropriateness of services provided to victims [&hellip;]<\/p>\n","protected":false},"author":1,"featured_media":0,"parent":0,"menu_order":4,"comment_status":"closed","ping_status":"closed","template":"","meta":{"_acf_changed":false,"_seopress_robots_primary_cat":"","_seopress_titles_title":"Bawso | About Us","_seopress_titles_desc":"The lead organisation in Wales providing practical &amp; emotional support to black minority ethnic (BAME) and migrant victims of abuse, violence and exploitation.","_seopress_robots_index":"","footnotes":""},"class_list":["post-311","page","type-page","status-publish","hentry"],"acf":[],"publishpress_future_action":{"enabled":false,"date":"2026-07-07 16:51:34","action":"category-add","newStatus":"draft","terms":[],"taxonomy":"","extraData":[]},"publishpress_future_workflow_manual_trigger":{"enabledWorkflows":[]},"_links":{"self":[{"href":"https:\/\/bawso.org.uk\/sq\/wp-json\/wp\/v2\/pages\/311","targetHints":{"allow":["GET"]}}],"collection":[{"href":"https:\/\/bawso.org.uk\/sq\/wp-json\/wp\/v2\/pages"}],"about":[{"href":"https:\/\/bawso.org.uk\/sq\/wp-json\/wp\/v2\/types\/page"}],"author":[{"embeddable":true,"href":"https:\/\/bawso.org.uk\/sq\/wp-json\/wp\/v2\/users\/1"}],"replies":[{"embeddable":true,"href":"https:\/\/bawso.org.uk\/sq\/wp-json\/wp\/v2\/comments?post=311"}],"version-history":[{"count":9,"href":"https:\/\/bawso.org.uk\/sq\/wp-json\/wp\/v2\/pages\/311\/revisions"}],"predecessor-version":[{"id":1985,"href":"https:\/\/bawso.org.uk\/sq\/wp-json\/wp\/v2\/pages\/311\/revisions\/1985"}],"wp:attachment":[{"href":"https:\/\/bawso.org.uk\/sq\/wp-json\/wp\/v2\/media?parent=311"}],"curies":[{"name":"wp","href":"https:\/\/api.w.org\/{rel}","templated":true}]}}