{"id":1535,"date":"2022-08-11T19:40:46","date_gmt":"2022-08-11T18:40:46","guid":{"rendered":"https:\/\/bawso.org.uk\/?page_id=1535"},"modified":"2022-08-12T12:54:53","modified_gmt":"2022-08-12T11:54:53","slug":"grants-team","status":"publish","type":"page","link":"https:\/\/bawso.org.uk\/sq\/grants-team\/","title":{"rendered":"Ekipi i Granteve"},"content":{"rendered":"<p class=\"is-style-text-x-large\">Bawso ka nj\u00eb ekip grantesh specialist\u00ebsh me ekspertiz\u00eb n\u00eb menaxhimin dhe administrimin e granteve nga Britania e Madhe dhe organet lokale p\u00ebr grupet e zeza dhe t\u00eb minorizuara n\u00eb Uells.<\/p>\n\n\n\n<p class=\"is-style-default\">Kjo aft\u00ebsi \u00ebsht\u00eb zhvilluar gjat\u00eb viteve t\u00eb fundit n\u00eb ofrimin e programeve t\u00eb granteve t\u00eb Fondit Global Majority t\u00eb ofruara nga Comic Relief.<\/p>\n\n\n\n<p class=\"is-style-default\">Bawso ka marr\u00ebdh\u00ebnie t\u00eb thella dhe t\u00eb gjata me grupet zezake dhe udh\u00ebheq\u00ebsit e komunitetit n\u00eb t\u00eb gjith\u00eb Uellsin. Bordi Bawso, stafi dhe vullnetar\u00ebt jan\u00eb nga k\u00ebto komunitete dhe Bawso ka nj\u00eb kapacitet t\u00eb provuar dhe t\u00eb testuar p\u00ebr t\u00eb dh\u00ebn\u00eb grante dhe p\u00ebr t\u00eb mb\u00ebshtetur dhe k\u00ebshilluar financuesit e granteve q\u00eb d\u00ebshirojn\u00eb t\u00eb operojn\u00eb n\u00eb Uells. Ajo \u00ebsht\u00eb duke nd\u00ebrmarr\u00eb k\u00ebrkime par\u00ebsore n\u00eb k\u00ebt\u00eb fush\u00eb t\u00eb pun\u00ebs.<\/p>","protected":false},"excerpt":{"rendered":"<p>Bawso ka nj\u00eb ekip t\u00eb specializuar n\u00eb grante me ekspertiz\u00eb n\u00eb menaxhimin dhe administrimin e granteve nga organet e Mbret\u00ebris\u00eb s\u00eb Bashkuar dhe lokale p\u00ebr grupet e zeza dhe t\u00eb pakicave n\u00eb Uells. Kjo aft\u00ebsi \u00ebsht\u00eb zhvilluar [\u2026]<\/p>","protected":false},"author":1,"featured_media":0,"parent":0,"menu_order":3,"comment_status":"closed","ping_status":"closed","template":"","meta":{"_acf_changed":false,"_seopress_robots_primary_cat":"","_seopress_titles_title":"Bawso | Grants Team","_seopress_titles_desc":"Bawso has a specialist grants team with expertise in managing and administering grants from UK and local bodies to black and minoritised groups in Wales.","_seopress_robots_index":"","footnotes":""},"class_list":["post-1535","page","type-page","status-publish","hentry"],"acf":[],"publishpress_future_action":{"enabled":false,"date":"2026-06-18 11:32:36","action":"category-add","newStatus":"draft","terms":[],"taxonomy":"","extraData":[]},"publishpress_future_workflow_manual_trigger":{"enabledWorkflows":[]},"_links":{"self":[{"href":"https:\/\/bawso.org.uk\/sq\/wp-json\/wp\/v2\/pages\/1535","targetHints":{"allow":["GET"]}}],"collection":[{"href":"https:\/\/bawso.org.uk\/sq\/wp-json\/wp\/v2\/pages"}],"about":[{"href":"https:\/\/bawso.org.uk\/sq\/wp-json\/wp\/v2\/types\/page"}],"author":[{"embeddable":true,"href":"https:\/\/bawso.org.uk\/sq\/wp-json\/wp\/v2\/users\/1"}],"replies":[{"embeddable":true,"href":"https:\/\/bawso.org.uk\/sq\/wp-json\/wp\/v2\/comments?post=1535"}],"version-history":[{"count":3,"href":"https:\/\/bawso.org.uk\/sq\/wp-json\/wp\/v2\/pages\/1535\/revisions"}],"predecessor-version":[{"id":1562,"href":"https:\/\/bawso.org.uk\/sq\/wp-json\/wp\/v2\/pages\/1535\/revisions\/1562"}],"wp:attachment":[{"href":"https:\/\/bawso.org.uk\/sq\/wp-json\/wp\/v2\/media?parent=1535"}],"curies":[{"name":"wp","href":"https:\/\/api.w.org\/{rel}","templated":true}]}}