{"id":77,"date":"2021-11-30T13:46:45","date_gmt":"2021-11-30T13:46:45","guid":{"rendered":"https:\/\/bawso.org.uk\/?page_id=77"},"modified":"2025-11-19T10:26:37","modified_gmt":"2025-11-19T10:26:37","slug":"support-us","status":"publish","type":"page","link":"https:\/\/bawso.org.uk\/sk\/support-us\/","title":{"rendered":"Podpor n\u00e1s"},"content":{"rendered":"<h2 class=\"wp-block-heading\">Darova\u0165<\/h2>\n\n\n\n<p class=\"is-style-text-x-large\">Podporte Bawso prostredn\u00edctvom mesa\u010dn\u00fdch darov a jednorazov\u00fdch dar\u010dekov.<\/p>\n\n\n\n<p class=\"is-style-default\">Va\u0161e dary bud\u00fa znamena\u0165 obrovsk\u00fd rozdiel a umo\u017enia n\u00e1m obhajova\u0165 a poskytova\u0165 \u0161pecializovan\u00e9 slu\u017eby \u010diernym a men\u0161inov\u00fdm obetiam zneu\u017e\u00edvania, n\u00e1silia a vykoris\u0165ovania vo Walese. \u010ci u\u017e si nastav\u00edte mesa\u010dn\u00fd dar alebo jednorazov\u00fd dar, v\u00e1\u0161 dar \u2013 bez oh\u013eadu na to, ako ve\u013emi zmen\u00ed \u017eivoty \u017eien, ktor\u00e9 \u010delia zneu\u017e\u00edvaniu a vykoris\u0165ovaniu vo Walese. Pom\u00f4\u017ee poskytn\u00fa\u0165 \u017een\u00e1m miesto bezpe\u010dia a pr\u00edstre\u0161ia a podporu prisp\u00f4soben\u00fa individu\u00e1lnym potreb\u00e1m.<\/p>\n\n\n\n<div class=\"wp-block-buttons is-layout-flex wp-block-buttons-is-layout-flex\">\n<div class=\"wp-block-button is-style-primary-btn\"><a class=\"wp-block-button__link wp-element-button\" href=\"https:\/\/www.justgiving.com\/bawso\">Pros\u00edm, prispejte e\u0161te dnes<\/a><\/div>\n<\/div>\n\n\n\n<div style=\"height:28px\" aria-hidden=\"true\" class=\"wp-block-spacer\"><\/div>\n\n\n\n<p class=\"is-style-default\">Ak by ste chceli prispie\u0165 v hotovosti, \u0161ekom alebo bankov\u00fdm prevodom, kontaktujte pros\u00edm jedn\u00e9ho z n\u00e1\u0161ho t\u00edmu na <a href=\"tel:02920 644 633\"><strong>02920 644 633<\/strong><\/a> alebo emailom <a href=\"mailto:info@bawso.org.uk\" target=\"_blank\" rel=\"noreferrer noopener\">info@bawso.org.uk<\/a>. \u010eakujem.<\/p>\n\n\n\n<div style=\"height:28px\" aria-hidden=\"true\" class=\"wp-block-spacer\"><\/div>\n\n\n\n<h2 class=\"wp-block-heading\">Sta\u0148te sa \u010dlenom Bawso <\/h2>\n\n\n\n<p>Ro\u010dn\u00e9 \u010dlenstvo v Bawso trv\u00e1 ka\u017ed\u00fd rok od 1. janu\u00e1ra do 31. decembra. Ak sa pripoj\u00edte v polovici roka, poplatok v\u00e1m \u00famerne vy\u00fa\u010dtuje. <\/p>\n\n\n\n<p><strong>V\u00fdhody pre v\u0161etk\u00fdch \u010dlenov: <\/strong><\/p>\n\n\n\n<ul class=\"wp-block-list\">\n<li>Z\u013eava na kurzy Bawso Training<\/li>\n\n\n\n<li>Pr\u00edstup k stretnutiam na zvy\u0161ovanie povedomia o n\u00e1sil\u00ed p\u00e1chanom na \u017een\u00e1ch<\/li>\n\n\n\n<li>E-mailov\u00e9 upozornenia na na\u0161e pracovn\u00e9 miesta, novinky, udalosti a \u0161kolenia<\/li>\n\n\n\n<li>Pr\u00edstup k dobrovo\u013en\u00edkom\/dobrovo\u013en\u00edctvu<\/li>\n\n\n\n<li>\u00da\u010das\u0165 na fundraisingov\u00fdch iniciat\u00edvach<\/li>\n\n\n\n<li>Kampane proti n\u00e1siliu na \u017een\u00e1ch<\/li>\n<\/ul>\n\n\n\n<p><strong>Extra v\u00fdhody pre individu\u00e1lnych priaznivcov: <\/strong><\/p>\n\n\n\n<ul class=\"wp-block-list\">\n<li>Pr\u00edstup ku kapacitn\u00e9mu tr\u00e9ningu<\/li>\n\n\n\n<li>Organizovanie workshopov a rozpr\u00e1vanie na podujatiach<\/li>\n\n\n\n<li>Hlasovacie pr\u00e1vo na na\u0161om VZ<\/li>\n<\/ul>\n\n\n\n<p><strong>Extra v\u00fdhody pre organiz\u00e1cie: <\/strong><\/p>\n\n\n\n<ul class=\"wp-block-list\">\n<li>Bezplatn\u00e1 propag\u00e1cia va\u0161ich vo\u013en\u00fdch pracovn\u00fdch miest<\/li>\n<\/ul>\n\n\n\n<p>Po presk\u00faman\u00ed na\u0161ej \u010dlenskej sch\u00e9my v roku 2018 teraz Bawso pon\u00faka nasleduj\u00facu kateg\u00f3riu \u010dlenstiev:<\/p>\n\n\n\n<div class=\"wp-block-columns alignwide is-layout-flex wp-container-core-columns-is-layout-829b1d53 wp-block-columns-is-layout-flex\" style=\"margin-bottom:0\">\n<div class=\"wp-block-column is-vertically-aligned-top has-brand-seven-background-color has-text-color has-background has-link-color wp-elements-5bea72c41901201a2af98d370fd96f4f is-layout-flow wp-block-column-is-layout-flow\" style=\"color:#000000;padding-top:2em;padding-right:2em;padding-bottom:2em;padding-left:2em\">\n<h2 class=\"wp-block-heading\" id=\"single\" style=\"font-size:25px\"><strong>\u010clensk\u00fd poplatok organiz\u00e1cie<\/strong><\/h2>\n\n\n\n<hr class=\"wp-block-separator has-text-color has-css-opacity has-background is-style-wide\" style=\"background-color:#000000;color:#000000\"\/>\n\n\n\n<div style=\"height:31px\" aria-hidden=\"true\" class=\"wp-block-spacer\"><\/div>\n\n\n\n<div class=\"wp-block-buttons alignfull is-horizontal is-content-justification-center is-layout-flex wp-container-core-buttons-is-layout-499968f5 wp-block-buttons-is-layout-flex\">\n<div class=\"wp-block-button has-custom-width wp-block-button__width-100 is-style-fill\"><a class=\"wp-block-button__link has-white-color has-brand-two-background-color has-text-color has-background has-medium-font-size no-border-radius has-custom-font-size wp-element-button\"><strong>100 \u00a3\/rok<\/strong> (pre organiz\u00e1cie s obratom do 1 mili\u00f3na \u00a3)<\/a><\/div>\n\n\n\n<div class=\"wp-block-button has-custom-width wp-block-button__width-100 is-style-fill\"><a class=\"wp-block-button__link has-white-color has-brand-two-background-color has-text-color has-background has-medium-font-size no-border-radius has-custom-font-size wp-element-button\"><strong>200 \u00a3\/rok<\/strong> (pre organiz\u00e1cie s obratom nad 1 mili\u00f3n \u00a3)<\/a><\/div>\n<\/div>\n\n\n\n<div style=\"height:41px\" aria-hidden=\"true\" class=\"wp-block-spacer\"><\/div>\n\n\n\n<div class=\"wp-block-buttons is-content-justification-right is-layout-flex wp-container-core-buttons-is-layout-765c4724 wp-block-buttons-is-layout-flex\">\n<div class=\"wp-block-button is-style-primary-btn\"><a class=\"wp-block-button__link wp-element-button\" href=\"https:\/\/bawso.org.uk\/sk\/bawso-membership-application-form-for-organisations\/\">Zobrazi\u0165 formul\u00e1r<\/a><\/div>\n<\/div>\n<\/div>\n\n\n\n<div class=\"wp-block-column is-vertically-aligned-top has-brand-seven-background-color has-text-color has-background has-link-color wp-elements-91b7c1bf9238835c2d39eae0154569b1 is-layout-flow wp-block-column-is-layout-flow\" style=\"color:#000000;padding-top:2em;padding-right:2em;padding-bottom:2em;padding-left:2em\">\n<h2 class=\"wp-block-heading\" id=\"family\" style=\"font-size:29px\"><strong>Individu\u00e1lny \u010dlensk\u00fd poplatok<\/strong><\/h2>\n\n\n\n<hr class=\"wp-block-separator has-css-opacity is-style-wide\"\/>\n\n\n\n<div style=\"height:31px\" aria-hidden=\"true\" class=\"wp-block-spacer\"><\/div>\n\n\n\n<div class=\"wp-block-buttons alignfull is-horizontal is-content-justification-center is-layout-flex wp-container-core-buttons-is-layout-499968f5 wp-block-buttons-is-layout-flex\">\n<div class=\"wp-block-button has-custom-width wp-block-button__width-100 is-style-fill\"><a class=\"wp-block-button__link has-white-color has-brand-two-background-color has-text-color has-background has-medium-font-size no-border-radius has-custom-font-size wp-element-button\"><strong>20 \u00a3\/rok<\/strong> (zamestnan\u00fd)<\/a><\/div>\n\n\n\n<div class=\"wp-block-button has-custom-width wp-block-button__width-100 is-style-fill\"><a class=\"wp-block-button__link has-white-color has-brand-two-background-color has-text-color has-background has-medium-font-size no-border-radius has-custom-font-size wp-element-button\"><strong>10 \u00a3\/rok <\/strong>(nezamestnan\u00fd)<\/a><\/div>\n<\/div>\n\n\n\n<div style=\"height:107px\" aria-hidden=\"true\" class=\"wp-block-spacer\"><\/div>\n\n\n\n<div class=\"wp-block-buttons is-content-justification-right is-layout-flex wp-container-core-buttons-is-layout-765c4724 wp-block-buttons-is-layout-flex\">\n<div class=\"wp-block-button is-style-primary-btn\"><a class=\"wp-block-button__link wp-element-button\" href=\"https:\/\/bawso.org.uk\/sk\/bawso-membership-application-form-for-individuals\/\">Zobrazi\u0165 formul\u00e1r<\/a><\/div>\n<\/div>\n<\/div>\n<\/div>\n\n\n\n<details class=\"wp-block-details is-layout-flow wp-block-details-is-layout-flow\"><summary>\u010casov\u00fd r\u00e1mec <\/summary>\n<p>\u010clenstvo v Bawso m\u00f4\u017ee by\u0165 vo v\u0161eobecnosti schv\u00e1len\u00e9 do 5 pracovn\u00fdch dn\u00ed za predpokladu, \u017ee sp\u013a\u0148ate na\u0161e krit\u00e9ri\u00e1 \u010dlenstva a poskytnete v\u0161etky inform\u00e1cie po\u017eadovan\u00e9 v tomto formul\u00e1ri. Zlo\u017eitej\u0161ie \u017eiadosti m\u00f4\u017eu podlieha\u0165 schv\u00e1leniu predstavenstvom Bawso, \u010do m\u00f4\u017ee trva\u0165 a\u017e 3 mesiace (v z\u00e1vislosti od cyklu zasadnut\u00ed). Ak bude va\u0161a \u017eiados\u0165 post\u00fapen\u00e1 spr\u00e1vnej rade, budeme v\u00e1s o tom informova\u0165.<\/p>\n<\/details>\n\n\n\n<details class=\"wp-block-details is-layout-flow wp-block-details-is-layout-flow\"><summary>V\u0161eobecn\u00e9 nariadenie o ochrane \u00fadajov (GDPR)<\/summary>\n<p>S\u00fakromie a bezpe\u010dnos\u0165 jednotlivcov a ich osobn\u00fdch \u00fadajov berieme ve\u013emi v\u00e1\u017ene a prij\u00edmame v\u0161etky primeran\u00e9 opatrenia a prevent\u00edvne opatrenia na ochranu a zabezpe\u010denie osobn\u00fdch \u00fadajov, ktor\u00e9 sprac\u00favame. Na ochranu osobn\u00fdch \u00fadajov pred neopr\u00e1vnen\u00fdm pr\u00edstupom, pozmenen\u00edm a zverejnen\u00edm m\u00e1me zaveden\u00e9 rozsiahle z\u00e1sady a postupy zabezpe\u010denia inform\u00e1ci\u00ed. Bawso m\u00e1 vyhraden\u00e9ho z\u00e1stupcu, na ktor\u00e9ho sa mo\u017eno obr\u00e1ti\u0165 s ak\u00fdmiko\u013evek ot\u00e1zkami, pripomienkami a \u017eiados\u0165ami t\u00fdkaj\u00facimi sa ochrany \u00fadajov info@bawso.org.uk.<\/p>\n<\/details>\n\n\n\n<h2 class=\"wp-block-heading\">Dobrovo\u013en\u00edk<\/h2>\n\n\n\n<p class=\"is-style-default\">Bawso m\u00e1 zaveden\u00fd dobrovo\u013en\u00edcky program, ktor\u00fd poskytuje \u0161kolenie a podporu \u017een\u00e1m a diev\u010dat\u00e1m zo \u017eensk\u00fdch \u010derno\u0161sk\u00fdch a men\u0161inov\u00fdch komun\u00edt vo Walese, ktor\u00e9 chc\u00fa podporova\u0165 aktivity Bawso.<\/p>\n\n\n\n<p class=\"is-style-default\">Dobrovo\u013en\u00edci pracuj\u00fa v ka\u017edej \u010dasti Bawso, od podpory slu\u017eieb starostlivosti o dospel\u00fdch a deti a\u017e po centr\u00e1lne slu\u017eby a administrat\u00edvu a vo v\u0161etk\u00fdch \u010dastiach Walesu.<\/p>\n\n\n\n<p class=\"is-style-default\">Roly dobrovo\u013en\u00edkov s\u00fa zalo\u017een\u00e9 na z\u00e1ujmoch a schopnostiach ka\u017ed\u00e9ho dobrovo\u013en\u00edka.<\/p>\n\n\n\n<p class=\"is-style-default\">Dobrovo\u013en\u00edci Bawso z\u00edskavaj\u00fa zru\u010dnosti a sk\u00fasenosti, ktor\u00e9 v\u00fdznamne prispievaj\u00fa k zabezpe\u010deniu n\u00e1sledn\u00e9ho zamestnania v komunite. Niektor\u00ed dobrovo\u013en\u00edci Bawso absolvuj\u00fa odborn\u00e9 \u0161kolenie a pridaj\u00fa sa k t\u00edmu zamestnancov Bawso.<\/p>\n\n\n\n\n\n<div style=\"height:28px\" aria-hidden=\"true\" class=\"wp-block-spacer\"><\/div>\n\n\n\n<h2 class=\"wp-block-heading\">Z\u00edskajte prostriedky pre Bawso<\/h2>\n\n\n\n<p class=\"is-style-default\">Pom\u00f4\u017eeme v\u00e1m z\u00edska\u0165 finan\u010dn\u00e9 prostriedky pre Bawso organizovan\u00edm va\u0161ej vlastnej akcie \u00fa\u010dasti na podujatiach organizovan\u00fdch Bawso. Sta\u010d\u00ed n\u00e1m zavola\u0165 a my V\u00e1m porad\u00edme a poskytneme materi\u00e1ly.<\/p>\n\n\n\n<div style=\"height:28px\" aria-hidden=\"true\" class=\"wp-block-spacer\"><\/div>\n\n\n\n<h2 class=\"wp-block-heading\">Sta\u0148te sa priate\u013eom Bawso<\/h2>\n\n\n\n<p class=\"is-style-default\">Friends of Bawso je vo\u013en\u00e1 zbierka d\u00f4chodcov a pracuj\u00facich \u0161pecialistov, ktor\u00ed podporuj\u00fa Bawso a poskytuj\u00fa pro-bono konzulta\u010dn\u00e9 slu\u017eby v mnoh\u00fdch oblastiach vr\u00e1tane rozvoja politiky, pl\u00e1novania bud\u00facnosti, marketingu, publicity, \u017eiadost\u00ed o grant, predlo\u017eenia objednan\u00fdch slu\u017eieb, b\u00fdvania, nehnute\u013enost\u00ed a pr\u00e1vneho poradenstva. .<\/p>\n\n\n\n<p class=\"is-style-default\">Priatelia Bawso odpovedaj\u00fa na po\u017eiadavky ACEO a predstavenstva. Individu\u00e1lni \u0161pecialisti Friends of Bawso poskytuj\u00fa poradenstvo a slu\u017eby priamo. Nem\u00e1 \u017eiadny form\u00e1lny \u0161tat\u00fat a nezohr\u00e1va \u017eiadnu \u00falohu v riaden\u00ed alebo riaden\u00ed spolo\u010dnosti Bawso.<\/p>\n\n\n\n<p class=\"is-style-default\">Ak by ste chceli podpori\u0165 spolo\u010dnos\u0165 Bawso t\u00fdmto sp\u00f4sobom, kontaktujte spolo\u010dnos\u0165 Bawso a pode\u013ete sa o svoje odborn\u00e9 znalosti.<\/p>","protected":false},"excerpt":{"rendered":"<p>Podporte organiz\u00e1ciu Bawso prostredn\u00edctvom mesa\u010dn\u00fdch darov a jednorazov\u00fdch darov. Va\u0161e dary bud\u00fa ma\u0165 obrovsk\u00fd v\u00fdznam a umo\u017enia n\u00e1m obhajova\u0165 a poskytova\u0165 \u0161pecializovan\u00e9 slu\u017eby \u010derno\u0161sk\u00fdm a men\u0161inov\u00fdm obetiam [\u2026]<\/p>","protected":false},"author":1,"featured_media":0,"parent":0,"menu_order":13,"comment_status":"closed","ping_status":"closed","template":"","meta":{"_acf_changed":false,"_seopress_robots_primary_cat":"","_seopress_titles_title":"","_seopress_titles_desc":"","_seopress_robots_index":"","footnotes":""},"class_list":["post-77","page","type-page","status-publish","hentry"],"acf":[],"publishpress_future_action":{"enabled":false,"date":"2026-06-17 15:24:12","action":"category-add","newStatus":"draft","terms":[],"taxonomy":"","extraData":[]},"publishpress_future_workflow_manual_trigger":{"enabledWorkflows":[]},"_links":{"self":[{"href":"https:\/\/bawso.org.uk\/sk\/wp-json\/wp\/v2\/pages\/77","targetHints":{"allow":["GET"]}}],"collection":[{"href":"https:\/\/bawso.org.uk\/sk\/wp-json\/wp\/v2\/pages"}],"about":[{"href":"https:\/\/bawso.org.uk\/sk\/wp-json\/wp\/v2\/types\/page"}],"author":[{"embeddable":true,"href":"https:\/\/bawso.org.uk\/sk\/wp-json\/wp\/v2\/users\/1"}],"replies":[{"embeddable":true,"href":"https:\/\/bawso.org.uk\/sk\/wp-json\/wp\/v2\/comments?post=77"}],"version-history":[{"count":70,"href":"https:\/\/bawso.org.uk\/sk\/wp-json\/wp\/v2\/pages\/77\/revisions"}],"predecessor-version":[{"id":4884,"href":"https:\/\/bawso.org.uk\/sk\/wp-json\/wp\/v2\/pages\/77\/revisions\/4884"}],"wp:attachment":[{"href":"https:\/\/bawso.org.uk\/sk\/wp-json\/wp\/v2\/media?parent=77"}],"curies":[{"name":"pracovn\u00fd list","href":"https:\/\/api.w.org\/{rel}","templated":true}]}}