{"id":4797,"date":"2025-08-29T11:35:05","date_gmt":"2025-08-29T10:35:05","guid":{"rendered":"https:\/\/bawso.org.uk\/?page_id=4797"},"modified":"2025-09-16T10:37:43","modified_gmt":"2025-09-16T09:37:43","slug":"bawso-service-user-engagement-july-2025","status":"publish","type":"page","link":"https:\/\/bawso.org.uk\/sk\/bawso-service-user-engagement-july-2025\/","title":{"rendered":"Zapojenie pou\u017e\u00edvate\u013eov slu\u017eby Bawso \u2013 j\u00fal 2025\u00a0"},"content":{"rendered":"<p>V spolo\u010dnosti Bawso ver\u00edme, \u017ee zmyslupln\u00fa a udr\u017eate\u013en\u00fa zmenu mo\u017eno dosiahnu\u0165 len vtedy, ke\u010f s\u00fa jednotlivci s osobn\u00fdmi sk\u00fasenos\u0165ami opr\u00e1vnen\u00ed formova\u0165 a vies\u0165 slu\u017eby ur\u010den\u00e9 na ich podporu. \u00dastredn\u00fdm prvkom n\u00e1\u0161ho pr\u00edstupu je akt\u00edvne zapojenie s\u00fa\u010dasn\u00fdch a b\u00fdval\u00fdch pou\u017e\u00edvate\u013eov slu\u017eieb na v\u0161etk\u00fdch \u00farovniach na\u0161ej pr\u00e1ce. Poskytujeme priebe\u017en\u00e9 \u0161kolenia, budovanie kapac\u00edt a pr\u00edle\u017eitosti na vedenie pre t\u00fdch, ktor\u00ed chc\u00fa prispie\u0165 k n\u00e1\u0161mu poslaniu a \u0161ir\u0161iemu hnutiu za zmenu.&nbsp;<\/p>\n\n\n\n<p>N\u00e1\u0161 z\u00e1v\u00e4zok za\u010dle\u0148ova\u0165 osobn\u00e9 sk\u00fasenosti sa odr\u00e1\u017ea \u0161truktur\u00e1lne aj strategicky v celej organiz\u00e1cii. Predsedom predstavenstva spolo\u010dnosti Bawso je b\u00fdval\u00fd pou\u017e\u00edvate\u013e slu\u017eieb a obete s\u00fa zapojen\u00e9 do procesov n\u00e1boru na\u0161ich zamestnancov. Mnoh\u00e9 z na\u0161ich projektov zah\u0155\u0148aj\u00fa priame vstupy od jednotlivcov s osobn\u00fdmi sk\u00fasenos\u0165ami, \u010d\u00edm sa zabezpe\u010duje, \u017ee slu\u017eby s\u00fa navrhnut\u00e9 a poskytovan\u00e9 sp\u00f4sobom, ktor\u00fd je efekt\u00edvny a z\u00e1rove\u0148 posil\u0148uj\u00faci.&nbsp;<\/p>\n\n\n\n<p><strong>Medzi k\u013e\u00fa\u010dov\u00e9 pr\u00edklady zapojenia pou\u017e\u00edvate\u013eov slu\u017eieb patria:<\/strong>&nbsp;<\/p>\n\n\n\n<p><strong>1. Strat\u00e9gia waleskej vl\u00e1dy VAWDASV (2022 \u2013 2026)<\/strong>&nbsp;<\/p>\n\n\n\n<div class=\"wp-block-media-text is-stacked-on-mobile\" style=\"grid-template-columns:30% auto\"><figure class=\"wp-block-media-text__media\"><img loading=\"lazy\" decoding=\"async\" width=\"1024\" height=\"576\" src=\"https:\/\/bawso.org.uk\/wp-content\/uploads\/2025\/08\/Welsh-Governments-VAWDASV-Strategy-2022\u20132026-1024x576.png\" alt=\"\" class=\"wp-image-4767 size-full\" srcset=\"https:\/\/bawso.org.uk\/wp-content\/uploads\/2025\/08\/Welsh-Governments-VAWDASV-Strategy-2022\u20132026-1024x576.png 1024w, https:\/\/bawso.org.uk\/wp-content\/uploads\/2025\/08\/Welsh-Governments-VAWDASV-Strategy-2022\u20132026-300x169.png 300w, https:\/\/bawso.org.uk\/wp-content\/uploads\/2025\/08\/Welsh-Governments-VAWDASV-Strategy-2022\u20132026-768x432.png 768w, https:\/\/bawso.org.uk\/wp-content\/uploads\/2025\/08\/Welsh-Governments-VAWDASV-Strategy-2022\u20132026-1536x864.png 1536w, https:\/\/bawso.org.uk\/wp-content\/uploads\/2025\/08\/Welsh-Governments-VAWDASV-Strategy-2022\u20132026-18x10.png 18w, https:\/\/bawso.org.uk\/wp-content\/uploads\/2025\/08\/Welsh-Governments-VAWDASV-Strategy-2022\u20132026.png 1920w\" sizes=\"auto, (max-width: 1024px) 100vw, 1024px\" \/><\/figure><div class=\"wp-block-media-text__content\">\n<p>Spolo\u010dnos\u0165 Bawso akt\u00edvne prispieva k implement\u00e1cii strat\u00e9gie waleskej vl\u00e1dy pre boj proti n\u00e1siliu p\u00e1chan\u00e9mu na \u017een\u00e1ch, dom\u00e1cemu n\u00e1siliu a sexu\u00e1lnemu n\u00e1siliu (VAWDASV). T\u00e1to n\u00e1rodn\u00e1 strat\u00e9gia prij\u00edma celosyst\u00e9mov\u00fd pr\u00edstup a sp\u00e1ja zainteresovan\u00e9 strany z oblasti pol\u00edcie, s\u00fadnictva, zdravotn\u00edctva, vzdel\u00e1vania, soci\u00e1lnych slu\u017eieb, akademickej obce, charitat\u00edvnych organiz\u00e1ci\u00ed a komun\u00edt. Dvaja b\u00fdval\u00ed pou\u017e\u00edvatelia slu\u017eieb spolo\u010dnosti Bawso v s\u00fa\u010dasnosti p\u00f4sobia v kontrolnom paneli waleskej vl\u00e1dy pre pozostal\u00fdch\/obete. Ich osobn\u00e9 sk\u00fasenosti poskytuj\u00fa kritick\u00fd poh\u013ead na rozvoj polit\u00edk a \u00fasilie o zlep\u0161enie s cie\u013eom lep\u0161ie uspokoji\u0165 potreby pozostal\u00fdch.&nbsp;<\/p>\n<\/div><\/div>\n\n\n\n<p><strong>2. Zapojenie pou\u017e\u00edvate\u013eov slu\u017eieb do \u010dinnosti pol\u00edcie a komis\u00e1ra pre kriminalitu v ju\u017enom Walese (SWPCC)<\/strong>&nbsp;<\/p>\n\n\n\n<div class=\"wp-block-media-text has-media-on-the-right is-stacked-on-mobile is-vertically-aligned-center\" style=\"grid-template-columns:auto 27%\"><div class=\"wp-block-media-text__content\">\n<p>Bawso umo\u017e\u0148uje pravideln\u00e9 stretnutia medzi obe\u0165ami n\u00e1silia a z\u00e1stupcami pol\u00edcie Ju\u017en\u00e9ho Walesu. Tieto stretnutia poskytuj\u00fa obetiam platformu na zdie\u013eanie sk\u00fasenost\u00ed, v\u00fdziev a sp\u00e4tnej v\u00e4zby t\u00fdkaj\u00facich sa policajnej podpory od prv\u00e9ho kontaktu a\u017e po s\u00fadne konanie alebo do bodu, ke\u010f je obe\u0165 so slu\u017ebou spokojn\u00e1 a ukon\u010d\u00ed na\u0161u podporu. Dial\u00f3g umo\u017e\u0148uje pol\u00edcii u\u010denie sa v re\u00e1lnom \u010dase a priamo prispieva k rozvoju responz\u00edvnej\u0161\u00edch a na obete zameran\u00fdch policajn\u00fdch polit\u00edk a postupov.&nbsp;<\/p>\n<\/div><figure class=\"wp-block-media-text__media\"><img loading=\"lazy\" decoding=\"async\" width=\"1024\" height=\"1024\" src=\"https:\/\/bawso.org.uk\/wp-content\/uploads\/2025\/08\/WhatsApp-Image-2025-08-19-at-11.47.28_19f4de11-edited-1024x1024.jpg\" alt=\"\" class=\"wp-image-4771 size-full\" srcset=\"https:\/\/bawso.org.uk\/wp-content\/uploads\/2025\/08\/WhatsApp-Image-2025-08-19-at-11.47.28_19f4de11-edited-1024x1024.jpg 1024w, https:\/\/bawso.org.uk\/wp-content\/uploads\/2025\/08\/WhatsApp-Image-2025-08-19-at-11.47.28_19f4de11-edited-300x300.jpg 300w, https:\/\/bawso.org.uk\/wp-content\/uploads\/2025\/08\/WhatsApp-Image-2025-08-19-at-11.47.28_19f4de11-edited-150x150.jpg 150w, https:\/\/bawso.org.uk\/wp-content\/uploads\/2025\/08\/WhatsApp-Image-2025-08-19-at-11.47.28_19f4de11-edited-768x768.jpg 768w, https:\/\/bawso.org.uk\/wp-content\/uploads\/2025\/08\/WhatsApp-Image-2025-08-19-at-11.47.28_19f4de11-edited-12x12.jpg 12w, https:\/\/bawso.org.uk\/wp-content\/uploads\/2025\/08\/WhatsApp-Image-2025-08-19-at-11.47.28_19f4de11-edited-250x250.jpg 250w, https:\/\/bawso.org.uk\/wp-content\/uploads\/2025\/08\/WhatsApp-Image-2025-08-19-at-11.47.28_19f4de11-edited.jpg 1200w\" sizes=\"auto, (max-width: 1024px) 100vw, 1024px\" \/><\/figure><\/div>\n\n\n\n<p><strong>3. \u201ePo\u010d\u00favanie je ve\u013ek\u00fd krok\u201c \u2013 Spolo\u010dn\u00fd v\u00fdvoj multiagent\u00farneho r\u00e1mca<\/strong>&nbsp;<br>Tento dvojro\u010dn\u00fd v\u00fdskumn\u00fd projekt, financovan\u00fd organiz\u00e1ciou Health and Care Research Wales a realizovan\u00fd v spolupr\u00e1ci s University of South Wales, vznikol z n\u00e1padov a prior\u00edt identifikovan\u00fdch pou\u017e\u00edvate\u013emi slu\u017eieb. Dvaja b\u00fdval\u00ed pou\u017e\u00edvatelia slu\u017eieb s\u00fa zamestnan\u00ed ako v\u00fdskumn\u00edci, zatia\u013e \u010do dev\u00e4\u0165 s\u00fa\u010dasn\u00fdch a b\u00fdval\u00fdch pou\u017e\u00edvate\u013eov slu\u017eieb je \u010dlenmi poradn\u00e9ho panelu projektu. Panel zah\u0155\u0148a aj z\u00e1stupcov pol\u00edcie, zdravotn\u00edctva, soci\u00e1lnej starostlivosti a poradensk\u00fdch a podporn\u00fdch slu\u017eieb s\u00fadov pre deti a rodinu (CAFCASS). Spolo\u010dne pracuj\u00fa na spolo\u010dnom v\u00fdvoji multiagent\u00farneho r\u00e1mca zameran\u00e9ho na zlep\u0161enie reakci\u00ed na n\u00e1silie p\u00e1chan\u00e9 na \u017een\u00e1ch, dom\u00e1ce n\u00e1silie a sexu\u00e1lne n\u00e1silie (VAWDASV), ktor\u00e9 za\u017e\u00edvaj\u00fa \u017eeny z \u010derno\u0161sk\u00fdch a men\u0161inov\u00fdch etn\u00edk (BME) vo Walese. V\u00fdsledn\u00fd r\u00e1mec poskytne agent\u00faram praktick\u00e9 usmernenie pre efekt\u00edvnej\u0161iu spolupr\u00e1cu pri podpore obet\u00ed BME.&nbsp;<\/p>\n\n\n\n<div style=\"height:35px\" aria-hidden=\"true\" class=\"wp-block-spacer\"><\/div>\n\n\n\n<p><strong>4. Spolupr\u00e1ca s Cardiffskou univerzitou v oblasti v\u00fdskumu a polit\u00edk<\/strong>&nbsp;<\/p>\n\n\n\n<p>Spolo\u010dnos\u0165 Bawso sa zap\u00e1ja do nieko\u013ek\u00fdch prebiehaj\u00facich v\u00fdskumn\u00fdch partnerstiev s Cardiffskou univerzitou zameran\u00fdch na dom\u00e1ce n\u00e1silie a presadzovanie polit\u00edk. Tieto spolupr\u00e1ce vych\u00e1dzaj\u00fa z hlasov pou\u017e\u00edvate\u013eov slu\u017eieb a ich cie\u013eom je ovplyvni\u0165 politiku a prax na miestnej aj n\u00e1rodnej \u00farovni.&nbsp;<\/p>\n\n\n\n<div style=\"height:35px\" aria-hidden=\"true\" class=\"wp-block-spacer\"><\/div>\n\n\n\n<p>Prostredn\u00edctvom t\u00fdchto a \u010fal\u0161\u00edch iniciat\u00edv spolo\u010dnos\u0165 Bawso preukazuje hlbok\u00fd a trval\u00fd z\u00e1v\u00e4zok zoh\u013ead\u0148ova\u0165 hlas obet\u00ed pri navrhovan\u00ed, poskytovan\u00ed a hodnoten\u00ed slu\u017eieb. Zabezpe\u010den\u00edm toho, aby t\u00ed, ktor\u00ed maj\u00fa osobn\u00e9 sk\u00fasenosti, boli nielen vypo\u010dut\u00ed, ale aby akt\u00edvne formovali syst\u00e9my a rie\u0161enia, podporujeme zmenu.<\/p>","protected":false},"excerpt":{"rendered":"<p>At Bawso, we believe that meaningful and sustainable change can only be achieved when individuals with lived experience are empowered to shape and lead the services designed to support them. [&hellip;]<\/p>\n","protected":false},"author":6,"featured_media":0,"parent":0,"menu_order":0,"comment_status":"closed","ping_status":"closed","template":"","meta":{"_acf_changed":false,"_seopress_robots_primary_cat":"","_seopress_titles_title":"","_seopress_titles_desc":"","_seopress_robots_index":"","footnotes":""},"class_list":["post-4797","page","type-page","status-publish","hentry"],"acf":[],"publishpress_future_action":{"enabled":false,"date":"2026-06-27 14:29:00","action":"category-add","newStatus":"draft","terms":[],"taxonomy":"","extraData":[]},"publishpress_future_workflow_manual_trigger":{"enabledWorkflows":[]},"_links":{"self":[{"href":"https:\/\/bawso.org.uk\/sk\/wp-json\/wp\/v2\/pages\/4797","targetHints":{"allow":["GET"]}}],"collection":[{"href":"https:\/\/bawso.org.uk\/sk\/wp-json\/wp\/v2\/pages"}],"about":[{"href":"https:\/\/bawso.org.uk\/sk\/wp-json\/wp\/v2\/types\/page"}],"author":[{"embeddable":true,"href":"https:\/\/bawso.org.uk\/sk\/wp-json\/wp\/v2\/users\/6"}],"replies":[{"embeddable":true,"href":"https:\/\/bawso.org.uk\/sk\/wp-json\/wp\/v2\/comments?post=4797"}],"version-history":[{"count":2,"href":"https:\/\/bawso.org.uk\/sk\/wp-json\/wp\/v2\/pages\/4797\/revisions"}],"predecessor-version":[{"id":4809,"href":"https:\/\/bawso.org.uk\/sk\/wp-json\/wp\/v2\/pages\/4797\/revisions\/4809"}],"wp:attachment":[{"href":"https:\/\/bawso.org.uk\/sk\/wp-json\/wp\/v2\/media?parent=4797"}],"curies":[{"name":"pracovn\u00fd list","href":"https:\/\/api.w.org\/{rel}","templated":true}]}}