{"id":4657,"date":"2025-07-24T11:35:56","date_gmt":"2025-07-24T10:35:56","guid":{"rendered":"https:\/\/bawso.org.uk\/?page_id=4657"},"modified":"2025-08-06T11:37:38","modified_gmt":"2025-08-06T10:37:38","slug":"bawso-reclaim-project","status":"publish","type":"page","link":"https:\/\/bawso.org.uk\/sk\/bawso-reclaim-project\/","title":{"rendered":"Projekt rekultiv\u00e1cie Bawso"},"content":{"rendered":"<p>Obete dom\u00e1ceho n\u00e1silia \u010dasto nesmierne trpia probl\u00e9mami s du\u0161evn\u00fdm zdrav\u00edm, ktor\u00e9 s\u00fa e\u0161te zhor\u0161en\u00e9 ich p\u00f4vodom, kult\u00farou a syst\u00e9mom viery. V mnoh\u00fdch komunit\u00e1ch, najm\u00e4 medzi skupinami BME, s\u00fa probl\u00e9my s du\u0161evn\u00fdm zdrav\u00edm silne stigmatizovan\u00e9, \u010do obetiam e\u0161te viac s\u0165a\u017euje vyh\u013ead\u00e1vanie a z\u00edskanie potrebnej podpory.&nbsp;<\/p>\n\n\n\n<p>V Spojenom kr\u00e1\u013eovstve, a najm\u00e4 vo Walese, existuje mno\u017estvo prek\u00e1\u017eok, ktor\u00e9 br\u00e1nia pou\u017e\u00edvate\u013eom slu\u017eieb, najm\u00e4 t\u00fdm, ktor\u00ed nemaj\u00fa pr\u00edstup k verejn\u00fdm finan\u010dn\u00fdm prostriedkom, v pr\u00edstupe k primeranej podpore v oblasti du\u0161evn\u00e9ho zdravia. Mnoh\u00ed z na\u0161ich pou\u017e\u00edvate\u013eov slu\u017eieb BME si nem\u00f4\u017eu dovoli\u0165 s\u00fakromn\u00e9 poradenstvo a po zatvoren\u00ed nieko\u013ek\u00fdch charitat\u00edvnych organiz\u00e1ci\u00ed zameran\u00fdch na du\u0161evn\u00e9 zdravie vo Walese sa situ\u00e1cia e\u0161te zhor\u0161ila. V s\u00fa\u010dasnosti sa \u010dakacie doby na poradensk\u00e9 slu\u017eby pohybuj\u00fa od jedn\u00e9ho roka do roka a pol, po\u010das ktor\u00fdch mnoh\u00ed z na\u0161ich pou\u017e\u00edvate\u013eov slu\u017eieb poci\u0165uj\u00fa \u010fal\u0161ie zhor\u0161enie svojho du\u0161evn\u00e9ho zdravia.&nbsp;<\/p>\n\n\n\n<p>V spolo\u010dnosti Bawso sa zav\u00e4zujeme h\u013eada\u0165 inovat\u00edvne sp\u00f4soby, ako podporova\u0165 pou\u017e\u00edvate\u013eov na\u0161ich slu\u017eieb, k\u00fdm \u010dakaj\u00fa na odborn\u00fa pomoc. Jednou z tak\u00fdchto iniciat\u00edv je <strong>Reclaim Terapeutick\u00e9 sedenia<\/strong> holistick\u00fd umeleck\u00fd projekt, ktor\u00fd predstavil kolega. Tento projekt umo\u017e\u0148uje klientom vyu\u017e\u00edva\u0165 kreat\u00edvne vyjadrovanie ako prostriedok na spracovanie pocitov, upokojenie mysle a riadenie du\u0161evn\u00e9ho zdravia.&nbsp;<\/p>\n\n\n\n<p>Prostredn\u00edctvom umenia maj\u00fa klienti mo\u017enos\u0165 neverb\u00e1lne vyjadri\u0165 svoje em\u00f3cie, \u010do podporuje uzdravenie a odolnos\u0165. Okrem toho existuje mo\u017enos\u0165 vystavova\u0165 alebo pred\u00e1va\u0165 ich umeleck\u00e9 diela, pri\u010dom v\u00fd\u0165a\u017eok z predaja podpor\u00ed projekt NRPF, ktor\u00fd pon\u00faka terapeutick\u00e9 aj praktick\u00e9 v\u00fdhody.&nbsp;<\/p>\n\n\n\n<p>Ver\u00edme, \u017ee projekt Reclaim m\u00e1 potenci\u00e1l pozit\u00edvne ovplyvni\u0165 \u0161irok\u00fa \u0161k\u00e1lu na\u0161ich pou\u017e\u00edvate\u013eov slu\u017eieb, pom\u00f4c\u0165 im znovu z\u00edska\u0165 svoj hlas, zvl\u00e1dnu\u0165 svoju du\u0161evn\u00fa pohodu a posun\u00fa\u0165 sa vpred s d\u00f4stojnos\u0165ou a n\u00e1dejou.&nbsp;<\/p>\n\n\n\n<div class=\"wp-block-media-text is-stacked-on-mobile\"><figure class=\"wp-block-media-text__media\"><img loading=\"lazy\" decoding=\"async\" width=\"768\" height=\"1024\" src=\"https:\/\/bawso.org.uk\/wp-content\/uploads\/2025\/08\/Cardiff-Half-Marathon-Group-Picture-2024-1-768x1024.jpg\" alt=\"\" class=\"wp-image-4701 size-full\" srcset=\"https:\/\/bawso.org.uk\/wp-content\/uploads\/2025\/08\/Cardiff-Half-Marathon-Group-Picture-2024-1-768x1024.jpg 768w, https:\/\/bawso.org.uk\/wp-content\/uploads\/2025\/08\/Cardiff-Half-Marathon-Group-Picture-2024-1-225x300.jpg 225w, https:\/\/bawso.org.uk\/wp-content\/uploads\/2025\/08\/Cardiff-Half-Marathon-Group-Picture-2024-1-1152x1536.jpg 1152w, https:\/\/bawso.org.uk\/wp-content\/uploads\/2025\/08\/Cardiff-Half-Marathon-Group-Picture-2024-1-9x12.jpg 9w, https:\/\/bawso.org.uk\/wp-content\/uploads\/2025\/08\/Cardiff-Half-Marathon-Group-Picture-2024-1.jpg 1536w\" sizes=\"auto, (max-width: 768px) 100vw, 768px\" \/><\/figure><div class=\"wp-block-media-text__content\">\n<p>Tento rok, na polmarat\u00f3ne v Cardiffe 2025, na\u0161i be\u017eci zbieraj\u00fa finan\u010dn\u00e9 prostriedky na tento projekt. Pozrite sa, ako sa im dar\u00ed, a podporte ich darom alebo zdie\u013ean\u00edm!<\/p>\n\n\n\n<div class=\"wp-block-buttons is-layout-flex wp-block-buttons-is-layout-flex\">\n<div class=\"wp-block-button\"><a class=\"wp-block-button__link wp-element-button\" href=\"https:\/\/www.justgiving.com\/campaign\/teambawso-chm-2025\">Prispejte tu! <\/a><\/div>\n<\/div>\n<\/div><\/div>\n\n\n\n<p><\/p>","protected":false},"excerpt":{"rendered":"<p>Obete dom\u00e1ceho n\u00e1silia \u010dasto trpia nesmiernymi probl\u00e9mami s du\u0161evn\u00fdm zdrav\u00edm, ktor\u00e9 s\u00fa e\u0161te zhor\u0161en\u00e9 ich p\u00f4vodom, kult\u00farou a syst\u00e9mom viery. V mnoh\u00fdch komunit\u00e1ch, najm\u00e4 medzi skupinami BME, du\u0161evn\u00e9 [\u2026]<\/p>","protected":false},"author":6,"featured_media":0,"parent":0,"menu_order":0,"comment_status":"closed","ping_status":"closed","template":"","meta":{"_acf_changed":false,"_seopress_robots_primary_cat":"","_seopress_titles_title":"","_seopress_titles_desc":"","_seopress_robots_index":"","footnotes":""},"class_list":["post-4657","page","type-page","status-publish","hentry"],"acf":[],"publishpress_future_action":{"enabled":false,"date":"2026-06-16 06:28:12","action":"category-add","newStatus":"draft","terms":[],"taxonomy":"","extraData":[]},"publishpress_future_workflow_manual_trigger":{"enabledWorkflows":[]},"_links":{"self":[{"href":"https:\/\/bawso.org.uk\/sk\/wp-json\/wp\/v2\/pages\/4657","targetHints":{"allow":["GET"]}}],"collection":[{"href":"https:\/\/bawso.org.uk\/sk\/wp-json\/wp\/v2\/pages"}],"about":[{"href":"https:\/\/bawso.org.uk\/sk\/wp-json\/wp\/v2\/types\/page"}],"author":[{"embeddable":true,"href":"https:\/\/bawso.org.uk\/sk\/wp-json\/wp\/v2\/users\/6"}],"replies":[{"embeddable":true,"href":"https:\/\/bawso.org.uk\/sk\/wp-json\/wp\/v2\/comments?post=4657"}],"version-history":[{"count":2,"href":"https:\/\/bawso.org.uk\/sk\/wp-json\/wp\/v2\/pages\/4657\/revisions"}],"predecessor-version":[{"id":4702,"href":"https:\/\/bawso.org.uk\/sk\/wp-json\/wp\/v2\/pages\/4657\/revisions\/4702"}],"wp:attachment":[{"href":"https:\/\/bawso.org.uk\/sk\/wp-json\/wp\/v2\/media?parent=4657"}],"curies":[{"name":"pracovn\u00fd list","href":"https:\/\/api.w.org\/{rel}","templated":true}]}}