{"id":457,"date":"2022-03-16T12:14:41","date_gmt":"2022-03-16T12:14:41","guid":{"rendered":"https:\/\/bawso.org.uk\/?page_id=457"},"modified":"2026-04-10T10:15:39","modified_gmt":"2026-04-10T09:15:39","slug":"vacancies","status":"publish","type":"page","link":"https:\/\/bawso.org.uk\/sk\/vacancies\/","title":{"rendered":"Pr\u00e1ca"},"content":{"rendered":"<h2 class=\"wp-block-heading has-brand-two-color has-text-color\" id=\"good-news-we-re-hiring\"><strong>H\u013ead\u00e1te nov\u00fa pr\u00e1cu, ktor\u00e1 v\u00e1s nap\u013a\u0148a? Potom pr\u00ed\u010fte a pridajte sa k n\u00e1m.<\/strong><\/h2>\n\n\n\n<p class=\"is-style-text-x-large\"><strong>Na\u0161\u00edm poslan\u00edm je by\u0165 popredn\u00fdm poskytovate\u013eom a z\u00e1stancom \u0161pecializovan\u00fdch slu\u017eieb pre BME komunity postihnut\u00e9 zneu\u017e\u00edvan\u00edm, n\u00e1sil\u00edm a vykoris\u0165ovan\u00edm. <\/strong><\/p>\n\n\n\n<p class=\"is-style-default\">Aby sme to dosiahli, potrebujeme t\u00fdch najlep\u0161\u00edch, najtalentovanej\u0161\u00edch a nad\u0161en\u00fdch anga\u017eovan\u00fdch \u013eud\u00ed so \u0161irok\u00fdm spektrom zru\u010dnost\u00ed, ktor\u00ed sa pridaj\u00fa k na\u0161im t\u00edmom; od pracovn\u00edkov \u017eensk\u00e9ho domu, dom\u00e1ceho n\u00e1silia, obchodovania s \u013eu\u010fmi a mana\u017e\u00e9rov slu\u017eieb zalo\u017een\u00fdch na rodovej pr\u00edslu\u0161nosti a nez\u00e1visl\u00fdch obhajcov dom\u00e1ceho n\u00e1silia a\u017e po odborn\u00edkov v oblasti fundraisingu, rozvoja, financi\u00ed a \u013eudsk\u00fdch zdrojov.<\/p>\n\n\n\n<h2 class=\"wp-block-heading has-brand-two-color has-text-color\"><strong>Dobr\u00e1 spr\u00e1va \u2013 prij\u00edmame zamestnancov!<\/strong><\/h2>\n\n\n\n<p>Ak ver\u00edte v na\u0161u v\u00edziu bud\u00facnosti, ke\u010f v\u0161etci \u013eudia vo Walese nebud\u00fa vystaven\u00ed zneu\u017e\u00edvaniu, n\u00e1siliu a vykoris\u0165ovaniu, chceme od v\u00e1s po\u010du\u0165.<\/p>\n\n\n\n<div style=\"height:31px\" aria-hidden=\"true\" class=\"wp-block-spacer\"><\/div>\n\n\n\n<div class=\"wp-block-buttons is-layout-flex wp-block-buttons-is-layout-flex\">\n<div class=\"wp-block-button has-custom-width wp-block-button__width-50 is-style-primary-btn\"><a class=\"wp-block-button__link wp-element-button\" href=\"https:\/\/bawso.ciphr-irecruit.com\/Applicants\/vacancy\">KLIKNITE SEM PRE POZRITE SI NA\u0160E AKTU\u00c1LNE VO\u013dN\u00c9 PRACOVN\u00c9 MIESTA<\/a><\/div>\n<\/div>\n\n\n\n<div style=\"height:36px\" aria-hidden=\"true\" class=\"wp-block-spacer\"><\/div>\n\n\n\n<h2 class=\"wp-block-heading is-style-h2\">Va\u0161e odmeny a v\u00fdhody:<\/h2>\n\n\n\n<ul class=\"wp-block-list\">\n<li>30 dn\u00ed ro\u010dnej dovolenky (zv\u00fd\u0161enie na 35 po 5 rokoch slu\u017eby) PLUS \u0161t\u00e1tne a \u0161t\u00e1tne sviatky.<\/li>\n\n\n\n<li>Syst\u00e9m nemocensk\u00fdch d\u00e1vok spolo\u010dnosti.<\/li>\n\n\n\n<li>D\u00f4chodkov\u00fd syst\u00e9m na pracovisku.<\/li>\n\n\n\n<li>Zv\u00fd\u0161en\u00e9 matersk\u00e9, adop\u010dn\u00e9 a otcovsk\u00e9.<\/li>\n\n\n\n<li>Program pomoci zamestnancom.<\/li>\n\n\n\n<li>\u017divotn\u00e9 poistenie (d\u00e1vka pri \u00famrt\u00ed).<\/li>\n\n\n\n<li>Skvel\u00e9 mo\u017enosti vzdel\u00e1vania a rozvoja.<\/li>\n\n\n\n<li>Mo\u017enosti rovnov\u00e1hy medzi pracovn\u00fdm a s\u00fakromn\u00fdm \u017eivotom m\u00f4\u017eu zah\u0155\u0148a\u0165 flexibiln\u00fd \u00fav\u00e4zok, zdie\u013eanie pracovn\u00e9ho miesta, pr\u00e1cu z domu, \u010diasto\u010dn\u00fd \u00fav\u00e4zok.<\/li>\n\n\n\n<li>Modern\u00e1 kancel\u00e1ria s v\u00fdh\u013eadom na n\u00e1bre\u017eie Cardiffsk\u00e9ho z\u00e1livu, 5 min\u00fat ch\u00f4dze od \u017eelezni\u010dnej stanice.<\/li>\n<\/ul>\n\n\n\n<p><\/p>\n\n\n\n<h2 class=\"wp-block-heading has-brand-two-color has-text-color\" id=\"what-makes-bawso-different\"><strong>V \u010dom je Bawso in\u00fd?<\/strong><\/h2>\n\n\n\n<p>Bawso je organiz\u00e1cia veden\u00e1 BME, ktor\u00e1 u\u017e viac ako 25 rokov poskytuje praktick\u00fa a emocion\u00e1lnu podporu BME obetiam dom\u00e1ceho zneu\u017e\u00edvania, sexu\u00e1lneho n\u00e1silia, obchodovania s \u013eu\u010fmi, mrza\u010denia \u017eensk\u00fdch pohlavn\u00fdch org\u00e1nov a n\u00faten\u00fdch sob\u00e1\u0161ov. Na\u0161e programy prispievaj\u00fa k prevencii n\u00e1silia p\u00e1chan\u00e9ho na \u017een\u00e1ch. Ka\u017ed\u00fd rok sme prostredn\u00edctvom na\u0161ich slu\u017eieb ochrany a podpory podporili viac ako 6 000 dospel\u00fdch a det\u00ed a vyvinuli sme iniciat\u00edvy na boj proti op\u00e4tovnej viktimiz\u00e1cii. M\u00e1me nepretr\u017eit\u00fa \u00falohu z\u00edskava\u0165 finan\u010dn\u00e9 prostriedky, aby sme udr\u017eali na\u0161e \u0161pecializovan\u00e9 poskytovanie kr\u00edzov\u00fdch slu\u017eieb pre komunity otvoren\u00e9.<\/p>\n\n\n\n<p>V Bawso zabezpe\u010dujeme, aby bol hlas pozostal\u00e9ho s\u00fa\u010das\u0165ou na\u0161ich aktiv\u00edt a slu\u017eieb, ktor\u00e9 poskytujeme. Pou\u017e\u00edvatelia na\u0161ich slu\u017eieb s\u00fa plne zapojen\u00ed do v\u0161etk\u00fdch aspektov \u017eivota spolo\u010dnosti Bawso. Napr\u00edklad, ak je niekto ubytovan\u00fd v \u017eenskom dome, dostane \u00falohu pri jeho prev\u00e1dzke a podpore ostatn\u00fdch obyvate\u013eov. \u010ealej sa s nimi konzultuje v\u00fdvoj slu\u017eieb. Niektor\u00ed z t\u00fdch, ktor\u00ed pre\u017eili, sl\u00fa\u017eia ako \u010dlenovia n\u00e1borovej komisie, dobrovo\u013en\u00edci alebo platen\u00ed zamestnanci, zatia\u013e \u010do in\u00ed sedia v spr\u00e1vnej rade potom, \u010do od\u00eddu zo slu\u017eby Bawso.<\/p>\n\n\n\n<h2 class=\"wp-block-heading has-brand-two-color has-text-color\" id=\"our-placement-opportunities\"><strong>Na\u0161e mo\u017enosti umiestnenia&nbsp;<\/strong><\/h2>\n\n\n\n<p>\u0160tudentom druh\u00e9ho a tretieho ro\u010dn\u00edka vysok\u00fdch \u0161k\u00f4l pon\u00fakame neplaten\u00e9 st\u00e1\u017ee.<\/p>\n\n\n\n<p>V\u00edtame prihl\u00e1\u0161ky zo v\u0161etk\u00fdch \u010dast\u00ed komunity, ktorej sl\u00fa\u017eime, a uzn\u00e1vame hodnotu, ktor\u00fa rozmanitos\u0165 prid\u00e1va k na\u0161ej pr\u00e1ci a organiz\u00e1cii.<\/p>\n\n\n\n<div style=\"height:68px\" aria-hidden=\"true\" class=\"wp-block-spacer\"><\/div>\n\n\n\n<p>Ak m\u00e1te nejak\u00e9 ot\u00e1zky, m\u00f4\u017eete sa obr\u00e1ti\u0165 na n\u00e1\u0161 n\u00e1borov\u00fd t\u00edm na adrese&nbsp;<a href=\"mailto:recruitment@bawso.org.uk\">recruitment@bawso.org.uk<\/a><\/p>\n\n\n\n<p><\/p>\n\n\n\n<p><\/p>","protected":false},"excerpt":{"rendered":"<p>Looking for a fulfilling new job? Then come and join us. Our mission is to be the leading provider and advocate for specialist services for BME communities affected by abuse, [&hellip;]<\/p>\n","protected":false},"author":1,"featured_media":0,"parent":0,"menu_order":11,"comment_status":"closed","ping_status":"closed","template":"","meta":{"_acf_changed":false,"_seopress_robots_primary_cat":"","_seopress_titles_title":"Bawso | Job Vacancies","_seopress_titles_desc":"Join the Bawso Team. If you believe in our vision of a future when all people in Wales are free from abuse, violence and exploitation, we want to hear from you.","_seopress_robots_index":"","footnotes":""},"class_list":["post-457","page","type-page","status-publish","hentry"],"acf":[],"publishpress_future_action":{"enabled":false,"date":"2026-06-27 15:51:24","action":"category-add","newStatus":"draft","terms":[],"taxonomy":"","extraData":[]},"publishpress_future_workflow_manual_trigger":{"enabledWorkflows":[]},"_links":{"self":[{"href":"https:\/\/bawso.org.uk\/sk\/wp-json\/wp\/v2\/pages\/457","targetHints":{"allow":["GET"]}}],"collection":[{"href":"https:\/\/bawso.org.uk\/sk\/wp-json\/wp\/v2\/pages"}],"about":[{"href":"https:\/\/bawso.org.uk\/sk\/wp-json\/wp\/v2\/types\/page"}],"author":[{"embeddable":true,"href":"https:\/\/bawso.org.uk\/sk\/wp-json\/wp\/v2\/users\/1"}],"replies":[{"embeddable":true,"href":"https:\/\/bawso.org.uk\/sk\/wp-json\/wp\/v2\/comments?post=457"}],"version-history":[{"count":55,"href":"https:\/\/bawso.org.uk\/sk\/wp-json\/wp\/v2\/pages\/457\/revisions"}],"predecessor-version":[{"id":5086,"href":"https:\/\/bawso.org.uk\/sk\/wp-json\/wp\/v2\/pages\/457\/revisions\/5086"}],"wp:attachment":[{"href":"https:\/\/bawso.org.uk\/sk\/wp-json\/wp\/v2\/media?parent=457"}],"curies":[{"name":"pracovn\u00fd list","href":"https:\/\/api.w.org\/{rel}","templated":true}]}}