{"id":4082,"date":"2024-08-28T11:06:31","date_gmt":"2024-08-28T10:06:31","guid":{"rendered":"https:\/\/bawso.org.uk\/?page_id=4082"},"modified":"2024-08-28T11:06:31","modified_gmt":"2024-08-28T10:06:31","slug":"linking-communities-in-africa-to-address-fgm","status":"publish","type":"page","link":"https:\/\/bawso.org.uk\/sk\/linking-communities-in-africa-to-address-fgm\/","title":{"rendered":"Sp\u00e1janie komun\u00edt v Afrike na rie\u0161enie FGM\u00a0"},"content":{"rendered":"<p>Mrza\u010denie \u017eensk\u00fdch pohlavn\u00fdch org\u00e1nov (FGM) je ve\u013emi praktizovan\u00e9 vo v\u00fdchodnej \u010dasti Ugandy, najm\u00e4 v regi\u00f3ne Sebei a medzi Pokotmi v Amudate v susednom okrese regi\u00f3nu Karamoja, kde je ve\u013ea mlad\u00fdch diev\u010dat n\u00faten\u00fdch k tejto nebezpe\u010dnej praxi.&nbsp;<\/p>\n\n\n\n<p>Ver\u00ed sa, \u017ee ide o ritu\u00e1l prechodu diev\u010da\u0165a na \u017eensk\u00fa kapuc\u0148u. Proces je v\u0161ak ve\u013emi bolestiv\u00fd a m\u00f4\u017ee vies\u0165 k \u0165a\u017ek\u00fdm zdravotn\u00fdm komplik\u00e1ci\u00e1m, infekci\u00e1m, krv\u00e1caniu a\u017e smrti.&nbsp;<\/p>\n\n\n\n<p>Pod\u013ea spr\u00e1v viac ako 50% diev\u010dat v Sebei a Amudate podst\u00fapilo mrza\u010denie \u017eensk\u00fdch pohlavn\u00fdch org\u00e1nov, pri\u010dom niektor\u00e9 boli do tejto praxe prin\u00faten\u00e9 vo ve\u013emi \u00fatlom veku desa\u0165 rokov.&nbsp;<\/p>\n\n\n\n<p>Cvi\u010denie sa v\u017edy vykon\u00e1va za nehygienick\u00fdch podmienok zvy\u0161uj\u00facich riziko infekcie a in\u00fdch zdravotn\u00fdch stavov. Napriek odporu niektor\u00fdch \u010dlenov komunity, ktor\u00ed to pova\u017euj\u00fa za d\u00f4le\u017eit\u00fa kult\u00farnu trad\u00edciu, projekt na posilnenie postavenia komunity Greater Sebei vynaklad\u00e1 ve\u013ek\u00e9 \u00fasilie na to, aby sa spojil so zdravotn\u00edckymi pracovn\u00edkmi, miestnymi aktivistami a vl\u00e1dnymi org\u00e1nmi, in\u0161tit\u00faciami ako s\u00fa \u0161koly a kostoly, aby ukon\u010dili \u0161krty.&nbsp;<\/p>\n\n\n\n<p>Projekt Greater Sebei Community Empowerment Project \u010falej spolupracuje s Agent\u00farou pre rozvoj kres\u0165ansk\u00fdch partnerov (CDPA) so s\u00eddlom v Keni, aby sa podelili o sk\u00fasenosti, ako m\u00f4\u017eu ukon\u010di\u0165 prax pomocou ni\u017e\u0161ie uveden\u00fdch pr\u00edstupov. CPDA m\u00e1 viac ako 30 rokov sk\u00fasenost\u00ed s obhajovan\u00edm mlad\u00fdch diev\u010dat a \u017eien, s rie\u0161en\u00edm rodovo podmienen\u00e9ho n\u00e1silia, ktor\u00e9 zah\u0155\u0148a FGM, skor\u00e9 man\u017eelstv\u00e1, dom\u00e1ce n\u00e1silie, sexu\u00e1lne n\u00e1silie, zn\u00e1sil\u0148ovanie a incest v Keni. Obe organiz\u00e1cie pracuj\u00fa v podobn\u00fdch oblastiach n\u00e1silia p\u00e1chan\u00e9ho na \u017een\u00e1ch a diev\u010dat\u00e1ch a ich individu\u00e1lne sk\u00fasenosti prispievaj\u00fa k zn\u00ed\u017eeniu miery FGM v regi\u00f3ne Sebei o 50% v nasleduj\u00facich desiatich rokoch.\u00a0<\/p>\n\n\n\n<ul class=\"wp-block-list\">\n<li>Nepretr\u017eit\u00e1 senzibiliz\u00e1cia od dver\u00ed k dver\u00e1m&nbsp;<\/li>\n\n\n\n<li>Kontinu\u00e1lna FGM senzibiliz\u00e1cia hor\u00facich miest<\/li>\n\n\n\n<li>Zavedenie \u0161kolsk\u00fdch deb\u00e1t pre obe pohlavia s cie\u013eom diskutova\u0165 o vplyve FGM na jej obete&nbsp;<\/li>\n\n\n\n<li>Zvy\u0161ovanie povedomia komunity prostredn\u00edctvom cestn\u00fdch \u0161ou&nbsp;<\/li>\n\n\n\n<li>Pomocou miestneho komunitn\u00e9ho rozhlasu m\u00f4\u017eete hovori\u0165 o FGM na miestnej aj n\u00e1rodnej \u00farovni&nbsp;<\/li>\n\n\n\n<li>N\u00e1bor ambas\u00e1dorov proti FGM v komunite a \u0161kol\u00e1ch&nbsp;&nbsp;<\/li>\n\n\n\n<li>Uznanie ve\u013evyslancov boja proti FGM. Dobrovo\u013en\u00edci s\u00fa vy\u0161kolen\u00ed a maj\u00fa k dispoz\u00edcii n\u00e1stroje na zv\u00fd\u0161enie povedomia o FGM vo svojich komunit\u00e1ch. Absolvuj\u00fa so \u0161tandardn\u00fdm prospechom<\/li>\n\n\n\n<li>Pravideln\u00e9 vedenie komunitn\u00e9ho dial\u00f3gu s cie\u013eom udr\u017ea\u0165 posolstvo proti FGM na\u017eive<\/li>\n<\/ul>\n\n\n\n<div style=\"height:49px\" aria-hidden=\"true\" class=\"wp-block-spacer\"><\/div>\n\n\n\n<div class=\"wp-block-media-text is-stacked-on-mobile\"><figure class=\"wp-block-media-text__media\"><img loading=\"lazy\" decoding=\"async\" width=\"262\" height=\"245\" src=\"https:\/\/bawso.org.uk\/wp-content\/uploads\/2024\/08\/Picture2.png\" alt=\"\" class=\"wp-image-4085 size-full\" srcset=\"https:\/\/bawso.org.uk\/wp-content\/uploads\/2024\/08\/Picture2.png 262w, https:\/\/bawso.org.uk\/wp-content\/uploads\/2024\/08\/Picture2-13x12.png 13w\" sizes=\"auto, (max-width: 262px) 100vw, 262px\" \/><\/figure><div class=\"wp-block-media-text__content\">\n<p><strong><em>Gener\u00e1lna riadite\u013eka CDPA pani Alice Kirambi na stretnut\u00ed s<\/em><\/strong> <strong><em>Pre\u017eiv\u0161\u00ed FGM\/FISTULA.<\/em><\/strong><\/p>\n<\/div><\/div>\n\n\n\n<div class=\"wp-block-media-text has-media-on-the-right is-stacked-on-mobile\"><div class=\"wp-block-media-text__content\">\n<p><strong><em>\u00a0Ann z CDPA facilituje stretnutie na strednej \u0161kole Kapkwata<\/em><\/strong><\/p>\n<\/div><figure class=\"wp-block-media-text__media\"><img loading=\"lazy\" decoding=\"async\" width=\"664\" height=\"460\" src=\"https:\/\/bawso.org.uk\/wp-content\/uploads\/2024\/08\/Picture3.png\" alt=\"\" class=\"wp-image-4086 size-full\" srcset=\"https:\/\/bawso.org.uk\/wp-content\/uploads\/2024\/08\/Picture3.png 664w, https:\/\/bawso.org.uk\/wp-content\/uploads\/2024\/08\/Picture3-300x208.png 300w, https:\/\/bawso.org.uk\/wp-content\/uploads\/2024\/08\/Picture3-18x12.png 18w\" sizes=\"auto, (max-width: 664px) 100vw, 664px\" \/><\/figure><\/div>","protected":false},"excerpt":{"rendered":"<p>Female Genital Mutilation (FGM) is highly practiced in eastern part of Uganda, particularly the Sebei region and among the Pokots in Amudat the neighboring District of the Karamoja region where [&hellip;]<\/p>\n","protected":false},"author":6,"featured_media":0,"parent":0,"menu_order":0,"comment_status":"closed","ping_status":"closed","template":"","meta":{"_acf_changed":false,"_seopress_robots_primary_cat":"","_seopress_titles_title":"","_seopress_titles_desc":"","_seopress_robots_index":"","footnotes":""},"class_list":["post-4082","page","type-page","status-publish","hentry"],"acf":[],"publishpress_future_action":{"enabled":false,"date":"2026-06-27 15:44:42","action":"category-add","newStatus":"draft","terms":[],"taxonomy":"","extraData":[]},"publishpress_future_workflow_manual_trigger":{"enabledWorkflows":[]},"_links":{"self":[{"href":"https:\/\/bawso.org.uk\/sk\/wp-json\/wp\/v2\/pages\/4082","targetHints":{"allow":["GET"]}}],"collection":[{"href":"https:\/\/bawso.org.uk\/sk\/wp-json\/wp\/v2\/pages"}],"about":[{"href":"https:\/\/bawso.org.uk\/sk\/wp-json\/wp\/v2\/types\/page"}],"author":[{"embeddable":true,"href":"https:\/\/bawso.org.uk\/sk\/wp-json\/wp\/v2\/users\/6"}],"replies":[{"embeddable":true,"href":"https:\/\/bawso.org.uk\/sk\/wp-json\/wp\/v2\/comments?post=4082"}],"version-history":[{"count":2,"href":"https:\/\/bawso.org.uk\/sk\/wp-json\/wp\/v2\/pages\/4082\/revisions"}],"predecessor-version":[{"id":4088,"href":"https:\/\/bawso.org.uk\/sk\/wp-json\/wp\/v2\/pages\/4082\/revisions\/4088"}],"wp:attachment":[{"href":"https:\/\/bawso.org.uk\/sk\/wp-json\/wp\/v2\/media?parent=4082"}],"curies":[{"name":"pracovn\u00fd list","href":"https:\/\/api.w.org\/{rel}","templated":true}]}}