{"id":3896,"date":"2024-05-21T08:24:47","date_gmt":"2024-05-21T07:24:47","guid":{"rendered":"https:\/\/bawso.org.uk\/?page_id=3896"},"modified":"2025-01-07T15:56:41","modified_gmt":"2025-01-07T15:56:41","slug":"research-and-publications","status":"publish","type":"page","link":"https:\/\/bawso.org.uk\/sk\/research-and-publications\/","title":{"rendered":"V\u00fdskum a publik\u00e1cie"},"content":{"rendered":"<p class=\"has-large-font-size\"><strong><em><strong>Zistenia z v\u00fdskumnej spr\u00e1vy o n\u00fatenom man\u017eelstve Bawso&nbsp;<\/strong>&nbsp;<\/em><\/strong><\/p>\n\n\n\n<p>N\u00faten\u00e9 sob\u00e1\u0161e postihuj\u00fa viac ako 15,4 mili\u00f3na \u013eud\u00ed na celom svete, z toho 88% tvoria \u017eeny a diev\u010dat\u00e1. Prax obmedzuje mo\u017enosti \u017eien v \u017eivote diktova\u0165 osobu, ktor\u00fa by si mali vzia\u0165, priate\u013eov, s ktor\u00fdmi sa st\u00fdkaj\u00fa, a in\u00e9 \u017eivotn\u00e9 vo\u013eby. N\u00faten\u00e9 man\u017eelstvo je formou zneu\u017e\u00edvania \u017eien a diev\u010dat a malo by sa s n\u00edm zaobch\u00e1dza\u0165 ako so zlo\u010dinom.&nbsp;&nbsp;<\/p>\n\n\n\n<p>Rie\u0161enie vyn\u00faten\u00fdch man\u017eelstiev a zneu\u017e\u00edvania zalo\u017een\u00e9ho na cti (HBA), ktor\u00e9 sa \u010dasto sp\u00e1ja s man\u017eelstvom, si vy\u017eaduje lep\u0161ie pochopenie rozsahu praxe a faktorov, ktor\u00e9 k nej prispievaj\u00fa. Ako organiz\u00e1cia, ktor\u00e1 podporuje obete a osoby, ktor\u00e9 pre\u017eili n\u00faten\u00e9 sob\u00e1\u0161e a HBA, sme uskuto\u010dnili \u0161t\u00fadiu, ktorej cie\u013eom bolo hlb\u0161ie pochopi\u0165 ideol\u00f3gie, ktor\u00e9 prispievaj\u00fa k n\u00faten\u00fdm man\u017eelstv\u00e1m a HBV. T\u00e1to \u0161t\u00fadia bola realizovan\u00e1 od roku 2022 a dokon\u010den\u00e1 v septembri 2023. Spr\u00e1vu spustila v okt\u00f3bri 2023 ministerka soci\u00e1lnej spravodlivosti a hlavn\u00e1 whipov\u00e1 Jane Hutt (walesk\u00e1 vl\u00e1da).&nbsp;&nbsp;<\/p>\n\n\n\n<p>K\u013e\u00fa\u010dov\u00fdm odpor\u00fa\u010dan\u00edm v\u00fdskumu bolo, \u017ee je potrebn\u00e9, aby podporn\u00e9 agent\u00fary zaviedli komplexn\u00fd syst\u00e9m podpory pre t\u00fdch, ktor\u00ed pre\u017eili, od okamihu, ke\u010f bol incident nahl\u00e1sen\u00fd, a\u017e po \u010das, ke\u010f u\u017e pre\u017eiv\u0161\u00ed nepotrebuje priamu podporu bez oh\u013eadu na ich imigra\u010dn\u00fd status.&nbsp;&nbsp;&nbsp;<\/p>\n\n\n\n<p>Ak chcete z\u00edska\u0165 podrobn\u00e9 zistenia a odpor\u00fa\u010dania zo spr\u00e1vy, kliknite na odkaz tu na cel\u00fa spr\u00e1vu a odkaz na s\u00fahrnn\u00fa spr\u00e1vu.&nbsp;&nbsp;<\/p>\n\n\n\n<iframe allowfullscreen=\"allowfullscreen\" scrolling=\"no\" class=\"fp-iframe\" src=\"https:\/\/heyzine.com\/flip-book\/6255fce0df.html\" style=\"border: 1px solid lightgray; width: 100%; height: 400px;\"><\/iframe>\n\n\n\n<div class=\"wp-block-file\"><a id=\"wp-block-file--media-9f7730c8-6cc1-4d03-a8db-1f9baeee7b79\" href=\"https:\/\/bawso.org.uk\/wp-content\/uploads\/2024\/05\/Bawso-Understanding-Forced-Marriage-Report.pdf\" target=\"_blank\" rel=\"noreferrer noopener\">Bawso-Porozumenie-Vyn\u00faten\u00e9-Man\u017eelstvo-Spr\u00e1va<\/a><a href=\"https:\/\/bawso.org.uk\/wp-content\/uploads\/2024\/05\/Bawso-Understanding-Forced-Marriage-Report.pdf\" class=\"wp-block-file__button wp-element-button\" download aria-describedby=\"wp-block-file--media-9f7730c8-6cc1-4d03-a8db-1f9baeee7b79\">Stiahnu\u0165 \u25bc<\/a><\/div>\n\n\n\n<p> <\/p>\n\n\n\n<h2 class=\"wp-block-heading\">Spustenie v\u00fdskumnej spr\u00e1vy o n\u00faten\u00fdch man\u017eelstv\u00e1ch Bawso 19.10.23<\/h2>\n\n\n\n<figure class=\"wp-block-embed is-type-wp-embed is-provider-bawso wp-block-embed-bawso\"><div class=\"wp-block-embed__wrapper\">\n<blockquote class=\"wp-embedded-content\" data-secret=\"MafNx7rbM3\"><a href=\"https:\/\/bawso.org.uk\/sk\/2023\/10\/launch-of-bawso-forced-marriage-research-report\/\">Spustenie spr\u00e1vy Bawso Forced Marriage Research Report<\/a><\/blockquote><iframe loading=\"lazy\" class=\"wp-embedded-content\" sandbox=\"allow-scripts\" security=\"restricted\" style=\"position: absolute; visibility: hidden;\" title=\"\u201eSpustenie v\u00fdskumnej spr\u00e1vy o n\u00faten\u00fdch man\u017eelstv\u00e1ch Bawso\u201c \u2014 Bawso\" src=\"https:\/\/bawso.org.uk\/en\/2023\/10\/launch-of-bawso-forced-marriage-research-report\/embed\/#?secret=ICmyeXtCPh#?secret=MafNx7rbM3\" data-secret=\"MafNx7rbM3\" width=\"600\" height=\"338\" frameborder=\"0\" marginwidth=\"0\" marginheight=\"0\" scrolling=\"no\"><\/iframe>\n<\/div><\/figure>\n\n\n\n\n\n<div class=\"wp-block-file\"><a id=\"wp-block-file--media-9f7730c8-6cc1-4d03-a8db-1f9baeee7b79\" href=\"https:\/\/bawso.org.uk\/wp-content\/uploads\/2025\/01\/Understanding-Forced-Marriage_English-Welsh-October-2023-Summary-Report.pdf\" target=\"_blank\" rel=\"noreferrer noopener\">Understanding-Forced-Marriage_English-Welsh-October-2023-Summary-Report<\/a><a href=\"https:\/\/bawso.org.uk\/wp-content\/uploads\/2025\/01\/Understanding-Forced-Marriage_English-Welsh-October-2023-Summary-Report.pdf\" class=\"wp-block-file__button wp-element-button\" download aria-describedby=\"wp-block-file--media-9f7730c8-6cc1-4d03-a8db-1f9baeee7b79\">Stiahnu\u0165 \u25bc<\/a><\/div>\n\n\n\n<hr class=\"wp-block-separator has-alpha-channel-opacity\"\/>\n\n\n\n<h2 class=\"wp-block-heading\">Spr\u00e1va o \u017eivotn\u00fdch n\u00e1kladoch za rok 2024<\/h2>\n\n\n\n<p>Spojen\u00e9 kr\u00e1\u013eovstvo zaznamenalo od COVID 19 n\u00e1rast infl\u00e1cie, ktor\u00e1 ovplyv\u0148uje \u017eivoty \u013eud\u00ed s n\u00edzkymi pr\u00edjmami, zranite\u013en\u00fdch a znev\u00fdhodnen\u00fdch \u013eud\u00ed. Infl\u00e1cia zv\u00fd\u0161ila n\u00e1klady na z\u00e1kladn\u00e9 tovary, ako s\u00fa potraviny a toaletn\u00e9 potreby, doprava, starostlivos\u0165 o deti a dovolenky. Celkovo by miera detskej chudoby 28% vo Walese mala znepokojova\u0165 tvorcov polit\u00edk a vl\u00e1du. Znamen\u00e1 to, \u017ee deti id\u00fa spa\u0165 bez dostato\u010dn\u00e9ho jedla a ch\u00fdbaj\u00fa im z\u00e1kladn\u00e9 potreby na podporu ich pohody a rastu.<\/p>\n\n\n\n<p>Nedostato\u010dn\u00fd disponibiln\u00fd pr\u00edjem tie\u017e zvy\u0161uje riziko n\u00e1silia a rozpadu vz\u0165ahov, ako sa zd\u00f4raz\u0148uje v spr\u00e1ve Bawso o \u017eivotn\u00fdch n\u00e1kladoch.&nbsp;<\/p>\n\n\n\n<iframe allowfullscreen=\"allowfullscreen\" scrolling=\"no\" class=\"fp-iframe\" src=\"https:\/\/heyzine.com\/flip-book\/a1208138a6.html\" style=\"border: 1px solid lightgray; width: 100%; height: 400px;\"><\/iframe>\n\n\n\n<div class=\"wp-block-file\"><a id=\"wp-block-file--media-9f7730c8-6cc1-4d03-a8db-1f9baeee7b79\" href=\"https:\/\/bawso.org.uk\/wp-content\/uploads\/2024\/10\/Cost-of-living-report-for-Bawso-August-2024.pdf\" target=\"_blank\" rel=\"noreferrer noopener\">Preh\u013ead-\u017eivotn\u00fdch-n\u00e1kladov-pre-Bawso-august-2024<\/a><a href=\"https:\/\/bawso.org.uk\/wp-content\/uploads\/2024\/10\/Cost-of-living-report-for-Bawso-August-2024.pdf\" class=\"wp-block-file__button wp-element-button\" download aria-describedby=\"wp-block-file--media-9f7730c8-6cc1-4d03-a8db-1f9baeee7b79\">Stiahnu\u0165 \u25bc<\/a><\/div>\n\n\n\n<hr class=\"wp-block-separator has-alpha-channel-opacity\"\/>\n\n\n\n<h2 class=\"wp-block-heading\">Bez pou\u017eitia verejn\u00fdch prostriedkov (NRPF) 2024<\/h2>\n\n\n\n<p>\u017diadna pomoc z verejn\u00fdch zdrojov (NRPF) je imigra\u010dnou podmienkou, ktor\u00fa vl\u00e1da Spojen\u00e9ho kr\u00e1\u013eovstva kladie na v\u00edza pre migrantov. T\u00e1to podmienka sa vz\u0165ahuje aj na \u017eeny, ktor\u00e9 maj\u00fa man\u017eelsk\u00e9 v\u00edza, a umo\u017e\u0148uje imigrantom zosta\u0165 v Spojenom kr\u00e1\u013eovstve bezplatne pre verejnos\u0165. Obete dom\u00e1ceho t\u00fdrania a n\u00e1silia na FNM s\u00fa znev\u00fdhodnen\u00e9 a vystaven\u00e9 zv\u00fd\u0161en\u00e9mu riziku \u010fal\u0161ieho t\u00fdrania. Obete nemaj\u00fa n\u00e1rok na bezpe\u010dn\u00e9 ubytovanie poskytovan\u00e9 charitat\u00edvnymi organiz\u00e1ciami v \u017eenskom dome, preto\u017ee ubytovanie je poskytovan\u00e9 z verejn\u00fdch zdrojov. Nem\u00f4\u017eu tie\u017e z\u00edska\u0165 pr\u00edstup k financi\u00e1m\/soci\u00e1lnym d\u00e1vkam, z ktor\u00fdch by mohli \u017ei\u0165.&nbsp;&nbsp;<\/p>\n\n\n\n<p>Stru\u010dn\u00fd preh\u013ead politiky NRPF Bawso (2024) poskytuje inform\u00e1cie o s\u00fa\u010dasnej legislat\u00edve waleskej vl\u00e1dy, ktor\u00e1 sa dot\u00fdka ukon\u010denia bezdomovectva vo Walese a ochrany obet\u00ed dom\u00e1ceho n\u00e1silia a n\u00e1silia.&nbsp;&nbsp;<\/p>\n\n\n\n<iframe allowfullscreen=\"allowfullscreen\" scrolling=\"no\" class=\"fp-iframe\" src=\"https:\/\/heyzine.com\/flip-book\/0e864d6e09.html\" style=\"border: 1px solid lightgray; width: 100%; height: 400px;\"><\/iframe>\n\n\n\n<div class=\"wp-block-file\"><a id=\"wp-block-file--media-9f7730c8-6cc1-4d03-a8db-1f9baeee7b79\" href=\"https:\/\/bawso.org.uk\/wp-content\/uploads\/2025\/01\/Bawso-NRPF-policy-brief-October-2024.pdf\" target=\"_blank\" rel=\"noreferrer noopener\">Bawso-NRPF-policy-brief-September-2024<\/a><a href=\"https:\/\/bawso.org.uk\/wp-content\/uploads\/2025\/01\/Bawso-NRPF-policy-brief-October-2024.pdf\" class=\"wp-block-file__button wp-element-button\" download aria-describedby=\"wp-block-file--media-9f7730c8-6cc1-4d03-a8db-1f9baeee7b79\">Stiahnu\u0165 \u25bc<\/a><\/div>","protected":false},"excerpt":{"rendered":"<p>Findings from Bawso forced marriage research report&nbsp;&nbsp; Forced marriage affects over 15.4 million people worldwide, of which 88% are women and girls. The practice limits women\u2019s choices in life dictating [&hellip;]<\/p>\n","protected":false},"author":6,"featured_media":0,"parent":0,"menu_order":0,"comment_status":"closed","ping_status":"closed","template":"","meta":{"_acf_changed":false,"_seopress_robots_primary_cat":"","_seopress_titles_title":"","_seopress_titles_desc":"","_seopress_robots_index":"","footnotes":""},"class_list":["post-3896","page","type-page","status-publish","hentry"],"acf":[],"publishpress_future_action":{"enabled":false,"date":"2026-06-27 14:23:15","action":"category-add","newStatus":"draft","terms":[],"taxonomy":"","extraData":[]},"publishpress_future_workflow_manual_trigger":{"enabledWorkflows":[]},"_links":{"self":[{"href":"https:\/\/bawso.org.uk\/sk\/wp-json\/wp\/v2\/pages\/3896","targetHints":{"allow":["GET"]}}],"collection":[{"href":"https:\/\/bawso.org.uk\/sk\/wp-json\/wp\/v2\/pages"}],"about":[{"href":"https:\/\/bawso.org.uk\/sk\/wp-json\/wp\/v2\/types\/page"}],"author":[{"embeddable":true,"href":"https:\/\/bawso.org.uk\/sk\/wp-json\/wp\/v2\/users\/6"}],"replies":[{"embeddable":true,"href":"https:\/\/bawso.org.uk\/sk\/wp-json\/wp\/v2\/comments?post=3896"}],"version-history":[{"count":16,"href":"https:\/\/bawso.org.uk\/sk\/wp-json\/wp\/v2\/pages\/3896\/revisions"}],"predecessor-version":[{"id":4424,"href":"https:\/\/bawso.org.uk\/sk\/wp-json\/wp\/v2\/pages\/3896\/revisions\/4424"}],"wp:attachment":[{"href":"https:\/\/bawso.org.uk\/sk\/wp-json\/wp\/v2\/media?parent=3896"}],"curies":[{"name":"pracovn\u00fd list","href":"https:\/\/api.w.org\/{rel}","templated":true}]}}