{"id":311,"date":"2022-02-25T13:48:58","date_gmt":"2022-02-25T13:48:58","guid":{"rendered":"https:\/\/bawso.org.uk\/?page_id=311"},"modified":"2022-08-11T19:32:29","modified_gmt":"2022-08-11T18:32:29","slug":"about-us","status":"publish","type":"page","link":"https:\/\/bawso.org.uk\/sk\/about-us\/","title":{"rendered":"O n\u00e1s"},"content":{"rendered":"<h2 class=\"wp-block-heading\"><strong>Kto sme<\/strong><\/h2>\n\n\n\n<p class=\"has-medium-font-size\"><strong>Bawso bola zalo\u017een\u00e1 v roku 1995 malou skupinou \u010diernych a men\u0161inov\u00fdch \u017eien v Cardiffe, ktor\u00e9 sa zauj\u00edmali o vhodnos\u0165 slu\u017eieb poskytovan\u00fdch obetiam dom\u00e1ceho n\u00e1silia. Prenajali sme si miestnos\u0165 so stolom, stoli\u010dkou a telef\u00f3nom a za\u010dali sme zvy\u0161ova\u0165 povedomie v r\u00e1mci \u010derno\u0161sk\u00fdch a men\u0161inov\u00fdch komun\u00edt, s vl\u00e1dou, \u0161tatut\u00e1rnymi org\u00e1nmi a poskytovate\u013emi slu\u017eieb z tretieho sektora.<\/strong><\/p>\n\n\n\n<p>V priebehu rokov Bawso propagoval pr\u00e1cu v oblastiach d\u00e1vno predt\u00fdm, ako sa stali predmetom \u0161irok\u00e9ho verejn\u00e9ho z\u00e1ujmu a legislat\u00edvy vr\u00e1tane n\u00faten\u00fdch sob\u00e1\u0161ov (FM), mrza\u010denia \u017eensk\u00fdch pohlavn\u00fdch org\u00e1nov (FMG), n\u00e1silia na z\u00e1klade cti (HBV) a najnov\u0161ie aj modern\u00e9ho otroctva a obchodovania s \u013eu\u010fmi. .<\/p>\n\n\n\n<p>Slu\u017eby Bawso sa teraz roz\u0161iruj\u00fa po celom Walese a zamestn\u00e1vaj\u00fa viac ako sto vy\u0161kolen\u00fdch a sk\u00fasen\u00fdch zamestnancov a mno\u017estvo dobrovo\u013en\u00edkov. S obratom 4,6 mili\u00f3na libier ro\u010dne n\u00e1s financuje centr\u00e1lna vl\u00e1da vo Westminsteri, decentralizovan\u00e1 vl\u00e1da v Cardiffskom z\u00e1live, miestne \u00farady, policajn\u00ed komis\u00e1ri pre kriminalitu, in\u00e9 \u0161tatut\u00e1rne org\u00e1ny, nad\u00e1cie, trusty, filantropi a komunitn\u00e9 fundraisingov\u00e9 aktivity.<\/p>\n\n\n\n<p>Bawso prev\u00e1dzkuje \u00fa\u010delov\u00e9 \u00fato\u010disk\u00e1, \u00fatulky, jednotn\u00e9 kontaktn\u00e9 miesta, pl\u00e1vaj\u00facu podporu pre t\u00fdch, ktor\u00ed pre\u017eili v komunite, a \u0161pecializovan\u00e9 projekty pre ka\u017ed\u00fa oblas\u0165 n\u00e1silia a vykoris\u0165ovania \u017eien a diev\u010dat, mu\u017eov a chlapcov. Ka\u017ed\u00fd rok podporujeme viac ako 6 000 jednotlivcov a ka\u017ed\u00fd rok sa tento po\u010det zvy\u0161uje.<\/p>\n\n\n\n<p>Pr\u00e1cu v ter\u00e9ne dop\u013a\u0148a 24-hodinov\u00e1 linka pomoci, \u0161koliace oddelenie, ktor\u00e9 sa zaviazalo k neust\u00e1lemu zlep\u0161ovaniu slu\u017eieb Bawso a zru\u010dnost\u00ed zamestnancov Bawso a poskytovanie \u0161kolen\u00ed na zvy\u0161ovanie povedomia extern\u00fdm agent\u00faram, odborn\u00edkom a praktikom vr\u00e1tane pol\u00edcie, v\u0161eobecn\u00fdch lek\u00e1rov. , zamestnanci NHS, u\u010ditelia a \u0161t\u00e1tni zamestnanci. Bawso m\u00e1 tie\u017e ve\u013ek\u00e9 a \u0161pecializovan\u00e9 oddelenie tlmo\u010denia a prekladu s akreditovan\u00fdmi pracovn\u00edkmi.<\/p>\n\n\n\n<p>Bawso riadi rada vysoko kvalifikovan\u00fdch a sk\u00fasen\u00fdch \u010diernych a men\u0161inov\u00fdch \u017eien a mu\u017eov z komun\u00edt, ktor\u00fdm sl\u00fa\u017eia. Zamestnanci a dobrovo\u013en\u00edci Bawso s\u00fa tie\u017e z \u010derno\u0161sk\u00fdch a men\u0161inov\u00fdch komun\u00edt vo Walese, \u010do im umo\u017e\u0148uje jedine\u010dn\u00e9 pochopenie kult\u00far, n\u00e1bo\u017eenstiev a jazykov pou\u017e\u00edvate\u013eov slu\u017eieb a ich komun\u00edt.<\/p>\n\n\n\n<h3 class=\"wp-block-heading\"><strong>NA\u0160A V\u00cdZIA<\/strong><\/h3>\n\n\n\n<p class=\"is-style-text-x-large has-medium-font-size\"><strong>\u017de v\u0161etci \u013eudia vo Walese \u017eij\u00fa bez zneu\u017e\u00edvania, n\u00e1silia a vykoris\u0165ovania.<\/strong><\/p>\n\n\n\n<h3 class=\"wp-block-heading\"><strong>NASA MISIA<\/strong><\/h3>\n\n\n\n<p class=\"is-style-text-x-large has-medium-font-size\"><strong>Obhajova\u0165 a poskytova\u0165 \u0161pecializovan\u00e9 slu\u017eby \u010diernym a men\u0161inov\u00fdm obetiam zneu\u017e\u00edvania, n\u00e1silia a vykoris\u0165ovania vo Walese.<\/strong><\/p>\n\n\n\n<h3 class=\"wp-block-heading\"><strong>NA\u0160E HODNOTY<\/strong><\/h3>\n\n\n\n<ul class=\"wp-block-list\"><li>Zaviazali sme sa pracova\u0165 bez odsudzovania s nulovou toleranciou zneu\u017e\u00edvania, n\u00e1silia a vykoris\u0165ovania.<\/li><li>Dodr\u017eiavame vysok\u00e9 profesion\u00e1lne \u0161tandardy praxe, spr\u00e1vame sa \u00factivo, empaticky, citlivo a \u010destne.<\/li><li>Vo v\u0161etkom, \u010do rob\u00edme, zachov\u00e1vame integritu, transparentnos\u0165 a zodpovednos\u0165.<\/li><li>Poskytujeme \u013eahko dostupn\u00e9 a \u013eahko dostupn\u00e9 slu\u017eby.<\/li><li>Zvy\u0161ujeme povedomie o v\u0161etk\u00fdch form\u00e1ch zneu\u017e\u00edvania a n\u00e1silia v r\u00e1mci \u010derno\u0161sk\u00fdch a men\u0161inov\u00fdch komun\u00edt, vl\u00e1dy a ob\u010dianskej spolo\u010dnosti vo Walese.<\/li><li>V\u017edy spochyb\u0148ujeme rasizmus a v\u0161etky formy medziodvetvovej nerovnosti, nespravodlivosti a diskrimin\u00e1cie.<\/li><\/ul>","protected":false},"excerpt":{"rendered":"<p>Who we are Bawso was established in 1995 by a small group of black and minoritised women in Cardiff, who were concerned about the appropriateness of services provided to victims [&hellip;]<\/p>\n","protected":false},"author":1,"featured_media":0,"parent":0,"menu_order":4,"comment_status":"closed","ping_status":"closed","template":"","meta":{"_acf_changed":false,"_seopress_robots_primary_cat":"","_seopress_titles_title":"Bawso | About Us","_seopress_titles_desc":"The lead organisation in Wales providing practical &amp; emotional support to black minority ethnic (BAME) and migrant victims of abuse, violence and exploitation.","_seopress_robots_index":"","footnotes":""},"class_list":["post-311","page","type-page","status-publish","hentry"],"acf":[],"publishpress_future_action":{"enabled":false,"date":"2026-06-27 15:36:50","action":"category-add","newStatus":"draft","terms":[],"taxonomy":"","extraData":[]},"publishpress_future_workflow_manual_trigger":{"enabledWorkflows":[]},"_links":{"self":[{"href":"https:\/\/bawso.org.uk\/sk\/wp-json\/wp\/v2\/pages\/311","targetHints":{"allow":["GET"]}}],"collection":[{"href":"https:\/\/bawso.org.uk\/sk\/wp-json\/wp\/v2\/pages"}],"about":[{"href":"https:\/\/bawso.org.uk\/sk\/wp-json\/wp\/v2\/types\/page"}],"author":[{"embeddable":true,"href":"https:\/\/bawso.org.uk\/sk\/wp-json\/wp\/v2\/users\/1"}],"replies":[{"embeddable":true,"href":"https:\/\/bawso.org.uk\/sk\/wp-json\/wp\/v2\/comments?post=311"}],"version-history":[{"count":9,"href":"https:\/\/bawso.org.uk\/sk\/wp-json\/wp\/v2\/pages\/311\/revisions"}],"predecessor-version":[{"id":1985,"href":"https:\/\/bawso.org.uk\/sk\/wp-json\/wp\/v2\/pages\/311\/revisions\/1985"}],"wp:attachment":[{"href":"https:\/\/bawso.org.uk\/sk\/wp-json\/wp\/v2\/media?parent=311"}],"curies":[{"name":"pracovn\u00fd list","href":"https:\/\/api.w.org\/{rel}","templated":true}]}}