{"id":272,"date":"2022-02-08T15:34:29","date_gmt":"2022-02-08T15:34:29","guid":{"rendered":"https:\/\/bawso.org.uk\/?page_id=272"},"modified":"2022-03-23T20:40:58","modified_gmt":"2022-03-23T20:40:58","slug":"terms-of-use","status":"publish","type":"page","link":"https:\/\/bawso.org.uk\/sk\/terms-of-use\/","title":{"rendered":"Podmienky pou\u017e\u00edvania"},"content":{"rendered":"<h2 class=\"has-brand-one-color has-text-color wp-block-heading\" id=\"website-terms-of-use-privacy\"><strong>Podmienky pou\u017e\u00edvania webov\u00fdch str\u00e1nok a ochrana osobn\u00fdch \u00fadajov<\/strong><\/h2>\n\n\n\n<p>\u201eMy\u201c a \u201eNa\u0161e\u201c ni\u017e\u0161ie ozna\u010duje \u201eBawso\u201c a kohoko\u013evek, kto je v na\u0161om zamestnan\u00ed alebo pracuje v na\u0161om mene.<\/p>\n\n\n\n<p>Pou\u017e\u00edvan\u00edm na\u0161ej webovej str\u00e1nky s\u00fahlas\u00edte s t\u00fdm, \u017ee budete viazan\u00ed podmienkami pou\u017e\u00edvania a na\u0161\u00edm vyhl\u00e1sen\u00edm o ochrane osobn\u00fdch \u00fadajov uveden\u00fdm ni\u017e\u0161ie.<\/p>\n\n\n\n<div style=\"height:20px\" aria-hidden=\"true\" class=\"wp-block-spacer\"><\/div>\n\n\n\n<h2 class=\"has-brand-one-color has-text-color wp-block-heading\" id=\"terms-and-conditions\"><strong>Podmienky<\/strong><\/h2>\n\n\n\n<div style=\"height:20px\" aria-hidden=\"true\" class=\"wp-block-spacer\"><\/div>\n\n\n\n<h3 class=\"has-brand-one-color has-text-color wp-block-heading\" id=\"1-access-to-the-website-and-content\"><strong>1. Pr\u00edstup na webov\u00fa str\u00e1nku a jej obsah<\/strong><\/h3>\n\n\n\n<p>Inform\u00e1cie uveden\u00e9 na tejto webovej str\u00e1nke nie s\u00fa v \u017eiadnom pr\u00edpade pozv\u00e1nkou alebo odpor\u00fa\u010dan\u00edm na k\u00fapu ak\u00fdchko\u013evek produktov alebo slu\u017eieb, ktor\u00e9 s\u00fa tu uveden\u00e9, a mali by ste vyh\u013eada\u0165 vhodn\u00e9 nez\u00e1visl\u00e9 poradenstvo.<\/p>\n\n\n\n<p>Budeme sa sna\u017ei\u0165 umo\u017eni\u0165 nepretr\u017eit\u00fd pr\u00edstup na t\u00fato webov\u00fa str\u00e1nku, ale pr\u00edstup na ktor\u00fako\u013evek z t\u00fdchto webov\u00fdch str\u00e1nok m\u00f4\u017ee by\u0165 kedyko\u013evek pozastaven\u00fd, obmedzen\u00fd alebo ukon\u010den\u00fd.<\/p>\n\n\n\n<p>Nenesieme \u017eiadnu zodpovednos\u0165 za obsah ak\u00fdchko\u013evek in\u00fdch webov\u00fdch str\u00e1nok, na ktor\u00e9 m\u00e1 t\u00e1to str\u00e1nka odkazy.<\/p>\n\n\n\n<div style=\"height:20px\" aria-hidden=\"true\" class=\"wp-block-spacer\"><\/div>\n\n\n\n<h3 class=\"has-brand-one-color has-text-color wp-block-heading\" id=\"2-intellectual-property\"><strong>2. Du\u0161evn\u00e9 vlastn\u00edctvo<\/strong><\/h3>\n\n\n\n<p>Autorsk\u00e9 pr\u00e1vo na obsah tejto webovej str\u00e1nky, dizajn, text a grafiku a ich v\u00fdber a usporiadanie patr\u00ed n\u00e1m alebo poskytovate\u013eom tak\u00fdchto inform\u00e1ci\u00ed. V\u0161etky pr\u00e1va s\u00fa vyhraden\u00e9. \u017diadny z t\u00fdchto materi\u00e1lov sa nesmie reprodukova\u0165 ani \u010falej distribuova\u0165 bez n\u00e1\u0161ho p\u00edsomn\u00e9ho s\u00fahlasu. M\u00f4\u017eete si v\u0161ak stiahnu\u0165 alebo vytla\u010di\u0165 jednu k\u00f3piu pre vlastn\u00e9 nekomer\u010dn\u00e9 prezeranie offline.<\/p>\n\n\n\n<p>N\u00e1zvy produktov a spolo\u010dnost\u00ed uveden\u00e9 na tejto webovej lokalite m\u00f4\u017eu by\u0165 ochrann\u00fdmi zn\u00e1mkami alebo registrovan\u00fdmi ochrann\u00fdmi zn\u00e1mkami ich pr\u00edslu\u0161n\u00fdch vlastn\u00edkov.<\/p>\n\n\n\n<div style=\"height:20px\" aria-hidden=\"true\" class=\"wp-block-spacer\"><\/div>\n\n\n\n<h3 class=\"has-brand-one-color has-text-color wp-block-heading\" id=\"3-exclusions-of-liability\"><strong>3. Vyl\u00fa\u010denia zodpovednosti<\/strong><\/h3>\n\n\n\n<p>V rozsahu povolenom pr\u00edslu\u0161n\u00fdmi z\u00e1konmi sa zriekame v\u0161etk\u00fdch z\u00e1ruk a vyhl\u00e1sen\u00ed (\u010di u\u017e v\u00fdslovn\u00fdch alebo implikovan\u00fdch), pokia\u013e ide o presnos\u0165 ak\u00fdchko\u013evek inform\u00e1ci\u00ed obsiahnut\u00fdch na tejto webovej lokalite. Nezaru\u010dujeme, \u017ee t\u00e1to webov\u00e1 str\u00e1nka bude bezchybn\u00e1 a ani nepreber\u00e1me zodpovednos\u0165 za ak\u00e9ko\u013evek chyby alebo opomenutia.<\/p>\n\n\n\n<p>Vzh\u013eadom na povahu elektronick\u00e9ho prenosu \u00fadajov cez internet a po\u010det pou\u017e\u00edvate\u013eov, ktor\u00ed zverej\u0148uj\u00fa \u00fadaje na tejto webovej str\u00e1nke, m\u00f4\u017eeme ma\u0165 ak\u00fako\u013evek zodpovednos\u0165 za ak\u00e9ko\u013evek straty alebo n\u00e1roky vypl\u00fdvaj\u00face z nemo\u017enosti pr\u00edstupu na t\u00fato webov\u00fa str\u00e1nku alebo z ak\u00fdchko\u013evek pou\u017e\u00edvanie tejto webovej str\u00e1nky alebo spoliehanie sa na \u00fadaje pren\u00e1\u0161an\u00e9 prostredn\u00edctvom tejto webovej str\u00e1nky je vyl\u00fa\u010den\u00e9 v plnom rozsahu povolenom z\u00e1konom. V \u017eiadnom pr\u00edpade nenesieme zodpovednos\u0165 za ak\u00fako\u013evek stratu zisku, v\u00fdnosov, dobr\u00e9ho mena, pr\u00edle\u017eitosti, obchodu, predpokladan\u00fdch \u00faspor alebo in\u00fa nepriamu alebo n\u00e1sledn\u00fa stratu ak\u00e9hoko\u013evek druhu v zmluve, deliktu (vr\u00e1tane nedbanlivosti) alebo inak vypl\u00fdvaj\u00facu z pou\u017e\u00edvania tejto webovej str\u00e1nky, okrem pr\u00edpadov, ke\u010f tak\u00fato zodpovednos\u0165 nemo\u017eno vyl\u00fa\u010di\u0165 zo z\u00e1kona.<\/p>\n\n\n\n<p>Neposkytujeme \u017eiadnu z\u00e1ruku, \u017ee t\u00e1to webov\u00e1 str\u00e1nka neobsahuje v\u00edrusy alebo \u010doko\u013evek in\u00e9, \u010do m\u00f4\u017ee ma\u0165 \u0161kodliv\u00fd vplyv na ak\u00fako\u013evek technol\u00f3giu.<\/p>\n\n\n\n<div style=\"height:20px\" aria-hidden=\"true\" class=\"wp-block-spacer\"><\/div>\n\n\n\n<h3 class=\"has-brand-one-color has-text-color wp-block-heading\" id=\"4-links-disclaimer\"><strong>4. Vyl\u00fa\u010denie zodpovednosti za odkazy<\/strong><\/h3>\n\n\n\n<p>V\u0161etky spr\u00edstupnen\u00e9 odkazy poskytujeme na\u0161im pou\u017e\u00edvate\u013eom ako pohodlie. Nem\u00e1me kontrolu, nenesieme \u017eiadnu zodpovednos\u0165 a nerob\u00edme \u017eiadne vyhl\u00e1senia t\u00fdkaj\u00face sa presnosti alebo ak\u00e9hoko\u013evek in\u00e9ho aspektu obsahu\/inform\u00e1ci\u00ed n\u00e1jden\u00fdch alebo pou\u017eit\u00fdch pri n\u00e1v\u0161teve akejko\u013evek webovej str\u00e1nky tret\u00edch str\u00e1n. Poskytnutie odkazu na webov\u00fa str\u00e1nku tretej strany by sa nemalo pova\u017eova\u0165 za v\u00fdslovn\u00e9 alebo implicitn\u00e9 schv\u00e1lenie ak\u00e9hoko\u013evek obsahu\/inform\u00e1ci\u00ed, produktov\/slu\u017eieb, ktor\u00e9 m\u00f4\u017eu by\u0165 v\u00e1m alebo prostredn\u00edctvom tretej strany dostupn\u00e9.<\/p>\n\n\n\n<div style=\"height:20px\" aria-hidden=\"true\" class=\"wp-block-spacer\"><\/div>\n\n\n\n<h3 class=\"has-brand-one-color has-text-color wp-block-heading\" id=\"5-governing-law\"><strong>5. Rozhodn\u00e9 pr\u00e1vo<\/strong><\/h3>\n\n\n\n<p>Tieto zmluvn\u00e9 podmienky sa riadia a maj\u00fa by\u0165 vykladan\u00e9 v s\u00falade s anglick\u00fdm a walesk\u00fdm pr\u00e1vom. Ak\u00e9ko\u013evek spory bud\u00fa podlieha\u0165 v\u00fdlu\u010dnej jurisdikcii anglick\u00fdch a walesk\u00fdch s\u00fadov.<\/p>\n\n\n\n<p>Vyhl\u00e1senie o ochrane osobn\u00fdch \u00fadajov na webovej lokalite Toto vyhl\u00e1senie o ochrane osobn\u00fdch \u00fadajov sa vz\u0165ahuje na webov\u00fa str\u00e1nku (str\u00e1nky) Bawso na adrese <a href=\"https:\/\/bawso.org.uk\/sk\/\" data-type=\"URL\" data-id=\"www.bawso.org.uk\" target=\"_blank\" rel=\"noreferrer noopener\">www.bawso.org.uk<\/a> S\u00fakromie osobn\u00fdch \u00fadajov berieme v\u00e1\u017ene. Tieto z\u00e1sady ochrany osobn\u00fdch \u00fadajov sa vz\u0165ahuj\u00fa na zhroma\u017e\u010fovanie, spracovanie a in\u00e9 pou\u017eitie osobn\u00fdch \u00fadajov pod\u013ea v\u0161eobecn\u00e9ho nariadenia o ochrane \u00fadajov 2016\/679 a z\u00e1kona o ochrane \u00fadajov z roku 2018, na tento \u00fa\u010del je prev\u00e1dzkovate\u013eom \u00fadajov spolo\u010dnos\u0165 Bawso. Pou\u017e\u00edvan\u00edm tejto webovej str\u00e1nky s\u00fahlas\u00edte s t\u00fdmito z\u00e1sadami ochrany osobn\u00fdch \u00fadajov a ich uplat\u0148ovan\u00edm na v\u00e1s. Na tento \u00fa\u010del sme registrovan\u00ed na \u00darade poveren\u00edka pre inform\u00e1cie.<\/p>\n\n\n\n<div style=\"height:20px\" aria-hidden=\"true\" class=\"wp-block-spacer\"><\/div>\n\n\n\n<h3 class=\"has-brand-one-color has-text-color wp-block-heading\" id=\"6-information-we-collect\"><strong>6. Inform\u00e1cie, ktor\u00e9 zhroma\u017e\u010fujeme<\/strong><\/h3>\n\n\n\n<p>Osobn\u00e9 \u00fadaje na na\u0161ej webovej str\u00e1nke (str\u00e1nkach) vy\u0161\u0161ie budeme zhroma\u017e\u010fova\u0165 iba vtedy, ak n\u00e1m ich poskytnete priamo vy ako pou\u017e\u00edvate\u013e, a teda ste ich poskytli s va\u0161\u00edm s\u00fahlasom. Pou\u017e\u00edvame aj analytick\u00e9 a \u0161tatistick\u00e9 n\u00e1stroje, ktor\u00e9 monitoruj\u00fa podrobnosti o va\u0161ich n\u00e1v\u0161tev\u00e1ch na\u0161ej webovej str\u00e1nky a zdroje, ku ktor\u00fdm m\u00e1te pr\u00edstup, vr\u00e1tane, ale nie v\u00fdlu\u010dne, \u00fadajov o n\u00e1v\u0161tevnosti, \u00fadajov o polohe, weblogov a in\u00fdch komunika\u010dn\u00fdch \u00fadajov (tieto \u00fadaje v\u00e1s v\u0161ak osobne neidentifikuj\u00fa ).<\/p>\n\n\n\n<p>Va\u0161e platobn\u00e9 \u00fadaje (napr. \u00fadaje o kreditnej karte) poskytnut\u00e9 v pr\u00edpade, \u017ee prispejete prostredn\u00edctvom na\u0161ej webovej str\u00e1nky, neprijmeme ani neulo\u017e\u00edme. Tieto inform\u00e1cie s\u00fa spracov\u00e1van\u00e9 bezpe\u010dne a s\u00fakromne spracovate\u013emi platieb tret\u00edch str\u00e1n, ktor\u00fdch pou\u017e\u00edvame. K t\u00fdmto inform\u00e1ci\u00e1m nebudeme ma\u0165 kedyko\u013evek pr\u00edstup. Va\u0161e osobn\u00e9 \u00fadaje m\u00f4\u017eeme zdie\u013ea\u0165 s na\u0161imi spracovate\u013emi platieb, ale iba na \u00fa\u010dely vykonania pr\u00edslu\u0161nej platobnej transakcie. Tak\u00edto spracovatelia platieb maj\u00fa zak\u00e1zan\u00e9 pou\u017e\u00edva\u0165 va\u0161e osobn\u00e9 \u00fadaje s v\u00fdnimkou poskytovania t\u00fdchto nevyhnutn\u00fdch platobn\u00fdch slu\u017eieb pre n\u00e1s a s\u00fa povinn\u00ed zachov\u00e1va\u0165 ml\u010danlivos\u0165 o va\u0161ich osobn\u00fdch \u00fadajoch a platobn\u00fdch \u00fadajoch.<\/p>\n\n\n\n<div style=\"height:20px\" aria-hidden=\"true\" class=\"wp-block-spacer\"><\/div>\n\n\n\n<h3 class=\"has-brand-one-color has-text-color wp-block-heading\" id=\"7-use-storage-and-disclosure-of-your-information\"><strong>7. Pou\u017e\u00edvanie, uchov\u00e1vanie a zverej\u0148ovanie va\u0161ich inform\u00e1ci\u00ed<\/strong><\/h3>\n\n\n\n<p>Tieto osobn\u00e9 \u00fadaje m\u00f4\u017eeme uchov\u00e1va\u0165 a spracov\u00e1va\u0165 v s\u00falade so z\u00e1konom o ochrane \u00fadajov z roku 2018, ale nebudeme ich pren\u00e1\u0161a\u0165, zdie\u013ea\u0165, pred\u00e1va\u0165, prenaj\u00edma\u0165 ani prenaj\u00edma\u0165 tret\u00edm stran\u00e1m.<\/p>\n\n\n\n<p>Inform\u00e1cie, ktor\u00e9 o v\u00e1s zhroma\u017e\u010fujeme a uchov\u00e1vame, sa prim\u00e1rne pou\u017e\u00edvaj\u00fa na to, aby sme v\u00e1m mohli poskytova\u0165 na\u0161e slu\u017eby. Okrem toho m\u00f4\u017eeme tieto inform\u00e1cie pou\u017ei\u0165 na nasleduj\u00face \u00fa\u010dely:<\/p>\n\n\n\n<p>Aby sme v\u00e1m poskytli inform\u00e1cie, ktor\u00e9 od n\u00e1s po\u017eadujeme a ktor\u00e9 sa t\u00fdkaj\u00fa na\u0161ich slu\u017eieb. Poskytovanie inform\u00e1ci\u00ed o in\u00fdch slu\u017eb\u00e1ch, o ktor\u00fdch sa domnievame, \u017ee by v\u00e1s mohli zauj\u00edma\u0165, ak ste s\u00fahlasili s prij\u00edman\u00edm tak\u00fdchto inform\u00e1ci\u00ed;<\/p>\n\n\n\n<p>Aby sme splnili na\u0161e pr\u00edpadn\u00e9 zmluvn\u00e9 z\u00e1v\u00e4zky vo\u010di v\u00e1m;<\/p>\n\n\n\n<p>Aby sme v\u00e1s informovali o ak\u00fdchko\u013evek zmen\u00e1ch na na\u0161ej webovej lokalite, ako s\u00fa vylep\u0161enia alebo zmeny slu\u017eby\/produktu, ktor\u00e9 m\u00f4\u017eu ovplyvni\u0165 na\u0161u slu\u017ebu;<\/p>\n\n\n\n<p>Pom\u00e1ha chr\u00e1ni\u0165 pred podvodmi a minimalizova\u0165 riziko.<\/p>\n\n\n\n<p>Upozor\u0148ujeme, \u017ee inform\u00e1cie o identifikovate\u013en\u00fdch jednotlivcoch neprezr\u00e1dzame \u017eiadnym na\u0161im tret\u00edm stran\u00e1m, ale pr\u00edle\u017eitostne im m\u00f4\u017eeme poskytn\u00fa\u0165 s\u00fahrnn\u00e9 \u0161tatistick\u00e9 inform\u00e1cie o na\u0161ich n\u00e1v\u0161tevn\u00edkoch.<\/p>\n\n\n\n<p>V r\u00e1mci slu\u017eieb, ktor\u00e9 v\u00e1m pon\u00fakame, napr\u00edklad prostredn\u00edctvom na\u0161ej webovej str\u00e1nky, m\u00f4\u017eu by\u0165 inform\u00e1cie, ktor\u00e9 n\u00e1m poskytnete, prenesen\u00e9 do kraj\u00edn mimo Eur\u00f3pskeho hospod\u00e1rskeho priestoru (EHP), nie v\u0161ak ulo\u017een\u00e9 v krajin\u00e1ch mimo Eur\u00f3pskeho hospod\u00e1rskeho priestoru (EHP), ke\u010f\u017ee na poskytovanie vyu\u017e\u00edvame hostite\u013eov vzdialen\u00fdch serverov webov\u00fdch str\u00e1nok. webov\u00fa str\u00e1nku a niektor\u00e9 aspekty na\u0161ej slu\u017eby, ktor\u00e9 m\u00f4\u017eu by\u0165 zalo\u017een\u00e9 mimo EHP, alebo pou\u017e\u00edva\u0165 servery so s\u00eddlom mimo EHP \u2013 to je vo v\u0161eobecnosti povaha \u00fadajov ulo\u017een\u00fdch v \u201eCloude\u201c. K prenosu va\u0161ich osobn\u00fdch \u00fadajov m\u00f4\u017ee d\u00f4js\u0165, ak sa ktor\u00fdko\u013evek z na\u0161ich serverov nach\u00e1dza v krajine mimo EHP alebo sa jeden z na\u0161ich poskytovate\u013eov slu\u017eieb nach\u00e1dza v krajine mimo EHP. Ak t\u00fdmto sp\u00f4sobom pren\u00e1\u0161ame alebo uchov\u00e1vame va\u0161e osobn\u00e9 \u00fadaje mimo EHP, podnikneme kroky s cie\u013eom zabezpe\u010di\u0165, aby va\u0161e pr\u00e1va na ochranu osobn\u00fdch \u00fadajov boli na\u010falej chr\u00e1nen\u00e9, ako je uveden\u00e9 v t\u00fdchto z\u00e1sad\u00e1ch ochrany osobn\u00fdch \u00fadajov a v s\u00falade so z\u00e1konom o ochrane \u00fadajov z roku 1998 (2018). ). Ak pou\u017e\u00edvate na\u0161u slu\u017ebu, ke\u010f ste mimo EHP, va\u0161e osobn\u00e9 \u00fadaje m\u00f4\u017eu by\u0165 prenesen\u00e9 mimo EHP, aby sme v\u00e1m mohli poskytn\u00fa\u0165 tieto slu\u017eby.<\/p>\n\n\n\n<p>Bez v\u00e1\u0161ho v\u00fdslovn\u00e9ho s\u00fahlasu nepou\u017e\u00edvame a neprezr\u00e1dzame citliv\u00e9 osobn\u00e9 \u00fadaje ako je rasa, n\u00e1bo\u017eenstvo alebo politick\u00e1 orient\u00e1cia.<\/p>\n\n\n\n<p>V opa\u010dnom pr\u00edpade budeme spracov\u00e1va\u0165, zverej\u0148ova\u0165 alebo zdie\u013ea\u0165 va\u0161e osobn\u00e9 \u00fadaje iba vtedy, ak to vy\u017eaduje z\u00e1kon alebo v dobrej viere, \u017ee tak\u00e9to konanie je nevyhnutn\u00e9 na splnenie z\u00e1konn\u00fdch po\u017eiadaviek alebo pr\u00e1vneho procesu pod\u00e1van\u00e9ho nami alebo na webovej str\u00e1nke.<\/p>\n\n\n\n<p>M\u00e1te pr\u00e1vo odmietnu\u0165 sprac\u00favanie va\u0161ich osobn\u00fdch \u00fadajov na marketingov\u00e9 \u00fa\u010dely tak, \u017ee n\u00e1s kontaktujete na adrese <a href=\"mailto:info@bawso.org.uk\" target=\"_blank\" rel=\"noreferrer noopener\">info@bawso.org.uk<\/a><\/p>\n\n\n\n<div style=\"height:20px\" aria-hidden=\"true\" class=\"wp-block-spacer\"><\/div>\n\n\n\n<h3 class=\"has-brand-one-color has-text-color wp-block-heading\" id=\"8-security\"><strong>8. Bezpe\u010dnos\u0165<\/strong><\/h3>\n\n\n\n<p>Prenos inform\u00e1ci\u00ed cez internet alebo e-mail nie je \u00faplne bezpe\u010dn\u00fd. Hoci sa budeme sna\u017ei\u0165 chr\u00e1ni\u0165 va\u0161e osobn\u00e9 \u00fadaje, nem\u00f4\u017eeme zaru\u010di\u0165 bezpe\u010dnos\u0165 \u00fadajov, k\u00fdm ich pren\u00e1\u0161ate na na\u0161u str\u00e1nku; ka\u017ed\u00fd tak\u00fdto prenos je na va\u0161e vlastn\u00e9 riziko. Po prijat\u00ed va\u0161ich osobn\u00fdch \u00fadajov pou\u017eijeme pr\u00edsne postupy a bezpe\u010dnostn\u00e9 prvky, aby sme zabr\u00e1nili neopr\u00e1vnen\u00e9mu pr\u00edstupu.<\/p>\n\n\n\n<p>Tam, kde sme v\u00e1m dali (alebo kde ste si zvolili) heslo, aby ste mali pr\u00edstup k ur\u010dit\u00fdm \u010dastiam na\u0161ej str\u00e1nky, zodpoved\u00e1te za uchovanie tohto hesla v tajnosti. Mali by ste si zvoli\u0165 heslo, ktor\u00e9 nie je \u013eahk\u00e9 uh\u00e1dnu\u0165.<\/p>\n\n\n\n<div style=\"height:20px\" aria-hidden=\"true\" class=\"wp-block-spacer\"><\/div>\n\n\n\n<h3 class=\"has-brand-one-color has-text-color wp-block-heading\" id=\"9-third-party-links\"><strong>9. Odkazy tret\u00edch str\u00e1n<\/strong><\/h3>\n\n\n\n<p>Na na\u0161ich vy\u0161\u0161ie uveden\u00fdch webov\u00fdch str\u00e1nkach m\u00f4\u017eete n\u00e1js\u0165 odkazy na webov\u00e9 str\u00e1nky tret\u00edch str\u00e1n. Tieto webov\u00e9 str\u00e1nky by mali ma\u0165 svoje vlastn\u00e9 z\u00e1sady ochrany osobn\u00fdch \u00fadajov, ktor\u00e9 by ste si mali skontrolova\u0165. Neprij\u00edmame \u017eiadnu zodpovednos\u0165 za ich webov\u00e9 str\u00e1nky alebo z\u00e1sady, ke\u010f\u017ee nad nimi nem\u00e1me \u017eiadnu kontrolu.<\/p>\n\n\n\n<div style=\"height:20px\" aria-hidden=\"true\" class=\"wp-block-spacer\"><\/div>\n\n\n\n<h3 class=\"has-brand-one-color has-text-color wp-block-heading\" id=\"10-cookies\"><strong>10. Cookies<\/strong><\/h3>\n\n\n\n<p>Pr\u00edle\u017eitostne m\u00f4\u017eeme zhroma\u017e\u010fova\u0165 inform\u00e1cie o va\u0161om po\u010d\u00edta\u010di pre na\u0161e slu\u017eby a poskytova\u0165 \u0161tatistick\u00e9 inform\u00e1cie o pou\u017e\u00edvan\u00ed na\u0161ej webovej str\u00e1nky na\u0161im inzerentom. Tak\u00e9to inform\u00e1cie v\u00e1s osobne neidentifikuj\u00fa \u2013 ide o \u0161tatistick\u00e9 \u00fadaje o na\u0161ich n\u00e1v\u0161tevn\u00edkoch a ich pou\u017e\u00edvan\u00ed na\u0161ej str\u00e1nky. Tieto \u0161tatistick\u00e9 \u00fadaje neidentifikuj\u00fa \u017eiadne osobn\u00e9 \u00fadaje. Podobne, ako je uveden\u00e9 vy\u0161\u0161ie, m\u00f4\u017eeme zhroma\u017e\u010fova\u0165 inform\u00e1cie o va\u0161om v\u0161eobecnom pou\u017e\u00edvan\u00ed internetu pomocou s\u00faboru cookie. V pr\u00edpade pou\u017eitia sa tieto cookies stiahnu do v\u00e1\u0161ho po\u010d\u00edta\u010da automaticky. Tento s\u00fabor cookie je ulo\u017een\u00fd na pevnom disku v\u00e1\u0161ho po\u010d\u00edta\u010da, preto\u017ee s\u00fabory cookie obsahuj\u00fa inform\u00e1cie, ktor\u00e9 sa pren\u00e1\u0161aj\u00fa na pevn\u00fd disk v\u00e1\u0161ho po\u010d\u00edta\u010da. Pom\u00e1haj\u00fa n\u00e1m zlep\u0161ova\u0165 na\u0161u webov\u00fa str\u00e1nku a slu\u017eby, ktor\u00e9 v\u00e1m poskytujeme. V\u0161etky po\u010d\u00edta\u010de maj\u00fa mo\u017enos\u0165 odmietnu\u0165 s\u00fabory cookie. M\u00f4\u017eete to urobi\u0165 aktiv\u00e1ciou nastavenia vo va\u0161om prehliada\u010di, ktor\u00e9 v\u00e1m umo\u017e\u0148uje odmietnu\u0165 cookies. Upozor\u0148ujeme, \u017ee ak sa rozhodnete odmietnu\u0165 s\u00fabory cookie, m\u00f4\u017ee sa sta\u0165, \u017ee nebudete m\u00f4c\u0165 pristupova\u0165 k ur\u010dit\u00fdm \u010dastiam na\u0161ej webovej str\u00e1nky.<\/p>\n\n\n\n<div style=\"height:20px\" aria-hidden=\"true\" class=\"wp-block-spacer\"><\/div>\n\n\n\n<h3 class=\"has-brand-one-color has-text-color wp-block-heading\" id=\"11-access-to-information\"><strong>11. Pr\u00edstup k inform\u00e1ci\u00e1m<\/strong><\/h3>\n\n\n\n<p>Z\u00e1kon o ochrane \u00fadajov z roku 2018 v\u00e1m d\u00e1va pr\u00e1vo na pr\u00edstup k inform\u00e1ci\u00e1m, ktor\u00e9 o v\u00e1s uchov\u00e1vame. Toto pr\u00e1vo si m\u00f4\u017eete uplatni\u0165 v s\u00falade so Z\u00e1konom. Ak chcete dost\u00e1va\u0165 podrobnosti, ktor\u00e9 o v\u00e1s uchov\u00e1vame, kontaktujte n\u00e1s pomocou kontaktn\u00fdch \u00fadajov uveden\u00fdch ni\u017e\u0161ie:<br><br>E-mail na adresu: <a rel=\"noreferrer noopener\" href=\"mailto:dataprotection@bawso.org.uk\" target=\"_blank\">dataprotection@bawso.org.uk<\/a><br>Tel : <a href=\"http:\/\/02920644633\" data-type=\"URL\" data-id=\"02920644633\">02920644633<\/a><br>ved\u00faci oddelenia zabezpe\u010denia kvality a dodr\u017eiavania predpisov,<br>Jednotka 4, Sovereign Quay,<br>Havannah Street,<br>Cardiff,<br>CF10 5SF<\/p>\n\n\n\n<div style=\"height:20px\" aria-hidden=\"true\" class=\"wp-block-spacer\"><\/div>\n\n\n\n<h3 class=\"has-brand-one-color has-text-color wp-block-heading\" id=\"12-changes-to-this-policy\"><strong>12. Zmeny t\u00fdchto Z\u00e1sad<\/strong><\/h3>\n\n\n\n<p>Tieto z\u00e1sady ochrany osobn\u00fdch \u00fadajov m\u00f4\u017eeme kedyko\u013evek aktualizova\u0165, aby odr\u00e1\u017eali zmeny na vy\u0161\u0161ie uveden\u00fdch webov\u00fdch str\u00e1nkach a sp\u00e4tn\u00fa v\u00e4zbu od z\u00e1kazn\u00edkov. Pravidelne kontrolujte tieto z\u00e1sady ochrany osobn\u00fdch \u00fadajov, aby ste boli informovan\u00ed o na\u0161ich aktu\u00e1lnych z\u00e1sad\u00e1ch ochrany osobn\u00fdch \u00fadajov<\/p>","protected":false},"excerpt":{"rendered":"<p>Website Terms of Use &amp; Privacy \u201cWe\u201d and \u201cOur\u201d below refer to \u201cBawso\u201d and anyone in our employment or working on our behalf. By using our website, you are agreeing [&hellip;]<\/p>\n","protected":false},"author":1,"featured_media":0,"parent":0,"menu_order":14,"comment_status":"closed","ping_status":"closed","template":"","meta":{"_acf_changed":false,"_seopress_robots_primary_cat":"","_seopress_titles_title":"Bawso | Terms &amp; Conditions","_seopress_titles_desc":"Bawso terms of use - by using our website, you are agreeing to be bound by terms and conditions of use and our privacy statement.","_seopress_robots_index":"","footnotes":""},"class_list":["post-272","page","type-page","status-publish","hentry"],"acf":[],"publishpress_future_action":{"enabled":false,"date":"2026-06-27 14:16:08","action":"category-add","newStatus":"draft","terms":[],"taxonomy":"","extraData":[]},"publishpress_future_workflow_manual_trigger":{"enabledWorkflows":[]},"_links":{"self":[{"href":"https:\/\/bawso.org.uk\/sk\/wp-json\/wp\/v2\/pages\/272","targetHints":{"allow":["GET"]}}],"collection":[{"href":"https:\/\/bawso.org.uk\/sk\/wp-json\/wp\/v2\/pages"}],"about":[{"href":"https:\/\/bawso.org.uk\/sk\/wp-json\/wp\/v2\/types\/page"}],"author":[{"embeddable":true,"href":"https:\/\/bawso.org.uk\/sk\/wp-json\/wp\/v2\/users\/1"}],"replies":[{"embeddable":true,"href":"https:\/\/bawso.org.uk\/sk\/wp-json\/wp\/v2\/comments?post=272"}],"version-history":[{"count":0,"href":"https:\/\/bawso.org.uk\/sk\/wp-json\/wp\/v2\/pages\/272\/revisions"}],"wp:attachment":[{"href":"https:\/\/bawso.org.uk\/sk\/wp-json\/wp\/v2\/media?parent=272"}],"curies":[{"name":"pracovn\u00fd list","href":"https:\/\/api.w.org\/{rel}","templated":true}]}}