{"id":1535,"date":"2022-08-11T19:40:46","date_gmt":"2022-08-11T18:40:46","guid":{"rendered":"https:\/\/bawso.org.uk\/?page_id=1535"},"modified":"2022-08-12T12:54:53","modified_gmt":"2022-08-12T11:54:53","slug":"grants-team","status":"publish","type":"page","link":"https:\/\/bawso.org.uk\/sk\/grants-team\/","title":{"rendered":"Grantov\u00fd t\u00edm"},"content":{"rendered":"<p class=\"is-style-text-x-large\">Bawso m\u00e1 \u0161pecializovan\u00fd grantov\u00fd t\u00edm s odborn\u00fdmi znalos\u0165ami v oblasti riadenia a spravovania grantov od britsk\u00fdch a miestnych org\u00e1nov \u010diernym a men\u0161inov\u00fdm skupin\u00e1m vo Walese.<\/p>\n\n\n\n<p class=\"is-style-default\">T\u00e1to schopnos\u0165 bola vyvinut\u00e1 v posledn\u00fdch rokoch pri poskytovan\u00ed grantov\u00fdch programov Glob\u00e1lneho v\u00e4\u010d\u0161inov\u00e9ho fondu, ktor\u00e9 poskytuje Comic Relief.<\/p>\n\n\n\n<p class=\"is-style-default\">Bawso m\u00e1 hlbok\u00e9 a dlhodob\u00e9 vz\u0165ahy s \u010derno\u0161sk\u00fdmi skupinami a vodcami komun\u00edt po celom Walese. Rada Bawso, zamestnanci a dobrovo\u013en\u00edci poch\u00e1dzaj\u00fa z t\u00fdchto komun\u00edt a Bawso m\u00e1 osved\u010den\u00fa a overen\u00fa kapacitu na poskytovanie grantov a na podporu a poradenstvo poskytovate\u013eom grantov, ktor\u00ed chc\u00fa p\u00f4sobi\u0165 vo Walese. V tejto oblasti vykon\u00e1va prim\u00e1rny v\u00fdskum.<\/p>","protected":false},"excerpt":{"rendered":"<p>Bawso has a specialist grants team with expertise in managing and administering grants from UK and local bodies to black and minoritised groups in Wales. This capability has been developed [&hellip;]<\/p>\n","protected":false},"author":1,"featured_media":0,"parent":0,"menu_order":3,"comment_status":"closed","ping_status":"closed","template":"","meta":{"_acf_changed":false,"_seopress_robots_primary_cat":"","_seopress_titles_title":"Bawso | Grants Team","_seopress_titles_desc":"Bawso has a specialist grants team with expertise in managing and administering grants from UK and local bodies to black and minoritised groups in Wales.","_seopress_robots_index":"","footnotes":""},"class_list":["post-1535","page","type-page","status-publish","hentry"],"acf":[],"publishpress_future_action":{"enabled":false,"date":"2026-06-27 14:29:07","action":"category-add","newStatus":"draft","terms":[],"taxonomy":"","extraData":[]},"publishpress_future_workflow_manual_trigger":{"enabledWorkflows":[]},"_links":{"self":[{"href":"https:\/\/bawso.org.uk\/sk\/wp-json\/wp\/v2\/pages\/1535","targetHints":{"allow":["GET"]}}],"collection":[{"href":"https:\/\/bawso.org.uk\/sk\/wp-json\/wp\/v2\/pages"}],"about":[{"href":"https:\/\/bawso.org.uk\/sk\/wp-json\/wp\/v2\/types\/page"}],"author":[{"embeddable":true,"href":"https:\/\/bawso.org.uk\/sk\/wp-json\/wp\/v2\/users\/1"}],"replies":[{"embeddable":true,"href":"https:\/\/bawso.org.uk\/sk\/wp-json\/wp\/v2\/comments?post=1535"}],"version-history":[{"count":3,"href":"https:\/\/bawso.org.uk\/sk\/wp-json\/wp\/v2\/pages\/1535\/revisions"}],"predecessor-version":[{"id":1562,"href":"https:\/\/bawso.org.uk\/sk\/wp-json\/wp\/v2\/pages\/1535\/revisions\/1562"}],"wp:attachment":[{"href":"https:\/\/bawso.org.uk\/sk\/wp-json\/wp\/v2\/media?parent=1535"}],"curies":[{"name":"pracovn\u00fd list","href":"https:\/\/api.w.org\/{rel}","templated":true}]}}