{"id":1139,"date":"2022-06-24T09:50:19","date_gmt":"2022-06-24T08:50:19","guid":{"rendered":"https:\/\/bawso.org.uk\/?page_id=1139"},"modified":"2022-08-12T13:48:14","modified_gmt":"2022-08-12T12:48:14","slug":"wales-for-africa","status":"publish","type":"page","link":"https:\/\/bawso.org.uk\/sk\/wales-for-africa\/","title":{"rendered":"Wales pre Afriku"},"content":{"rendered":"<h2 class=\"wp-block-heading\"><strong>Zvy\u0161ovanie povedomia na medzin\u00e1rodnej \u00farovni<\/strong><\/h2>\n\n\n\n<p class=\"is-style-default\">Je smutnou skuto\u010dnos\u0165ou, \u017ee \u010dierne a men\u0161inov\u00e9 \u017eeny poci\u0165uj\u00fa nerovnos\u0165 vo v\u0161etk\u00fdch aspektoch svojho ka\u017edodenn\u00e9ho \u017eivota, ako aj v priebehu hist\u00f3rie. Rodovo podmienen\u00e9 n\u00e1silie a obchodovanie s \u013eu\u010fmi prevl\u00e1daj\u00fa v zaostal\u00fdch oblastiach, kde maj\u00fa \u017eeny hor\u0161\u00ed pr\u00edstup k vzdel\u00e1vaniu, odbornej pr\u00edprave a udr\u017eate\u013en\u00e9mu \u017eivobytiu.<\/p>\n\n\n\n<p class=\"is-style-default\">Bawso vedie projekt \u201eWales v Afrike\u201c financovan\u00fd waleskou vl\u00e1dou prostredn\u00edctvom Walesk\u00e9ho centra pre dobrovo\u013en\u00edcke slu\u017eby s partnerom v Keni, Agent\u00farou pre rozvoj kres\u0165ansk\u00fdch partnerov, s cie\u013eom vytvori\u0165 v komunite povedomie o n\u00e1sil\u00ed p\u00e1chanom na \u017een\u00e1ch a diev\u010dat\u00e1ch, najm\u00e4 na mlad\u00fdch diev\u010dat\u00e1ch. ktor\u00ed s\u00fa vystaven\u00ed zv\u00fd\u0161en\u00e9mu riziku n\u00e1silia zo strany rodinn\u00fdch pr\u00edslu\u0161n\u00edkov a komunity.<\/p>\n\n\n\n<p class=\"is-style-default\">T\u00e1to pr\u00e1ca je spojen\u00e1 s aktivitami v komunit\u00e1ch vo Walese s cie\u013eom zv\u00fd\u0161i\u0165 povedomie o n\u00e1sil\u00ed p\u00e1chanom na \u017een\u00e1ch, dom\u00e1com zneu\u017e\u00edvan\u00ed a sexu\u00e1lnom n\u00e1sil\u00ed. Interakt\u00edvne stretnutia pom\u00e1haj\u00fa informova\u0165 mlad\u00fdch \u013eud\u00ed o v\u0161etk\u00fdch form\u00e1ch n\u00e1silia p\u00e1chan\u00e9ho na \u017een\u00e1ch a diev\u010dat\u00e1ch a podporuj\u00fa zdrav\u00e9 vz\u0165ahy.<\/p>\n\n\n\n<p class=\"is-style-default\">Pre viac inform\u00e1ci\u00ed o tomto projekte n\u00e1m po\u0161lite e-mail: <a href=\"mailto:info@bawso.org.uk\">info@bawso.org.uk<\/a><\/p>\n\n\n\n<div style=\"height:20px\" aria-hidden=\"true\" class=\"wp-block-spacer\"><\/div>\n\n\n\n<figure class=\"wp-block-gallery has-nested-images columns-default is-cropped wp-block-gallery-1 is-layout-flex wp-block-gallery-is-layout-flex\">\n<figure class=\"wp-block-image size-medium\"><a href=\"https:\/\/bawso.org.uk\/wp-content\/uploads\/2022\/03\/BAWSO-21.jpg\"><img loading=\"lazy\" decoding=\"async\" width=\"300\" height=\"225\" data-id=\"601\" src=\"https:\/\/bawso.org.uk\/wp-content\/uploads\/2022\/03\/BAWSO-21-300x225.jpg\" alt=\"\" class=\"wp-image-601\" srcset=\"https:\/\/bawso.org.uk\/wp-content\/uploads\/2022\/03\/BAWSO-21-300x225.jpg 300w, https:\/\/bawso.org.uk\/wp-content\/uploads\/2022\/03\/BAWSO-21-768x576.jpg 768w, https:\/\/bawso.org.uk\/wp-content\/uploads\/2022\/03\/BAWSO-21-16x12.jpg 16w, https:\/\/bawso.org.uk\/wp-content\/uploads\/2022\/03\/BAWSO-21.jpg 1024w\" sizes=\"auto, (max-width: 300px) 100vw, 300px\" \/><\/a><\/figure>\n\n\n\n<figure class=\"wp-block-image size-medium\"><a href=\"https:\/\/bawso.org.uk\/wp-content\/uploads\/2022\/03\/BAWSO-32.jpg\"><img loading=\"lazy\" decoding=\"async\" width=\"300\" height=\"279\" data-id=\"612\" src=\"https:\/\/bawso.org.uk\/wp-content\/uploads\/2022\/03\/BAWSO-32-300x279.jpg\" alt=\"\" class=\"wp-image-612\" srcset=\"https:\/\/bawso.org.uk\/wp-content\/uploads\/2022\/03\/BAWSO-32-300x279.jpg 300w, https:\/\/bawso.org.uk\/wp-content\/uploads\/2022\/03\/BAWSO-32-13x12.jpg 13w, https:\/\/bawso.org.uk\/wp-content\/uploads\/2022\/03\/BAWSO-32.jpg 720w\" sizes=\"auto, (max-width: 300px) 100vw, 300px\" \/><\/a><\/figure>\n\n\n\n<figure class=\"wp-block-image size-medium\"><a href=\"https:\/\/bawso.org.uk\/wp-content\/uploads\/2022\/03\/BAWSO-27.jpg\"><img loading=\"lazy\" decoding=\"async\" width=\"300\" height=\"225\" data-id=\"607\" src=\"https:\/\/bawso.org.uk\/wp-content\/uploads\/2022\/03\/BAWSO-27-300x225.jpg\" alt=\"\" class=\"wp-image-607\" srcset=\"https:\/\/bawso.org.uk\/wp-content\/uploads\/2022\/03\/BAWSO-27-300x225.jpg 300w, https:\/\/bawso.org.uk\/wp-content\/uploads\/2022\/03\/BAWSO-27-768x576.jpg 768w, https:\/\/bawso.org.uk\/wp-content\/uploads\/2022\/03\/BAWSO-27-16x12.jpg 16w, https:\/\/bawso.org.uk\/wp-content\/uploads\/2022\/03\/BAWSO-27.jpg 1024w\" sizes=\"auto, (max-width: 300px) 100vw, 300px\" \/><\/a><\/figure>\n\n\n\n<figure class=\"wp-block-image size-medium\"><a href=\"https:\/\/bawso.org.uk\/wp-content\/uploads\/2022\/03\/Bawso-Africa-Project.jpg\"><img loading=\"lazy\" decoding=\"async\" width=\"1024\" height=\"678\" data-id=\"566\" src=\"https:\/\/bawso.org.uk\/wp-content\/uploads\/2022\/03\/Bawso-Africa-Project.jpg\" alt=\"Bawso Africa Project\" class=\"wp-image-566\" srcset=\"https:\/\/bawso.org.uk\/wp-content\/uploads\/2022\/03\/Bawso-Africa-Project.jpg 1024w, https:\/\/bawso.org.uk\/wp-content\/uploads\/2022\/03\/Bawso-Africa-Project-300x199.jpg 300w, https:\/\/bawso.org.uk\/wp-content\/uploads\/2022\/03\/Bawso-Africa-Project-768x509.jpg 768w, https:\/\/bawso.org.uk\/wp-content\/uploads\/2022\/03\/Bawso-Africa-Project-18x12.jpg 18w\" sizes=\"auto, (max-width: 1024px) 100vw, 1024px\" \/><\/a><\/figure>\n\n\n\n<figure class=\"wp-block-image size-medium\"><a href=\"https:\/\/bawso.org.uk\/wp-content\/uploads\/2022\/03\/BAWSO-25.jpg\"><img loading=\"lazy\" decoding=\"async\" width=\"300\" height=\"225\" data-id=\"605\" src=\"https:\/\/bawso.org.uk\/wp-content\/uploads\/2022\/03\/BAWSO-25-300x225.jpg\" alt=\"\" class=\"wp-image-605\" srcset=\"https:\/\/bawso.org.uk\/wp-content\/uploads\/2022\/03\/BAWSO-25-300x225.jpg 300w, https:\/\/bawso.org.uk\/wp-content\/uploads\/2022\/03\/BAWSO-25-768x576.jpg 768w, https:\/\/bawso.org.uk\/wp-content\/uploads\/2022\/03\/BAWSO-25-16x12.jpg 16w, https:\/\/bawso.org.uk\/wp-content\/uploads\/2022\/03\/BAWSO-25.jpg 1024w\" sizes=\"auto, (max-width: 300px) 100vw, 300px\" \/><\/a><\/figure>\n<\/figure>\n\n\n\n<div class=\"wp-block-buttons is-layout-flex wp-block-buttons-is-layout-flex\"><\/div>","protected":false},"excerpt":{"rendered":"<p>Raising Awareness Internationally It is a sad fact that black and minoritised women experience inequality in all facets of their daily life, as they have throughout history. Gender based violence [&hellip;]<\/p>\n","protected":false},"author":1,"featured_media":0,"parent":0,"menu_order":9,"comment_status":"closed","ping_status":"closed","template":"","meta":{"_acf_changed":false,"_seopress_robots_primary_cat":"","_seopress_titles_title":"","_seopress_titles_desc":"","_seopress_robots_index":"","footnotes":""},"class_list":["post-1139","page","type-page","status-publish","hentry"],"acf":[],"publishpress_future_action":{"enabled":false,"date":"2026-06-27 14:19:53","action":"category-add","newStatus":"draft","terms":[],"taxonomy":"","extraData":[]},"publishpress_future_workflow_manual_trigger":{"enabledWorkflows":[]},"_links":{"self":[{"href":"https:\/\/bawso.org.uk\/sk\/wp-json\/wp\/v2\/pages\/1139","targetHints":{"allow":["GET"]}}],"collection":[{"href":"https:\/\/bawso.org.uk\/sk\/wp-json\/wp\/v2\/pages"}],"about":[{"href":"https:\/\/bawso.org.uk\/sk\/wp-json\/wp\/v2\/types\/page"}],"author":[{"embeddable":true,"href":"https:\/\/bawso.org.uk\/sk\/wp-json\/wp\/v2\/users\/1"}],"replies":[{"embeddable":true,"href":"https:\/\/bawso.org.uk\/sk\/wp-json\/wp\/v2\/comments?post=1139"}],"version-history":[{"count":14,"href":"https:\/\/bawso.org.uk\/sk\/wp-json\/wp\/v2\/pages\/1139\/revisions"}],"predecessor-version":[{"id":1582,"href":"https:\/\/bawso.org.uk\/sk\/wp-json\/wp\/v2\/pages\/1139\/revisions\/1582"}],"wp:attachment":[{"href":"https:\/\/bawso.org.uk\/sk\/wp-json\/wp\/v2\/media?parent=1139"}],"curies":[{"name":"pracovn\u00fd list","href":"https:\/\/api.w.org\/{rel}","templated":true}]}}