{"id":4082,"date":"2024-08-28T11:06:31","date_gmt":"2024-08-28T10:06:31","guid":{"rendered":"https:\/\/bawso.org.uk\/?page_id=4082"},"modified":"2024-08-28T11:06:31","modified_gmt":"2024-08-28T10:06:31","slug":"linking-communities-in-africa-to-address-fgm","status":"publish","type":"page","link":"https:\/\/bawso.org.uk\/ro\/linking-communities-in-africa-to-address-fgm\/","title":{"rendered":"Conectarea comunit\u0103\u021bilor din Africa pentru a aborda MGF\u00a0"},"content":{"rendered":"<p>Mutilarea genital\u0103 feminin\u0103 (MGF) este foarte practicat\u0103 \u00een partea de est a Ugandei, \u00een special \u00een regiunea Sebei \u0219i printre Pokots din Amudat, districtul vecin al regiunii Karamoja, unde multe fete tinere sunt for\u021bate s\u0103 adopte aceast\u0103 practic\u0103 periculoas\u0103.&nbsp;<\/p>\n\n\n\n<p>Se crede c\u0103 este un rit de trecere care face trecerea unei fete la gluga de femeie. Cu toate acestea, procesul este foarte dureros \u0219i poate duce la complica\u021bii grave de s\u0103n\u0103tate, infec\u021bii, s\u00e2nger\u0103ri chiar \u0219i moarte.&nbsp;<\/p>\n\n\n\n<p>Potrivit rapoartelor, peste 50% dintre fetele din Sebei \u0219i Amudat sunt supuse unei mutil\u0103ri genitale feminine, unele la o v\u00e2rst\u0103 fraged\u0103 de zece ani fiind for\u021bate \u00een practic\u0103.&nbsp;<\/p>\n\n\n\n<p>Practica se desf\u0103\u0219oar\u0103 \u00eentotdeauna \u00een condi\u021bii insalubre cresc\u00e2nd riscul de infec\u021bie \u0219i alte condi\u021bii de s\u0103n\u0103tate. \u00cen ciuda rezisten\u021bei unor membri ai comunit\u0103\u021bii care o consider\u0103 o tradi\u021bie cultural\u0103 important\u0103, Proiectul de abilitare a comunit\u0103\u021bii din Greater Sebei depune mult efort pentru a men\u021bine leg\u0103tura cu lucr\u0103torii din domeniul s\u0103n\u0103t\u0103\u021bii, activi\u0219tii locali \u0219i autorit\u0103\u021bile guvernamentale, institu\u021bii precum \u0219colile \u0219i bisericile pentru a pune cap\u0103t reducerii.&nbsp;<\/p>\n\n\n\n<p>Greater Sebei Community Empowerment Project lucreaz\u0103 \u00een continuare \u00een parteneriat cu The Christian Partners Development Agency (CDPA) cu sediul \u00een Kenya, pentru a \u00eemp\u0103rt\u0103\u0219i experien\u021be despre cum pot pune cap\u0103t practicii folosind abord\u0103rile de mai jos. CPDA are peste 30 de ani de experien\u021b\u0103 \u00een sus\u021binerea fetelor \u0219i femeilor tinere, abord\u00e2nd violen\u021ba bazat\u0103 pe gen, care include MGF, c\u0103s\u0103toriile timpurii, abuzul domestic, violen\u021ba sexual\u0103, violul \u0219i incestul \u00een Kenya. Ambele organiza\u021bii lucreaz\u0103 \u00een domenii similare de violen\u021b\u0103 \u00eempotriva femeilor \u0219i fetelor, iar experien\u021bele lor individuale contribuie la reducerea ratelor de MGF \u00een regiunea Sebei cu 50% \u00een urm\u0103torii zece ani.\u00a0<\/p>\n\n\n\n<ul class=\"wp-block-list\">\n<li>Sensibilizare continu\u0103 u\u0219\u0103 \u00een u\u0219\u0103&nbsp;<\/li>\n\n\n\n<li>Sensibilizare continu\u0103 a punctelor fierbin\u021bi pentru MGF<\/li>\n\n\n\n<li>Introducerea dezbaterilor \u0219colare pentru ambele genuri pentru a discuta impactul pe care MGF \u00eel are asupra victimelor sale&nbsp;<\/li>\n\n\n\n<li>Cre\u0219terea con\u0219tientiz\u0103rii comunit\u0103\u021bii prin road show-uri&nbsp;<\/li>\n\n\n\n<li>Utilizarea emisiunilor radio comunitare locale at\u00e2t la nivel local, c\u00e2t \u0219i la nivel na\u021bional pentru a vorbi despre MGF&nbsp;<\/li>\n\n\n\n<li>Recrutarea ambasadorilor anti-MGF \u00een comunitate \u0219i \u0219coli&nbsp;&nbsp;<\/li>\n\n\n\n<li>Recunoa\u0219terea ambasadorilor anti-MGF. Voluntarii sunt instrui\u021bi \u0219i li se ofer\u0103 instrumente pentru a cre\u0219te gradul de con\u0219tientizare cu privire la MGF \u00een comunit\u0103\u021bile lor. Ei absolv\u0103 cu o realizare de nivel standard<\/li>\n\n\n\n<li>Men\u021bine un dialog comunit\u0103\u021bii \u00een mod regulat pentru a men\u021bine viu mesajul anti-MGF<\/li>\n<\/ul>\n\n\n\n<div style=\"height:49px\" aria-hidden=\"true\" class=\"wp-block-spacer\"><\/div>\n\n\n\n<div class=\"wp-block-media-text is-stacked-on-mobile\"><figure class=\"wp-block-media-text__media\"><img loading=\"lazy\" decoding=\"async\" width=\"262\" height=\"245\" src=\"https:\/\/bawso.org.uk\/wp-content\/uploads\/2024\/08\/Picture2.png\" alt=\"\" class=\"wp-image-4085 size-full\" srcset=\"https:\/\/bawso.org.uk\/wp-content\/uploads\/2024\/08\/Picture2.png 262w, https:\/\/bawso.org.uk\/wp-content\/uploads\/2024\/08\/Picture2-13x12.png 13w\" sizes=\"auto, (max-width: 262px) 100vw, 262px\" \/><\/figure><div class=\"wp-block-media-text__content\">\n<p><strong><em>CEO-ul CDPA, doamna Alice Kirambi, are o sesiune cu<\/em><\/strong> <strong><em>Supravie\u021buitori MGF\/FISTUL\u0102.<\/em><\/strong><\/p>\n<\/div><\/div>\n\n\n\n<div class=\"wp-block-media-text has-media-on-the-right is-stacked-on-mobile\"><div class=\"wp-block-media-text__content\">\n<p><strong><em>\u00a0Ann de la CDPA faciliteaz\u0103 o sesiune la \u0219coala secundar\u0103 superior\u0103 Kapkwata<\/em><\/strong><\/p>\n<\/div><figure class=\"wp-block-media-text__media\"><img loading=\"lazy\" decoding=\"async\" width=\"664\" height=\"460\" src=\"https:\/\/bawso.org.uk\/wp-content\/uploads\/2024\/08\/Picture3.png\" alt=\"\" class=\"wp-image-4086 size-full\" srcset=\"https:\/\/bawso.org.uk\/wp-content\/uploads\/2024\/08\/Picture3.png 664w, https:\/\/bawso.org.uk\/wp-content\/uploads\/2024\/08\/Picture3-300x208.png 300w, https:\/\/bawso.org.uk\/wp-content\/uploads\/2024\/08\/Picture3-18x12.png 18w\" sizes=\"auto, (max-width: 664px) 100vw, 664px\" \/><\/figure><\/div>","protected":false},"excerpt":{"rendered":"<p>Female Genital Mutilation (FGM) is highly practiced in eastern part of Uganda, particularly the Sebei region and among the Pokots in Amudat the neighboring District of the Karamoja region where [&hellip;]<\/p>\n","protected":false},"author":6,"featured_media":0,"parent":0,"menu_order":0,"comment_status":"closed","ping_status":"closed","template":"","meta":{"_acf_changed":false,"_seopress_robots_primary_cat":"","_seopress_titles_title":"","_seopress_titles_desc":"","_seopress_robots_index":"","footnotes":""},"class_list":["post-4082","page","type-page","status-publish","hentry"],"acf":[],"publishpress_future_action":{"enabled":false,"date":"2026-07-01 04:40:04","action":"category-add","newStatus":"draft","terms":[],"taxonomy":"","extraData":[]},"publishpress_future_workflow_manual_trigger":{"enabledWorkflows":[]},"_links":{"self":[{"href":"https:\/\/bawso.org.uk\/ro\/wp-json\/wp\/v2\/pages\/4082","targetHints":{"allow":["GET"]}}],"collection":[{"href":"https:\/\/bawso.org.uk\/ro\/wp-json\/wp\/v2\/pages"}],"about":[{"href":"https:\/\/bawso.org.uk\/ro\/wp-json\/wp\/v2\/types\/page"}],"author":[{"embeddable":true,"href":"https:\/\/bawso.org.uk\/ro\/wp-json\/wp\/v2\/users\/6"}],"replies":[{"embeddable":true,"href":"https:\/\/bawso.org.uk\/ro\/wp-json\/wp\/v2\/comments?post=4082"}],"version-history":[{"count":2,"href":"https:\/\/bawso.org.uk\/ro\/wp-json\/wp\/v2\/pages\/4082\/revisions"}],"predecessor-version":[{"id":4088,"href":"https:\/\/bawso.org.uk\/ro\/wp-json\/wp\/v2\/pages\/4082\/revisions\/4088"}],"wp:attachment":[{"href":"https:\/\/bawso.org.uk\/ro\/wp-json\/wp\/v2\/media?parent=4082"}],"curies":[{"name":"wp","href":"https:\/\/api.w.org\/{rel}","templated":true}]}}