{"id":3983,"date":"2024-07-10T11:01:52","date_gmt":"2024-07-10T10:01:52","guid":{"rendered":"https:\/\/bawso.org.uk\/?page_id=3983"},"modified":"2024-07-10T11:01:52","modified_gmt":"2024-07-10T10:01:52","slug":"bawso-sebei-fgm-project-update","status":"publish","type":"page","link":"https:\/\/bawso.org.uk\/ro\/bawso-sebei-fgm-project-update\/","title":{"rendered":"Proiectul Bawso \u2013 Sebei FGM UPDATE!\u00a0"},"content":{"rendered":"<p>Suntem \u00eenc\u00e2nta\u021bi s\u0103 anun\u021b\u0103m c\u0103 Greater Sebei Empowerment Project a \u00eenceput lucr\u0103rile de baz\u0103 \u00een Uganda. Scopul acestui proiect este de a vedea o reducere a violen\u021bei \u00eempotriva femeilor \u0219i fetelor (VAWG), care include MGF, schimbarea atitudinii \u0219i \u00eencrederea pentru a contesta practicile culturale d\u0103un\u0103toare.\u00a0\u00a0<\/p>\n\n\n\n<h2 class=\"wp-block-heading\"><strong>Realizari cheie<\/strong>\u00a0<\/h2>\n\n\n\n<p>15 b\u0103tr\u00e2ni ai comunit\u0103\u021bii, at\u00e2t b\u0103rba\u021bi, c\u00e2t \u0219i femei, au participat la castingul de viziune, unde li s-a oferit viziunea proiectului \u0219i strategiile de eliminare a MGF ca parte a abord\u0103rii noastre comunitare de implicare.\u00a0<\/p>\n\n\n\n<figure class=\"wp-block-gallery has-nested-images columns-default is-cropped wp-block-gallery-1 is-layout-flex wp-block-gallery-is-layout-flex\">\n<figure class=\"wp-block-image size-large\"><img loading=\"lazy\" decoding=\"async\" width=\"339\" height=\"452\" data-id=\"3986\" src=\"https:\/\/bawso.org.uk\/wp-content\/uploads\/2024\/07\/Bawso-\u2013-Sebei-FGM-Project-UPDATE-Picture-2.jpg\" alt=\"\" class=\"wp-image-3986\" srcset=\"https:\/\/bawso.org.uk\/wp-content\/uploads\/2024\/07\/Bawso-\u2013-Sebei-FGM-Project-UPDATE-Picture-2.jpg 339w, https:\/\/bawso.org.uk\/wp-content\/uploads\/2024\/07\/Bawso-\u2013-Sebei-FGM-Project-UPDATE-Picture-2-225x300.jpg 225w, https:\/\/bawso.org.uk\/wp-content\/uploads\/2024\/07\/Bawso-\u2013-Sebei-FGM-Project-UPDATE-Picture-2-9x12.jpg 9w\" sizes=\"auto, (max-width: 339px) 100vw, 339px\" \/><\/figure>\n\n\n\n<figure class=\"wp-block-image size-large\"><img loading=\"lazy\" decoding=\"async\" width=\"259\" height=\"194\" data-id=\"3987\" src=\"https:\/\/bawso.org.uk\/wp-content\/uploads\/2024\/07\/Bawso-\u2013-Sebei-FGM-Project-UPDATE-Picture-1.png\" alt=\"\" class=\"wp-image-3987\" srcset=\"https:\/\/bawso.org.uk\/wp-content\/uploads\/2024\/07\/Bawso-\u2013-Sebei-FGM-Project-UPDATE-Picture-1.png 259w, https:\/\/bawso.org.uk\/wp-content\/uploads\/2024\/07\/Bawso-\u2013-Sebei-FGM-Project-UPDATE-Picture-1-16x12.png 16w\" sizes=\"auto, (max-width: 259px) 100vw, 259px\" \/><\/figure>\n<\/figure>\n\n\n\n<p>\u00a0B\u0103tr\u00e2ni care particip\u0103 la castingul pentru viziune Benfred \u2013 unul dintre membrii echipei din proiectul MGF, implic\u00e2nd b\u0103tr\u00e2nii \u00een discu\u021bii despre alternativele la MGF.<\/p>\n\n\n\n<div class=\"wp-block-media-text is-stacked-on-mobile\"><figure class=\"wp-block-media-text__media\"><img loading=\"lazy\" decoding=\"async\" width=\"609\" height=\"456\" src=\"https:\/\/bawso.org.uk\/wp-content\/uploads\/2024\/07\/Bawso-\u2013-Sebei-FGM-Project-UPDATE-Picture-3.jpg\" alt=\"\" class=\"wp-image-3988 size-full\" srcset=\"https:\/\/bawso.org.uk\/wp-content\/uploads\/2024\/07\/Bawso-\u2013-Sebei-FGM-Project-UPDATE-Picture-3.jpg 609w, https:\/\/bawso.org.uk\/wp-content\/uploads\/2024\/07\/Bawso-\u2013-Sebei-FGM-Project-UPDATE-Picture-3-300x225.jpg 300w, https:\/\/bawso.org.uk\/wp-content\/uploads\/2024\/07\/Bawso-\u2013-Sebei-FGM-Project-UPDATE-Picture-3-16x12.jpg 16w\" sizes=\"auto, (max-width: 609px) 100vw, 609px\" \/><\/figure><div class=\"wp-block-media-text__content\">\n<p>La training au participat 20 de profesori din trei \u0219coli diferite. Proiectul de abilitare a Sebeiului Mare \u00ee\u0219i propune s\u0103 lucreze cu \u0219colile \u0219i s\u0103 ofere sesiuni copiilor. Acest lucru a fost salutat de directori \u0219i profesori.<\/p>\n<\/div><\/div>\n\n\n\n<div class=\"wp-block-media-text has-media-on-the-right is-stacked-on-mobile\"><div class=\"wp-block-media-text__content\">\n<p>Echipa s-a \u00eent\u00e2lnit cu 40 de elevi de liceu pentru a discuta despre MGF, oferind tinerilor instrumentele pentru a identifica devreme preocup\u0103rile legate de abuzul asupra copiilor \u0219i VAWG.<\/p>\n<\/div><figure class=\"wp-block-media-text__media\"><img loading=\"lazy\" decoding=\"async\" width=\"256\" height=\"192\" src=\"https:\/\/bawso.org.uk\/wp-content\/uploads\/2024\/07\/Bawso-\u2013-Sebei-FGM-Project-UPDATE-Picture-4.jpg\" alt=\"\" class=\"wp-image-3989 size-full\" srcset=\"https:\/\/bawso.org.uk\/wp-content\/uploads\/2024\/07\/Bawso-\u2013-Sebei-FGM-Project-UPDATE-Picture-4.jpg 256w, https:\/\/bawso.org.uk\/wp-content\/uploads\/2024\/07\/Bawso-\u2013-Sebei-FGM-Project-UPDATE-Picture-4-16x12.jpg 16w\" sizes=\"auto, (max-width: 256px) 100vw, 256px\" \/><\/figure><\/div>\n\n\n\n<div class=\"wp-block-media-text is-stacked-on-mobile\"><figure class=\"wp-block-media-text__media\"><img loading=\"lazy\" decoding=\"async\" width=\"258\" height=\"117\" src=\"https:\/\/bawso.org.uk\/wp-content\/uploads\/2024\/07\/Bawso-\u2013-Sebei-FGM-Project-UPDATE-Picture-5.png\" alt=\"\" class=\"wp-image-3990 size-full\" srcset=\"https:\/\/bawso.org.uk\/wp-content\/uploads\/2024\/07\/Bawso-\u2013-Sebei-FGM-Project-UPDATE-Picture-5.png 258w, https:\/\/bawso.org.uk\/wp-content\/uploads\/2024\/07\/Bawso-\u2013-Sebei-FGM-Project-UPDATE-Picture-5-18x8.png 18w\" sizes=\"auto, (max-width: 258px) 100vw, 258px\" \/><\/figure><div class=\"wp-block-media-text__content\">\n<p>30 din 40 au primit instruire privind abilit\u0103\u021bile de via\u021b\u0103 \u0219i efectele nocive ale MGF.<\/p>\n\n\n\n<p>Winnie, Trainerul de proiect care faciliteaz\u0103 o sesiune de instruire.<\/p>\n<\/div><\/div>\n\n\n\n<p>Acesta este un proiect interesant pentru comunitatea Sebei din estul Ugandei \u0219i a generat deja mult interes \u00een r\u00e2ndul tuturor grupelor de v\u00e2rst\u0103.<\/p>\n\n\n\n<p>Urm\u0103re\u0219te Bawso pe re\u021belele sociale \u0219i pe site-ul web pentru mai multe actualiz\u0103ri din Uganda.<\/p>","protected":false},"excerpt":{"rendered":"<p>We are delighted to announce that Greater Sebei Empowerment Project has started the groundwork in Uganda. The aim of this project is to see a reduction in violence against women [&hellip;]<\/p>\n","protected":false},"author":6,"featured_media":0,"parent":0,"menu_order":0,"comment_status":"closed","ping_status":"closed","template":"","meta":{"_acf_changed":false,"_seopress_robots_primary_cat":"","_seopress_titles_title":"","_seopress_titles_desc":"","_seopress_robots_index":"","footnotes":""},"class_list":["post-3983","page","type-page","status-publish","hentry"],"acf":[],"publishpress_future_action":{"enabled":false,"date":"2026-06-30 04:49:38","action":"category-add","newStatus":"draft","terms":[],"taxonomy":"","extraData":[]},"publishpress_future_workflow_manual_trigger":{"enabledWorkflows":[]},"_links":{"self":[{"href":"https:\/\/bawso.org.uk\/ro\/wp-json\/wp\/v2\/pages\/3983","targetHints":{"allow":["GET"]}}],"collection":[{"href":"https:\/\/bawso.org.uk\/ro\/wp-json\/wp\/v2\/pages"}],"about":[{"href":"https:\/\/bawso.org.uk\/ro\/wp-json\/wp\/v2\/types\/page"}],"author":[{"embeddable":true,"href":"https:\/\/bawso.org.uk\/ro\/wp-json\/wp\/v2\/users\/6"}],"replies":[{"embeddable":true,"href":"https:\/\/bawso.org.uk\/ro\/wp-json\/wp\/v2\/comments?post=3983"}],"version-history":[{"count":1,"href":"https:\/\/bawso.org.uk\/ro\/wp-json\/wp\/v2\/pages\/3983\/revisions"}],"predecessor-version":[{"id":3991,"href":"https:\/\/bawso.org.uk\/ro\/wp-json\/wp\/v2\/pages\/3983\/revisions\/3991"}],"wp:attachment":[{"href":"https:\/\/bawso.org.uk\/ro\/wp-json\/wp\/v2\/media?parent=3983"}],"curies":[{"name":"wp","href":"https:\/\/api.w.org\/{rel}","templated":true}]}}