{"id":3974,"date":"2024-07-10T10:17:09","date_gmt":"2024-07-10T09:17:09","guid":{"rendered":"https:\/\/bawso.org.uk\/?page_id=3974"},"modified":"2024-09-23T14:21:57","modified_gmt":"2024-09-23T13:21:57","slug":"bawso-sebei-project","status":"publish","type":"page","link":"https:\/\/bawso.org.uk\/ro\/bawso-sebei-project\/","title":{"rendered":"Proiect Bawso \u2013 Sebei"},"content":{"rendered":"<figure class=\"wp-block-image size-large\"><img loading=\"lazy\" decoding=\"async\" width=\"1024\" height=\"585\" src=\"https:\/\/bawso.org.uk\/wp-content\/uploads\/2024\/03\/Website-Wordpress-Feature-Image-1100-x-628-px-3-1024x585.png\" alt=\"\" class=\"wp-image-3632\"\/><\/figure>\n\n\n\n<p>Suntem \u00eenc\u00e2nta\u021bi s\u0103 anun\u021b\u0103m un nou proiect care este un parteneriat \u00eentre \u021aara Galilor \u0219i Uganda. Am primit finan\u021bare de la guvernul galez administrat de Consiliul pentru ac\u021biune voluntar\u0103 din \u021aara Galilor (WCVA) \u00een cadrul programului Wales for Africa, pentru a colabora cu Sebei Community Empowerment Project din Uganda pentru a aborda practica MGF.<\/p>\n\n\n\n<figure class=\"wp-block-image size-full is-resized\"><img loading=\"lazy\" decoding=\"async\" width=\"691\" height=\"300\" src=\"https:\/\/bawso.org.uk\/wp-content\/uploads\/2024\/03\/WA_Colour-removebg-preview-e1710238776667.png\" alt=\"\" class=\"wp-image-3619\" style=\"width:839px;height:auto\" srcset=\"https:\/\/bawso.org.uk\/wp-content\/uploads\/2024\/03\/WA_Colour-removebg-preview-e1710238776667.png 691w, https:\/\/bawso.org.uk\/wp-content\/uploads\/2024\/03\/WA_Colour-removebg-preview-e1710238776667-300x130.png 300w, https:\/\/bawso.org.uk\/wp-content\/uploads\/2024\/03\/WA_Colour-removebg-preview-e1710238776667-18x8.png 18w\" sizes=\"auto, (max-width: 691px) 100vw, 691px\" \/><\/figure>\n\n\n\n<p>Proiectul \u00ee\u0219i propune s\u0103 contribuie la eliminarea MGF \u00een regiunea Sebei din estul Ugandei prin educa\u021bie comunitar\u0103 \u0219i cre\u0219terea gradului de con\u0219tientizare. Beneficiile includ crearea unei echipe de sus\u021bin\u0103tori comunitari care s\u0103 includ\u0103 \u0219coli, moa\u0219e preg\u0103tite \u00een mod tradi\u021bional (\u00eenso\u021bitoare tradi\u021bionale de na\u0219tere) \u0219i lideri de opinie care vor conduce proiectul \u0219i vor gestiona rezultatele.<\/p>\n\n\n\n<p>Rezultatul general al proiectului este o reducere a violen\u021bei \u00eempotriva femeilor \u0219i fetelor (VAWG), care include MGF, schimbarea atitudinii \u0219i \u00eencrederea \u00een a contesta practicile culturale d\u0103un\u0103toare. Impactul pe termen lung este realizarea unei reduceri a MGF \u00een regiunea Sebei cu 55% \u00een decurs de 10 ani.<\/p>\n\n\n\n<p>Proiectul va contribui la Legea din 2015 privind bun\u0103starea genera\u021biilor viitoare, echip\u00e2nd profesorii din \u021aara Galilor cu informa\u021bii \u0219i cuno\u0219tin\u021be pentru a identifica fetele expuse riscului de MGF \u0219i pentru a aborda problemele de protec\u021bie pentru tinerele fete BME. De asemenea, va consolida rolul Bawso \u00een furnizarea de servicii \u00een toat\u0103 \u021aara Galilor \u00een sprijinul femeilor din comunit\u0103\u021bile BME \u0219i va crea oportunit\u0103\u021bi de \u00eenv\u0103\u021bare \u00eentre \u021aara Galilor \u0219i Uganda.<\/p>\n\n\n\n<hr class=\"wp-block-separator has-alpha-channel-opacity\"\/>\n\n\n\n<p>\u201eSunt \u00eenc\u00e2ntat s\u0103 anun\u021b c\u0103 Bawso a ob\u021binut finan\u021bare prin programul \u021aara Galilor \u0219i Africa al guvernului galez, d\u00e2nd putere organiza\u021biilor din \u021aara Galilor s\u0103 se angajeze \u00een proiecte aliniate la Obiectivele de dezvoltare durabil\u0103 ale ONU. Aceast\u0103 colaborare este gata s\u0103 aduc\u0103 beneficii substan\u021biale at\u00e2t \u021a\u0103rii Galilor, c\u00e2t \u0219i Africii.<br>&nbsp;<br>Ini\u021biativa noastr\u0103 inovatoare, proiectul Bawso-Sebei, va avea un impact semnificativ asupra eradic\u0103rii mutil\u0103rii genitale feminine (MGF) \u00een regiunea Sebei din Uganda. Prin parteneriate strategice cu grupuri comunitare locale \u0219i \u0219coli, ne propunem s\u0103 ob\u021binem o reducere remarcabil\u0103 de 55% a MGF \u00een urm\u0103torul deceniu.<br>&nbsp;<br>\u00cempreun\u0103, ne angaj\u0103m s\u0103 promov\u0103m schimb\u0103ri pozitive \u0219i s\u0103 contribuim la o lume mai sigur\u0103 \u0219i mai echitabil\u0103.\u201d \u2013 Tina Fahm,&nbsp;<em>CEO Bawso<\/em>.<\/p>\n\n\n\n<h2 class=\"wp-block-heading\"><strong>Face\u021bi cuno\u0219tin\u021b\u0103 cu echipa care lucreaz\u0103 la Proiectul Bawso-Sebei din Uganda&nbsp;<\/strong><\/h2>\n\n\n\n<p>Suntem \u00eenc\u00e2nta\u021bi s\u0103 lucr\u0103m cu echipa Sebei Community Empowerment Project pentru a asigura eliminarea MGF \u00een regiunea Sebei.\u00a0<\/p>\n\n\n\n<div class=\"wp-block-columns is-layout-flex wp-container-core-columns-is-layout-9d6595d7 wp-block-columns-is-layout-flex\">\n<div class=\"wp-block-column is-layout-flow wp-block-column-is-layout-flow\">\n<div class=\"wp-block-media-text is-stacked-on-mobile\" style=\"grid-template-columns:46% auto\"><figure class=\"wp-block-media-text__media\"><img loading=\"lazy\" decoding=\"async\" width=\"216\" height=\"288\" src=\"https:\/\/bawso.org.uk\/wp-content\/uploads\/2024\/08\/Sokuton-1.jpg\" alt=\"\" class=\"wp-image-4075 size-full\" srcset=\"https:\/\/bawso.org.uk\/wp-content\/uploads\/2024\/08\/Sokuton-1.jpg 216w, https:\/\/bawso.org.uk\/wp-content\/uploads\/2024\/08\/Sokuton-1-9x12.jpg 9w\" sizes=\"auto, (max-width: 216px) 100vw, 216px\" \/><\/figure><div class=\"wp-block-media-text__content\">\n<p class=\"has-small-font-size\">Sokuton Samuel, manager de proiect<\/p>\n\n\n\n<p class=\"has-small-font-size\">\u00cemputernicirea comunit\u0103\u021bii Greater Sebei, Uganda<\/p>\n<\/div><\/div>\n<\/div>\n\n\n\n<div class=\"wp-block-column is-layout-flow wp-block-column-is-layout-flow\">\n<div class=\"wp-block-media-text is-stacked-on-mobile\"><figure class=\"wp-block-media-text__media\"><img loading=\"lazy\" decoding=\"async\" width=\"247\" height=\"329\" src=\"https:\/\/bawso.org.uk\/wp-content\/uploads\/2024\/08\/Picture2.jpg\" alt=\"\" class=\"wp-image-4076 size-full\" srcset=\"https:\/\/bawso.org.uk\/wp-content\/uploads\/2024\/08\/Picture2.jpg 247w, https:\/\/bawso.org.uk\/wp-content\/uploads\/2024\/08\/Picture2-225x300.jpg 225w, https:\/\/bawso.org.uk\/wp-content\/uploads\/2024\/08\/Picture2-9x12.jpg 9w\" sizes=\"auto, (max-width: 247px) 100vw, 247px\" \/><\/figure><div class=\"wp-block-media-text__content\">\n<p class=\"has-small-font-size\">Nyadoi Winfred, Trainer de proiect<\/p>\n\n\n\n<p class=\"has-small-font-size\">\u00cemputernicirea comunit\u0103\u021bii Greater Sebei, Uganda<\/p>\n<\/div><\/div>\n<\/div>\n\n\n\n<div class=\"wp-block-column is-layout-flow wp-block-column-is-layout-flow\">\n<div class=\"wp-block-media-text is-stacked-on-mobile\"><figure class=\"wp-block-media-text__media\"><img loading=\"lazy\" decoding=\"async\" width=\"225\" height=\"300\" src=\"https:\/\/bawso.org.uk\/wp-content\/uploads\/2024\/08\/Picture3.jpg\" alt=\"\" class=\"wp-image-4077 size-full\" srcset=\"https:\/\/bawso.org.uk\/wp-content\/uploads\/2024\/08\/Picture3.jpg 225w, https:\/\/bawso.org.uk\/wp-content\/uploads\/2024\/08\/Picture3-9x12.jpg 9w\" sizes=\"auto, (max-width: 225px) 100vw, 225px\" \/><\/figure><div class=\"wp-block-media-text__content\">\n<p class=\"has-small-font-size\">Twietuk Benfred, ofi\u021ber de sensibilizare \u0219i con\u0219tientizare a comunit\u0103\u021bii   <\/p>\n\n\n\n<p class=\"has-small-font-size\">                         <\/p>\n<\/div><\/div>\n<\/div>\n<\/div>\n\n\n\n<p class=\"is-style-text-large has-medium-font-size\"><strong>Conectarea comunit\u0103\u021bilor din Africa Subsaharian\u0103<\/strong><\/p>\n\n\n\n<p>Dup\u0103 ce am lucrat cu succes cu partenerii no\u0219tri din Kenya, The Christian Partners Development Agency, pentru a crea con\u0219tientizarea comunit\u0103\u021bii cu privire la violen\u021ba \u00eempotriva femeilor \u0219i fetelor, am creat un parteneriat \u00eentre echipa noastr\u0103 din Uganda \u0219i Kenya pentru a lucra \u00eempreun\u0103 pentru a ne sprijini \u0219i a \u00eenv\u0103\u021ba unul de la cel\u0103lalt prin conectarea. cele dou\u0103 comunit\u0103\u0163i. Aceasta va implica deplasarea \u00eentre cele dou\u0103 comunit\u0103\u021bi, construirea de rela\u021bii \u0219i \u00eemp\u0103rt\u0103\u0219irea celor mai bune practici. Suntem foarte \u00eenc\u00e2nta\u021bi s\u0103 vedem roadele acestui parteneriat.<\/p>\n\n\n\n<div class=\"wp-block-columns is-layout-flex wp-container-core-columns-is-layout-9d6595d7 wp-block-columns-is-layout-flex\">\n<div class=\"wp-block-column is-layout-flow wp-block-column-is-layout-flow\">\n<div class=\"wp-block-media-text is-stacked-on-mobile\"><figure class=\"wp-block-media-text__media\"><img loading=\"lazy\" decoding=\"async\" width=\"307\" height=\"409\" src=\"https:\/\/bawso.org.uk\/wp-content\/uploads\/2024\/08\/Picture4.jpg\" alt=\"\" class=\"wp-image-4078 size-full\" srcset=\"https:\/\/bawso.org.uk\/wp-content\/uploads\/2024\/08\/Picture4.jpg 307w, https:\/\/bawso.org.uk\/wp-content\/uploads\/2024\/08\/Picture4-225x300.jpg 225w, https:\/\/bawso.org.uk\/wp-content\/uploads\/2024\/08\/Picture4-9x12.jpg 9w\" sizes=\"auto, (max-width: 307px) 100vw, 307px\" \/><\/figure><div class=\"wp-block-media-text__content\">\n<p class=\"has-small-font-size\">Alice Kirambi, director executiv<\/p>\n\n\n\n<p class=\"has-small-font-size\">Agen\u021bia de dezvoltare a partenerilor cre\u0219tini, Kenya<\/p>\n<\/div><\/div>\n<\/div>\n\n\n\n<div class=\"wp-block-column is-layout-flow wp-block-column-is-layout-flow\">\n<div class=\"wp-block-media-text is-stacked-on-mobile\"><figure class=\"wp-block-media-text__media\"><img loading=\"lazy\" decoding=\"async\" width=\"320\" height=\"427\" src=\"https:\/\/bawso.org.uk\/wp-content\/uploads\/2024\/08\/Picture5.jpg\" alt=\"\" class=\"wp-image-4079 size-full\" srcset=\"https:\/\/bawso.org.uk\/wp-content\/uploads\/2024\/08\/Picture5.jpg 320w, https:\/\/bawso.org.uk\/wp-content\/uploads\/2024\/08\/Picture5-225x300.jpg 225w, https:\/\/bawso.org.uk\/wp-content\/uploads\/2024\/08\/Picture5-9x12.jpg 9w\" sizes=\"auto, (max-width: 320px) 100vw, 320px\" \/><\/figure><div class=\"wp-block-media-text__content\">\n<p class=\"has-small-font-size\">Anne Savai, coordonator de proiect&nbsp;<\/p>\n\n\n\n<p class=\"has-small-font-size\">Agen\u021bia de dezvoltare a partenerilor cre\u0219tini, Kenya<\/p>\n<\/div><\/div>\n<\/div>\n\n\n\n<div class=\"wp-block-column is-layout-flow wp-block-column-is-layout-flow\">\n<div class=\"wp-block-media-text is-stacked-on-mobile\"><figure class=\"wp-block-media-text__media\"><img loading=\"lazy\" decoding=\"async\" width=\"321\" height=\"497\" src=\"https:\/\/bawso.org.uk\/wp-content\/uploads\/2024\/08\/Picture6.png\" alt=\"\" class=\"wp-image-4080 size-full\" srcset=\"https:\/\/bawso.org.uk\/wp-content\/uploads\/2024\/08\/Picture6.png 321w, https:\/\/bawso.org.uk\/wp-content\/uploads\/2024\/08\/Picture6-194x300.png 194w, https:\/\/bawso.org.uk\/wp-content\/uploads\/2024\/08\/Picture6-8x12.png 8w\" sizes=\"auto, (max-width: 321px) 100vw, 321px\" \/><\/figure><div class=\"wp-block-media-text__content\">\n<p class=\"has-small-font-size\">Rooda Ahmed, coordonator de proiect<\/p>\n\n\n\n<p class=\"has-small-font-size\">Bawso Womens Aid, \u021aara Galilor, Marea Britanie<\/p>\n\n\n\n<details class=\"wp-block-details is-layout-flow wp-block-details-is-layout-flow\"><summary><strong>Rolul meu<\/strong><\/summary>\n<p>este de a supraveghea proiectul \u00een Uganda \u0219i de a lucra \u00eendeaproape cu echipa de pe teren pentru a ob\u021bine rezultatele proiectului. Aici, \u00een \u021aara Galilor, rolul meu include, de asemenea, coordonarea componentului din \u021aara Galilor a proiectului, care include lucrul cu \u0219coli, voluntari \u0219i comunit\u0103\u021bi pentru a coordona activit\u0103\u021bi care vor cre\u0219te cuno\u0219tin\u021bele despre MGF \u00een r\u00e2ndul beneficiarilor. O parte a rolului meu este de a crea re\u021bele \u0219i de a stabili leg\u0103tura cu partenerii pentru a dezvolta \u0219i men\u021bine leg\u0103turi cu comunit\u0103\u021bile \u0219i organiza\u021biile at\u00e2t aici, c\u00e2t \u0219i \u00een Africa.<\/p>\n<\/details>\n<\/div><\/div>\n<\/div>\n<\/div>\n\n\n\n<h2 class=\"wp-block-heading\">Pliante cu informa\u021bii despre mutilarea genital\u0103 feminin\u0103 <\/h2>\n\n\n\n<p>Scopul cre\u0103rii bro\u0219urilor de informare privind MGF serve\u0219te mai multor scopuri importante. \u00cen primul r\u00e2nd, este de a cre\u0219te gradul de con\u0219tientizare \u0219i de a ajuta la informarea publicului, precum \u0219i a comunit\u0103\u021bilor specifice expuse riscului despre ce este MGF, tipurile, prevalen\u021ba acesteia \u0219i gravele riscuri pentru s\u0103n\u0103tate \u0219i \u00eenc\u0103lc\u0103rile drepturilor omului asociate cu aceasta.&nbsp;&nbsp;                               <\/p>\n\n\n\n<p>\u00cen al doilea r\u00e2nd, pliantul de informare este, de asemenea, despre \u00eemputernicirea fetelor \u0219i femeilor tinere s\u0103 se protejeze \u0219i s\u0103 reziste presiunii de a fi supuse MGF. Este, de asemenea, o oportunitate de a educa alte comunit\u0103\u021bi despre diferitele forme de violen\u021b\u0103 \u00eempotriva femeilor \u0219i fetelor, care include MGF.&nbsp;&nbsp;<\/p>\n\n\n\n<p>\u00cent\u0103re\u0219te cadrul legal al Regatului Unit \u00een jurul MGF \u0219i implica\u021biile sale. Acesta informeaz\u0103 comunit\u0103\u021bile despre statutul juridic al MGF \u00een \u021bara lor, inclusiv legile care interzic practica \u0219i sanc\u021biunile pentru cei care efectueaz\u0103 sau faciliteaz\u0103.&nbsp;&nbsp;<\/p>\n\n\n\n<p>Pliantul de informa\u021bii ofer\u0103 diferite servicii de asisten\u021b\u0103 disponibile pentru supravie\u021buitorii MGF \u0219i resurse generale care ofer\u0103 informa\u021bii suplimentare. \u00cen general, pliantele privind MGF joac\u0103 un rol crucial \u00een efortul global de eradicare a practicii \u0219i de sprijinire a comunit\u0103\u021bilor afectate.&nbsp;&nbsp;<\/p>\n\n\n\n<figure class=\"wp-block-image size-large\"><a href=\"https:\/\/bawso.org.uk\/wp-content\/uploads\/2024\/07\/202407-Bawso-FGM-Awareness-leaflet.pdf.png\"><img loading=\"lazy\" decoding=\"async\" width=\"1024\" height=\"307\" src=\"https:\/\/bawso.org.uk\/wp-content\/uploads\/2024\/07\/202407-Bawso-FGM-Awareness-leaflet.pdf-1024x307.png\" alt=\"\" class=\"wp-image-4013\" srcset=\"https:\/\/bawso.org.uk\/wp-content\/uploads\/2024\/07\/202407-Bawso-FGM-Awareness-leaflet.pdf-1024x307.png 1024w, https:\/\/bawso.org.uk\/wp-content\/uploads\/2024\/07\/202407-Bawso-FGM-Awareness-leaflet.pdf-300x90.png 300w, https:\/\/bawso.org.uk\/wp-content\/uploads\/2024\/07\/202407-Bawso-FGM-Awareness-leaflet.pdf-768x230.png 768w, https:\/\/bawso.org.uk\/wp-content\/uploads\/2024\/07\/202407-Bawso-FGM-Awareness-leaflet.pdf-1536x460.png 1536w, https:\/\/bawso.org.uk\/wp-content\/uploads\/2024\/07\/202407-Bawso-FGM-Awareness-leaflet.pdf-18x5.png 18w, https:\/\/bawso.org.uk\/wp-content\/uploads\/2024\/07\/202407-Bawso-FGM-Awareness-leaflet.pdf.png 2000w\" sizes=\"auto, (max-width: 1024px) 100vw, 1024px\" \/><\/a><\/figure>\n\n\n\n<figure class=\"wp-block-image size-large\"><a href=\"https:\/\/bawso.org.uk\/wp-content\/uploads\/2024\/07\/202407-Bawso-FGM-Awareness-leaflet.pdf-1.png\"><img loading=\"lazy\" decoding=\"async\" width=\"1024\" height=\"307\" src=\"https:\/\/bawso.org.uk\/wp-content\/uploads\/2024\/07\/202407-Bawso-FGM-Awareness-leaflet.pdf-1-1024x307.png\" alt=\"\" class=\"wp-image-4016\" srcset=\"https:\/\/bawso.org.uk\/wp-content\/uploads\/2024\/07\/202407-Bawso-FGM-Awareness-leaflet.pdf-1-1024x307.png 1024w, https:\/\/bawso.org.uk\/wp-content\/uploads\/2024\/07\/202407-Bawso-FGM-Awareness-leaflet.pdf-1-300x90.png 300w, https:\/\/bawso.org.uk\/wp-content\/uploads\/2024\/07\/202407-Bawso-FGM-Awareness-leaflet.pdf-1-768x230.png 768w, https:\/\/bawso.org.uk\/wp-content\/uploads\/2024\/07\/202407-Bawso-FGM-Awareness-leaflet.pdf-1-1536x460.png 1536w, https:\/\/bawso.org.uk\/wp-content\/uploads\/2024\/07\/202407-Bawso-FGM-Awareness-leaflet.pdf-1-18x5.png 18w, https:\/\/bawso.org.uk\/wp-content\/uploads\/2024\/07\/202407-Bawso-FGM-Awareness-leaflet.pdf-1.png 2000w\" sizes=\"auto, (max-width: 1024px) 100vw, 1024px\" \/><\/a><\/figure>\n\n\n\n<h2 class=\"wp-block-heading has-brand-one-color has-text-color has-link-color wp-elements-f83db1f6d3b29a0d7a1c91e86e820ee8\"><a href=\"https:\/\/bawso.org.uk\/ro\/bawso-sebei-fgm-project-update\/\" data-type=\"page\" data-id=\"3983\">B<\/a><a href=\"https:\/\/bawso.org.uk\/ro\/bawso-sebei-fgm-project-update\/\" data-type=\"page\" data-id=\"3983\" target=\"_blank\" rel=\"noreferrer noopener\">awso \u2013 Proiectul Sebei FGM UPDATE!&nbsp;<\/a><\/h2>\n\n\n\n<h2 class=\"wp-block-heading has-brand-one-color has-text-color has-link-color wp-elements-d5732e93419d15dd6160343a321ccb40\"><a href=\"https:\/\/bawso.org.uk\/ro\/linking-communities-in-africa-to-address-fgm\/\" data-type=\"page\" data-id=\"4082\">Conectarea comunit\u0103\u021bilor din Africa pentru a aborda MGF<\/a><\/h2>","protected":false},"excerpt":{"rendered":"<p>Suntem \u00eenc\u00e2nta\u021bi s\u0103 anun\u021b\u0103m un nou proiect, un parteneriat \u00eentre \u021aara Galilor \u0219i Uganda. Am primit finan\u021bare de la guvernul galez, administrat\u0103 de Consiliul pentru Voluntariat din \u021aara Galilor [\u2026]<\/p>","protected":false},"author":6,"featured_media":3632,"parent":0,"menu_order":0,"comment_status":"closed","ping_status":"closed","template":"","meta":{"_acf_changed":false,"_seopress_robots_primary_cat":"","_seopress_titles_title":"","_seopress_titles_desc":"","_seopress_robots_index":"","footnotes":""},"class_list":["post-3974","page","type-page","status-publish","has-post-thumbnail","hentry"],"acf":[],"publishpress_future_action":{"enabled":false,"date":"2026-06-17 11:09:38","action":"category-add","newStatus":"draft","terms":[],"taxonomy":"","extraData":[]},"publishpress_future_workflow_manual_trigger":{"enabledWorkflows":[]},"_links":{"self":[{"href":"https:\/\/bawso.org.uk\/ro\/wp-json\/wp\/v2\/pages\/3974","targetHints":{"allow":["GET"]}}],"collection":[{"href":"https:\/\/bawso.org.uk\/ro\/wp-json\/wp\/v2\/pages"}],"about":[{"href":"https:\/\/bawso.org.uk\/ro\/wp-json\/wp\/v2\/types\/page"}],"author":[{"embeddable":true,"href":"https:\/\/bawso.org.uk\/ro\/wp-json\/wp\/v2\/users\/6"}],"replies":[{"embeddable":true,"href":"https:\/\/bawso.org.uk\/ro\/wp-json\/wp\/v2\/comments?post=3974"}],"version-history":[{"count":11,"href":"https:\/\/bawso.org.uk\/ro\/wp-json\/wp\/v2\/pages\/3974\/revisions"}],"predecessor-version":[{"id":4133,"href":"https:\/\/bawso.org.uk\/ro\/wp-json\/wp\/v2\/pages\/3974\/revisions\/4133"}],"wp:featuredmedia":[{"embeddable":true,"href":"https:\/\/bawso.org.uk\/ro\/wp-json\/wp\/v2\/media\/3632"}],"wp:attachment":[{"href":"https:\/\/bawso.org.uk\/ro\/wp-json\/wp\/v2\/media?parent=3974"}],"curies":[{"name":"wp","href":"https:\/\/api.w.org\/{rel}","templated":true}]}}