{"id":396,"date":"2022-03-10T11:49:44","date_gmt":"2022-03-10T11:49:44","guid":{"rendered":"https:\/\/bawso.org.uk\/?post_type=services&#038;p=396"},"modified":"2022-08-23T11:22:20","modified_gmt":"2022-08-23T10:22:20","slug":"raising-awareness-in-the-community","status":"publish","type":"page","link":"https:\/\/bawso.org.uk\/ro\/raising-awareness-in-the-community\/","title":{"rendered":"Cre\u0219terea gradului de con\u0219tientizare \u00een comunitate"},"content":{"rendered":"<p class=\"is-style-text-x-large\">Bawso ofer\u0103 sesiuni de con\u0219tientizare \u00een comunit\u0103\u021bile negre \u0219i minorizate cu privire la practicile culturale \u0219i tradi\u021bionale d\u0103un\u0103toare. <\/p>\n\n\n\n<p class=\"is-style-default\">La acestea particip\u0103 femei \u0219i fete, b\u0103rba\u021bi \u0219i b\u0103ie\u021bi \u0219i abordeaz\u0103 impactul \u0219i nedreptatea unor practici precum mutilarea genital\u0103 feminin\u0103, violen\u021ba bazat\u0103 pe onoare, abuzul domestic \u0219i toate formele de brutalitate.<\/p>\n\n\n\n<p class=\"is-style-default\">Sesiunile sunt concepute pentru a dota comunit\u0103\u021bile cu cuno\u0219tin\u021bele \u0219i informa\u021biile de care au nevoie pentru a contesta practicile d\u0103un\u0103toare \u0219i pentru a schimba atitudinile care permit abuzului s\u0103 continue \u0219i s\u0103 r\u0103m\u00e2n\u0103 neraportat.<\/p>\n\n\n\n<h3 class=\"wp-block-heading\">A se implica<\/h3>\n\n\n\n<p>Pentru a v\u0103 implica \u00een activitatea noastr\u0103 de prevenire, v\u0103 rug\u0103m s\u0103 ne trimite\u021bi un e-mail la <a href=\"mailto:info@bawso.org.uk\" target=\"_blank\" rel=\"noreferrer noopener\">info@bawso.org.uk<\/a><\/p>","protected":false},"excerpt":{"rendered":"<p>Bawso organizeaz\u0103 sesiuni de con\u0219tientizare \u00een comunit\u0103\u021bile de culoare \u0219i minorit\u0103\u021bi cu privire la practicile culturale \u0219i tradi\u021bionale d\u0103un\u0103toare. La acestea particip\u0103 femei \u0219i fete, b\u0103rba\u021bi \u0219i b\u0103ie\u021bi \u0219i abordeaz\u0103 impactul \u0219i [\u2026]<\/p>","protected":false},"author":1,"featured_media":0,"parent":0,"menu_order":6,"comment_status":"open","ping_status":"closed","template":"","meta":{"_acf_changed":false,"_seopress_robots_primary_cat":"","_seopress_titles_title":"Bawso | Raising Awareness in the Community","_seopress_titles_desc":"Bawso works with Black and Ethnic Minority communities (BME) improving understanding of harmful cultural practices including violence against women and girls.","_seopress_robots_index":"","footnotes":""},"class_list":["post-396","page","type-page","status-publish","hentry"],"acf":[],"publishpress_future_action":{"enabled":false,"date":"2026-06-16 07:21:03","action":"category-add","newStatus":"draft","terms":[],"taxonomy":"","extraData":[]},"publishpress_future_workflow_manual_trigger":{"enabledWorkflows":[]},"_links":{"self":[{"href":"https:\/\/bawso.org.uk\/ro\/wp-json\/wp\/v2\/pages\/396","targetHints":{"allow":["GET"]}}],"collection":[{"href":"https:\/\/bawso.org.uk\/ro\/wp-json\/wp\/v2\/pages"}],"about":[{"href":"https:\/\/bawso.org.uk\/ro\/wp-json\/wp\/v2\/types\/page"}],"author":[{"embeddable":true,"href":"https:\/\/bawso.org.uk\/ro\/wp-json\/wp\/v2\/users\/1"}],"replies":[{"embeddable":true,"href":"https:\/\/bawso.org.uk\/ro\/wp-json\/wp\/v2\/comments?post=396"}],"version-history":[{"count":7,"href":"https:\/\/bawso.org.uk\/ro\/wp-json\/wp\/v2\/pages\/396\/revisions"}],"predecessor-version":[{"id":1658,"href":"https:\/\/bawso.org.uk\/ro\/wp-json\/wp\/v2\/pages\/396\/revisions\/1658"}],"wp:attachment":[{"href":"https:\/\/bawso.org.uk\/ro\/wp-json\/wp\/v2\/media?parent=396"}],"curies":[{"name":"wp","href":"https:\/\/api.w.org\/{rel}","templated":true}]}}