{"id":311,"date":"2022-02-25T13:48:58","date_gmt":"2022-02-25T13:48:58","guid":{"rendered":"https:\/\/bawso.org.uk\/?page_id=311"},"modified":"2022-08-11T19:32:29","modified_gmt":"2022-08-11T18:32:29","slug":"about-us","status":"publish","type":"page","link":"https:\/\/bawso.org.uk\/ro\/about-us\/","title":{"rendered":"Despre noi"},"content":{"rendered":"<h2 class=\"wp-block-heading\"><strong>Cine suntem noi<\/strong><\/h2>\n\n\n\n<p class=\"has-medium-font-size\"><strong>Bawso a fost \u00eenfiin\u021bat\u0103 \u00een 1995 de un grup mic de femei de culoare \u0219i minorizate din Cardiff, care erau preocupate de caracterul adecvat al serviciilor oferite victimelor abuzului domestic. Am \u00eenchiriat o camer\u0103 cu birou, scaun \u0219i telefon \u0219i am \u00eenceput s\u0103 cre\u0219tem gradul de con\u0219tientizare \u00een r\u00e2ndul comunit\u0103\u021bilor negre \u0219i minorizate, cu guvernul, organismele statutare \u0219i furnizorii de servicii din sectorul ter\u021b.<\/strong><\/p>\n\n\n\n<p>De-a lungul anilor, Bawso a fost pionierat \u00een munca \u00een domenii cu mult \u00eenainte ca acestea s\u0103 devin\u0103 subiect de interes public larg \u0219i de legisla\u021bie, inclusiv c\u0103s\u0103toria for\u021bat\u0103 (FM), mutilarea genital\u0103 feminin\u0103 (FMG), violen\u021ba bazat\u0103 pe onoare (HBV) \u0219i, cel mai recent, sclavia \u0219i traficul modern. .<\/p>\n\n\n\n<p>Serviciile Bawso se extind acum \u00een toat\u0103 \u021aara Galilor, angaj\u00e2nd peste o sut\u0103 de personal calificat \u0219i experimentat \u0219i numero\u0219i voluntari. Cu o cifr\u0103 de afaceri de 4,6 milioane de lire sterline pe an, suntem finan\u021ba\u021bi de guvernul central din Westminster, guvernul decentralizat din Cardiff Bay, autorit\u0103\u021bile locale, comisarii de poli\u021bie, alte organisme statutare, funda\u021bii, trusturi, filantropi \u0219i activit\u0103\u021bi de str\u00e2ngere de fonduri la nivel comunitar.<\/p>\n\n\n\n<p>Bawso gestioneaz\u0103 refugii special construite, case sigure, facilit\u0103\u021bi unice, Sprijin plutitor pentru supravie\u021buitorii din comunitate \u0219i proiecte specializate pentru fiecare domeniu de violen\u021b\u0103 \u0219i exploatare a femeilor \u0219i fetelor, b\u0103rba\u021bilor \u0219i b\u0103ie\u021bilor. Sus\u021binem peste 6.000 de persoane \u00een fiecare an \u0219i \u00een fiecare an aceste cifre cresc.<\/p>\n\n\n\n<p>Munca \u00een domeniu este completat\u0103 de o linie de asisten\u021b\u0103 deschis\u0103 24 de ore din 24, un departament de instruire dedicat \u00eembun\u0103t\u0103\u021birii continue a serviciilor Bawso \u0219i a abilit\u0103\u021bilor personalului Bawso \u0219i oferirea de formare de con\u0219tientizare a agen\u021biilor externe, profesioni\u0219tilor \u0219i practicienilor, inclusiv poli\u021bia, medicii generali\u0219ti. , personalul NHS, profesori \u0219i func\u021bionari publici. Bawso are, de asemenea, un departament mare \u0219i dedicat de interpretare \u0219i traducere al lucr\u0103torilor acredita\u021bi.<\/p>\n\n\n\n<p>Bawso este condus\u0103 de un consiliu format din femei \u0219i b\u0103rba\u021bi de culoare \u0219i minorita\u021bi cu \u00eenalt\u0103 performan\u021b\u0103 \u0219i experien\u021b\u0103 din comunit\u0103\u021bile pe care le deservesc. Personalul \u0219i voluntarii Bawso provin, de asemenea, din comunit\u0103\u021bi negre \u0219i minorizate din \u021aara Galilor, ceea ce le ofer\u0103 o \u00een\u021belegere unic\u0103 a culturilor, religiilor \u0219i limbilor utilizatorilor de servicii \u0219i ale comunit\u0103\u021bilor lor.<\/p>\n\n\n\n<h3 class=\"wp-block-heading\"><strong>VIZIUNEA NOASTRA<\/strong><\/h3>\n\n\n\n<p class=\"is-style-text-x-large has-medium-font-size\"><strong>C\u0103 to\u021bi oamenii din \u021aara Galilor tr\u0103iesc liberi de abuz, violen\u021b\u0103 \u0219i exploatare.<\/strong><\/p>\n\n\n\n<h3 class=\"wp-block-heading\"><strong>MISIUNEA NOASTR\u0102<\/strong><\/h3>\n\n\n\n<p class=\"is-style-text-x-large has-medium-font-size\"><strong>S\u0103 sus\u021bin\u0103 \u0219i s\u0103 furnizeze servicii specializate victimelor de culoare \u0219i minorizate ale abuzului, violen\u021bei \u0219i exploat\u0103rii din \u021aara Galilor.<\/strong><\/p>\n\n\n\n<h3 class=\"wp-block-heading\"><strong>VALORILE NOASTRE<\/strong><\/h3>\n\n\n\n<ul class=\"wp-block-list\"><li>Ne angaj\u0103m s\u0103 lucr\u0103m f\u0103r\u0103 judec\u0103\u021bi, cu o toleran\u021b\u0103 zero fa\u021b\u0103 de abuz, violen\u021b\u0103 \u0219i exploatare.<\/li><li>Ader\u0103m la standarde profesionale \u00eenalte de practic\u0103, fiind respectuo\u0219i, empatici, sensibili \u0219i one\u0219ti.<\/li><li>Men\u021binem integritatea, transparen\u021ba \u0219i responsabilitatea \u00een tot ceea ce facem.<\/li><li>Oferim servicii u\u0219or disponibile \u0219i u\u0219or accesibile.<\/li><li>Cre\u0219tem con\u0219tientizarea tuturor formelor de abuz \u0219i violen\u021b\u0103 at\u00e2t \u00een cadrul comunit\u0103\u021bilor negre \u0219i minorizate, c\u00e2t \u0219i cu guvernul \u0219i societatea civil\u0103 din \u021aara Galilor.<\/li><li>Contest\u0103m \u00eentotdeauna rasismul \u0219i toate formele de inegalitate intersec\u021bional\u0103, nedreptate \u0219i discriminare.<\/li><\/ul>","protected":false},"excerpt":{"rendered":"<p>Cine suntem Bawso a fost \u00eenfiin\u021bat\u0103 \u00een 1995 de un mic grup de femei de culoare \u0219i minoritare din Cardiff, care erau preocupate de caracterul adecvat al serviciilor oferite victimelor [\u2026]<\/p>","protected":false},"author":1,"featured_media":0,"parent":0,"menu_order":4,"comment_status":"closed","ping_status":"closed","template":"","meta":{"_acf_changed":false,"_seopress_robots_primary_cat":"","_seopress_titles_title":"Bawso | About Us","_seopress_titles_desc":"The lead organisation in Wales providing practical &amp; emotional support to black minority ethnic (BAME) and migrant victims of abuse, violence and exploitation.","_seopress_robots_index":"","footnotes":""},"class_list":["post-311","page","type-page","status-publish","hentry"],"acf":[],"publishpress_future_action":{"enabled":false,"date":"2026-06-17 11:53:37","action":"category-add","newStatus":"draft","terms":[],"taxonomy":"","extraData":[]},"publishpress_future_workflow_manual_trigger":{"enabledWorkflows":[]},"_links":{"self":[{"href":"https:\/\/bawso.org.uk\/ro\/wp-json\/wp\/v2\/pages\/311","targetHints":{"allow":["GET"]}}],"collection":[{"href":"https:\/\/bawso.org.uk\/ro\/wp-json\/wp\/v2\/pages"}],"about":[{"href":"https:\/\/bawso.org.uk\/ro\/wp-json\/wp\/v2\/types\/page"}],"author":[{"embeddable":true,"href":"https:\/\/bawso.org.uk\/ro\/wp-json\/wp\/v2\/users\/1"}],"replies":[{"embeddable":true,"href":"https:\/\/bawso.org.uk\/ro\/wp-json\/wp\/v2\/comments?post=311"}],"version-history":[{"count":9,"href":"https:\/\/bawso.org.uk\/ro\/wp-json\/wp\/v2\/pages\/311\/revisions"}],"predecessor-version":[{"id":1985,"href":"https:\/\/bawso.org.uk\/ro\/wp-json\/wp\/v2\/pages\/311\/revisions\/1985"}],"wp:attachment":[{"href":"https:\/\/bawso.org.uk\/ro\/wp-json\/wp\/v2\/media?parent=311"}],"curies":[{"name":"wp","href":"https:\/\/api.w.org\/{rel}","templated":true}]}}