{"id":272,"date":"2022-02-08T15:34:29","date_gmt":"2022-02-08T15:34:29","guid":{"rendered":"https:\/\/bawso.org.uk\/?page_id=272"},"modified":"2022-03-23T20:40:58","modified_gmt":"2022-03-23T20:40:58","slug":"terms-of-use","status":"publish","type":"page","link":"https:\/\/bawso.org.uk\/ro\/terms-of-use\/","title":{"rendered":"Termeni de utilizare"},"content":{"rendered":"<h2 class=\"has-brand-one-color has-text-color wp-block-heading\" id=\"website-terms-of-use-privacy\"><strong>Termenii de utilizare \u0219i confiden\u021bialitatea site-ului<\/strong><\/h2>\n\n\n\n<p>\u201eNoi\u201d \u0219i \u201eNostru\u201d de mai jos se refer\u0103 la \u201eBawso\u201d \u0219i la oricine este angajat sau lucreaz\u0103 \u00een numele nostru.<\/p>\n\n\n\n<p>Prin utilizarea site-ului nostru web, sunte\u021bi de acord s\u0103 respecta\u021bi termenii \u0219i condi\u021biile de utilizare \u0219i declara\u021bia noastr\u0103 de confiden\u021bialitate prezentat\u0103 mai jos.<\/p>\n\n\n\n<div style=\"height:20px\" aria-hidden=\"true\" class=\"wp-block-spacer\"><\/div>\n\n\n\n<h2 class=\"has-brand-one-color has-text-color wp-block-heading\" id=\"terms-and-conditions\"><strong>Termeni \u0219i condi\u021bii<\/strong><\/h2>\n\n\n\n<div style=\"height:20px\" aria-hidden=\"true\" class=\"wp-block-spacer\"><\/div>\n\n\n\n<h3 class=\"has-brand-one-color has-text-color wp-block-heading\" id=\"1-access-to-the-website-and-content\"><strong>1. Acces la site \u0219i con\u021binut<\/strong><\/h3>\n\n\n\n<p>Informa\u021biile furnizate pe acest site web nu reprezint\u0103 \u00een niciun fel o invita\u021bie sau recomandare de a cump\u0103ra produse sau servicii prezentate \u0219i ar trebui s\u0103 solicita\u021bi sfaturi independente adecvate.<\/p>\n\n\n\n<p>Ne vom str\u0103dui s\u0103 permitem accesul ne\u00eentrerupt la acest site web, dar accesul la oricare dintre aceste site-uri web poate fi suspendat, restric\u021bionat sau \u00eentrerupt \u00een orice moment.<\/p>\n\n\n\n<p>Nu ne asum\u0103m nicio responsabilitate pentru con\u021binutul oric\u0103ror alte site-uri web c\u0103tre care acest site are link-uri.<\/p>\n\n\n\n<div style=\"height:20px\" aria-hidden=\"true\" class=\"wp-block-spacer\"><\/div>\n\n\n\n<h3 class=\"has-brand-one-color has-text-color wp-block-heading\" id=\"2-intellectual-property\"><strong>2. Proprietatea intelectual\u0103<\/strong><\/h3>\n\n\n\n<p>Drepturile de autor asupra con\u021binutului acestui site web, design, text \u0219i grafic\u0103, precum \u0219i selec\u021bia \u0219i aranjarea acestora ne apar\u021bin nou\u0103 sau furnizorilor de astfel de informa\u021bii. Toate drepturile sunt rezervate. Niciunul din acest material nu poate fi reprodus sau redistribuit f\u0103r\u0103 permisiunea noastr\u0103 scris\u0103. Pute\u021bi, totu\u0219i, s\u0103 desc\u0103rca\u021bi sau s\u0103 imprima\u021bi o singur\u0103 copie pentru vizionarea dvs. off-line necomercial\u0103.<\/p>\n\n\n\n<p>Numele produselor \u0219i ale companiilor men\u021bionate pe acest site web pot fi m\u0103rci comerciale sau m\u0103rci comerciale \u00eenregistrate ale proprietarilor respectivi.<\/p>\n\n\n\n<div style=\"height:20px\" aria-hidden=\"true\" class=\"wp-block-spacer\"><\/div>\n\n\n\n<h3 class=\"has-brand-one-color has-text-color wp-block-heading\" id=\"3-exclusions-of-liability\"><strong>3. Excluderi de r\u0103spundere<\/strong><\/h3>\n\n\n\n<p>\u00cen m\u0103sura permis\u0103 de legea aplicabil\u0103, declin\u0103m toate garan\u021biile \u0219i declara\u021biile (fie exprese sau implicite) cu privire la acurate\u021bea oric\u0103ror informa\u021bii con\u021binute pe acest site web. Nu garant\u0103m c\u0103 acest site web va fi lipsit de defecte \u0219i nici nu va accepta r\u0103spunderea pentru orice erori sau omisiuni.<\/p>\n\n\n\n<p>Datorit\u0103 naturii transmiterii electronice a datelor pe internet \u0219i a num\u0103rului de utilizatori de c\u0103tre care datele sunt postate pe acest site web, orice r\u0103spundere pe care o putem avea pentru orice pierderi sau preten\u021bii care decurg din incapacitatea de a accesa acest site web sau din orice utilizarea acestui site web sau \u00eencrederea \u00een datele transmise prin intermediul acestui site web este exclus\u0103 \u00een cea mai mare m\u0103sur\u0103 permis\u0103 de lege. \u00cen niciun caz nu vom fi r\u0103spunz\u0103tori pentru nicio pierdere de profit, venituri, fondul comercial, oportunitate, afaceri, economii anticipate sau alte pierderi indirecte sau consecutive de orice fel \u00een contract, delict (inclusiv neglijen\u021b\u0103) sau \u00een alt mod care rezult\u0103 din utilizarea acestui site web, cu excep\u021bia cazului \u00een care o astfel de r\u0103spundere nu poate fi exclus\u0103 prin lege.<\/p>\n\n\n\n<p>Nu oferim nicio garan\u021bie c\u0103 acest site web este lipsit de viru\u0219i sau orice altceva care ar putea avea un efect d\u0103un\u0103tor asupra oric\u0103rei tehnologii.<\/p>\n\n\n\n<div style=\"height:20px\" aria-hidden=\"true\" class=\"wp-block-spacer\"><\/div>\n\n\n\n<h3 class=\"has-brand-one-color has-text-color wp-block-heading\" id=\"4-links-disclaimer\"><strong>4. Declinarea r\u0103spunderii pentru linkuri<\/strong><\/h3>\n\n\n\n<p>Toate link-urile puse la dispozi\u021bie sunt oferite pentru confortul utilizatorilor no\u0219tri. Nu avem control, nu ne exercit\u0103m nicio responsabilitate \u0219i nu facem nicio declara\u021bie cu privire la acurate\u021bea sau orice alt aspect al con\u021binutului\/informa\u021biilor g\u0103site sau utilizate la vizitarea oric\u0103rui site web al unei ter\u021be p\u0103r\u021bi. Furnizarea unui link c\u0103tre un site web al unei ter\u021be p\u0103r\u021bi nu ar trebui s\u0103 fie considerat\u0103 ca o aprobare expres\u0103 sau implicit\u0103 din partea noastr\u0103 a oric\u0103rui con\u021binut\/informa\u021bii, produse\/servicii care ar putea fi disponibile pentru dvs. sau prin intermediul ter\u021bei p\u0103r\u021bi.<\/p>\n\n\n\n<div style=\"height:20px\" aria-hidden=\"true\" class=\"wp-block-spacer\"><\/div>\n\n\n\n<h3 class=\"has-brand-one-color has-text-color wp-block-heading\" id=\"5-governing-law\"><strong>5. Legea aplicabil\u0103<\/strong><\/h3>\n\n\n\n<p>Ace\u0219ti termeni \u0219i condi\u021bii sunt guverna\u021bi \u0219i trebuie interpreta\u021bi \u00een conformitate cu legisla\u021bia englez\u0103 \u0219i galez\u0103. Orice disput\u0103 va fi supus\u0103 jurisdic\u021biei exclusive a tribunalelor engleze \u0219i galeze.<\/p>\n\n\n\n<p>Declara\u021bie de confiden\u021bialitate a site-ului Web Aceast\u0103 declara\u021bie de confiden\u021bialitate se aplic\u0103 site-urilor web ale Bawso la <a href=\"https:\/\/bawso.org.uk\/ro\/\" data-type=\"URL\" data-id=\"www.bawso.org.uk\" target=\"_blank\" rel=\"noreferrer noopener\">www.bawso.org.uk<\/a> Lu\u0103m \u00een serios confiden\u021bialitatea datelor cu caracter personal. Aceast\u0103 politic\u0103 de confiden\u021bialitate acoper\u0103 colectarea, prelucrarea \u0219i alte utiliz\u0103ri a datelor cu caracter personal \u00een conformitate cu Regulamentul general de protec\u021bie a datelor 2016\/679 \u0219i Legea privind protec\u021bia datelor din 2018, scop \u00een care operatorul de date este Bawso. Prin utilizarea acestui site web, sunte\u021bi de acord cu aceast\u0103 politic\u0103 de confiden\u021bialitate \u0219i aplicarea acesteia pentru dvs. Suntem \u00eenregistra\u021bi la Biroul Comisarului pentru Informa\u021bii \u00een acest scop.<\/p>\n\n\n\n<div style=\"height:20px\" aria-hidden=\"true\" class=\"wp-block-spacer\"><\/div>\n\n\n\n<h3 class=\"has-brand-one-color has-text-color wp-block-heading\" id=\"6-information-we-collect\"><strong>6. Informa\u021bii pe care le colect\u0103m<\/strong><\/h3>\n\n\n\n<p>Vom colecta date cu caracter personal pe site-urile noastre web de mai sus doar dac\u0103 acestea ne sunt furnizate direct de dvs. utilizatorul \u0219i, prin urmare, ne-au fost furnizate cu acordul dumneavoastr\u0103. De asemenea, folosim instrumente analitice \u0219i statistice care monitorizeaz\u0103 detaliile vizitelor dumneavoastr\u0103 pe site-ul nostru web \u0219i resursele pe care le accesa\u021bi, inclusiv, dar f\u0103r\u0103 a se limita la, date de trafic, date despre loca\u021bie, jurnalele web \u0219i alte date de comunicare (dar aceste date nu v\u0103 vor identifica personal). ).<\/p>\n\n\n\n<p>Informa\u021biile dvs. de plat\u0103 (de exemplu, detaliile cardului de credit) furnizate dac\u0103 face\u021bi o dona\u021bie prin intermediul site-ului nostru web nu sunt primite sau stocate de noi. Aceste informa\u021bii sunt procesate \u00een mod sigur \u0219i privat de c\u0103tre procesatorii de pl\u0103\u021bi ter\u021bi pe care \u00eei folosim. Nu vom avea acces la aceste informa\u021bii \u00een niciun moment. Putem partaja datele dumneavoastr\u0103 cu caracter personal procesatorilor no\u0219tri de pl\u0103\u021bi, dar numai \u00een scopul finaliz\u0103rii tranzac\u021biei de plat\u0103 relevante. Astfel de procesatori de pl\u0103\u021bi le este interzis s\u0103 utilizeze datele dumneavoastr\u0103 cu caracter personal, cu excep\u021bia cazului \u00een care ne ofer\u0103 aceste servicii de plat\u0103 necesare \u0219i li se cere s\u0103 p\u0103streze confiden\u021bialitatea datelor dumneavoastr\u0103 personale \u0219i a informa\u021biilor de plat\u0103.<\/p>\n\n\n\n<div style=\"height:20px\" aria-hidden=\"true\" class=\"wp-block-spacer\"><\/div>\n\n\n\n<h3 class=\"has-brand-one-color has-text-color wp-block-heading\" id=\"7-use-storage-and-disclosure-of-your-information\"><strong>7. Utilizarea, stocarea \u0219i dezv\u0103luirea informa\u021biilor dumneavoastr\u0103<\/strong><\/h3>\n\n\n\n<p>Este posibil s\u0103 de\u021binem \u0219i s\u0103 proces\u0103m aceste date cu caracter personal \u00een conformitate cu Legea privind protec\u021bia datelor din 2018, dar nu vom transfera, \u00eemp\u0103rt\u0103\u0219i, vinde, \u00eenchiria sau \u00eenchiriem datele dumneavoastr\u0103 cu caracter personal c\u0103tre ter\u021bi.<\/p>\n\n\n\n<p>Informa\u021biile pe care le colect\u0103m \u0219i le stoc\u0103m referitoare la dvs. sunt utilizate \u00een principal pentru a ne permite s\u0103 v\u0103 oferim serviciile noastre. \u00cen plus, putem folosi informa\u021biile \u00een scopuri, inclusiv urm\u0103toarele:<\/p>\n\n\n\n<p>Pentru a v\u0103 furniza informa\u021biile solicitate de la noi, referitoare la serviciile noastre. Pentru a furniza informa\u021bii despre alte servicii care consider\u0103m c\u0103 ar putea fi de interes pentru dvs., \u00een cazul \u00een care a\u021bi consim\u021bit s\u0103 primi\u021bi astfel de informa\u021bii;<\/p>\n\n\n\n<p>Pentru a ne \u00eendeplini angajamentele contractuale, dac\u0103 exist\u0103, fa\u021b\u0103 de dumneavoastr\u0103;<\/p>\n\n\n\n<p>Pentru a v\u0103 anun\u021ba cu privire la orice modific\u0103ri aduse site-ului nostru web, cum ar fi \u00eembun\u0103t\u0103\u021biri sau modific\u0103ri ale serviciului\/produsului, care ne pot afecta serviciul;<\/p>\n\n\n\n<p>Pentru a ajuta la protec\u021bia \u00eempotriva fraudelor \u0219i pentru a minimiza riscul.<\/p>\n\n\n\n<p>V\u0103 rug\u0103m s\u0103 fi\u021bi informat c\u0103 nu dezv\u0103luim informa\u021bii despre persoane identificabile oric\u0103rei ter\u021be p\u0103r\u021bi, dar le putem, ocazional, s\u0103 le oferim informa\u021bii statistice agregate despre vizitatorii no\u0219tri.<\/p>\n\n\n\n<p>Ca parte a serviciilor oferite, de exemplu prin intermediul site-ului nostru web, informa\u021biile pe care ni le furniza\u021bi pot fi transferate, dar nu stocate \u00een \u021b\u0103ri din afara Spa\u021biului Economic European (SEE), deoarece utiliz\u0103m gazde la distan\u021b\u0103 de servere de site-uri web pentru a furniza site-ul web \u0219i unele aspecte ale serviciului nostru, care pot fi bazate \u00een afara SEE, sau pot utiliza servere din afara SEE - aceasta este, \u00een general, natura datelor stocate \u00een \u201eCloud\u201d. Un transfer al datelor dumneavoastr\u0103 cu caracter personal poate avea loc dac\u0103 oricare dintre serverele noastre se afl\u0103 \u00eentr-o \u021bar\u0103 din afara SEE sau dac\u0103 unul dintre furnizorii no\u0219tri de servicii este situat \u00eentr-o \u021bar\u0103 din afara SEE. Dac\u0103 transfer\u0103m sau stoc\u0103m datele dumneavoastr\u0103 cu caracter personal \u00een afara SEE \u00een acest fel, vom lua m\u0103suri cu scopul de a ne asigura c\u0103 drepturile dumneavoastr\u0103 de confiden\u021bialitate continu\u0103 s\u0103 fie protejate, a\u0219a cum este subliniat \u00een aceast\u0103 politic\u0103 de confiden\u021bialitate \u0219i \u00een conformitate cu Legea privind protec\u021bia datelor din 1998 (2018). ). Dac\u0103 utiliza\u021bi serviciul nostru \u00een timp ce v\u0103 afla\u021bi \u00een afara SEE, datele dumneavoastr\u0103 cu caracter personal pot fi transferate \u00een afara SEE pentru a v\u0103 oferi aceste servicii.<\/p>\n\n\n\n<p>Nu folosim \u0219i nu dezv\u0103luim date personale sensibile, cum ar fi rasa, religia sau afilierea politic\u0103, f\u0103r\u0103 consim\u021b\u0103m\u00e2ntul dumneavoastr\u0103 explicit.<\/p>\n\n\n\n<p>\u00cen caz contrar, vom procesa, dezv\u0103lui sau \u00eemp\u0103rt\u0103\u0219i datele dumneavoastr\u0103 cu caracter personal numai dac\u0103 este necesar s\u0103 facem acest lucru prin lege sau dac\u0103 consider\u0103m cu bun\u0103-credin\u021b\u0103 c\u0103 o astfel de ac\u021biune este necesar\u0103 pentru a respecta cerin\u021bele legale sau procesele legale prezentate pe noi sau pe site.<\/p>\n\n\n\n<p>Ave\u021bi dreptul de a renun\u021ba la prelucrarea datelor dumneavoastr\u0103 personale \u00een scopuri de marketing, contact\u00e2ndu-ne la adresa <a href=\"mailto:info@bawso.org.uk\" target=\"_blank\" rel=\"noreferrer noopener\">info@bawso.org.uk<\/a><\/p>\n\n\n\n<div style=\"height:20px\" aria-hidden=\"true\" class=\"wp-block-spacer\"><\/div>\n\n\n\n<h3 class=\"has-brand-one-color has-text-color wp-block-heading\" id=\"8-security\"><strong>8. Securitate<\/strong><\/h3>\n\n\n\n<p>Transmiterea de informa\u021bii prin internet sau e-mail nu este complet sigur\u0103. De\u0219i vom face tot posibilul pentru a v\u0103 proteja datele personale, nu putem garanta securitatea datelor \u00een timp ce le transmite\u021bi pe site-ul nostru; orice astfel de transmisie este pe propriul risc. Odat\u0103 ce am primit datele dumneavoastr\u0103 cu caracter personal, vom folosi proceduri stricte \u0219i caracteristici de securitate pentru a \u00eencerca s\u0103 \u00eempiedic\u0103m accesul neautorizat.<\/p>\n\n\n\n<p>Acolo unde v-am dat (sau unde a\u021bi ales) o parol\u0103 pentru a putea accesa anumite p\u0103r\u021bi ale site-ului nostru, sunte\u021bi responsabil pentru p\u0103strarea confiden\u021bialit\u0103\u021bii acestei parole. Ar trebui s\u0103 alege\u021bi o parol\u0103 pe care cineva nu o poate ghici.<\/p>\n\n\n\n<div style=\"height:20px\" aria-hidden=\"true\" class=\"wp-block-spacer\"><\/div>\n\n\n\n<h3 class=\"has-brand-one-color has-text-color wp-block-heading\" id=\"9-third-party-links\"><strong>9. Link-uri de la ter\u021bi<\/strong><\/h3>\n\n\n\n<p>Este posibil s\u0103 g\u0103si\u021bi link-uri c\u0103tre site-uri web ter\u021be pe site-urile noastre de mai sus. Aceste site-uri web ar trebui s\u0103 aib\u0103 propriile politici de confiden\u021bialitate, pe care ar trebui s\u0103 le verifica\u021bi. Nu accept\u0103m nicio responsabilitate sau r\u0103spundere pentru site-urile web sau politicile lor, deoarece nu avem control asupra lor.<\/p>\n\n\n\n<div style=\"height:20px\" aria-hidden=\"true\" class=\"wp-block-spacer\"><\/div>\n\n\n\n<h3 class=\"has-brand-one-color has-text-color wp-block-heading\" id=\"10-cookies\"><strong>10. Cookie-uri<\/strong><\/h3>\n\n\n\n<p>Ocazional, este posibil s\u0103 colect\u0103m informa\u021bii despre computerul dumneavoastr\u0103 pentru serviciile noastre \u0219i s\u0103 oferim agen\u021bilor de publicitate informa\u021bii statistice privind utilizarea site-ului nostru web. Astfel de informa\u021bii nu v\u0103 vor identifica personal \u2013 sunt date statistice despre vizitatorii no\u0219tri \u0219i despre utilizarea de c\u0103tre ace\u0219tia a site-ului nostru. Aceste date statistice nu identific\u0103 niciun fel de detalii personale. \u00cen mod similar, cu cele de mai sus, este posibil s\u0103 colect\u0103m informa\u021bii despre utilizarea general\u0103 a Internetului prin utilizarea unui fi\u0219ier cookie. Acolo unde sunt utilizate, aceste cookie-uri sunt desc\u0103rcate automat pe computerul dumneavoastr\u0103. Acest fi\u0219ier cookie este stocat pe hard disk-ul computerului dumneavoastr\u0103, deoarece cookie-urile con\u021bin informa\u021bii care sunt transferate pe hard disk-ul computerului dumneavoastr\u0103. Ele ne ajut\u0103 s\u0103 ne \u00eembun\u0103t\u0103\u021bim site-ul web \u0219i serviciile pe care vi le oferim. Toate computerele au capacitatea de a refuza cookie-urile. Acest lucru se poate face prin activarea set\u0103rii din browser care v\u0103 permite s\u0103 refuza\u021bi cookie-urile. V\u0103 rug\u0103m s\u0103 re\u021bine\u021bi c\u0103, dac\u0103 alege\u021bi s\u0103 refuza\u021bi cookie-urile, este posibil s\u0103 nu pute\u021bi accesa anumite p\u0103r\u021bi ale site-ului nostru.<\/p>\n\n\n\n<div style=\"height:20px\" aria-hidden=\"true\" class=\"wp-block-spacer\"><\/div>\n\n\n\n<h3 class=\"has-brand-one-color has-text-color wp-block-heading\" id=\"11-access-to-information\"><strong>11. Accesul la informa\u021bii<\/strong><\/h3>\n\n\n\n<p>Legea privind protec\u021bia datelor din 2018 v\u0103 ofer\u0103 dreptul de a accesa informa\u021biile de\u021binute despre dvs. de noi. Acest drept poate fi exercitat de dumneavoastr\u0103 \u00een conformitate cu Legea. Dac\u0103 dori\u021bi s\u0103 primi\u021bi detaliile pe care le de\u021binem despre dvs., v\u0103 rug\u0103m s\u0103 ne contacta\u021bi folosind datele de contact de mai jos:<br><br>E-mail la: <a rel=\"noreferrer noopener\" href=\"mailto:dataprotection@bawso.org.uk\" target=\"_blank\">dataprotection@bawso.org.uk<\/a><br>Tel: <a href=\"http:\/\/02920644633\" data-type=\"URL\" data-id=\"02920644633\">02920644633<\/a><br>\u0218eful departamentului de asigurare a calit\u0103\u021bii \u0219i conformitate,<br>Unitatea 4, Sovereign Quay,<br>Havannah Street,<br>Cardiff,<br>CF10 5SF<\/p>\n\n\n\n<div style=\"height:20px\" aria-hidden=\"true\" class=\"wp-block-spacer\"><\/div>\n\n\n\n<h3 class=\"has-brand-one-color has-text-color wp-block-heading\" id=\"12-changes-to-this-policy\"><strong>12. Modific\u0103ri ale acestei politici<\/strong><\/h3>\n\n\n\n<p>Putem actualiza oric\u00e2nd aceast\u0103 politic\u0103 de confiden\u021bialitate pentru a reflecta modific\u0103rile aduse site-urilor web de mai sus \u0219i feedback-ul clien\u021bilor. V\u0103 rug\u0103m s\u0103 revizui\u021bi \u00een mod regulat aceast\u0103 politic\u0103 de confiden\u021bialitate pentru a fi informat despre politica noastr\u0103 de confiden\u021bialitate actual\u0103<\/p>","protected":false},"excerpt":{"rendered":"<p>Website Terms of Use &amp; Privacy \u201cWe\u201d and \u201cOur\u201d below refer to \u201cBawso\u201d and anyone in our employment or working on our behalf. By using our website, you are agreeing [&hellip;]<\/p>\n","protected":false},"author":1,"featured_media":0,"parent":0,"menu_order":14,"comment_status":"closed","ping_status":"closed","template":"","meta":{"_acf_changed":false,"_seopress_robots_primary_cat":"","_seopress_titles_title":"Bawso | Terms &amp; Conditions","_seopress_titles_desc":"Bawso terms of use - by using our website, you are agreeing to be bound by terms and conditions of use and our privacy statement.","_seopress_robots_index":"","footnotes":""},"class_list":["post-272","page","type-page","status-publish","hentry"],"acf":[],"publishpress_future_action":{"enabled":false,"date":"2026-07-01 18:39:49","action":"category-add","newStatus":"draft","terms":[],"taxonomy":"","extraData":[]},"publishpress_future_workflow_manual_trigger":{"enabledWorkflows":[]},"_links":{"self":[{"href":"https:\/\/bawso.org.uk\/ro\/wp-json\/wp\/v2\/pages\/272","targetHints":{"allow":["GET"]}}],"collection":[{"href":"https:\/\/bawso.org.uk\/ro\/wp-json\/wp\/v2\/pages"}],"about":[{"href":"https:\/\/bawso.org.uk\/ro\/wp-json\/wp\/v2\/types\/page"}],"author":[{"embeddable":true,"href":"https:\/\/bawso.org.uk\/ro\/wp-json\/wp\/v2\/users\/1"}],"replies":[{"embeddable":true,"href":"https:\/\/bawso.org.uk\/ro\/wp-json\/wp\/v2\/comments?post=272"}],"version-history":[{"count":0,"href":"https:\/\/bawso.org.uk\/ro\/wp-json\/wp\/v2\/pages\/272\/revisions"}],"wp:attachment":[{"href":"https:\/\/bawso.org.uk\/ro\/wp-json\/wp\/v2\/media?parent=272"}],"curies":[{"name":"wp","href":"https:\/\/api.w.org\/{rel}","templated":true}]}}