{"id":1535,"date":"2022-08-11T19:40:46","date_gmt":"2022-08-11T18:40:46","guid":{"rendered":"https:\/\/bawso.org.uk\/?page_id=1535"},"modified":"2022-08-12T12:54:53","modified_gmt":"2022-08-12T11:54:53","slug":"grants-team","status":"publish","type":"page","link":"https:\/\/bawso.org.uk\/ro\/grants-team\/","title":{"rendered":"Echipa de granturi"},"content":{"rendered":"<p class=\"is-style-text-x-large\">Bawso are o echip\u0103 specializat\u0103 \u00een granturi cu experien\u021b\u0103 \u00een gestionarea \u0219i administrarea granturilor din partea Regatului Unit \u0219i a organismelor locale pentru grupurile negre \u0219i minorizate din \u021aara Galilor.<\/p>\n\n\n\n<p class=\"is-style-default\">Aceast\u0103 capacitate a fost dezvoltat\u0103 \u00een ultimii ani \u00een furnizarea programelor de granturi din Fondul majoritar global oferite de Comic Relief.<\/p>\n\n\n\n<p class=\"is-style-default\">Bawso are rela\u021bii profunde \u0219i de lung\u0103 durat\u0103 cu grupuri negre \u0219i lideri comunitari din \u021aara Galilor. Consiliul Bawso, personalul \u0219i voluntarii provin din aceste comunit\u0103\u021bi, iar Bawso are o capacitate testat\u0103 \u0219i testat\u0103 de a oferi granturi \u0219i de a sprijini \u0219i consilia finan\u021batorii de granturi care doresc s\u0103 opereze \u00een \u021aara Galilor. Ea efectueaz\u0103 cercet\u0103ri primare \u00een acest domeniu de activitate.<\/p>","protected":false},"excerpt":{"rendered":"<p>Bawso are o echip\u0103 specializat\u0103 \u00een granturi, cu experien\u021b\u0103 \u00een gestionarea \u0219i administrarea granturilor de la organisme din Regatul Unit \u0219i locale c\u0103tre grupurile de culoare \u0219i minorit\u0103\u021bi din \u021aara Galilor. Aceast\u0103 capacitate a fost dezvoltat\u0103 [\u2026]<\/p>","protected":false},"author":1,"featured_media":0,"parent":0,"menu_order":3,"comment_status":"closed","ping_status":"closed","template":"","meta":{"_acf_changed":false,"_seopress_robots_primary_cat":"","_seopress_titles_title":"Bawso | Grants Team","_seopress_titles_desc":"Bawso has a specialist grants team with expertise in managing and administering grants from UK and local bodies to black and minoritised groups in Wales.","_seopress_robots_index":"","footnotes":""},"class_list":["post-1535","page","type-page","status-publish","hentry"],"acf":[],"publishpress_future_action":{"enabled":false,"date":"2026-06-16 14:37:52","action":"category-add","newStatus":"draft","terms":[],"taxonomy":"","extraData":[]},"publishpress_future_workflow_manual_trigger":{"enabledWorkflows":[]},"_links":{"self":[{"href":"https:\/\/bawso.org.uk\/ro\/wp-json\/wp\/v2\/pages\/1535","targetHints":{"allow":["GET"]}}],"collection":[{"href":"https:\/\/bawso.org.uk\/ro\/wp-json\/wp\/v2\/pages"}],"about":[{"href":"https:\/\/bawso.org.uk\/ro\/wp-json\/wp\/v2\/types\/page"}],"author":[{"embeddable":true,"href":"https:\/\/bawso.org.uk\/ro\/wp-json\/wp\/v2\/users\/1"}],"replies":[{"embeddable":true,"href":"https:\/\/bawso.org.uk\/ro\/wp-json\/wp\/v2\/comments?post=1535"}],"version-history":[{"count":3,"href":"https:\/\/bawso.org.uk\/ro\/wp-json\/wp\/v2\/pages\/1535\/revisions"}],"predecessor-version":[{"id":1562,"href":"https:\/\/bawso.org.uk\/ro\/wp-json\/wp\/v2\/pages\/1535\/revisions\/1562"}],"wp:attachment":[{"href":"https:\/\/bawso.org.uk\/ro\/wp-json\/wp\/v2\/media?parent=1535"}],"curies":[{"name":"wp","href":"https:\/\/api.w.org\/{rel}","templated":true}]}}