{"id":311,"date":"2022-02-25T13:48:58","date_gmt":"2022-02-25T13:48:58","guid":{"rendered":"https:\/\/bawso.org.uk\/?page_id=311"},"modified":"2022-08-11T19:32:29","modified_gmt":"2022-08-11T18:32:29","slug":"about-us","status":"publish","type":"page","link":"https:\/\/bawso.org.uk\/pt\/about-us\/","title":{"rendered":"Sobre n\u00f3s"},"content":{"rendered":"<h2 class=\"wp-block-heading\"><strong>Quem n\u00f3s somos<\/strong><\/h2>\n\n\n\n<p class=\"has-medium-font-size\"><strong>A Bawso foi fundada em 1995 por um pequeno grupo de mulheres negras e minorit\u00e1rias em Cardiff, preocupadas com a adequa\u00e7\u00e3o dos servi\u00e7os prestados \u00e0s v\u00edtimas de viol\u00eancia dom\u00e9stica. Alugamos uma sala com escrivaninha, cadeira e telefone, e come\u00e7amos a sensibilizar comunidades negras e minorit\u00e1rias, junto ao governo, \u00f3rg\u00e3os estatut\u00e1rios e prestadores de servi\u00e7os do terceiro setor.<\/strong><\/p>\n\n\n\n<p>Ao longo dos anos, Bawso foi pioneiro no trabalho em \u00e1reas muito antes de se tornarem objeto de amplo interesse p\u00fablico e legisla\u00e7\u00e3o, incluindo casamento for\u00e7ado (FM), mutila\u00e7\u00e3o genital feminina (FMG), viol\u00eancia baseada na honra (HBV) e, mais recentemente, escravid\u00e3o moderna e tr\u00e1fico .<\/p>\n\n\n\n<p>Os servi\u00e7os da Bawso agora se estendem por todo o Pa\u00eds de Gales, empregando mais de cem funcion\u00e1rios treinados e experientes e numerosos volunt\u00e1rios. Com um faturamento de \u00a3 4,6 milh\u00f5es por ano, somos financiados pelo governo central em Westminster, governo descentralizado em Cardiff Bay, autoridades locais, comiss\u00e1rios de crimes policiais, outros \u00f3rg\u00e3os estatut\u00e1rios, funda\u00e7\u00f5es, trusts, filantropos e atividades de arrecada\u00e7\u00e3o de fundos comunit\u00e1rias.<\/p>\n\n\n\n<p>A Bawso administra ref\u00fagios constru\u00eddos especificamente, casas seguras, instala\u00e7\u00f5es de balc\u00e3o \u00fanico, apoio flutuante para sobreviventes na comunidade e projetos especializados para cada \u00e1rea de viol\u00eancia e explora\u00e7\u00e3o de mulheres e meninas, homens e meninos. Apoiamos mais de 6.000 indiv\u00edduos todos os anos e a cada ano esses n\u00fameros aumentam.<\/p>\n\n\n\n<p>O trabalho no campo \u00e9 complementado por uma linha direta 24 horas, um departamento de treinamento comprometido com a melhoria cont\u00ednua dos servi\u00e7os da Bawso e as habilidades da equipe da Bawso, e o fornecimento de treinamento de conscientiza\u00e7\u00e3o para ag\u00eancias externas, profissionais e profissionais, incluindo a pol\u00edcia, cl\u00ednicos gerais , funcion\u00e1rios do NHS, professores e funcion\u00e1rios p\u00fablicos. A Bawso tamb\u00e9m possui um amplo e dedicado Departamento de Interpreta\u00e7\u00e3o e Tradu\u00e7\u00e3o de trabalhadores credenciados.<\/p>\n\n\n\n<p>Bawso \u00e9 governado por um Conselho de mulheres e homens negros e minorias altamente talentosos e experientes das comunidades que servem. A equipe e os volunt\u00e1rios da Bawso tamb\u00e9m s\u00e3o de comunidades negras e minorit\u00e1rias do Pa\u00eds de Gales, dando-lhes uma compreens\u00e3o \u00fanica das culturas, religi\u00f5es e idiomas dos usu\u00e1rios do servi\u00e7o e suas comunidades.<\/p>\n\n\n\n<h3 class=\"wp-block-heading\"><strong>NOSSA VIS\u00c3O<\/strong><\/h3>\n\n\n\n<p class=\"is-style-text-x-large has-medium-font-size\"><strong>Que todas as pessoas no Pa\u00eds de Gales vivam livres de abuso, viol\u00eancia e explora\u00e7\u00e3o.<\/strong><\/p>\n\n\n\n<h3 class=\"wp-block-heading\"><strong>NOSSA MISS\u00c3O<\/strong><\/h3>\n\n\n\n<p class=\"is-style-text-x-large has-medium-font-size\"><strong>Defender e prestar servi\u00e7os especializados a v\u00edtimas negras e minorit\u00e1rias de abuso, viol\u00eancia e explora\u00e7\u00e3o no Pa\u00eds de Gales.<\/strong><\/p>\n\n\n\n<h3 class=\"wp-block-heading\"><strong>NOSSOS VALORES<\/strong><\/h3>\n\n\n\n<ul class=\"wp-block-list\"><li>Temos o compromisso de trabalhar sem julgamentos com toler\u00e2ncia zero de abuso, viol\u00eancia e explora\u00e7\u00e3o.<\/li><li>Aderimos a altos padr\u00f5es profissionais de pr\u00e1tica, sendo respeitosos, emp\u00e1ticos, sens\u00edveis e honestos.<\/li><li>Mantemos integridade, transpar\u00eancia e responsabilidade em tudo o que fazemos.<\/li><li>Fornecemos servi\u00e7os prontamente dispon\u00edveis e de f\u00e1cil acesso.<\/li><li>Aumentamos a conscientiza\u00e7\u00e3o sobre todas as formas de abuso e viol\u00eancia, tanto nas comunidades negras e minorit\u00e1rias, quanto no governo e na sociedade civil no Pa\u00eds de Gales.<\/li><li>Sempre desafiamos o racismo e todas as formas de desigualdade interseccional, injusti\u00e7a e discrimina\u00e7\u00e3o.<\/li><\/ul>","protected":false},"excerpt":{"rendered":"<p>Who we are Bawso was established in 1995 by a small group of black and minoritised women in Cardiff, who were concerned about the appropriateness of services provided to victims [&hellip;]<\/p>\n","protected":false},"author":1,"featured_media":0,"parent":0,"menu_order":4,"comment_status":"closed","ping_status":"closed","template":"","meta":{"_acf_changed":false,"_seopress_robots_primary_cat":"","_seopress_titles_title":"Bawso | About Us","_seopress_titles_desc":"The lead organisation in Wales providing practical &amp; emotional support to black minority ethnic (BAME) and migrant victims of abuse, violence and exploitation.","_seopress_robots_index":"","footnotes":""},"class_list":["post-311","page","type-page","status-publish","hentry"],"acf":[],"publishpress_future_action":{"enabled":false,"date":"2026-06-27 15:35:12","action":"category-add","newStatus":"draft","terms":[],"taxonomy":"","extraData":[]},"publishpress_future_workflow_manual_trigger":{"enabledWorkflows":[]},"_links":{"self":[{"href":"https:\/\/bawso.org.uk\/pt\/wp-json\/wp\/v2\/pages\/311","targetHints":{"allow":["GET"]}}],"collection":[{"href":"https:\/\/bawso.org.uk\/pt\/wp-json\/wp\/v2\/pages"}],"about":[{"href":"https:\/\/bawso.org.uk\/pt\/wp-json\/wp\/v2\/types\/page"}],"author":[{"embeddable":true,"href":"https:\/\/bawso.org.uk\/pt\/wp-json\/wp\/v2\/users\/1"}],"replies":[{"embeddable":true,"href":"https:\/\/bawso.org.uk\/pt\/wp-json\/wp\/v2\/comments?post=311"}],"version-history":[{"count":9,"href":"https:\/\/bawso.org.uk\/pt\/wp-json\/wp\/v2\/pages\/311\/revisions"}],"predecessor-version":[{"id":1985,"href":"https:\/\/bawso.org.uk\/pt\/wp-json\/wp\/v2\/pages\/311\/revisions\/1985"}],"wp:attachment":[{"href":"https:\/\/bawso.org.uk\/pt\/wp-json\/wp\/v2\/media?parent=311"}],"curies":[{"name":"wp","href":"https:\/\/api.w.org\/{rel}","templated":true}]}}