{"id":272,"date":"2022-02-08T15:34:29","date_gmt":"2022-02-08T15:34:29","guid":{"rendered":"https:\/\/bawso.org.uk\/?page_id=272"},"modified":"2022-03-23T20:40:58","modified_gmt":"2022-03-23T20:40:58","slug":"terms-of-use","status":"publish","type":"page","link":"https:\/\/bawso.org.uk\/pt\/terms-of-use\/","title":{"rendered":"Termos de uso"},"content":{"rendered":"<h2 class=\"has-brand-one-color has-text-color wp-block-heading\" id=\"website-terms-of-use-privacy\"><strong>Termos de uso e privacidade do site<\/strong><\/h2>\n\n\n\n<p>\u201cN\u00f3s\u201d e \u201cNosso\u201d abaixo referem-se a \u201cBawso\u201d e qualquer pessoa em nosso emprego ou trabalhando em nosso nome.<\/p>\n\n\n\n<p>Ao usar nosso site, voc\u00ea concorda em cumprir os termos e condi\u00e7\u00f5es de uso e nossa declara\u00e7\u00e3o de privacidade definida abaixo.<\/p>\n\n\n\n<div style=\"height:20px\" aria-hidden=\"true\" class=\"wp-block-spacer\"><\/div>\n\n\n\n<h2 class=\"has-brand-one-color has-text-color wp-block-heading\" id=\"terms-and-conditions\"><strong>Termos e Condi\u00e7\u00f5es<\/strong><\/h2>\n\n\n\n<div style=\"height:20px\" aria-hidden=\"true\" class=\"wp-block-spacer\"><\/div>\n\n\n\n<h3 class=\"has-brand-one-color has-text-color wp-block-heading\" id=\"1-access-to-the-website-and-content\"><strong>1. Acesso ao site e conte\u00fado<\/strong><\/h3>\n\n\n\n<p>As informa\u00e7\u00f5es fornecidas neste site n\u00e3o s\u00e3o de forma alguma um convite ou recomenda\u00e7\u00e3o para comprar quaisquer produtos ou servi\u00e7os apresentados e voc\u00ea deve procurar aconselhamento independente apropriado.<\/p>\n\n\n\n<p>Faremos o poss\u00edvel para permitir o acesso ininterrupto a este site, mas o acesso a qualquer um desses sites pode ser suspenso, restringido ou encerrado a qualquer momento.<\/p>\n\n\n\n<p>N\u00e3o assumimos qualquer responsabilidade pelo conte\u00fado de quaisquer outros sites para os quais este site tenha links.<\/p>\n\n\n\n<div style=\"height:20px\" aria-hidden=\"true\" class=\"wp-block-spacer\"><\/div>\n\n\n\n<h3 class=\"has-brand-one-color has-text-color wp-block-heading\" id=\"2-intellectual-property\"><strong>2. Propriedade Intelectual<\/strong><\/h3>\n\n\n\n<p>Os direitos autorais do conte\u00fado deste site, design, texto e gr\u00e1ficos, e sua sele\u00e7\u00e3o e organiza\u00e7\u00e3o pertencem a n\u00f3s ou aos fornecedores de tais informa\u00e7\u00f5es. Todos os direitos s\u00e3o reservados. Nenhum deste material pode ser reproduzido ou redistribu\u00eddo sem nossa permiss\u00e3o por escrito. Voc\u00ea pode, no entanto, baixar ou imprimir uma \u00fanica c\u00f3pia para sua pr\u00f3pria visualiza\u00e7\u00e3o off-line n\u00e3o comercial.<\/p>\n\n\n\n<p>Os nomes de produtos e empresas mencionados neste site podem ser marcas comerciais ou marcas registradas de seus respectivos propriet\u00e1rios.<\/p>\n\n\n\n<div style=\"height:20px\" aria-hidden=\"true\" class=\"wp-block-spacer\"><\/div>\n\n\n\n<h3 class=\"has-brand-one-color has-text-color wp-block-heading\" id=\"3-exclusions-of-liability\"><strong>3. Exclus\u00f5es de responsabilidade<\/strong><\/h3>\n\n\n\n<p>Na medida permitida pela lei aplic\u00e1vel, nos isentamos de todas as garantias e representa\u00e7\u00f5es (expressas ou impl\u00edcitas) quanto \u00e0 precis\u00e3o de qualquer informa\u00e7\u00e3o contida neste site. N\u00e3o garantimos que este site esteja isento de falhas e tamb\u00e9m n\u00e3o aceitamos responsabilidade por quaisquer erros ou omiss\u00f5es.<\/p>\n\n\n\n<p>Devido \u00e0 natureza da transmiss\u00e3o eletr\u00f4nica de dados pela Internet e ao n\u00famero de usu\u00e1rios pelos quais os dados s\u00e3o postados neste site, qualquer responsabilidade que possamos ter por quaisquer perdas ou reclama\u00e7\u00f5es decorrentes da incapacidade de acessar este site ou de qualquer o uso deste site ou a confian\u00e7a nos dados transmitidos por meio deste site, \u00e9 exclu\u00eddo na extens\u00e3o m\u00e1xima permitida por lei. Em nenhum caso seremos respons\u00e1veis por qualquer perda de lucros, receitas, boa vontade, oportunidade, neg\u00f3cios, economias antecipadas ou outras perdas indiretas ou consequentes de qualquer tipo em contrato, ato il\u00edcito (incluindo neglig\u00eancia) ou de outra forma decorrentes do uso deste site, salvo se tal responsabilidade n\u00e3o puder ser exclu\u00edda por lei.<\/p>\n\n\n\n<p>N\u00e3o garantimos que este site esteja livre de v\u00edrus ou qualquer outra coisa que possa ter um efeito prejudicial em qualquer tecnologia.<\/p>\n\n\n\n<div style=\"height:20px\" aria-hidden=\"true\" class=\"wp-block-spacer\"><\/div>\n\n\n\n<h3 class=\"has-brand-one-color has-text-color wp-block-heading\" id=\"4-links-disclaimer\"><strong>4. Isen\u00e7\u00e3o de responsabilidade de links<\/strong><\/h3>\n\n\n\n<p>Todos os links disponibilizados s\u00e3o fornecidos para conveni\u00eancia de nossos usu\u00e1rios. N\u00e3o temos controle, n\u00e3o exercemos nenhuma responsabilidade e n\u00e3o fazemos representa\u00e7\u00f5es sobre a precis\u00e3o ou qualquer outro aspecto do conte\u00fado\/informa\u00e7\u00f5es encontradas ou usadas ao visitar qualquer site de terceiros. O fornecimento de um link para um site de terceiros n\u00e3o deve ser considerado como um endosso expresso ou impl\u00edcito por n\u00f3s de qualquer conte\u00fado\/informa\u00e7\u00e3o, produtos\/servi\u00e7os que possam estar dispon\u00edveis para voc\u00ea ou por meio de terceiros.<\/p>\n\n\n\n<div style=\"height:20px\" aria-hidden=\"true\" class=\"wp-block-spacer\"><\/div>\n\n\n\n<h3 class=\"has-brand-one-color has-text-color wp-block-heading\" id=\"5-governing-law\"><strong>5. Lei aplic\u00e1vel<\/strong><\/h3>\n\n\n\n<p>Estes termos e condi\u00e7\u00f5es s\u00e3o regidos e devem ser interpretados de acordo com a lei inglesa e galesa. Quaisquer disputas estar\u00e3o sujeitas \u00e0 jurisdi\u00e7\u00e3o exclusiva dos tribunais ingleses e galeses.<\/p>\n\n\n\n<p>Declara\u00e7\u00e3o de privacidade do site Esta declara\u00e7\u00e3o de privacidade se aplica ao(s) site(s) da Bawso em <a href=\"https:\/\/bawso.org.uk\/pt\/\" data-type=\"URL\" data-id=\"www.bawso.org.uk\" target=\"_blank\" rel=\"noreferrer noopener\">www.bawso.org.uk<\/a> Levamos a s\u00e9rio a privacidade dos dados pessoais. Esta pol\u00edtica de privacidade abrange a coleta, processamento e outros usos de dados pessoais sob o Regulamento Geral de Prote\u00e7\u00e3o de Dados 2016\/679 e a Lei de Prote\u00e7\u00e3o de Dados 2018, para o qual o controlador de dados \u00e9 a Bawso. Ao usar este site, voc\u00ea concorda com esta pol\u00edtica de privacidade e sua aplica\u00e7\u00e3o a voc\u00ea. Estamos registrados no Gabinete do Comiss\u00e1rio de Informa\u00e7\u00e3o para este fim.<\/p>\n\n\n\n<div style=\"height:20px\" aria-hidden=\"true\" class=\"wp-block-spacer\"><\/div>\n\n\n\n<h3 class=\"has-brand-one-color has-text-color wp-block-heading\" id=\"6-information-we-collect\"><strong>6. Informa\u00e7\u00f5es que coletamos<\/strong><\/h3>\n\n\n\n<p>Coletaremos dados pessoais em nosso(s) site(s) acima somente se forem fornecidos diretamente a n\u00f3s por voc\u00ea, o usu\u00e1rio, e, portanto, foram fornecidos por voc\u00ea com o seu consentimento. Tamb\u00e9m usamos ferramentas anal\u00edticas e estat\u00edsticas que monitoram detalhes de suas visitas ao nosso site e os recursos que voc\u00ea acessa, incluindo, mas n\u00e3o limitado a, dados de tr\u00e1fego, dados de localiza\u00e7\u00e3o, weblogs e outros dados de comunica\u00e7\u00e3o (mas esses dados n\u00e3o o identificariam pessoalmente ).<\/p>\n\n\n\n<p>Suas informa\u00e7\u00f5es de pagamento (por exemplo, detalhes do cart\u00e3o de cr\u00e9dito) fornecidas se voc\u00ea fizer uma doa\u00e7\u00e3o atrav\u00e9s do nosso site n\u00e3o s\u00e3o recebidas ou armazenadas por n\u00f3s. Essas informa\u00e7\u00f5es s\u00e3o processadas de forma segura e privada pelos processadores de pagamento de terceiros que usamos. N\u00e3o teremos acesso a essas informa\u00e7\u00f5es em nenhum momento. Podemos compartilhar seus dados pessoais com nossos processadores de pagamento, mas apenas para concluir a transa\u00e7\u00e3o de pagamento relevante. Esses processadores de pagamento est\u00e3o proibidos de usar seus dados pessoais, exceto para fornecer esses servi\u00e7os de pagamento necess\u00e1rios para n\u00f3s, e eles s\u00e3o obrigados a manter a confidencialidade de seus dados pessoais e informa\u00e7\u00f5es de pagamento.<\/p>\n\n\n\n<div style=\"height:20px\" aria-hidden=\"true\" class=\"wp-block-spacer\"><\/div>\n\n\n\n<h3 class=\"has-brand-one-color has-text-color wp-block-heading\" id=\"7-use-storage-and-disclosure-of-your-information\"><strong>7. Uso, armazenamento e divulga\u00e7\u00e3o de suas informa\u00e7\u00f5es<\/strong><\/h3>\n\n\n\n<p>Podemos manter e processar esses dados pessoais de acordo com a Lei de Prote\u00e7\u00e3o de Dados de 2018, mas n\u00e3o transferiremos, compartilharemos, venderemos, alugaremos ou arrendaremos seus dados pessoais a terceiros<\/p>\n\n\n\n<p>As informa\u00e7\u00f5es que coletamos e armazenamos relacionadas a voc\u00ea s\u00e3o usadas principalmente para nos permitir fornecer nossos servi\u00e7os a voc\u00ea. Al\u00e9m disso, podemos usar as informa\u00e7\u00f5es para fins, incluindo o seguinte:<\/p>\n\n\n\n<p>Para fornecer a voc\u00ea as informa\u00e7\u00f5es solicitadas de n\u00f3s, relacionadas aos nossos servi\u00e7os. Para fornecer informa\u00e7\u00f5es sobre outros servi\u00e7os que acreditamos ser de seu interesse, quando voc\u00ea consentiu em receber tais informa\u00e7\u00f5es;<\/p>\n\n\n\n<p>Para cumprir nossos compromissos contratuais, se houver, com voc\u00ea;<\/p>\n\n\n\n<p>Para notific\u00e1-lo sobre quaisquer altera\u00e7\u00f5es em nosso site, como melhorias ou altera\u00e7\u00f5es de servi\u00e7o\/produto, que possam afetar nosso servi\u00e7o;<\/p>\n\n\n\n<p>Para auxiliar na prote\u00e7\u00e3o contra fraudes e minimizar o risco.<\/p>\n\n\n\n<p>Informamos que n\u00e3o revelamos informa\u00e7\u00f5es sobre indiv\u00edduos identific\u00e1veis a terceiros, mas podemos, ocasionalmente, fornecer a eles informa\u00e7\u00f5es estat\u00edsticas agregadas sobre nossos visitantes.<\/p>\n\n\n\n<p>Como parte dos servi\u00e7os oferecidos a voc\u00ea, por exemplo, por meio de nosso site, as informa\u00e7\u00f5es que voc\u00ea nos fornece podem ser transferidas, mas n\u00e3o armazenadas, em pa\u00edses fora do Espa\u00e7o Econ\u00f4mico Europeu (EEE), pois usamos hosts de servidores de sites remotos para fornecer o site e alguns aspectos do nosso servi\u00e7o, que podem ser baseados fora do EEE, ou usar servidores baseados fora do EEE \u2013 esta \u00e9 geralmente a natureza dos dados armazenados na \u201cnuvem\u201d. Uma transfer\u00eancia de seus dados pessoais pode ocorrer se algum de nossos servidores estiver localizado em um pa\u00eds fora do EEE ou se um de nossos provedores de servi\u00e7os estiver localizado em um pa\u00eds fora do EEE. Se transferirmos ou armazenarmos seus dados pessoais fora do EEE dessa maneira, tomaremos medidas com o objetivo de garantir que seus direitos de privacidade continuem protegidos, conforme descrito nesta pol\u00edtica de privacidade e de acordo com a Lei de Prote\u00e7\u00e3o de Dados de 1998 (2018 ). Se voc\u00ea usar nosso servi\u00e7o enquanto estiver fora do EEE, seus dados pessoais poder\u00e3o ser transferidos para fora do EEE para fornecer esses servi\u00e7os.<\/p>\n\n\n\n<p>N\u00e3o usamos nem divulgamos dados pessoais confidenciais, como ra\u00e7a, religi\u00e3o ou afilia\u00e7\u00f5es pol\u00edticas, sem o seu consentimento expl\u00edcito.<\/p>\n\n\n\n<p>Caso contr\u00e1rio, processaremos, divulgaremos ou compartilharemos seus dados pessoais somente se exigido por lei ou na cren\u00e7a de boa f\u00e9 de que tal a\u00e7\u00e3o \u00e9 necess\u00e1ria para cumprir os requisitos legais ou processos legais servidos a n\u00f3s ou ao site.<\/p>\n\n\n\n<p>Voc\u00ea tem o direito de cancelar o processamento de seus dados pessoais para fins de marketing entrando em contato conosco em <a href=\"mailto:info@bawso.org.uk\" target=\"_blank\" rel=\"noreferrer noopener\">info@bawso.org.uk<\/a><\/p>\n\n\n\n<div style=\"height:20px\" aria-hidden=\"true\" class=\"wp-block-spacer\"><\/div>\n\n\n\n<h3 class=\"has-brand-one-color has-text-color wp-block-heading\" id=\"8-security\"><strong>8. Seguran\u00e7a<\/strong><\/h3>\n\n\n\n<p>A transmiss\u00e3o de informa\u00e7\u00f5es via Internet ou e-mail n\u00e3o \u00e9 totalmente segura. Embora fa\u00e7amos o poss\u00edvel para proteger seus dados pessoais, n\u00e3o podemos garantir a seguran\u00e7a dos dados enquanto voc\u00ea os transmite para nosso site; qualquer transmiss\u00e3o desse tipo \u00e9 por sua conta e risco. Assim que recebermos seus dados pessoais, usaremos procedimentos rigorosos e recursos de seguran\u00e7a para tentar impedir o acesso n\u00e3o autorizado.<\/p>\n\n\n\n<p>Onde lhe demos (ou onde voc\u00ea escolheu) uma senha para que voc\u00ea possa acessar certas partes do nosso site, voc\u00ea \u00e9 respons\u00e1vel por manter essa senha confidencial. Voc\u00ea deve escolher uma senha que n\u00e3o seja f\u00e1cil para algu\u00e9m adivinhar.<\/p>\n\n\n\n<div style=\"height:20px\" aria-hidden=\"true\" class=\"wp-block-spacer\"><\/div>\n\n\n\n<h3 class=\"has-brand-one-color has-text-color wp-block-heading\" id=\"9-third-party-links\"><strong>9. Links de terceiros<\/strong><\/h3>\n\n\n\n<p>Voc\u00ea pode encontrar links para sites de terceiros em nosso(s) site(s) acima. Esses sites devem ter suas pr\u00f3prias pol\u00edticas de privacidade, que voc\u00ea deve verificar. N\u00e3o aceitamos qualquer responsabilidade ou obriga\u00e7\u00e3o por seus sites ou pol\u00edticas, pois n\u00e3o temos controle sobre eles.<\/p>\n\n\n\n<div style=\"height:20px\" aria-hidden=\"true\" class=\"wp-block-spacer\"><\/div>\n\n\n\n<h3 class=\"has-brand-one-color has-text-color wp-block-heading\" id=\"10-cookies\"><strong>10. Biscoitos<\/strong><\/h3>\n\n\n\n<p>Ocasionalmente, podemos coletar informa\u00e7\u00f5es sobre seu computador para nossos servi\u00e7os e fornecer informa\u00e7\u00f5es estat\u00edsticas sobre o uso de nosso site para nossos anunciantes. Essas informa\u00e7\u00f5es n\u00e3o o identificar\u00e3o pessoalmente \u2013 s\u00e3o dados estat\u00edsticos sobre nossos visitantes e seu uso do nosso site. Estes dados estat\u00edsticos n\u00e3o identificam quaisquer dados pessoais. Da mesma forma, podemos coletar informa\u00e7\u00f5es sobre seu uso geral da Internet usando um arquivo de cookie. Quando usados, esses cookies s\u00e3o baixados para o seu computador automaticamente. Este arquivo de cookie \u00e9 armazenado no disco r\u00edgido do seu computador, pois os cookies cont\u00eam informa\u00e7\u00f5es que s\u00e3o transferidas para o disco r\u00edgido do seu computador. Eles nos ajudam a melhorar nosso site e o servi\u00e7o que prestamos a voc\u00ea. Todos os computadores t\u00eam a capacidade de recusar os cookies. Isso pode ser feito ativando a configura\u00e7\u00e3o em seu navegador que permite recusar os cookies. Observe que, se voc\u00ea optar por recusar os cookies, poder\u00e1 n\u00e3o conseguir acessar partes espec\u00edficas do nosso site.<\/p>\n\n\n\n<div style=\"height:20px\" aria-hidden=\"true\" class=\"wp-block-spacer\"><\/div>\n\n\n\n<h3 class=\"has-brand-one-color has-text-color wp-block-heading\" id=\"11-access-to-information\"><strong>11. Acesso \u00e0 informa\u00e7\u00e3o<\/strong><\/h3>\n\n\n\n<p>A Lei de Prote\u00e7\u00e3o de Dados de 2018 d\u00e1 a voc\u00ea o direito de acessar informa\u00e7\u00f5es mantidas sobre voc\u00ea por n\u00f3s. Este direito pode ser exercido por voc\u00ea de acordo com a Lei. Caso deseje receber os detalhes que mantemos sobre voc\u00ea, entre em contato conosco usando os detalhes de contato abaixo:<br><br>Email para: <a rel=\"noreferrer noopener\" href=\"mailto:dataprotection@bawso.org.uk\" target=\"_blank\">dataprotection@bawso.org.uk<\/a><br>Telefone: <a href=\"http:\/\/02920644633\" data-type=\"URL\" data-id=\"02920644633\">02920644633<\/a><br>Chefe de Garantia de Qualidade e Conformidade,<br>Unidade 4, Cais Soberano,<br>Havannah Street,<br>Cardiff,<br>CF10 5SF<\/p>\n\n\n\n<div style=\"height:20px\" aria-hidden=\"true\" class=\"wp-block-spacer\"><\/div>\n\n\n\n<h3 class=\"has-brand-one-color has-text-color wp-block-heading\" id=\"12-changes-to-this-policy\"><strong>12. Altera\u00e7\u00f5es a esta Pol\u00edtica<\/strong><\/h3>\n\n\n\n<p>Podemos atualizar esta pol\u00edtica de privacidade a qualquer momento para refletir as altera\u00e7\u00f5es no(s) site(s) acima e o feedback do cliente. Por favor, revise regularmente esta pol\u00edtica de privacidade para ser informado sobre nossa pol\u00edtica de privacidade atual<\/p>","protected":false},"excerpt":{"rendered":"<p>Website Terms of Use &amp; Privacy \u201cWe\u201d and \u201cOur\u201d below refer to \u201cBawso\u201d and anyone in our employment or working on our behalf. By using our website, you are agreeing [&hellip;]<\/p>\n","protected":false},"author":1,"featured_media":0,"parent":0,"menu_order":14,"comment_status":"closed","ping_status":"closed","template":"","meta":{"_acf_changed":false,"_seopress_robots_primary_cat":"","_seopress_titles_title":"Bawso | Terms &amp; Conditions","_seopress_titles_desc":"Bawso terms of use - by using our website, you are agreeing to be bound by terms and conditions of use and our privacy statement.","_seopress_robots_index":"","footnotes":""},"class_list":["post-272","page","type-page","status-publish","hentry"],"acf":[],"publishpress_future_action":{"enabled":false,"date":"2026-07-10 18:28:06","action":"category-add","newStatus":"draft","terms":[],"taxonomy":"","extraData":[]},"publishpress_future_workflow_manual_trigger":{"enabledWorkflows":[]},"_links":{"self":[{"href":"https:\/\/bawso.org.uk\/pt\/wp-json\/wp\/v2\/pages\/272","targetHints":{"allow":["GET"]}}],"collection":[{"href":"https:\/\/bawso.org.uk\/pt\/wp-json\/wp\/v2\/pages"}],"about":[{"href":"https:\/\/bawso.org.uk\/pt\/wp-json\/wp\/v2\/types\/page"}],"author":[{"embeddable":true,"href":"https:\/\/bawso.org.uk\/pt\/wp-json\/wp\/v2\/users\/1"}],"replies":[{"embeddable":true,"href":"https:\/\/bawso.org.uk\/pt\/wp-json\/wp\/v2\/comments?post=272"}],"version-history":[{"count":0,"href":"https:\/\/bawso.org.uk\/pt\/wp-json\/wp\/v2\/pages\/272\/revisions"}],"wp:attachment":[{"href":"https:\/\/bawso.org.uk\/pt\/wp-json\/wp\/v2\/media?parent=272"}],"curies":[{"name":"wp","href":"https:\/\/api.w.org\/{rel}","templated":true}]}}