{"id":1535,"date":"2022-08-11T19:40:46","date_gmt":"2022-08-11T18:40:46","guid":{"rendered":"https:\/\/bawso.org.uk\/?page_id=1535"},"modified":"2022-08-12T12:54:53","modified_gmt":"2022-08-12T11:54:53","slug":"grants-team","status":"publish","type":"page","link":"https:\/\/bawso.org.uk\/pt\/grants-team\/","title":{"rendered":"Equipe de concess\u00f5es"},"content":{"rendered":"<p class=\"is-style-text-x-large\">A Bawso tem uma equipe especializada em subs\u00eddios com experi\u00eancia na gest\u00e3o e administra\u00e7\u00e3o de subs\u00eddios do Reino Unido e de \u00f3rg\u00e3os locais para grupos negros e minorit\u00e1rios no Pa\u00eds de Gales.<\/p>\n\n\n\n<p class=\"is-style-default\">Essa capacidade foi desenvolvida nos \u00faltimos anos na entrega dos programas de subs\u00eddios do Global Majority Fund fornecidos pela Comic Relief.<\/p>\n\n\n\n<p class=\"is-style-default\">Bawso tem rela\u00e7\u00f5es profundas e duradouras com grupos negros e l\u00edderes comunit\u00e1rios em todo o Pa\u00eds de Gales. O Conselho, funcion\u00e1rios e volunt\u00e1rios da Bawso s\u00e3o dessas comunidades, e a Bawso tem uma capacidade testada e comprovada para fornecer subs\u00eddios e apoiar e aconselhar financiadores de subs\u00eddios que desejam operar no Pa\u00eds de Gales. Est\u00e1 realizando pesquisas prim\u00e1rias nesta \u00e1rea de trabalho.<\/p>","protected":false},"excerpt":{"rendered":"<p>A Bawso possui uma equipe especializada em concess\u00e3o de subs\u00eddios com experi\u00eancia na gest\u00e3o e administra\u00e7\u00e3o de subs\u00eddios de entidades do Reino Unido e locais para grupos negros e minorit\u00e1rios no Pa\u00eds de Gales. Essa capacidade foi desenvolvida [\u2026]<\/p>","protected":false},"author":1,"featured_media":0,"parent":0,"menu_order":3,"comment_status":"closed","ping_status":"closed","template":"","meta":{"_acf_changed":false,"_seopress_robots_primary_cat":"","_seopress_titles_title":"Bawso | Grants Team","_seopress_titles_desc":"Bawso has a specialist grants team with expertise in managing and administering grants from UK and local bodies to black and minoritised groups in Wales.","_seopress_robots_index":"","footnotes":""},"class_list":["post-1535","page","type-page","status-publish","hentry"],"acf":[],"publishpress_future_action":{"enabled":false,"date":"2026-06-18 11:58:12","action":"category-add","newStatus":"draft","terms":[],"taxonomy":"","extraData":[]},"publishpress_future_workflow_manual_trigger":{"enabledWorkflows":[]},"_links":{"self":[{"href":"https:\/\/bawso.org.uk\/pt\/wp-json\/wp\/v2\/pages\/1535","targetHints":{"allow":["GET"]}}],"collection":[{"href":"https:\/\/bawso.org.uk\/pt\/wp-json\/wp\/v2\/pages"}],"about":[{"href":"https:\/\/bawso.org.uk\/pt\/wp-json\/wp\/v2\/types\/page"}],"author":[{"embeddable":true,"href":"https:\/\/bawso.org.uk\/pt\/wp-json\/wp\/v2\/users\/1"}],"replies":[{"embeddable":true,"href":"https:\/\/bawso.org.uk\/pt\/wp-json\/wp\/v2\/comments?post=1535"}],"version-history":[{"count":3,"href":"https:\/\/bawso.org.uk\/pt\/wp-json\/wp\/v2\/pages\/1535\/revisions"}],"predecessor-version":[{"id":1562,"href":"https:\/\/bawso.org.uk\/pt\/wp-json\/wp\/v2\/pages\/1535\/revisions\/1562"}],"wp:attachment":[{"href":"https:\/\/bawso.org.uk\/pt\/wp-json\/wp\/v2\/media?parent=1535"}],"curies":[{"name":"wp","href":"https:\/\/api.w.org\/{rel}","templated":true}]}}