{"id":1139,"date":"2022-06-24T09:50:19","date_gmt":"2022-06-24T08:50:19","guid":{"rendered":"https:\/\/bawso.org.uk\/?page_id=1139"},"modified":"2022-08-12T13:48:14","modified_gmt":"2022-08-12T12:48:14","slug":"wales-for-africa","status":"publish","type":"page","link":"https:\/\/bawso.org.uk\/pt\/wales-for-africa\/","title":{"rendered":"Pa\u00eds de Gales para \u00c1frica"},"content":{"rendered":"<h2 class=\"wp-block-heading\"><strong>Aumentando a Conscientiza\u00e7\u00e3o Internacional<\/strong><\/h2>\n\n\n\n<p class=\"is-style-default\">\u00c9 um fato triste que as mulheres negras e minorit\u00e1rias vivenciam a desigualdade em todas as facetas de sua vida cotidiana, como aconteceu ao longo da hist\u00f3ria. A viol\u00eancia baseada no g\u00e9nero e o tr\u00e1fico de seres humanos s\u00e3o predominantes em \u00e1reas subdesenvolvidas onde as mulheres t\u00eam menos acesso \u00e0 educa\u00e7\u00e3o, forma\u00e7\u00e3o e meios de subsist\u00eancia sustent\u00e1veis.<\/p>\n\n\n\n<p class=\"is-style-default\">Bawso dirige um projeto &#039;Wales in Africa&#039; financiado pelo governo gal\u00eas atrav\u00e9s do Wales Centre for Voluntary Services, com um parceiro no Qu\u00eania, a Christian Partners Development Agency, para conscientizar a comunidade sobre a viol\u00eancia contra mulheres e meninas, particularmente meninas que correm maior risco de viol\u00eancia por parte de familiares e da comunidade.<\/p>\n\n\n\n<p class=\"is-style-default\">Este trabalho est\u00e1 ligado a atividades em comunidades em todo o Pa\u00eds de Gales para aumentar a conscientiza\u00e7\u00e3o sobre a viol\u00eancia contra as mulheres, abuso dom\u00e9stico e viol\u00eancia sexual. As sess\u00f5es interativas ajudam a informar os jovens sobre todas as formas de viol\u00eancia contra mulheres e meninas e promovem relacionamentos saud\u00e1veis.<\/p>\n\n\n\n<p class=\"is-style-default\">Para mais informa\u00e7\u00f5es sobre este projeto, envie-nos um e-mail: <a href=\"mailto:info@bawso.org.uk\">info@bawso.org.uk<\/a><\/p>\n\n\n\n<div style=\"height:20px\" aria-hidden=\"true\" class=\"wp-block-spacer\"><\/div>\n\n\n\n<figure class=\"wp-block-gallery has-nested-images columns-default is-cropped wp-block-gallery-1 is-layout-flex wp-block-gallery-is-layout-flex\">\n<figure class=\"wp-block-image size-medium\"><a href=\"https:\/\/bawso.org.uk\/wp-content\/uploads\/2022\/03\/BAWSO-21.jpg\"><img loading=\"lazy\" decoding=\"async\" width=\"300\" height=\"225\" data-id=\"601\" src=\"https:\/\/bawso.org.uk\/wp-content\/uploads\/2022\/03\/BAWSO-21-300x225.jpg\" alt=\"\" class=\"wp-image-601\" srcset=\"https:\/\/bawso.org.uk\/wp-content\/uploads\/2022\/03\/BAWSO-21-300x225.jpg 300w, https:\/\/bawso.org.uk\/wp-content\/uploads\/2022\/03\/BAWSO-21-768x576.jpg 768w, https:\/\/bawso.org.uk\/wp-content\/uploads\/2022\/03\/BAWSO-21-16x12.jpg 16w, https:\/\/bawso.org.uk\/wp-content\/uploads\/2022\/03\/BAWSO-21.jpg 1024w\" sizes=\"auto, (max-width: 300px) 100vw, 300px\" \/><\/a><\/figure>\n\n\n\n<figure class=\"wp-block-image size-medium\"><a href=\"https:\/\/bawso.org.uk\/wp-content\/uploads\/2022\/03\/BAWSO-32.jpg\"><img loading=\"lazy\" decoding=\"async\" width=\"300\" height=\"279\" data-id=\"612\" src=\"https:\/\/bawso.org.uk\/wp-content\/uploads\/2022\/03\/BAWSO-32-300x279.jpg\" alt=\"\" class=\"wp-image-612\" srcset=\"https:\/\/bawso.org.uk\/wp-content\/uploads\/2022\/03\/BAWSO-32-300x279.jpg 300w, https:\/\/bawso.org.uk\/wp-content\/uploads\/2022\/03\/BAWSO-32-13x12.jpg 13w, https:\/\/bawso.org.uk\/wp-content\/uploads\/2022\/03\/BAWSO-32.jpg 720w\" sizes=\"auto, (max-width: 300px) 100vw, 300px\" \/><\/a><\/figure>\n\n\n\n<figure class=\"wp-block-image size-medium\"><a href=\"https:\/\/bawso.org.uk\/wp-content\/uploads\/2022\/03\/BAWSO-27.jpg\"><img loading=\"lazy\" decoding=\"async\" width=\"300\" height=\"225\" data-id=\"607\" src=\"https:\/\/bawso.org.uk\/wp-content\/uploads\/2022\/03\/BAWSO-27-300x225.jpg\" alt=\"\" class=\"wp-image-607\" srcset=\"https:\/\/bawso.org.uk\/wp-content\/uploads\/2022\/03\/BAWSO-27-300x225.jpg 300w, https:\/\/bawso.org.uk\/wp-content\/uploads\/2022\/03\/BAWSO-27-768x576.jpg 768w, https:\/\/bawso.org.uk\/wp-content\/uploads\/2022\/03\/BAWSO-27-16x12.jpg 16w, https:\/\/bawso.org.uk\/wp-content\/uploads\/2022\/03\/BAWSO-27.jpg 1024w\" sizes=\"auto, (max-width: 300px) 100vw, 300px\" \/><\/a><\/figure>\n\n\n\n<figure class=\"wp-block-image size-medium\"><a href=\"https:\/\/bawso.org.uk\/wp-content\/uploads\/2022\/03\/Bawso-Africa-Project.jpg\"><img loading=\"lazy\" decoding=\"async\" width=\"1024\" height=\"678\" data-id=\"566\" src=\"https:\/\/bawso.org.uk\/wp-content\/uploads\/2022\/03\/Bawso-Africa-Project.jpg\" alt=\"Bawso Africa Project\" class=\"wp-image-566\" srcset=\"https:\/\/bawso.org.uk\/wp-content\/uploads\/2022\/03\/Bawso-Africa-Project.jpg 1024w, https:\/\/bawso.org.uk\/wp-content\/uploads\/2022\/03\/Bawso-Africa-Project-300x199.jpg 300w, https:\/\/bawso.org.uk\/wp-content\/uploads\/2022\/03\/Bawso-Africa-Project-768x509.jpg 768w, https:\/\/bawso.org.uk\/wp-content\/uploads\/2022\/03\/Bawso-Africa-Project-18x12.jpg 18w\" sizes=\"auto, (max-width: 1024px) 100vw, 1024px\" \/><\/a><\/figure>\n\n\n\n<figure class=\"wp-block-image size-medium\"><a href=\"https:\/\/bawso.org.uk\/wp-content\/uploads\/2022\/03\/BAWSO-25.jpg\"><img loading=\"lazy\" decoding=\"async\" width=\"300\" height=\"225\" data-id=\"605\" src=\"https:\/\/bawso.org.uk\/wp-content\/uploads\/2022\/03\/BAWSO-25-300x225.jpg\" alt=\"\" class=\"wp-image-605\" srcset=\"https:\/\/bawso.org.uk\/wp-content\/uploads\/2022\/03\/BAWSO-25-300x225.jpg 300w, https:\/\/bawso.org.uk\/wp-content\/uploads\/2022\/03\/BAWSO-25-768x576.jpg 768w, https:\/\/bawso.org.uk\/wp-content\/uploads\/2022\/03\/BAWSO-25-16x12.jpg 16w, https:\/\/bawso.org.uk\/wp-content\/uploads\/2022\/03\/BAWSO-25.jpg 1024w\" sizes=\"auto, (max-width: 300px) 100vw, 300px\" \/><\/a><\/figure>\n<\/figure>\n\n\n\n<div class=\"wp-block-buttons is-layout-flex wp-block-buttons-is-layout-flex\"><\/div>","protected":false},"excerpt":{"rendered":"<p>Raising Awareness Internationally It is a sad fact that black and minoritised women experience inequality in all facets of their daily life, as they have throughout history. Gender based violence [&hellip;]<\/p>\n","protected":false},"author":1,"featured_media":0,"parent":0,"menu_order":9,"comment_status":"closed","ping_status":"closed","template":"","meta":{"_acf_changed":false,"_seopress_robots_primary_cat":"","_seopress_titles_title":"","_seopress_titles_desc":"","_seopress_robots_index":"","footnotes":""},"class_list":["post-1139","page","type-page","status-publish","hentry"],"acf":[],"publishpress_future_action":{"enabled":false,"date":"2026-07-08 03:02:00","action":"category-add","newStatus":"draft","terms":[],"taxonomy":"","extraData":[]},"publishpress_future_workflow_manual_trigger":{"enabledWorkflows":[]},"_links":{"self":[{"href":"https:\/\/bawso.org.uk\/pt\/wp-json\/wp\/v2\/pages\/1139","targetHints":{"allow":["GET"]}}],"collection":[{"href":"https:\/\/bawso.org.uk\/pt\/wp-json\/wp\/v2\/pages"}],"about":[{"href":"https:\/\/bawso.org.uk\/pt\/wp-json\/wp\/v2\/types\/page"}],"author":[{"embeddable":true,"href":"https:\/\/bawso.org.uk\/pt\/wp-json\/wp\/v2\/users\/1"}],"replies":[{"embeddable":true,"href":"https:\/\/bawso.org.uk\/pt\/wp-json\/wp\/v2\/comments?post=1139"}],"version-history":[{"count":14,"href":"https:\/\/bawso.org.uk\/pt\/wp-json\/wp\/v2\/pages\/1139\/revisions"}],"predecessor-version":[{"id":1582,"href":"https:\/\/bawso.org.uk\/pt\/wp-json\/wp\/v2\/pages\/1139\/revisions\/1582"}],"wp:attachment":[{"href":"https:\/\/bawso.org.uk\/pt\/wp-json\/wp\/v2\/media?parent=1139"}],"curies":[{"name":"wp","href":"https:\/\/api.w.org\/{rel}","templated":true}]}}