{"id":77,"date":"2021-11-30T13:46:45","date_gmt":"2021-11-30T13:46:45","guid":{"rendered":"https:\/\/bawso.org.uk\/?page_id=77"},"modified":"2025-11-19T10:26:37","modified_gmt":"2025-11-19T10:26:37","slug":"support-us","status":"publish","type":"page","link":"https:\/\/bawso.org.uk\/pl\/support-us\/","title":{"rendered":"Wesprzyj nas"},"content":{"rendered":"<h2 class=\"wp-block-heading\">Podarowa\u0107<\/h2>\n\n\n\n<p class=\"is-style-text-x-large\">Wspieraj Bawso poprzez comiesi\u0119czne darowizny i jednorazowe prezenty.<\/p>\n\n\n\n<p class=\"is-style-default\">Twoje darowizny b\u0119d\u0105 mia\u0142y ogromne znaczenie i pozwol\u0105 nam wspiera\u0107 i \u015bwiadczy\u0107 specjalistyczne us\u0142ugi czarnym i mniejszo\u015bciowym ofiarom nadu\u017cy\u0107, przemocy i wyzysku w Walii. Niezale\u017cnie od tego, czy zorganizujesz miesi\u0119czn\u0105 darowizn\u0119, czy jednorazowy prezent, Twoja darowizna \u2013 bez wzgl\u0119du na to, jak bardzo zmieni \u017cycie kobiet do\u015bwiadczaj\u0105cych nadu\u017cy\u0107 i wyzysku w Walii. Pomo\u017ce zapewni\u0107 kobietom miejsce bezpiecze\u0144stwa i schronienia oraz wsparcie dostosowane do indywidualnych potrzeb.<\/p>\n\n\n\n<div class=\"wp-block-buttons is-layout-flex wp-block-buttons-is-layout-flex\">\n<div class=\"wp-block-button is-style-primary-btn\"><a class=\"wp-block-button__link wp-element-button\" href=\"https:\/\/www.justgiving.com\/bawso\">Przeka\u017c darowizn\u0119 ju\u017c dzi\u015b<\/a><\/div>\n<\/div>\n\n\n\n<div style=\"height:28px\" aria-hidden=\"true\" class=\"wp-block-spacer\"><\/div>\n\n\n\n<p class=\"is-style-default\">Je\u015bli chcesz przekaza\u0107 darowizn\u0119 got\u00f3wk\u0105, czekiem lub przelewem bankowym, skontaktuj si\u0119 z jednym z naszych zespo\u0142\u00f3w pod adresem <a href=\"tel: 02920 644 633\"><strong>02920 644 633<\/strong><\/a> lub e-mail <a href=\"mailto:info@bawso.org.uk\" target=\"_blank\" rel=\"noreferrer noopener\">info@bawso.org.uk<\/a>. Dzi\u0119kuj\u0119 Ci.<\/p>\n\n\n\n<div style=\"height:28px\" aria-hidden=\"true\" class=\"wp-block-spacer\"><\/div>\n\n\n\n<h2 class=\"wp-block-heading\">Zosta\u0144 cz\u0142onkiem Bawso <\/h2>\n\n\n\n<p>Roczne cz\u0142onkostwo Bawso trwa od 1 stycznia do 31 grudnia ka\u017cdego roku. Je\u015bli do\u0142\u0105czysz w po\u0142owie roku, op\u0142ata b\u0119dzie proporcjonalna. <\/p>\n\n\n\n<p><strong>Korzy\u015bci dla wszystkich cz\u0142onk\u00f3w: <\/strong><\/p>\n\n\n\n<ul class=\"wp-block-list\">\n<li>Zni\u017cka na kursy szkoleniowe Bawso<\/li>\n\n\n\n<li>Dost\u0119p do sesji podnosz\u0105cych \u015bwiadomo\u015b\u0107 na temat przemocy wobec kobiet<\/li>\n\n\n\n<li>Powiadomienia e-mail o naszych ofertach pracy, aktualno\u015bciach, wydarzeniach i szkoleniach<\/li>\n\n\n\n<li>Dost\u0119p do wolontariuszy \/ wolontariat<\/li>\n\n\n\n<li>Udzia\u0142 w inicjatywach zbi\u00f3rkowych<\/li>\n\n\n\n<li>Kampanie dotycz\u0105ce przemocy wobec kobiet<\/li>\n<\/ul>\n\n\n\n<p><strong>Dodatkowe korzy\u015bci dla kibic\u00f3w indywidualnych: <\/strong><\/p>\n\n\n\n<ul class=\"wp-block-list\">\n<li>Dost\u0119p do szkole\u0144 kompetencyjnych<\/li>\n\n\n\n<li>Prowadzenie warsztat\u00f3w i prelekcje na wydarzeniach<\/li>\n\n\n\n<li>Prawo g\u0142osu na naszym Walnym Zgromadzeniu<\/li>\n<\/ul>\n\n\n\n<p><strong>Dodatkowe korzy\u015bci dla organizacji: <\/strong><\/p>\n\n\n\n<ul class=\"wp-block-list\">\n<li>Bezp\u0142atna promocja Twoich ofert pracy<\/li>\n<\/ul>\n\n\n\n<p>Po dokonaniu przegl\u0105du naszego programu cz\u0142onkostwa w 2018 r. firma Bawso oferuje obecnie nast\u0119puj\u0105c\u0105 kategori\u0119 cz\u0142onkostwa:<\/p>\n\n\n\n<div class=\"wp-block-columns alignwide is-layout-flex wp-container-core-columns-is-layout-829b1d53 wp-block-columns-is-layout-flex\" style=\"margin-bottom:0\">\n<div class=\"wp-block-column is-vertically-aligned-top has-brand-seven-background-color has-text-color has-background has-link-color wp-elements-5bea72c41901201a2af98d370fd96f4f is-layout-flow wp-block-column-is-layout-flow\" style=\"color:#000000;padding-top:2em;padding-right:2em;padding-bottom:2em;padding-left:2em\">\n<h2 class=\"wp-block-heading\" id=\"single\" style=\"font-size:25px\"><strong>Op\u0142ata cz\u0142onkowska organizacji<\/strong><\/h2>\n\n\n\n<hr class=\"wp-block-separator has-text-color has-css-opacity has-background is-style-wide\" style=\"background-color:#000000;color:#000000\"\/>\n\n\n\n<div style=\"height:31px\" aria-hidden=\"true\" class=\"wp-block-spacer\"><\/div>\n\n\n\n<div class=\"wp-block-buttons alignfull is-horizontal is-content-justification-center is-layout-flex wp-container-core-buttons-is-layout-499968f5 wp-block-buttons-is-layout-flex\">\n<div class=\"wp-block-button has-custom-width wp-block-button__width-100 is-style-fill\"><a class=\"wp-block-button__link has-white-color has-brand-two-background-color has-text-color has-background has-medium-font-size no-border-radius has-custom-font-size wp-element-button\"><strong>100 funt\u00f3w rocznie<\/strong> (dla organizacji o obrotach do 1 miliona funt\u00f3w)<\/a><\/div>\n\n\n\n<div class=\"wp-block-button has-custom-width wp-block-button__width-100 is-style-fill\"><a class=\"wp-block-button__link has-white-color has-brand-two-background-color has-text-color has-background has-medium-font-size no-border-radius has-custom-font-size wp-element-button\"><strong>200 funt\u00f3w rocznie<\/strong> (dla organizacji z obrotem powy\u017cej 1 miliona funt\u00f3w)<\/a><\/div>\n<\/div>\n\n\n\n<div style=\"height:41px\" aria-hidden=\"true\" class=\"wp-block-spacer\"><\/div>\n\n\n\n<div class=\"wp-block-buttons is-content-justification-right is-layout-flex wp-container-core-buttons-is-layout-765c4724 wp-block-buttons-is-layout-flex\">\n<div class=\"wp-block-button is-style-primary-btn\"><a class=\"wp-block-button__link wp-element-button\" href=\"https:\/\/bawso.org.uk\/pl\/bawso-membership-application-form-for-organisations\/\">Zobacz formularz<\/a><\/div>\n<\/div>\n<\/div>\n\n\n\n<div class=\"wp-block-column is-vertically-aligned-top has-brand-seven-background-color has-text-color has-background has-link-color wp-elements-91b7c1bf9238835c2d39eae0154569b1 is-layout-flow wp-block-column-is-layout-flow\" style=\"color:#000000;padding-top:2em;padding-right:2em;padding-bottom:2em;padding-left:2em\">\n<h2 class=\"wp-block-heading\" id=\"family\" style=\"font-size:29px\"><strong>Indywidualna op\u0142ata cz\u0142onkowska<\/strong><\/h2>\n\n\n\n<hr class=\"wp-block-separator has-css-opacity is-style-wide\"\/>\n\n\n\n<div style=\"height:31px\" aria-hidden=\"true\" class=\"wp-block-spacer\"><\/div>\n\n\n\n<div class=\"wp-block-buttons alignfull is-horizontal is-content-justification-center is-layout-flex wp-container-core-buttons-is-layout-499968f5 wp-block-buttons-is-layout-flex\">\n<div class=\"wp-block-button has-custom-width wp-block-button__width-100 is-style-fill\"><a class=\"wp-block-button__link has-white-color has-brand-two-background-color has-text-color has-background has-medium-font-size no-border-radius has-custom-font-size wp-element-button\"><strong>20 funt\u00f3w rocznie<\/strong> (zatrudniony)<\/a><\/div>\n\n\n\n<div class=\"wp-block-button has-custom-width wp-block-button__width-100 is-style-fill\"><a class=\"wp-block-button__link has-white-color has-brand-two-background-color has-text-color has-background has-medium-font-size no-border-radius has-custom-font-size wp-element-button\"><strong>10 funt\u00f3w rocznie <\/strong>(bezrobotni)<\/a><\/div>\n<\/div>\n\n\n\n<div style=\"height:107px\" aria-hidden=\"true\" class=\"wp-block-spacer\"><\/div>\n\n\n\n<div class=\"wp-block-buttons is-content-justification-right is-layout-flex wp-container-core-buttons-is-layout-765c4724 wp-block-buttons-is-layout-flex\">\n<div class=\"wp-block-button is-style-primary-btn\"><a class=\"wp-block-button__link wp-element-button\" href=\"https:\/\/bawso.org.uk\/pl\/bawso-membership-application-form-for-individuals\/\">Zobacz formularz<\/a><\/div>\n<\/div>\n<\/div>\n<\/div>\n\n\n\n<details class=\"wp-block-details is-layout-flow wp-block-details-is-layout-flow\"><summary>Ramy czasowe <\/summary>\n<p>Cz\u0142onkostwo Bawso mo\u017ce zosta\u0107 zatwierdzone w ci\u0105gu 5 dni roboczych, pod warunkiem, \u017ce spe\u0142nisz nasze kryteria cz\u0142onkostwa i podasz wszystkie informacje wymagane w tym formularzu. Bardziej z\u0142o\u017cone wnioski mog\u0105 podlega\u0107 zatwierdzeniu przez Zarz\u0105d Bawso, co mo\u017ce potrwa\u0107 do 3 miesi\u0119cy (w zale\u017cno\u015bci od cyklu posiedze\u0144). Je\u015bli Tw\u00f3j wniosek zostanie skierowany do Rady Powierniczej, poinformujemy Ci\u0119 o tym.<\/p>\n<\/details>\n\n\n\n<details class=\"wp-block-details is-layout-flow wp-block-details-is-layout-flow\"><summary>Og\u00f3lne rozporz\u0105dzenie o ochronie danych (RODO)<\/summary>\n<p>Bardzo powa\u017cnie podchodzimy do prywatno\u015bci i bezpiecze\u0144stwa os\u00f3b fizycznych oraz ich danych osobowych i podejmujemy wszelkie uzasadnione \u015brodki i \u015brodki ostro\u017cno\u015bci, aby chroni\u0107 i zabezpiecza\u0107 przetwarzane przez nas dane osobowe. Posiadamy solidne zasady i procedury bezpiecze\u0144stwa informacji, kt\u00f3re chroni\u0105 dane osobowe przed nieuprawnionym dost\u0119pem, zmian\u0105 i ujawnieniem. Bawso ma dedykowanego przedstawiciela, do kt\u00f3rego mo\u017cna si\u0119 zwr\u00f3ci\u0107 z wszelkimi pytaniami, uwagami i pro\u015bbami dotycz\u0105cymi ochrony danych pod adresem info@bawso.org.uk.<\/p>\n<\/details>\n\n\n\n<h2 class=\"wp-block-heading\">Wolontariusz<\/h2>\n\n\n\n<p class=\"is-style-default\">Bawso ma ustalony program wolontariatu, kt\u00f3ry zapewnia szkolenia i wsparcie kobietom i dziewcz\u0119tom ze spo\u0142eczno\u015bci czarnych i mniejszo\u015bci \u017ce\u0144skich w Walii, pragn\u0105cych wspiera\u0107 dzia\u0142ania Bawso.<\/p>\n\n\n\n<p class=\"is-style-default\">Wolontariusze pracuj\u0105 w ka\u017cdej cz\u0119\u015bci Bawso, od wspierania us\u0142ug opieki nad doros\u0142ymi i dzie\u0107mi, po us\u0142ugi centralne i administracj\u0119, we wszystkich cz\u0119\u015bciach Walii.<\/p>\n\n\n\n<p class=\"is-style-default\">Role wolontariuszy s\u0105 oparte na zainteresowaniach i mo\u017cliwo\u015bciach ka\u017cdego wolontariusza.<\/p>\n\n\n\n<p class=\"is-style-default\">Wolontariusze Bawso zdobywaj\u0105 umiej\u0119tno\u015bci i do\u015bwiadczenie, kt\u00f3re znacz\u0105co przyczyniaj\u0105 si\u0119 do zapewnienia p\u00f3\u017aniejszego zatrudnienia w spo\u0142eczno\u015bci. Niekt\u00f3rzy wolontariusze Bawso przechodz\u0105 profesjonalne szkolenie i do\u0142\u0105czaj\u0105 do zespo\u0142u pracownik\u00f3w Bawso.<\/p>\n\n\n\n\n\n<div style=\"height:28px\" aria-hidden=\"true\" class=\"wp-block-spacer\"><\/div>\n\n\n\n<h2 class=\"wp-block-heading\">Zbierz fundusze dla Bawso<\/h2>\n\n\n\n<p class=\"is-style-default\">Pomo\u017cemy Ci zebra\u0107 fundusze dla Bawso prowadz\u0105c w\u0142asn\u0105 imprez\u0119 uczestnictwa w wydarzeniach prowadzonych przez Bawso. Wystarczy do nas zadzwoni\u0107, a doradzimy i dostarczymy materia\u0142y.<\/p>\n\n\n\n<div style=\"height:28px\" aria-hidden=\"true\" class=\"wp-block-spacer\"><\/div>\n\n\n\n<h2 class=\"wp-block-heading\">Zosta\u0144 przyjacielem Bawso<\/h2>\n\n\n\n<p class=\"is-style-default\">Friends of Bawso to lu\u017ana grupa emerytowanych i pracuj\u0105cych specjalist\u00f3w, kt\u00f3rzy wspieraj\u0105 Bawso i \u015bwiadcz\u0105 us\u0142ugi doradcze pro-bono w wielu obszarach, w tym opracowywanie polityki, planowanie perspektywiczne, marketing, reklama, wnioski o dotacje, us\u0142ugi zlecone, mieszkalnictwo, nieruchomo\u015bci i porady prawne .<\/p>\n\n\n\n<p class=\"is-style-default\">Friends of Bawso odpowiada na pro\u015bby ACEO i Zarz\u0105du. Indywidualni specjali\u015bci Friends of Bawso udzielaj\u0105 porad i us\u0142ug bezpo\u015brednio. Nie ma formalnego statusu i nie odgrywa \u017cadnej roli w zarz\u0105dzaniu ani zarz\u0105dzaniu Bawso.<\/p>\n\n\n\n<p class=\"is-style-default\">Je\u015bli chcia\u0142by\u015b wesprze\u0107 Bawso w ten spos\u00f3b, skontaktuj si\u0119 z Bawso i podziel si\u0119 swoj\u0105 specjalizacj\u0105.<\/p>","protected":false},"excerpt":{"rendered":"<p>Donate Support Bawso through monthly donations and one-off gifts. Your donations will make a huge difference&nbsp;and allow us to advocate for and deliver specialist services to black and minoritised victims [&hellip;]<\/p>\n","protected":false},"author":1,"featured_media":0,"parent":0,"menu_order":13,"comment_status":"closed","ping_status":"closed","template":"","meta":{"_acf_changed":false,"_seopress_robots_primary_cat":"","_seopress_titles_title":"","_seopress_titles_desc":"","_seopress_robots_index":"","footnotes":""},"class_list":["post-77","page","type-page","status-publish","hentry"],"acf":[],"publishpress_future_action":{"enabled":false,"date":"2026-07-06 13:35:06","action":"category-add","newStatus":"draft","terms":[],"taxonomy":"","extraData":[]},"publishpress_future_workflow_manual_trigger":{"enabledWorkflows":[]},"_links":{"self":[{"href":"https:\/\/bawso.org.uk\/pl\/wp-json\/wp\/v2\/pages\/77","targetHints":{"allow":["GET"]}}],"collection":[{"href":"https:\/\/bawso.org.uk\/pl\/wp-json\/wp\/v2\/pages"}],"about":[{"href":"https:\/\/bawso.org.uk\/pl\/wp-json\/wp\/v2\/types\/page"}],"author":[{"embeddable":true,"href":"https:\/\/bawso.org.uk\/pl\/wp-json\/wp\/v2\/users\/1"}],"replies":[{"embeddable":true,"href":"https:\/\/bawso.org.uk\/pl\/wp-json\/wp\/v2\/comments?post=77"}],"version-history":[{"count":70,"href":"https:\/\/bawso.org.uk\/pl\/wp-json\/wp\/v2\/pages\/77\/revisions"}],"predecessor-version":[{"id":4884,"href":"https:\/\/bawso.org.uk\/pl\/wp-json\/wp\/v2\/pages\/77\/revisions\/4884"}],"wp:attachment":[{"href":"https:\/\/bawso.org.uk\/pl\/wp-json\/wp\/v2\/media?parent=77"}],"curies":[{"name":"wp","href":"https:\/\/api.w.org\/{rel}","templated":true}]}}