{"id":454,"date":"2022-03-14T14:20:38","date_gmt":"2022-03-14T14:20:38","guid":{"rendered":"https:\/\/bawso.org.uk\/?post_type=services&#038;p=454"},"modified":"2022-09-17T14:01:27","modified_gmt":"2022-09-17T13:01:27","slug":"language-services","status":"publish","type":"page","link":"https:\/\/bawso.org.uk\/pl\/language-services\/","title":{"rendered":"Us\u0142ugi j\u0119zykowe"},"content":{"rendered":"<h2 class=\"text-x-large is-style-text-xx-large has-brand-two-color has-text-color wp-block-heading\" id=\"we-believe-that-everyone-deserves-to-be-safe-treated-equally-and-have-a-voice\"><strong>Profesjonalne t\u0142umaczenia pisemne i ustne<\/strong><\/h2>\n\n\n\n<p class=\"is-style-text-x-large\"><strong>Firma Bawso posiada dedykowan\u0105 S\u0142u\u017cb\u0119 T\u0142umacze\u0144 Ustnych i T\u0142umacze\u0144 dla wsparcia swojego programu pracy w Walii, kt\u00f3ra jest r\u00f3wnie\u017c dost\u0119pna dla organ\u00f3w zewn\u0119trznych.<\/strong><\/p>\n\n\n\n<p class=\"is-style-default\">Obejmuje ona ponad 90 j\u0119zyk\u00f3w z bieg\u0142ymi i akredytowanymi t\u0142umaczami ustnymi i pisemnymi wyszkolonymi w \u015bwiadczeniu us\u0142ug osobom znajduj\u0105cym si\u0119 w trudnej sytuacji oraz profesjonalistom wspieraj\u0105cym. Us\u0142ugi \u015bwiadczone s\u0105 osobi\u015bcie, on-line lub telefonicznie.<\/p>\n\n\n\n<p class=\"is-style-text-x-large\">Aby skontaktowa\u0107 si\u0119 i zarezerwowa\u0107 t\u0142umacza, <strong>zadzwo\u0144 02920 644633<\/strong>.<\/p>","protected":false},"excerpt":{"rendered":"<p>Professional Translation and Interpretation Bawso has a dedicated Interpretation and Translation Service in support of its programme of work across Wales, which is also available to outside bodies. This covers [&hellip;]<\/p>\n","protected":false},"author":1,"featured_media":0,"parent":0,"menu_order":7,"comment_status":"open","ping_status":"closed","template":"","meta":{"_acf_changed":false,"_seopress_robots_primary_cat":"","_seopress_titles_title":"","_seopress_titles_desc":"","_seopress_robots_index":"","footnotes":""},"class_list":["post-454","page","type-page","status-publish","hentry"],"acf":[],"publishpress_future_action":{"enabled":false,"date":"2026-07-08 17:54:38","action":"category-add","newStatus":"draft","terms":[],"taxonomy":"","extraData":[]},"publishpress_future_workflow_manual_trigger":{"enabledWorkflows":[]},"_links":{"self":[{"href":"https:\/\/bawso.org.uk\/pl\/wp-json\/wp\/v2\/pages\/454","targetHints":{"allow":["GET"]}}],"collection":[{"href":"https:\/\/bawso.org.uk\/pl\/wp-json\/wp\/v2\/pages"}],"about":[{"href":"https:\/\/bawso.org.uk\/pl\/wp-json\/wp\/v2\/types\/page"}],"author":[{"embeddable":true,"href":"https:\/\/bawso.org.uk\/pl\/wp-json\/wp\/v2\/users\/1"}],"replies":[{"embeddable":true,"href":"https:\/\/bawso.org.uk\/pl\/wp-json\/wp\/v2\/comments?post=454"}],"version-history":[{"count":7,"href":"https:\/\/bawso.org.uk\/pl\/wp-json\/wp\/v2\/pages\/454\/revisions"}],"predecessor-version":[{"id":1682,"href":"https:\/\/bawso.org.uk\/pl\/wp-json\/wp\/v2\/pages\/454\/revisions\/1682"}],"wp:attachment":[{"href":"https:\/\/bawso.org.uk\/pl\/wp-json\/wp\/v2\/media?parent=454"}],"curies":[{"name":"wp","href":"https:\/\/api.w.org\/{rel}","templated":true}]}}