{"id":77,"date":"2021-11-30T13:46:45","date_gmt":"2021-11-30T13:46:45","guid":{"rendered":"https:\/\/bawso.org.uk\/?page_id=77"},"modified":"2025-11-19T10:26:37","modified_gmt":"2025-11-19T10:26:37","slug":"support-us","status":"publish","type":"page","link":"https:\/\/bawso.org.uk\/lv\/support-us\/","title":{"rendered":"Atbalstiet m\u016bs"},"content":{"rendered":"<h2 class=\"wp-block-heading\">Ziedot<\/h2>\n\n\n\n<p class=\"is-style-text-x-large\">Atbalstiet Bawso, izmantojot ikm\u0113ne\u0161a ziedojumus un vienreiz\u0113jas d\u0101vanas.<\/p>\n\n\n\n<p class=\"is-style-default\">J\u016bsu ziedojumi rad\u012bs milz\u012bgas p\u0101rmai\u0146as un \u013caus mums atbalst\u012bt un sniegt speci\u0101listu pakalpojumus meln\u0101dainajiem un maz\u0101kumtaut\u012bbas upuriem no vardarb\u012bbas, vardarb\u012bbas un ekspluat\u0101cijas Vels\u0101. Neatkar\u012bgi no t\u0101, vai veicat ikm\u0113ne\u0161a ziedojumu vai vienreiz\u0113ju d\u0101vanu, j\u016bsu ziedojums\u00a0\u2014 neatkar\u012bgi no t\u0101, cik \u013coti tas main\u012bs to sievie\u0161u dz\u012bvi, kuras saskaras ar vardarb\u012bbu un ekspluat\u0101ciju Vels\u0101. Tas pal\u012bdz\u0113s nodro\u0161in\u0101t sieviet\u0113m dro\u0161\u012bbas un patv\u0113ruma vietu un individu\u0101l\u0101m vajadz\u012bb\u0101m piel\u0101gotu atbalstu.<\/p>\n\n\n\n<div class=\"wp-block-buttons is-layout-flex wp-block-buttons-is-layout-flex\">\n<div class=\"wp-block-button is-style-primary-btn\"><a class=\"wp-block-button__link wp-element-button\" href=\"https:\/\/www.justgiving.com\/bawso\">L\u016bdzu, ziedojiet \u0161odien<\/a><\/div>\n<\/div>\n\n\n\n<div style=\"height:28px\" aria-hidden=\"true\" class=\"wp-block-spacer\"><\/div>\n\n\n\n<p class=\"is-style-default\">Ja v\u0113laties veikt ziedojumu skaidr\u0101 naud\u0101, \u010deku vai bankas p\u0101rskait\u012bjumu, l\u016bdzu, sazinieties ar k\u0101du no m\u016bsu komandas pa t\u0101lr <a href=\"\/lv\/t\u0101lr.:02920 644 633\/\"><strong>02920 644 633<\/strong><\/a> vai e-pastu <a href=\"mailto:info@bawso.org.uk\" target=\"_blank\" rel=\"noreferrer noopener\">info@bawso.org.uk<\/a>. Paldies.<\/p>\n\n\n\n<div style=\"height:28px\" aria-hidden=\"true\" class=\"wp-block-spacer\"><\/div>\n\n\n\n<h2 class=\"wp-block-heading\">K\u013c\u016bsti par Bawso dal\u012bbnieku <\/h2>\n\n\n\n<p>Bawso ikgad\u0113j\u0101 dal\u012bba darbojas katru gadu no 1. janv\u0101ra l\u012bdz 31. decembrim. Ja pievienojaties gada vid\u016b, m\u0113s proporcion\u0101li maks\u0101jam maksu. <\/p>\n\n\n\n<p><strong>Ieguvumi visiem dal\u012bbniekiem: <\/strong><\/p>\n\n\n\n<ul class=\"wp-block-list\">\n<li>Atlaide Bawso apm\u0101c\u012bbas kursiem<\/li>\n\n\n\n<li>Piek\u013cuve vardarb\u012bbas pret sieviet\u0113m sesij\u0101m, lai palielin\u0101tu izpratni<\/li>\n\n\n\n<li>E-pasta br\u012bdin\u0101jumi par m\u016bsu darbiem, jaunumiem, notikumiem un apm\u0101c\u012bb\u0101m<\/li>\n\n\n\n<li>Piek\u013cuve br\u012bvpr\u0101t\u012bgajiem \/ br\u012bvpr\u0101t\u012bgais darbs<\/li>\n\n\n\n<li>L\u012bdzdal\u012bba l\u012bdzek\u013cu v\u0101k\u0161anas iniciat\u012bv\u0101s<\/li>\n\n\n\n<li>Vardarb\u012bbas pret sieviet\u0113m kampa\u0146as<\/li>\n<\/ul>\n\n\n\n<p><strong>Papildu priek\u0161roc\u012bbas individu\u0101lajiem atbalst\u012bt\u0101jiem: <\/strong><\/p>\n\n\n\n<ul class=\"wp-block-list\">\n<li>Piek\u013cuve kapacit\u0101tes apm\u0101c\u012bbai<\/li>\n\n\n\n<li>Semin\u0101ru vad\u012b\u0161ana un uzst\u0101\u0161an\u0101s pas\u0101kumos<\/li>\n\n\n\n<li>Balssties\u012bbas m\u016bsu kopsapulc\u0113<\/li>\n<\/ul>\n\n\n\n<p><strong>Papildu priek\u0161roc\u012bbas organiz\u0101cij\u0101m: <\/strong><\/p>\n\n\n\n<ul class=\"wp-block-list\">\n<li>Bezmaksas j\u016bsu darba vakan\u010du veicin\u0101\u0161ana<\/li>\n<\/ul>\n\n\n\n<p>P\u0113c m\u016bsu dal\u012bbas sh\u0113mas p\u0101rskat\u012b\u0161anas 2018.\u00a0gad\u0101 Bawso tagad pied\u0101v\u0101 \u0161\u0101du dal\u012bbas kategoriju:<\/p>\n\n\n\n<div class=\"wp-block-columns alignwide is-layout-flex wp-container-core-columns-is-layout-829b1d53 wp-block-columns-is-layout-flex\" style=\"margin-bottom:0\">\n<div class=\"wp-block-column is-vertically-aligned-top has-brand-seven-background-color has-text-color has-background has-link-color wp-elements-5bea72c41901201a2af98d370fd96f4f is-layout-flow wp-block-column-is-layout-flow\" style=\"color:#000000;padding-top:2em;padding-right:2em;padding-bottom:2em;padding-left:2em\">\n<h2 class=\"wp-block-heading\" id=\"single\" style=\"font-size:25px\"><strong>Organiz\u0101cijas dal\u012bbas maksa<\/strong><\/h2>\n\n\n\n<hr class=\"wp-block-separator has-text-color has-css-opacity has-background is-style-wide\" style=\"background-color:#000000;color:#000000\"\/>\n\n\n\n<div style=\"height:31px\" aria-hidden=\"true\" class=\"wp-block-spacer\"><\/div>\n\n\n\n<div class=\"wp-block-buttons alignfull is-horizontal is-content-justification-center is-layout-flex wp-container-core-buttons-is-layout-499968f5 wp-block-buttons-is-layout-flex\">\n<div class=\"wp-block-button has-custom-width wp-block-button__width-100 is-style-fill\"><a class=\"wp-block-button__link has-white-color has-brand-two-background-color has-text-color has-background has-medium-font-size no-border-radius has-custom-font-size wp-element-button\"><strong>\u00a3100\/gad\u0101<\/strong> (organiz\u0101cijai ar apgroz\u012bjumu l\u012bdz \u00a31 miljonam)<\/a><\/div>\n\n\n\n<div class=\"wp-block-button has-custom-width wp-block-button__width-100 is-style-fill\"><a class=\"wp-block-button__link has-white-color has-brand-two-background-color has-text-color has-background has-medium-font-size no-border-radius has-custom-font-size wp-element-button\"><strong>\u00a3200\/gad\u0101<\/strong> (organiz\u0101cijai, kuras apgroz\u012bjums p\u0101rsniedz \u00a31 miljonu)<\/a><\/div>\n<\/div>\n\n\n\n<div style=\"height:41px\" aria-hidden=\"true\" class=\"wp-block-spacer\"><\/div>\n\n\n\n<div class=\"wp-block-buttons is-content-justification-right is-layout-flex wp-container-core-buttons-is-layout-765c4724 wp-block-buttons-is-layout-flex\">\n<div class=\"wp-block-button is-style-primary-btn\"><a class=\"wp-block-button__link wp-element-button\" href=\"https:\/\/bawso.org.uk\/lv\/bawso-membership-application-form-for-organisations\/\">Skat\u012bt veidlapu<\/a><\/div>\n<\/div>\n<\/div>\n\n\n\n<div class=\"wp-block-column is-vertically-aligned-top has-brand-seven-background-color has-text-color has-background has-link-color wp-elements-91b7c1bf9238835c2d39eae0154569b1 is-layout-flow wp-block-column-is-layout-flow\" style=\"color:#000000;padding-top:2em;padding-right:2em;padding-bottom:2em;padding-left:2em\">\n<h2 class=\"wp-block-heading\" id=\"family\" style=\"font-size:29px\"><strong>Individu\u0101l\u0101 dal\u012bbas maksa<\/strong><\/h2>\n\n\n\n<hr class=\"wp-block-separator has-css-opacity is-style-wide\"\/>\n\n\n\n<div style=\"height:31px\" aria-hidden=\"true\" class=\"wp-block-spacer\"><\/div>\n\n\n\n<div class=\"wp-block-buttons alignfull is-horizontal is-content-justification-center is-layout-flex wp-container-core-buttons-is-layout-499968f5 wp-block-buttons-is-layout-flex\">\n<div class=\"wp-block-button has-custom-width wp-block-button__width-100 is-style-fill\"><a class=\"wp-block-button__link has-white-color has-brand-two-background-color has-text-color has-background has-medium-font-size no-border-radius has-custom-font-size wp-element-button\"><strong>\u00a320\/gad\u0101<\/strong> (nodarbin\u0101ts)<\/a><\/div>\n\n\n\n<div class=\"wp-block-button has-custom-width wp-block-button__width-100 is-style-fill\"><a class=\"wp-block-button__link has-white-color has-brand-two-background-color has-text-color has-background has-medium-font-size no-border-radius has-custom-font-size wp-element-button\"><strong>\u00a310\/gad\u0101 <\/strong>(bezdarbnieks)<\/a><\/div>\n<\/div>\n\n\n\n<div style=\"height:107px\" aria-hidden=\"true\" class=\"wp-block-spacer\"><\/div>\n\n\n\n<div class=\"wp-block-buttons is-content-justification-right is-layout-flex wp-container-core-buttons-is-layout-765c4724 wp-block-buttons-is-layout-flex\">\n<div class=\"wp-block-button is-style-primary-btn\"><a class=\"wp-block-button__link wp-element-button\" href=\"https:\/\/bawso.org.uk\/lv\/bawso-membership-application-form-for-individuals\/\">Skat\u012bt veidlapu<\/a><\/div>\n<\/div>\n<\/div>\n<\/div>\n\n\n\n<details class=\"wp-block-details is-layout-flow wp-block-details-is-layout-flow\"><summary>Laika posms <\/summary>\n<p>Bawso dal\u012bbu parasti var apstiprin\u0101t 5 darba dienu laik\u0101, ja atbilstat m\u016bsu dal\u012bbas krit\u0113rijiem un sniedzat visu \u0161aj\u0101 veidlap\u0101 piepras\u012bto inform\u0101ciju. Sare\u017e\u0123\u012bt\u0101kus pieteikumus var apstiprin\u0101t Bawso Direktoru padome, kas var ilgt l\u012bdz 3 m\u0113ne\u0161iem (atkar\u012bb\u0101 no san\u0101ksmes cikla). Ja j\u016bsu pieteikums tiks nodots Pilnvaroto padomei, m\u0113s j\u016bs inform\u0113sim.<\/p>\n<\/details>\n\n\n\n<details class=\"wp-block-details is-layout-flow wp-block-details-is-layout-flow\"><summary>Visp\u0101r\u012bg\u0101 datu aizsardz\u012bbas regula (GDPR)<\/summary>\n<p>M\u0113s \u013coti nopietni uztveram personu un vi\u0146u personisk\u0101s inform\u0101cijas priv\u0101tumu un dro\u0161\u012bbu un veicam visus sapr\u0101t\u012bgos pas\u0101kumus un piesardz\u012bbas pas\u0101kumus, lai aizsarg\u0101tu un aizsarg\u0101tu m\u016bsu apstr\u0101d\u0101tos personas datus. Mums ir stingras inform\u0101cijas dro\u0161\u012bbas politikas un proced\u016bras, lai aizsarg\u0101tu personas inform\u0101ciju no nesankcion\u0113tas piek\u013cuves, izmai\u0146\u0101m un izpau\u0161anas. Bawso ir \u012bpa\u0161s p\u0101rst\u0101vis, pie kura var v\u0113rsties, ja jums ir jaut\u0101jumi, koment\u0101ri un piepras\u012bjumi saist\u012bb\u0101 ar datu aizsardz\u012bbu info@bawso.org.uk.<\/p>\n<\/details>\n\n\n\n<h2 class=\"wp-block-heading\">Br\u012bvpr\u0101t\u012bgais<\/h2>\n\n\n\n<p class=\"is-style-default\">Bawso ir izveidota br\u012bvpr\u0101t\u012bg\u0101 darba programma, kas nodro\u0161ina apm\u0101c\u012bbu un atbalstu sieviet\u0113m un meiten\u0113m no meln\u0101dainaj\u0101m un minorit\u0101\u0161u kopien\u0101m Vels\u0101, kuras v\u0113las atbalst\u012bt Bawso aktivit\u0101tes.<\/p>\n\n\n\n<p class=\"is-style-default\">Br\u012bvpr\u0101t\u012bgie str\u0101d\u0101 vis\u0101s Bawso da\u013c\u0101s, s\u0101kot no atbalsta pieaugu\u0161ajiem un b\u0113rnu apr\u016bpes pakalpojumiem l\u012bdz centr\u0101lajiem dienestiem un administr\u0101cijai, un vis\u0101s Velsas da\u013c\u0101s.<\/p>\n\n\n\n<p class=\"is-style-default\">Br\u012bvpr\u0101t\u012bgo lomas ir balst\u012btas uz katra br\u012bvpr\u0101t\u012bg\u0101 interes\u0113m un iesp\u0113j\u0101m.<\/p>\n\n\n\n<p class=\"is-style-default\">Bawso br\u012bvpr\u0101t\u012bgie ieg\u016bst prasmes un pieredzi, kas iev\u0113rojami pal\u012bdz nodro\u0161in\u0101t turpm\u0101ko darbu sabiedr\u012bb\u0101. Da\u017ei Bawso br\u012bvpr\u0101t\u012bgie turpina profesion\u0101lu apm\u0101c\u012bbu un pievienojas Bawso person\u0101la komandai.<\/p>\n\n\n\n\n\n<div style=\"height:28px\" aria-hidden=\"true\" class=\"wp-block-spacer\"><\/div>\n\n\n\n<h2 class=\"wp-block-heading\">Sav\u0101ciet l\u012bdzek\u013cus Bawso<\/h2>\n\n\n\n<p class=\"is-style-default\">M\u0113s pal\u012bdz\u0113sim jums sav\u0101kt l\u012bdzek\u013cus Bawso, organiz\u0113jot savu pas\u0101kumu, piedaloties Bawso r\u012bkotajos pas\u0101kumos. Vienk\u0101r\u0161i zvaniet mums un m\u0113s sniegsim padomu un nodro\u0161in\u0101sim materi\u0101lus.<\/p>\n\n\n\n<div style=\"height:28px\" aria-hidden=\"true\" class=\"wp-block-spacer\"><\/div>\n\n\n\n<h2 class=\"wp-block-heading\">K\u013c\u016bsti par Bawso draugu<\/h2>\n\n\n\n<p class=\"is-style-default\">Bawso draugi ir pension\u0113tu un str\u0101d\u0101jo\u0161u speci\u0101listu kopums, kas atbalsta Bawso un sniedz labv\u0113l\u012bgus konsult\u0101ciju pakalpojumus daudz\u0101s jom\u0101s, tostarp politikas izstr\u0101d\u0113, n\u0101kotnes pl\u0101no\u0161an\u0101, m\u0101rketing\u0101, publicit\u0101t\u0113, dot\u0101ciju pieteikumos, pas\u016bt\u012bto pakalpojumu iesniegumos, m\u0101jok\u013cu, \u012bpa\u0161uma un juridiskas konsult\u0101cij\u0101s. .<\/p>\n\n\n\n<p class=\"is-style-default\">Bawso draugi atbild uz ACEO un valdes piepras\u012bjumiem. Individu\u0101lie Bawso draugi speci\u0101listi sniedz konsult\u0101cijas un pakalpojumus tie\u0161i. Tai nav ofici\u0101la statusa, un tai nav nek\u0101das noz\u012bmes Bawso p\u0101rvald\u012bb\u0101 vai vad\u012bb\u0101.<\/p>\n\n\n\n<p class=\"is-style-default\">Ja v\u0113laties atbalst\u012bt Bawso \u0161\u0101d\u0101 veid\u0101, l\u016bdzu, sazinieties ar Bawso un dalieties sav\u0101 kompetences jom\u0101.<\/p>","protected":false},"excerpt":{"rendered":"<p>Donate Support Bawso through monthly donations and one-off gifts. Your donations will make a huge difference&nbsp;and allow us to advocate for and deliver specialist services to black and minoritised victims [&hellip;]<\/p>\n","protected":false},"author":1,"featured_media":0,"parent":0,"menu_order":13,"comment_status":"closed","ping_status":"closed","template":"","meta":{"_acf_changed":false,"_seopress_robots_primary_cat":"","_seopress_titles_title":"","_seopress_titles_desc":"","_seopress_robots_index":"","footnotes":""},"class_list":["post-77","page","type-page","status-publish","hentry"],"acf":[],"publishpress_future_action":{"enabled":false,"date":"2026-06-26 14:21:37","action":"category-add","newStatus":"draft","terms":[],"taxonomy":"","extraData":[]},"publishpress_future_workflow_manual_trigger":{"enabledWorkflows":[]},"_links":{"self":[{"href":"https:\/\/bawso.org.uk\/lv\/wp-json\/wp\/v2\/pages\/77","targetHints":{"allow":["GET"]}}],"collection":[{"href":"https:\/\/bawso.org.uk\/lv\/wp-json\/wp\/v2\/pages"}],"about":[{"href":"https:\/\/bawso.org.uk\/lv\/wp-json\/wp\/v2\/types\/page"}],"author":[{"embeddable":true,"href":"https:\/\/bawso.org.uk\/lv\/wp-json\/wp\/v2\/users\/1"}],"replies":[{"embeddable":true,"href":"https:\/\/bawso.org.uk\/lv\/wp-json\/wp\/v2\/comments?post=77"}],"version-history":[{"count":70,"href":"https:\/\/bawso.org.uk\/lv\/wp-json\/wp\/v2\/pages\/77\/revisions"}],"predecessor-version":[{"id":4884,"href":"https:\/\/bawso.org.uk\/lv\/wp-json\/wp\/v2\/pages\/77\/revisions\/4884"}],"wp:attachment":[{"href":"https:\/\/bawso.org.uk\/lv\/wp-json\/wp\/v2\/media?parent=77"}],"curies":[{"name":"wp","href":"https:\/\/api.w.org\/{rel}","templated":true}]}}