{"id":4657,"date":"2025-07-24T11:35:56","date_gmt":"2025-07-24T10:35:56","guid":{"rendered":"https:\/\/bawso.org.uk\/?page_id=4657"},"modified":"2025-08-06T11:37:38","modified_gmt":"2025-08-06T10:37:38","slug":"bawso-reclaim-project","status":"publish","type":"page","link":"https:\/\/bawso.org.uk\/lv\/bawso-reclaim-project\/","title":{"rendered":"Bawso atg\u016b\u0161anas projekts"},"content":{"rendered":"<p>Vardarb\u012bbas \u0123imen\u0113 upuri bie\u017ei vien \u013coti cie\u0161 no gar\u012bg\u0101s vesel\u012bbas probl\u0113m\u0101m, ko v\u0113l vair\u0101k saasina vi\u0146u izcelsme, kult\u016bra un uzskatu sist\u0113mas. Daudz\u0101s kopien\u0101s, \u012bpa\u0161i BME grup\u0101s, gar\u012bg\u0101s vesel\u012bbas probl\u0113mas tiek sp\u0113c\u012bgi stigmatiz\u0113tas, apgr\u016btinot cietu\u0161ajiem nepiecie\u0161am\u0101 atbalsta mekl\u0113\u0161anu un sa\u0146em\u0161anu.&nbsp;<\/p>\n\n\n\n<p>Apvienotaj\u0101 Karalist\u0113 un jo \u012bpa\u0161i Vels\u0101 past\u0101v daudzi \u0161\u0137\u0113r\u0161\u013ci, kas pakalpojumu lietot\u0101jiem, \u012bpa\u0161i tiem, kuriem nav iesp\u0113ju izmantot valsts l\u012bdzek\u013cus, ne\u013cauj piek\u013c\u016bt atbilsto\u0161am gar\u012bg\u0101s vesel\u012bbas atbalstam. Daudzi m\u016bsu BME pakalpojumu lietot\u0101ji nevar at\u013cauties priv\u0101tas konsult\u0101cijas, un p\u0113c vair\u0101ku gar\u012bg\u0101s vesel\u012bbas labdar\u012bbas organiz\u0101ciju sl\u0113g\u0161anas Vels\u0101 situ\u0101cija ir k\u013cuvusi v\u0113l kritisk\u0101ka. Pa\u0161laik gaid\u012b\u0161anas laiks uz konsult\u0101ciju pakalpojumiem sv\u0101rst\u0101s no viena gada l\u012bdz pusotram gadam, un \u0161aj\u0101 laik\u0101 daudzi m\u016bsu pakalpojumu lietot\u0101ji piedz\u012bvo v\u0113l liel\u0101ku gar\u012bg\u0101s vesel\u012bbas pasliktin\u0101\u0161anos.&nbsp;<\/p>\n\n\n\n<p>Uz\u0146\u0113mum\u0101 Bawso m\u0113s esam ap\u0146\u0113mu\u0161ies rast inovat\u012bvus veidus, k\u0101 atbalst\u012bt m\u016bsu pakalpojumu lietot\u0101jus, kam\u0113r vi\u0146i gaida profesion\u0101lu pal\u012bdz\u012bbu. Viena no \u0161\u0101d\u0101m iniciat\u012bv\u0101m ir <strong>Atg\u016bt terapeitisk\u0101s sesijas<\/strong> holistisks, uz m\u0101kslu balst\u012bts projekts, ko iepaz\u012bstin\u0101ja kol\u0113\u0123is. \u0160is projekts \u013cauj klientiem izmantot rado\u0161o izpausmi k\u0101 l\u012bdzekli j\u016btu apstr\u0101dei, pr\u0101ta nomierin\u0101\u0161anai un gar\u012bg\u0101s vesel\u012bbas p\u0101rvald\u012bbai.&nbsp;<\/p>\n\n\n\n<p>Ar m\u0101kslas pal\u012bdz\u012bbu klientiem tiek sniegta neverb\u0101la iesp\u0113ja izp\u0113t\u012bt un izpaust savas emocijas, veicinot dziedin\u0101\u0161anu un iztur\u012bbu. Turkl\u0101t past\u0101v iesp\u0113ja, ka vi\u0146u m\u0101kslas darbus var izst\u0101d\u012bt vai p\u0101rdot, un ie\u0146\u0113mumi atbalsta NRPF projektu, sniedzot gan terapeitiskus, gan praktiskus ieguvumus.&nbsp;<\/p>\n\n\n\n<p>M\u0113s ticam, ka projektam \u201cReclaim\u201d ir potenci\u0101ls pozit\u012bvi ietekm\u0113t pla\u0161u m\u016bsu pakalpojumu lietot\u0101ju loku, pal\u012bdzot vi\u0146iem atg\u016bt savu balsi, r\u016bp\u0113ties par savu gar\u012bgo labsaj\u016btu un virz\u012bties uz priek\u0161u ar cie\u0146u un cer\u012bbu.&nbsp;<\/p>\n\n\n\n<div class=\"wp-block-media-text is-stacked-on-mobile\"><figure class=\"wp-block-media-text__media\"><img loading=\"lazy\" decoding=\"async\" width=\"768\" height=\"1024\" src=\"https:\/\/bawso.org.uk\/wp-content\/uploads\/2025\/08\/Cardiff-Half-Marathon-Group-Picture-2024-1-768x1024.jpg\" alt=\"\" class=\"wp-image-4701 size-full\" srcset=\"https:\/\/bawso.org.uk\/wp-content\/uploads\/2025\/08\/Cardiff-Half-Marathon-Group-Picture-2024-1-768x1024.jpg 768w, https:\/\/bawso.org.uk\/wp-content\/uploads\/2025\/08\/Cardiff-Half-Marathon-Group-Picture-2024-1-225x300.jpg 225w, https:\/\/bawso.org.uk\/wp-content\/uploads\/2025\/08\/Cardiff-Half-Marathon-Group-Picture-2024-1-1152x1536.jpg 1152w, https:\/\/bawso.org.uk\/wp-content\/uploads\/2025\/08\/Cardiff-Half-Marathon-Group-Picture-2024-1-9x12.jpg 9w, https:\/\/bawso.org.uk\/wp-content\/uploads\/2025\/08\/Cardiff-Half-Marathon-Group-Picture-2024-1.jpg 1536w\" sizes=\"auto, (max-width: 768px) 100vw, 768px\" \/><\/figure><div class=\"wp-block-media-text__content\">\n<p>\u0160ogad, 2025.\u00a0gada K\u0101rdifas pusmaraton\u0101, m\u016bsu skr\u0113j\u0113ji v\u0101c l\u012bdzek\u013cus \u0161im projektam. Apskatiet, k\u0101 vi\u0146iem veicas, un atbalstiet vi\u0146us, ziedojot vai daloties!<\/p>\n\n\n\n<div class=\"wp-block-buttons is-layout-flex wp-block-buttons-is-layout-flex\">\n<div class=\"wp-block-button\"><a class=\"wp-block-button__link wp-element-button\" href=\"https:\/\/www.justgiving.com\/campaign\/teambawso-chm-2025\">Ziedojiet \u0161eit! <\/a><\/div>\n<\/div>\n<\/div><\/div>\n\n\n\n<p><\/p>","protected":false},"excerpt":{"rendered":"<p>Victims of domestic abuse often suffer immensely from mental health challenges, which are further compounded by their backgrounds, cultures, and belief systems. In many communities, particularly among BME groups, mental [&hellip;]<\/p>\n","protected":false},"author":6,"featured_media":0,"parent":0,"menu_order":0,"comment_status":"closed","ping_status":"closed","template":"","meta":{"_acf_changed":false,"_seopress_robots_primary_cat":"","_seopress_titles_title":"","_seopress_titles_desc":"","_seopress_robots_index":"","footnotes":""},"class_list":["post-4657","page","type-page","status-publish","hentry"],"acf":[],"publishpress_future_action":{"enabled":false,"date":"2026-07-08 08:11:10","action":"category-add","newStatus":"draft","terms":[],"taxonomy":"","extraData":[]},"publishpress_future_workflow_manual_trigger":{"enabledWorkflows":[]},"_links":{"self":[{"href":"https:\/\/bawso.org.uk\/lv\/wp-json\/wp\/v2\/pages\/4657","targetHints":{"allow":["GET"]}}],"collection":[{"href":"https:\/\/bawso.org.uk\/lv\/wp-json\/wp\/v2\/pages"}],"about":[{"href":"https:\/\/bawso.org.uk\/lv\/wp-json\/wp\/v2\/types\/page"}],"author":[{"embeddable":true,"href":"https:\/\/bawso.org.uk\/lv\/wp-json\/wp\/v2\/users\/6"}],"replies":[{"embeddable":true,"href":"https:\/\/bawso.org.uk\/lv\/wp-json\/wp\/v2\/comments?post=4657"}],"version-history":[{"count":2,"href":"https:\/\/bawso.org.uk\/lv\/wp-json\/wp\/v2\/pages\/4657\/revisions"}],"predecessor-version":[{"id":4702,"href":"https:\/\/bawso.org.uk\/lv\/wp-json\/wp\/v2\/pages\/4657\/revisions\/4702"}],"wp:attachment":[{"href":"https:\/\/bawso.org.uk\/lv\/wp-json\/wp\/v2\/media?parent=4657"}],"curies":[{"name":"wp","href":"https:\/\/api.w.org\/{rel}","templated":true}]}}