{"id":77,"date":"2021-11-30T13:46:45","date_gmt":"2021-11-30T13:46:45","guid":{"rendered":"https:\/\/bawso.org.uk\/?page_id=77"},"modified":"2025-11-19T10:26:37","modified_gmt":"2025-11-19T10:26:37","slug":"support-us","status":"publish","type":"page","link":"https:\/\/bawso.org.uk\/lt\/support-us\/","title":{"rendered":"Paremkite mus"},"content":{"rendered":"<h2 class=\"wp-block-heading\">Paaukoti<\/h2>\n\n\n\n<p class=\"is-style-text-x-large\">Palaikykite Bawso kas m\u0117nes\u012f aukodami ir vienkartin\u0117mis dovanomis.<\/p>\n\n\n\n<p class=\"is-style-default\">J\u016bs\u0173 aukos padarys did\u017eiul\u012f skirtum\u0105 ir leis mums propaguoti ir teikti specializuotas paslaugas juodaod\u017eiams ir ma\u017eumoms priklausan\u010dioms prievartos, smurto ir i\u0161naudojimo aukoms Velse. Nesvarbu, ar skiriate m\u0117nesin\u0119 auk\u0105, ar vienkartin\u0119 dovan\u0105, j\u016bs\u0173 auka \u2013 nesvarbu, kiek pakeis moter\u0173, patirian\u010di\u0173 prievart\u0105 ir i\u0161naudojim\u0105 Velse, gyvenimus. Tai pad\u0117s suteikti moterims saugumo ir prieglobs\u010dio viet\u0105 bei individualiems poreikiams pritaikyt\u0105 param\u0105.<\/p>\n\n\n\n<div class=\"wp-block-buttons is-layout-flex wp-block-buttons-is-layout-flex\">\n<div class=\"wp-block-button is-style-primary-btn\"><a class=\"wp-block-button__link wp-element-button\" href=\"https:\/\/www.justgiving.com\/bawso\">Pra\u0161ome paaukoti \u0161iandien<\/a><\/div>\n<\/div>\n\n\n\n<div style=\"height:28px\" aria-hidden=\"true\" class=\"wp-block-spacer\"><\/div>\n\n\n\n<p class=\"is-style-default\">Jei norite paaukoti grynaisiais, \u010dekiu ar banko pavedimu, susisiekite su vienu i\u0161 m\u016bs\u0173 komandos tel <a href=\"tel: 02920 644 633\"><strong>02920 644 633<\/strong><\/a> arba el <a href=\"mailto:info@bawso.org.uk\" target=\"_blank\" rel=\"noreferrer noopener\">info@bawso.org.uk<\/a>. A\u010di\u016b.<\/p>\n\n\n\n<div style=\"height:28px\" aria-hidden=\"true\" class=\"wp-block-spacer\"><\/div>\n\n\n\n<h2 class=\"wp-block-heading\">Tapkite Bawso nariu <\/h2>\n\n\n\n<p>Bawso metin\u0117 naryst\u0117 galioja kiekvienais metais nuo sausio 1 d. iki gruod\u017eio 31 d. Jei prisijungiate met\u0173 viduryje, mes proporcingai mokame mokest\u012f. <\/p>\n\n\n\n<p><strong>Privalumai visiems nariams: <\/strong><\/p>\n\n\n\n<ul class=\"wp-block-list\">\n<li>Nuolaida Bawso mokymo kursams<\/li>\n\n\n\n<li>Prieiga prie smurto prie\u0161 moteris sesij\u0173, skirt\u0173 informuoti<\/li>\n\n\n\n<li>El. pa\u0161to \u012fsp\u0117jimai apie m\u016bs\u0173 darbus, naujienas, \u012fvykius ir mokymus<\/li>\n\n\n\n<li>Prieiga prie savanori\u0173 \/ savanoryst\u0117<\/li>\n\n\n\n<li>Dalyvavimas l\u0117\u0161\u0173 rinkimo iniciatyvose<\/li>\n\n\n\n<li>Smurto prie\u0161 moteris kampanijos<\/li>\n<\/ul>\n\n\n\n<p><strong>Papildomi privalumai individualiems r\u0117m\u0117jams: <\/strong><\/p>\n\n\n\n<ul class=\"wp-block-list\">\n<li>Galimyb\u0117 mokytis<\/li>\n\n\n\n<li>Dirbtuvi\u0173 palengvinimas ir kalb\u0117jimas renginiuose<\/li>\n\n\n\n<li>Balsavimo teis\u0117 m\u016bs\u0173 visuotiniame susirinkime<\/li>\n<\/ul>\n\n\n\n<p><strong>Papildomi privalumai organizacijoms: <\/strong><\/p>\n\n\n\n<ul class=\"wp-block-list\">\n<li>Nemokamas j\u016bs\u0173 laisv\u0173 darbo viet\u0173 reklamavimas<\/li>\n<\/ul>\n\n\n\n<p>Per\u017ei\u016br\u0117jus naryst\u0117s schem\u0105 2018 m., \u201eBawso\u201c dabar si\u016blo \u0161i\u0105 naryst\u0117s kategorij\u0105:<\/p>\n\n\n\n<div class=\"wp-block-columns alignwide is-layout-flex wp-container-core-columns-is-layout-829b1d53 wp-block-columns-is-layout-flex\" style=\"margin-bottom:0\">\n<div class=\"wp-block-column is-vertically-aligned-top has-brand-seven-background-color has-text-color has-background has-link-color wp-elements-5bea72c41901201a2af98d370fd96f4f is-layout-flow wp-block-column-is-layout-flow\" style=\"color:#000000;padding-top:2em;padding-right:2em;padding-bottom:2em;padding-left:2em\">\n<h2 class=\"wp-block-heading\" id=\"single\" style=\"font-size:25px\"><strong>Organizacijos nario mokestis<\/strong><\/h2>\n\n\n\n<hr class=\"wp-block-separator has-text-color has-css-opacity has-background is-style-wide\" style=\"background-color:#000000;color:#000000\"\/>\n\n\n\n<div style=\"height:31px\" aria-hidden=\"true\" class=\"wp-block-spacer\"><\/div>\n\n\n\n<div class=\"wp-block-buttons alignfull is-horizontal is-content-justification-center is-layout-flex wp-container-core-buttons-is-layout-499968f5 wp-block-buttons-is-layout-flex\">\n<div class=\"wp-block-button has-custom-width wp-block-button__width-100 is-style-fill\"><a class=\"wp-block-button__link has-white-color has-brand-two-background-color has-text-color has-background has-medium-font-size no-border-radius has-custom-font-size wp-element-button\"><strong>100 svar\u0173 per metus<\/strong> (organizacijoms, kuri\u0173 apyvarta iki 1 mln. svar\u0173 sterling\u0173)<\/a><\/div>\n\n\n\n<div class=\"wp-block-button has-custom-width wp-block-button__width-100 is-style-fill\"><a class=\"wp-block-button__link has-white-color has-brand-two-background-color has-text-color has-background has-medium-font-size no-border-radius has-custom-font-size wp-element-button\"><strong>200 svar\u0173 per metus<\/strong> (organizacijoms, kuri\u0173 apyvarta vir\u0161ija 1 mln. GBP)<\/a><\/div>\n<\/div>\n\n\n\n<div style=\"height:41px\" aria-hidden=\"true\" class=\"wp-block-spacer\"><\/div>\n\n\n\n<div class=\"wp-block-buttons is-content-justification-right is-layout-flex wp-container-core-buttons-is-layout-765c4724 wp-block-buttons-is-layout-flex\">\n<div class=\"wp-block-button is-style-primary-btn\"><a class=\"wp-block-button__link wp-element-button\" href=\"https:\/\/bawso.org.uk\/lt\/bawso-membership-application-form-for-organisations\/\">Per\u017ei\u016br\u0117ti form\u0105<\/a><\/div>\n<\/div>\n<\/div>\n\n\n\n<div class=\"wp-block-column is-vertically-aligned-top has-brand-seven-background-color has-text-color has-background has-link-color wp-elements-91b7c1bf9238835c2d39eae0154569b1 is-layout-flow wp-block-column-is-layout-flow\" style=\"color:#000000;padding-top:2em;padding-right:2em;padding-bottom:2em;padding-left:2em\">\n<h2 class=\"wp-block-heading\" id=\"family\" style=\"font-size:29px\"><strong>Individualus nario mokestis<\/strong><\/h2>\n\n\n\n<hr class=\"wp-block-separator has-css-opacity is-style-wide\"\/>\n\n\n\n<div style=\"height:31px\" aria-hidden=\"true\" class=\"wp-block-spacer\"><\/div>\n\n\n\n<div class=\"wp-block-buttons alignfull is-horizontal is-content-justification-center is-layout-flex wp-container-core-buttons-is-layout-499968f5 wp-block-buttons-is-layout-flex\">\n<div class=\"wp-block-button has-custom-width wp-block-button__width-100 is-style-fill\"><a class=\"wp-block-button__link has-white-color has-brand-two-background-color has-text-color has-background has-medium-font-size no-border-radius has-custom-font-size wp-element-button\"><strong>20 svar\u0173 per metus<\/strong> (dirbantis)<\/a><\/div>\n\n\n\n<div class=\"wp-block-button has-custom-width wp-block-button__width-100 is-style-fill\"><a class=\"wp-block-button__link has-white-color has-brand-two-background-color has-text-color has-background has-medium-font-size no-border-radius has-custom-font-size wp-element-button\"><strong>10 svar\u0173 per metus <\/strong>(bedarbis)<\/a><\/div>\n<\/div>\n\n\n\n<div style=\"height:107px\" aria-hidden=\"true\" class=\"wp-block-spacer\"><\/div>\n\n\n\n<div class=\"wp-block-buttons is-content-justification-right is-layout-flex wp-container-core-buttons-is-layout-765c4724 wp-block-buttons-is-layout-flex\">\n<div class=\"wp-block-button is-style-primary-btn\"><a class=\"wp-block-button__link wp-element-button\" href=\"https:\/\/bawso.org.uk\/lt\/bawso-membership-application-form-for-individuals\/\">Per\u017ei\u016br\u0117ti form\u0105<\/a><\/div>\n<\/div>\n<\/div>\n<\/div>\n\n\n\n<details class=\"wp-block-details is-layout-flow wp-block-details-is-layout-flow\"><summary>Laikotarpis <\/summary>\n<p>Bawso naryst\u0117 paprastai gali b\u016bti patvirtinta per 5 darbo dienas, jei atitinkate m\u016bs\u0173 naryst\u0117s kriterijus ir pateikiate vis\u0105 \u0161ioje formoje reikalaujam\u0105 informacij\u0105. Sud\u0117tingesnes parai\u0161kas gali patvirtinti Bawso direktori\u0173 valdyba, o tai gali u\u017etrukti iki 3 m\u0117nesi\u0173 (priklausomai nuo pos\u0117d\u017ei\u0173 ciklo). Jei j\u016bs\u0173 pra\u0161ymas bus perduotas patik\u0117tini\u0173 tarybai, mes jus apie tai informuosime.<\/p>\n<\/details>\n\n\n\n<details class=\"wp-block-details is-layout-flow wp-block-details-is-layout-flow\"><summary>Bendrasis duomen\u0173 apsaugos reglamentas (BDAR)<\/summary>\n<p>Mes labai rimtai \u017ei\u016brime \u012f asmen\u0173 privatum\u0105 ir saugum\u0105 bei j\u0173 asmenin\u0119 informacij\u0105 ir imam\u0117s vis\u0173 pagr\u012fst\u0173 priemoni\u0173 ir atsargumo priemoni\u0173, kad apsaugotume ir apsaugotume tvarkomus asmens duomenis. Turime tvirt\u0105 informacijos saugumo politik\u0105 ir proced\u016bras, skirtas apsaugoti asmenin\u0119 informacij\u0105 nuo neteis\u0117tos prieigos, pakeitimo ir atskleidimo. \u201eBawso\u201c turi special\u0173 atstov\u0105, \u012f kur\u012f galima kreiptis d\u0117l bet koki\u0173 klausim\u0173, komentar\u0173 ir u\u017eklaus\u0173 d\u0117l duomen\u0173 apsaugos info@bawso.org.uk.<\/p>\n<\/details>\n\n\n\n<h2 class=\"wp-block-heading\">Savanoriu<\/h2>\n\n\n\n<p class=\"is-style-default\">\u201eBawso\u201c turi sukurt\u0105 savanoryst\u0117s program\u0105, kuri teikia mokymus ir param\u0105 moterims ir merginoms i\u0161 Velso juodaod\u017ei\u0173 ir ma\u017eumos bendruomeni\u0173, norin\u010di\u0173 paremti Bawso veikl\u0105.<\/p>\n\n\n\n<p class=\"is-style-default\">Savanoriai dirba visose Bawso vietose, nuo suaugusi\u0173j\u0173 ir vaik\u0173 prie\u017ei\u016bros paslaug\u0173 iki centrini\u0173 tarnyb\u0173 ir administracijos, ir visose Velso dalyse.<\/p>\n\n\n\n<p class=\"is-style-default\">Savanori\u0173 vaidmenys pagr\u012fsti kiekvieno savanorio interesais ir galimyb\u0117mis.<\/p>\n\n\n\n<p class=\"is-style-default\">Bawso savanoriai \u012fgyja \u012fg\u016bd\u017ei\u0173 ir patirties, kuri labai prisideda prie tolesnio \u012fsidarbinimo bendruomen\u0117je. Kai kurie Bawso savanoriai baigia profesin\u012f mokym\u0105 ir prisijungia prie Bawso darbuotoj\u0173 komandos.<\/p>\n\n\n\n\n\n<div style=\"height:28px\" aria-hidden=\"true\" class=\"wp-block-spacer\"><\/div>\n\n\n\n<h2 class=\"wp-block-heading\">Surinkite l\u0117\u0161\u0173 Bawso<\/h2>\n\n\n\n<p class=\"is-style-default\">Mes pad\u0117sime jums surinkti l\u0117\u0161\u0173 Bawso, organizuojant savo rengin\u012f, dalyvaujant Bawso organizuojamuose renginiuose. Tiesiog paskambinkite mums ir mes patarsime bei suteiksime med\u017eiag\u0105.<\/p>\n\n\n\n<div style=\"height:28px\" aria-hidden=\"true\" class=\"wp-block-spacer\"><\/div>\n\n\n\n<h2 class=\"wp-block-heading\">Tapkite Bawso draugu<\/h2>\n\n\n\n<p class=\"is-style-default\">\u201eFriends of Bawso\u201c yra \u012f pensij\u0105 i\u0161\u0117jusi\u0173 ir dirban\u010di\u0173 specialist\u0173, kurie palaiko Bawso ir teikia profesionalias konsultavimo paslaugas \u012fvairiose srityse, \u012fskaitant politikos k\u016brim\u0105, i\u0161ankstin\u012f planavim\u0105, rinkodar\u0105, vie\u0161inim\u0105, dotacij\u0173 parai\u0161kas, u\u017esakyt\u0173 paslaug\u0173 teikim\u0105, b\u016bst\u0105, nekilnojam\u0105j\u012f turt\u0105 ir teisines konsultacijas, rinkinys. .<\/p>\n\n\n\n<p class=\"is-style-default\">\u201eFriends of Bawso\u201c atsako \u012f ACEO ir valdybos pra\u0161ymus. Individual\u016bs \u201eBawso\u201c draugai konsultuoja ir teikia paslaugas tiesiogiai. Ji neturi oficialaus statuso ir nedalyvauja valdant ar valdant Bawso.<\/p>\n\n\n\n<p class=\"is-style-default\">Jei norite palaikyti Bawso tokiu b\u016bdu, susisiekite su Bawso ir pasidalykite savo kompetencijos sritimi.<\/p>","protected":false},"excerpt":{"rendered":"<p>Paaukokite Paremkite Bawso kas m\u0117nes\u012f aukodami ir skirdami vienkartines dovanas. J\u016bs\u0173 aukos bus labai svarbios ir leis mums ginti juodaod\u017ei\u0173 ir ma\u017eum\u0173 grupi\u0173 aukas bei teikti joms specializuotas paslaugas [\u2026]<\/p>","protected":false},"author":1,"featured_media":0,"parent":0,"menu_order":13,"comment_status":"closed","ping_status":"closed","template":"","meta":{"_acf_changed":false,"_seopress_robots_primary_cat":"","_seopress_titles_title":"","_seopress_titles_desc":"","_seopress_robots_index":"","footnotes":""},"class_list":["post-77","page","type-page","status-publish","hentry"],"acf":[],"publishpress_future_action":{"enabled":false,"date":"2026-06-18 10:24:16","action":"category-add","newStatus":"draft","terms":[],"taxonomy":"","extraData":[]},"publishpress_future_workflow_manual_trigger":{"enabledWorkflows":[]},"_links":{"self":[{"href":"https:\/\/bawso.org.uk\/lt\/wp-json\/wp\/v2\/pages\/77","targetHints":{"allow":["GET"]}}],"collection":[{"href":"https:\/\/bawso.org.uk\/lt\/wp-json\/wp\/v2\/pages"}],"about":[{"href":"https:\/\/bawso.org.uk\/lt\/wp-json\/wp\/v2\/types\/page"}],"author":[{"embeddable":true,"href":"https:\/\/bawso.org.uk\/lt\/wp-json\/wp\/v2\/users\/1"}],"replies":[{"embeddable":true,"href":"https:\/\/bawso.org.uk\/lt\/wp-json\/wp\/v2\/comments?post=77"}],"version-history":[{"count":70,"href":"https:\/\/bawso.org.uk\/lt\/wp-json\/wp\/v2\/pages\/77\/revisions"}],"predecessor-version":[{"id":4884,"href":"https:\/\/bawso.org.uk\/lt\/wp-json\/wp\/v2\/pages\/77\/revisions\/4884"}],"wp:attachment":[{"href":"https:\/\/bawso.org.uk\/lt\/wp-json\/wp\/v2\/media?parent=77"}],"curies":[{"name":"wp","href":"https:\/\/api.w.org\/{rel}","templated":true}]}}