{"id":3329,"date":"2023-12-06T14:09:09","date_gmt":"2023-12-06T14:09:09","guid":{"rendered":"https:\/\/bawso.org.uk\/?page_id=3329"},"modified":"2026-01-13T11:10:21","modified_gmt":"2026-01-13T11:10:21","slug":"bawso-bme-oral-stories","status":"publish","type":"page","link":"https:\/\/bawso.org.uk\/lt\/bawso-bme-oral-stories\/","title":{"rendered":"Bawso juodaod\u017ei\u0173 ir ma\u017eum\u0173 etnin\u0117s (BME) \u017eodin\u0117s istorijos"},"content":{"rendered":"<p>Bawso BME Oral Stories projekto tikslas \u2013 skaitmeniniu b\u016bdu \u012fra\u0161yti ir i\u0161saugoti 25 \u017eodines istorijas ir 25 skaitmenines istorijas (3 minu\u010di\u0173 vaizdo \u012fra\u0161us) i\u0161 Bawso paslaug\u0173 vartotoj\u0173. <\/p>\n\n\n\n<p>Projektas atitinka Velso gerov\u0117s ir ateities kart\u0173 akt\u0105 (2015) ir skatina sanglaud\u0105, kartu prisidedant prie turtingos Velso kult\u016bros ir Velso nacionalinio muziejaus darbo. <\/p>\n\n\n\n<p>Tai partneryst\u0117s projektas tarp Bawso, Velso nacionalinio muziejaus ir Piet\u0173 Velso universiteto George&#039;o Ewarto Evanso istorij\u0173 pasakojimo centro. Jis metams gavo finansavim\u0105 i\u0161 Nacionalinio loterij\u0173 paveldo fondo. <\/p>\n\n\n<div class=\"wp-block-image is-style-default\">\n<figure class=\"alignright size-full\"><img loading=\"lazy\" decoding=\"async\" width=\"3477\" height=\"869\" src=\"https:\/\/bawso.org.uk\/wp-content\/uploads\/2023\/12\/Bawso-BME-Stories-1-3.png\" alt=\"\" class=\"wp-image-3394\" srcset=\"https:\/\/bawso.org.uk\/wp-content\/uploads\/2023\/12\/Bawso-BME-Stories-1-3.png 3477w, https:\/\/bawso.org.uk\/wp-content\/uploads\/2023\/12\/Bawso-BME-Stories-1-3-300x75.png 300w, https:\/\/bawso.org.uk\/wp-content\/uploads\/2023\/12\/Bawso-BME-Stories-1-3-1024x256.png 1024w, https:\/\/bawso.org.uk\/wp-content\/uploads\/2023\/12\/Bawso-BME-Stories-1-3-768x192.png 768w, https:\/\/bawso.org.uk\/wp-content\/uploads\/2023\/12\/Bawso-BME-Stories-1-3-1536x384.png 1536w, https:\/\/bawso.org.uk\/wp-content\/uploads\/2023\/12\/Bawso-BME-Stories-1-3-2048x512.png 2048w, https:\/\/bawso.org.uk\/wp-content\/uploads\/2023\/12\/Bawso-BME-Stories-1-3-18x4.png 18w\" sizes=\"auto, (max-width: 3477px) 100vw, 3477px\" \/><\/figure>\n<\/div>\n\n\n<h2 class=\"wp-block-heading\">Susipa\u017einkite su komanda, kuri dirba su Bawso BME istorijomis <\/h2>\n\n\n\n<div class=\"wp-block-media-text is-stacked-on-mobile is-vertically-aligned-top is-image-fill-element\" style=\"grid-template-columns:23% auto\"><figure class=\"wp-block-media-text__media\"><img loading=\"lazy\" decoding=\"async\" width=\"768\" height=\"1024\" src=\"https:\/\/bawso.org.uk\/wp-content\/uploads\/2024\/02\/Nancy-Picture-1-768x1024.jpg\" alt=\"\" class=\"wp-image-3540 size-full\" style=\"object-position:50% 50%\" srcset=\"https:\/\/bawso.org.uk\/wp-content\/uploads\/2024\/02\/Nancy-Picture-1-768x1024.jpg 768w, https:\/\/bawso.org.uk\/wp-content\/uploads\/2024\/02\/Nancy-Picture-1-225x300.jpg 225w, https:\/\/bawso.org.uk\/wp-content\/uploads\/2024\/02\/Nancy-Picture-1-1152x1536.jpg 1152w, https:\/\/bawso.org.uk\/wp-content\/uploads\/2024\/02\/Nancy-Picture-1-9x12.jpg 9w, https:\/\/bawso.org.uk\/wp-content\/uploads\/2024\/02\/Nancy-Picture-1.jpg 1536w\" sizes=\"auto, (max-width: 768px) 100vw, 768px\" \/><\/figure><div class=\"wp-block-media-text__content\">\n<p><strong>Nancy Lidubwi, Bawso VAW politikos vadov\u0117<\/strong><\/p>\n\n\n\n<details class=\"wp-block-details is-layout-flow wp-block-details-is-layout-flow\"><summary>BIO<\/summary>\n<p>Nancy Lidubwi dirba Bawso kaip smurto prie\u0161 moteris politikos vadov\u0117 ir yra projekto vadov\u0117. Tod\u0117l jos vaidmuo yra i\u0161laikyti vadovo prie\u017ei\u016br\u0105 viso projekto metu per nurodyt\u0105 personalo nar\u012f.&nbsp;&nbsp;<\/p>\n\n\n\n<p>Ji yra atsakinga u\u017e bendr\u0105 dotacij\u0173 valdym\u0105, steb\u0117sen\u0105 ir ataskait\u0173 teikim\u0105, vis\u0105 projekto spaud\u0105 ir vie\u0161inim\u0105, visus projekto dalyvi\u0173 \u012fdarbinimo, valdymo ir paramos aspektus.&nbsp;&nbsp;<\/p>\n\n\n\n<p>Nancy yra atsakinga u\u017e vis\u0105 visuomen\u0117s dalyvavim\u0105 projekte, \u012fskaitant tai, kad ji yra pirmasis skambutis visiems su projektu susijusiems klausimams, dalyvauja visuose projekto seminaruose, m\u0117nesiniuose projekto valdymo susitikimuose ir teikia USW komandai bet kokius BAWSO specifinius mokymus ir indukcijas.&nbsp;&nbsp;<\/p>\n\n\n\n<p>Kiti vaidmenys apima projekt\u0173 vertinimo sutartini\u0173 susitarim\u0173 valdym\u0105, projekto valdymo grup\u0117s, apiman\u010dios b\u016btin\u0173 suinteresuot\u0173j\u0173 \u0161ali\u0173, BAWSO ir USW, koordinavim\u0105 ir santyki\u0173 su projekto partneriais valdym\u0105.&nbsp;&nbsp;<\/p>\n\n\n\n<p>Nancy dirbo su Bawso \u012fvairiais vaidmenimis, \u012fskaitant verslo pl\u0117tros vadov\u0105, atsaking\u0105 u\u017e l\u0117\u0161\u0173 rinkim\u0105 ir strategij\u0173 k\u016brim\u0105, kad labdara b\u016bt\u0173 finansi\u0161kai tvari. Ji taip pat dirbo mokymo ir paslaug\u0173 vartotoj\u0173 \u012ftraukimo vadove, kur k\u016br\u0117 ir teik\u0117 mokymus pagrindin\u0117ms organizacijoms ir labdaros organizacijoms apie smurt\u0105 prie\u0161 moteris i\u0161 juodaod\u017ei\u0173 ir etnini\u0173 ma\u017eum\u0173 perspektyvos. \u0160is vaidmuo ap\u0117m\u0117 paslaug\u0173 vartotoj\u0173 teisi\u0173 gynim\u0105 ir u\u017etikrinim\u0105, kad j\u0173 balsas b\u016bt\u0173 i\u0161girstas ir \u012ftrauktas \u012f politikos formavim\u0105 ir \u012fgyvendinim\u0105, o paslaug\u0173 teikimo centre b\u016bt\u0173 j\u0173 poreikiai.&nbsp;<\/p>\n\n\n\n<p>Nancy \u012fgijo ekonomikos ir socialinio vystymosi magistro laipsn\u012f ir sociologijos bakalauro laipsn\u012f.&nbsp;<\/p>\n<\/details>\n<\/div><\/div>\n\n\n\n<hr class=\"wp-block-separator has-alpha-channel-opacity\"\/>\n\n\n\n<div class=\"wp-block-media-text is-stacked-on-mobile is-vertically-aligned-top is-image-fill-element\" style=\"grid-template-columns:23% auto\"><figure class=\"wp-block-media-text__media\"><img loading=\"lazy\" decoding=\"async\" width=\"1024\" height=\"619\" src=\"https:\/\/bawso.org.uk\/wp-content\/uploads\/2023\/12\/Sophia-website-photo-1024x619.jpg\" alt=\"\" class=\"wp-image-3402 size-full\" style=\"object-position:50% 50%\" srcset=\"https:\/\/bawso.org.uk\/wp-content\/uploads\/2023\/12\/Sophia-website-photo-1024x619.jpg 1024w, https:\/\/bawso.org.uk\/wp-content\/uploads\/2023\/12\/Sophia-website-photo-300x181.jpg 300w, https:\/\/bawso.org.uk\/wp-content\/uploads\/2023\/12\/Sophia-website-photo-768x464.jpg 768w, https:\/\/bawso.org.uk\/wp-content\/uploads\/2023\/12\/Sophia-website-photo-18x12.jpg 18w, https:\/\/bawso.org.uk\/wp-content\/uploads\/2023\/12\/Sophia-website-photo.jpg 1084w\" sizes=\"auto, (max-width: 1024px) 100vw, 1024px\" \/><\/figure><div class=\"wp-block-media-text__content\">\n<p><strong>Dr. Sophia Kier-Byfield, Bawso Oral Stories projekto bendradarb\u0117, Piet\u0173 Velso universitetas<\/strong><\/p>\n\n\n\n<details class=\"wp-block-details is-layout-flow wp-block-details-is-layout-flow\"><summary>BIO <\/summary>\n<p>Kaip podoktorant\u016bros tyr\u0117jui, besidomin\u010diai feminizmu ir tuo, kaip menai gali sustiprinti ma\u017eum\u0173 bendruomeni\u0173 balsus ir istorijas, yra privilegija dirbti su Bawso ir Velso nacionaliniu muziejumi \u012fgyvendinant \u0161\u012f svarb\u0173 projekt\u0105. Bawso darbas yra unikalus tuo, kad tenkina specifinius BME bendruomeni\u0173 poreikius Velse ir u\u017e jos rib\u0173. Tikimasi, kad muziejus, kaip istorij\u0173 pasakojimo vieta, sukurs naujas istorijas apie tai, k\u0105 i\u0161gyvenusiems \u017emon\u0117ms rei\u0161kia rasti namus Velse.<\/p>\n\n\n\n<p>Kaip Piet\u0173 Velso universiteto mokslininkas, esu atsakingas u\u017e kasdien\u012f projekto planavim\u0105, organizavim\u0105 ir \u012fgyvendinim\u0105. Pirmieji projekto m\u0117nesiai buvo susij\u0119 su naujos darboviet\u0117s pa\u017einimu, kolegomis ir susitikimais su projekto partneriais. Buvo malonu susitikti su \u201eBawso\u201c kolegomis i\u0161 Piet\u0173 Velso, \u201eSt Fagans\u201c kuratoriais ir \u201ePeople&#039;s Collection Wales\u201c archyvarais, suprasti j\u0173 strukt\u016bras ir prioritetus \u012fgyvendinant projekt\u0105 ir prad\u0117ti rengti \u201eBawso\u201c paslaug\u0173 vartotoj\u0173 seminar\u0173, kuriuose dalyvaujama, planus. Seminarai vyks 2024 m. sausio \u2013 baland\u017eio m\u0117n.<\/p>\n\n\n\n<p>\u0160iame susipa\u017einimo ir planavimo procese ypa\u010d svarbu kalb\u0117tis su \u201eBawso\u201c darbuotojais. I\u0161siai\u0161kinti, kurios savait\u0117s dienos yra patogiausios dalyviams \u012fvairiose srityse, organizuoti savo projekt\u0105 apie religines \u0161ventes ir \u012fdiegti vaik\u0173 prie\u017ei\u016br\u0105 \u2013 tai detal\u0117s, kurios, tikim\u0117s, padarys dalyvavim\u0105 patogesn\u012f ir malonesn\u012f. Taip pat palaikau ry\u0161ius su partneriais, siekdama i\u0161siai\u0161kinti, kaip seminarus padaryti \u012fdomius ir suteikti dalyviams galimyb\u0119 ne tik pasakoti istorijas, bet ir eksperimentuoti bei \u017eaisti, kaip jos pasakojamos ir \u012fra\u0161omos.<\/p>\n\n\n\n<p>Nuo projekto prad\u017eios s\u0117kmingai kreipiausi d\u0117l paramos i\u0161 USW Pilietin\u0117s veiklos fondo, kad gal\u0117tume sukurti ilgalaikius i\u0161teklius (mokom\u0105j\u0105 med\u017eiag\u0105 ir istorij\u0173 lankstinuk\u0105), kurie pad\u0117s visuomen\u0117s nariams toliau dom\u0117tis istorijomis. projektas baig\u0117si.<\/p>\n\n\n\n<p>Kad projektas b\u016bt\u0173 \u012fgyvendintas pagal auk\u0161\u010diausius kokyb\u0117s ir etikos standartus, pirmieji mano darbo m\u0117nesiai taip pat ap\u0117m\u0117 pri\u0117mim\u0105 \u012f USW, skaitmeninio pasakojimo kvalifikacijos k\u0117limo mokymus, \u017eodin\u0117s istorijos mokymus su People&#039;s Collection Wales ir tolesn\u012f \u012ftraukim\u0105 \u012f Bawso darb\u0105. dalyvauti ir palaikyti j\u0173 vie\u0161us renginius, tokius kaip priverstin\u0117s santuokos tyrimo ataskaitos pristatymas USW ir Baltojo kaspino diena Llandafo katedroje.<\/p>\n<\/details>\n<\/div><\/div>\n\n\n\n<hr class=\"wp-block-separator has-alpha-channel-opacity\"\/>\n\n\n\n<div class=\"wp-block-media-text is-stacked-on-mobile is-vertically-aligned-top is-image-fill-element\" style=\"grid-template-columns:23% auto\"><figure class=\"wp-block-media-text__media\"><img loading=\"lazy\" decoding=\"async\" width=\"450\" height=\"341\" src=\"https:\/\/bawso.org.uk\/wp-content\/uploads\/2023\/12\/Prof-Emily-Underwood-L.2e16d0ba.fill-450x341.format-jpeg_kCkKxX6-1-1.jpg\" alt=\"\" class=\"wp-image-3348 size-full\" style=\"object-position:50% 50%\" srcset=\"https:\/\/bawso.org.uk\/wp-content\/uploads\/2023\/12\/Prof-Emily-Underwood-L.2e16d0ba.fill-450x341.format-jpeg_kCkKxX6-1-1.jpg 450w, https:\/\/bawso.org.uk\/wp-content\/uploads\/2023\/12\/Prof-Emily-Underwood-L.2e16d0ba.fill-450x341.format-jpeg_kCkKxX6-1-1-300x227.jpg 300w, https:\/\/bawso.org.uk\/wp-content\/uploads\/2023\/12\/Prof-Emily-Underwood-L.2e16d0ba.fill-450x341.format-jpeg_kCkKxX6-1-1-16x12.jpg 16w\" sizes=\"auto, (max-width: 450px) 100vw, 450px\" \/><\/figure><div class=\"wp-block-media-text__content\">\n<p><strong>Profesor\u0117 Emily Underwood-Lee<\/strong><\/p>\n\n\n\n<details class=\"wp-block-details is-layout-flow wp-block-details-is-layout-flow\"><summary>BIO <\/summary>\n<p>D\u017eiaugiuosi gal\u0117damas dirbti su Bawso Oral Stories projektu. Mano vaidmuo projekte yra pasakojimo ir \u017eodin\u0117s istorijos rinkinio lyderis. Tikiuosi, kad gal\u0117sime suteikti Bawso paslaug\u0173 naudotojams galimyb\u0119 pasidalinti istorijomis, kurias jie mums pasakojo, kad nori b\u016bti i\u0161girsti ir i\u0161saugoti.<\/p>\n\n\n\n<p>\u0160is projektas vystosi d\u0117l mano nuolatinio bendradarbiavimo su Bawso ir mano ankstesnio darbo, kuriame tyrin\u0117ju, kaip i\u0161girsti i\u0161gyvenusi\u0173j\u0173 balsus. Man ypa\u010d \u012fdomu galvoti apie tai, kaip gal\u0117tume dirbti su Bawso remiamomis bendruomen\u0117mis, siekdami u\u017etikrinti, kad j\u0173 istorijas gird\u0117t\u0173 tose vietose ir \u017emoni\u0173, kad patys pasakotojai jaust\u0173 poreik\u012f klausytis. \u017dinome, kad i\u0161gyvenusi\u0173j\u0173 balsas tur\u0117t\u0173 b\u016bti politikos ir praktikos centre, ir tikiuosi, kad \u0161is projektas gali prisid\u0117ti prie tikrai poreikiais pagr\u012fsto apr\u016bpinimo. \u0160is projektas leis dalytis istorijomis kaip nacionalin\u0117s kolekcijos dalimi ir pad\u0117s mums geriau suprasti Velso \u017emoni\u0173 patirt\u012f. Taip pat \u017einome, kad dalijimasis istorijomis gali u\u017emegzti ry\u0161\u012f, ugdyti bendruomen\u0119 ir supratim\u0105 bei pagerinti gerov\u0119, tod\u0117l d\u017eiaugiuosi gal\u0117damas dalyvauti \u0161iame darbe su Bawso paslaug\u0173 vartotojais.<\/p>\n\n\n\n<p>Mano platesnis tiriamasis darbas yra skirtas sustiprinti ma\u017eai gird\u0117tas asmenines istorijas i\u0161 \u017emoni\u0173, kuri\u0173 balsai gal\u0117jo b\u016bti nepasteb\u0117ti, ir skirtumui, kur\u012f \u0161i\u0173 istorij\u0173 klausymas gali tur\u0117ti \u012ftakos politikoje, praktikoje ir kasdieniame gyvenime tiek pasakotojui, tiek klausytojui. Mane ypa\u010d domina istorijos apie motin\u0105, lyt\u012f, sveikat\u0105 \/ lig\u0105 ir paveld\u0105. Esu Piet\u0173 Velso universiteto atlikimo studij\u0173 profesorius, kur esu George&#039;o Ewarto Evanso pasakojim\u0173 centro direktorius ir Velso smurto prie\u0161 moteris, prievartos \u0161eimoje ir seksualinio smurto tyrim\u0173 tinklo bendras pirmininkas. Mano naujausiuose leidiniuose yra bendraautor\u0117 knyga Motinos pasirodymas: feministiniai santykiai (Palgrave, 2021), redaguotas rinkinys Mothering Performance (Routledge, 2022) ir specialus recenzuojamo \u017eurnalo Storytelling, Self, Society leidimas &quot;Storytelling for Health&quot; ( 2019).<\/p>\n<\/details>\n<\/div><\/div>\n\n\n\n<div style=\"height:54px\" aria-hidden=\"true\" class=\"wp-block-spacer\"><\/div>\n\n\n\n<p><strong>Moter\u0173 bals\u0173 \u0161lovinimas per skaitmenin\u012f pasakojim\u0105<\/strong>&nbsp;<\/p>\n\n\n\n<p>Bendradarbiaudama su Piet\u0173 Velso universitetu, George&#039;o Ewarto Evanso pasakojimo centru ir Velso muziejumi \u201eAmgueddfa Cymru\u201c, Bawso did\u017eiuodamasi vadovavo galingam paveldo projektui, perkelian\u010diam moter\u0173, Bawso paslaug\u0173 gav\u0117j\u0173, gyvenimi\u0161k\u0105 patirt\u012f \u012f Nacionalinio muziejaus \u0161ird\u012f ir vie\u0161\u0105j\u0105 erdv\u0119.&nbsp;<\/p>\n\n\n\n<p>\u0160i\u0105 iniciatyv\u0105, kuri\u0105 2023 m. finansavo Nacionalinis loterijos paveldo fondas, pavyko u\u017efiksuoti ir i\u0161saugoti da\u017enai nei\u0161girst\u0173 moter\u0173 balsus, u\u017etikrinant, kad j\u0173 istorijos b\u016bt\u0173 i\u0161girstos ir archyvuotos ateities kartoms.&nbsp;<\/p>\n\n\n\n<p>M\u016bs\u0173 projekto pabaigos ataskaitoje pateikiama i\u0161sami \u0161ios \u012fkvepian\u010dios kelion\u0117s ap\u017evalga \u2013 nuo bendruomen\u0117s \u012ftraukimo ir pasakojimo dirbtuvi\u0173 iki redagavimo, vie\u0161\u0173 pristatymo rengini\u0173 ir galutinio 64 unikali\u0173 istorij\u0173, surinkt\u0173 i\u0161 154 paslaug\u0173 gav\u0117j\u0173 s\u0105veik\u0173, archyvavimo.&nbsp;<\/p>\n\n\n\n<p>Kvie\u010diame jus susipa\u017einti su \u0161iomis jaudinan\u010diomis istorijomis gyvai \u0160v. Faganso nacionaliniame muziejuje arba internetu per <a href=\"https:\/\/www.peoplescollection.wales\/user\/117801\/author\/117801\/sort\/date\/page\/2\" data-type=\"link\" data-id=\"https:\/\/www.peoplescollection.wales\/user\/117801\/author\/117801\/sort\/date\/page\/2\"><a href=\"https:\/\/eu-west-1.protection.sophos.com?d=peoplescollection.wales&amp;u=aHR0cHM6Ly93d3cucGVvcGxlc2NvbGxlY3Rpb24ud2FsZXMvdXNlcnMvMTE3ODAxP3BhZ2U9MQ==&amp;i=NjM2M2I2NjdmZDAzM2IxMjc4MDU5Y2Rh&amp;t=c0pqSXE1SUwxYjhiRk1nNVRtR0NVTFgvd1F0YkY3ZVRxNUtpYzRGU1lPTT0=&amp;h=a716634ca9164f97a64090c918742f01&amp;s=AVNPUEhUT0NFTkNSWVBUSVbDh_BjtqC1MDxIjACgJI1UdN8tBYhl5cbKzMwKkkhEOvvWE0aH21uE4WeIt0V2LqQ\">Bawso | Velso \u017emoni\u0173 kolekcija<\/a><\/a>.<\/p>\n\n\n\n<p>Norite su\u017einoti daugiau? Susisiekite su mumis SMS \u017einute, el. pa\u0161tu arba apsilankykite bet kuriame m\u016bs\u0173 biure visame Velse.&nbsp;<\/p>\n\n\n\n<div class=\"wp-block-file\"><a id=\"wp-block-file--media-371aa259-c3ef-4aaa-9a1f-57b36b67f683\" href=\"https:\/\/bawso.org.uk\/wp-content\/uploads\/2025\/08\/Final-version-Bawso-Stories-end-of-project-report-31-1-25-1.pdf\"><strong>Bawso istorijos Projekto pabaigos ataskaita <\/strong><\/a><a href=\"https:\/\/bawso.org.uk\/wp-content\/uploads\/2025\/08\/Final-version-Bawso-Stories-end-of-project-report-31-1-25-1.pdf\" class=\"wp-block-file__button wp-element-button\" download aria-describedby=\"wp-block-file--media-371aa259-c3ef-4aaa-9a1f-57b36b67f683\">parsisi\u0173sti<\/a><\/div>\n\n\n\n<div class=\"wp-block-file has-brand-four-background-color has-background\"><a id=\"wp-block-file--media-1c6cc171-d548-4e6e-afa5-020fb6c212ce\" href=\"https:\/\/bawso.org.uk\/wp-content\/uploads\/2025\/08\/Storiau-Bawso-adroddiad-diwedd-prosiect-21-3-25.pdf\" target=\"_blank\" rel=\"noreferrer noopener\"><strong>Stor\u00efau Bawso Adroddiad Diwedd Prosiect <\/strong><\/a><a href=\"https:\/\/bawso.org.uk\/wp-content\/uploads\/2025\/08\/Storiau-Bawso-adroddiad-diwedd-prosiect-21-3-25.pdf\" class=\"wp-block-file__button wp-element-button\" download aria-describedby=\"wp-block-file--media-1c6cc171-d548-4e6e-afa5-020fb6c212ce\">parsisi\u0173sti<\/a><\/div>\n\n\n\n<div style=\"height:47px\" aria-hidden=\"true\" class=\"wp-block-spacer\"><\/div>\n\n\n\n<div class=\"wp-block-query is-layout-flow wp-block-query-is-layout-flow\"><ul class=\"columns-2 wp-block-post-template is-layout-grid wp-container-core-post-template-is-layout-17361a50 wp-block-post-template-is-layout-grid\"><li class=\"wp-block-post post-4293 post type-post status-publish format-standard hentry category-events category-news tag-bawso-oral-stories\">\n\n<div class=\"wp-block-group\" style=\"padding-top:30px;padding-right:30px;padding-bottom:30px;padding-left:30px\"><div class=\"wp-block-group__inner-container is-layout-constrained wp-container-core-group-is-layout-644faf63 wp-block-group-is-layout-constrained\"><h2 class=\"wp-block-post-title\"><a href=\"https:\/\/bawso.org.uk\/lt\/2024\/11\/bawso-stories-landmarks-of-personal-history\/\" target=\"_self\" >Bawso istorijos: asmenin\u0117s istorijos orientyrai<\/a><\/h2>\n\n<div class=\"wp-block-post-excerpt\"><p class=\"wp-block-post-excerpt__excerpt\">I\u0161sami informacija apie rengin\u012f: Data ir laikas: lapkri\u010dio 13 d., tre\u010diadienis \u00b7 11:00\u201312:30 GMT Vieta: St. Fagans National\u2026<\/p><p class=\"wp-block-post-excerpt__more-text\"><a class=\"wp-block-post-excerpt__more-link\" href=\"https:\/\/bawso.org.uk\/lt\/2024\/11\/bawso-stories-landmarks-of-personal-history\/\">Skaityti daugiau<\/a><\/p><\/div>\n\n<div class=\"wp-block-post-date\"><time datetime=\"2024-11-11T11:37:27+00:00\">2024 m. lapkri\u010dio 11 d.<\/time><\/div><\/div><\/div>\n\n<\/li><li class=\"wp-block-post post-4019 post type-post status-publish format-standard hentry category-events category-news tag-bawso-oral-stories\">\n\n<div class=\"wp-block-group\" style=\"padding-top:30px;padding-right:30px;padding-bottom:30px;padding-left:30px\"><div class=\"wp-block-group__inner-container is-layout-constrained wp-container-core-group-is-layout-644faf63 wp-block-group-is-layout-constrained\"><h2 class=\"wp-block-post-title\"><a href=\"https:\/\/bawso.org.uk\/lt\/2024\/07\/bawso-stories-launch-event\/\" target=\"_self\" >\u201eBawso Oral Stories\u201c pristatymo renginys<\/a><\/h2>\n\n<div class=\"wp-block-post-excerpt\"><p class=\"wp-block-post-excerpt__excerpt\">Prisijunkite prie m\u016bs\u0173, kad prad\u0117tum\u0117te \u201eBawso Stories\u201c \u2013 special\u0173 projekt\u0105, kuriame \u0161ven\u010diami asmenys, istorijos ir paveldas\u2026<\/p><p class=\"wp-block-post-excerpt__more-text\"><a class=\"wp-block-post-excerpt__more-link\" href=\"https:\/\/bawso.org.uk\/lt\/2024\/07\/bawso-stories-launch-event\/\">Skaityti daugiau<\/a><\/p><\/div>\n\n<div class=\"wp-block-post-date\"><time datetime=\"2024-07-22T14:25:22+01:00\">2024 m. liepos 22 d.<\/time><\/div><\/div><\/div>\n\n<\/li><li class=\"wp-block-post post-3877 post type-post status-publish format-standard hentry category-news tag-bawso-oral-stories\">\n\n<div class=\"wp-block-group\" style=\"padding-top:30px;padding-right:30px;padding-bottom:30px;padding-left:30px\"><div class=\"wp-block-group__inner-container is-layout-constrained wp-container-core-group-is-layout-644faf63 wp-block-group-is-layout-constrained\"><h2 class=\"wp-block-post-title\"><a href=\"https:\/\/bawso.org.uk\/lt\/2024\/05\/a-visit-to-national-museum-cardiff\/\" target=\"_self\" >Apsilankymas Nacionaliniame Kardifo muziejuje<\/a><\/h2>\n\n<div class=\"wp-block-post-excerpt\"><p class=\"wp-block-post-excerpt__excerpt\">\u201eBawso Newport\u201c paslaug\u0173 vartotoj\u0173 apsilankymas Nacionaliniame Kardifo muziejuje \u017eada praturtinan\u010di\u0105 patirt\u012f\u2026<\/p><p class=\"wp-block-post-excerpt__more-text\"><a class=\"wp-block-post-excerpt__more-link\" href=\"https:\/\/bawso.org.uk\/lt\/2024\/05\/a-visit-to-national-museum-cardiff\/\">Skaityti daugiau<\/a><\/p><\/div>\n\n<div class=\"wp-block-post-date\"><time datetime=\"2024-05-03T12:14:30+01:00\">3 gegu\u017e\u0117s, 2024 m.<\/time><\/div><\/div><\/div>\n\n<\/li><li class=\"wp-block-post post-3850 post type-post status-publish format-standard hentry category-news tag-bawso-oral-stories\">\n\n<div class=\"wp-block-group\" style=\"padding-top:30px;padding-right:30px;padding-bottom:30px;padding-left:30px\"><div class=\"wp-block-group__inner-container is-layout-constrained wp-container-core-group-is-layout-644faf63 wp-block-group-is-layout-constrained\"><h2 class=\"wp-block-post-title\"><a href=\"https:\/\/bawso.org.uk\/lt\/2024\/04\/bawso-at-llanberis-slate-museum\/\" target=\"_self\" >Bawso Llanberis skal\u016bno muziejuje<\/a><\/h2>\n\n<div class=\"wp-block-post-excerpt\"><p class=\"wp-block-post-excerpt__excerpt\">Lanberiso \u0161irdyje yra skal\u016bn\u0173 muziejus \u2013 turtingo regiono pramon\u0117s paveldo liudijimas. Kaip\u2026<\/p><p class=\"wp-block-post-excerpt__more-text\"><a class=\"wp-block-post-excerpt__more-link\" href=\"https:\/\/bawso.org.uk\/lt\/2024\/04\/bawso-at-llanberis-slate-museum\/\">Skaityti daugiau<\/a><\/p><\/div>\n\n<div class=\"wp-block-post-date\"><time datetime=\"2024-04-30T14:40:05+01:00\">2024 m. baland\u017eio 30 d.<\/time><\/div><\/div><\/div>\n\n<\/li><li class=\"wp-block-post post-3707 post type-post status-publish format-standard hentry category-news tag-bawso-oral-stories\">\n\n<div class=\"wp-block-group\" style=\"padding-top:30px;padding-right:30px;padding-bottom:30px;padding-left:30px\"><div class=\"wp-block-group__inner-container is-layout-constrained wp-container-core-group-is-layout-644faf63 wp-block-group-is-layout-constrained\"><h2 class=\"wp-block-post-title\"><a href=\"https:\/\/bawso.org.uk\/lt\/2024\/04\/a-trip-to-welsh-museums\/\" target=\"_self\" >Kelion\u0117 \u012f Velso muziejus\u00a0<\/a><\/h2>\n\n<div class=\"wp-block-post-excerpt\"><p class=\"wp-block-post-excerpt__excerpt\">Finansuojamas Nacionalinio loterijos paveldo fondo, Bawso BME Oral Stories projekto, vadovaujant\u2026<\/p><p class=\"wp-block-post-excerpt__more-text\"><a class=\"wp-block-post-excerpt__more-link\" href=\"https:\/\/bawso.org.uk\/lt\/2024\/04\/a-trip-to-welsh-museums\/\">Skaityti daugiau<\/a><\/p><\/div>\n\n<div class=\"wp-block-post-date\"><time datetime=\"2024-04-08T11:20:31+01:00\">2024 m. baland\u017eio 8 d.<\/time><\/div><\/div><\/div>\n\n<\/li><\/ul><\/div>\n\n\n\n<p><a href=\"https:\/\/nation.cymru\/news\/unique-partnership-to-share-untold-stories-of-wales-diverse-communities\/\"><strong>\u201eNation Cymru\u201c \u2013 \u201eNews Post\u201c.<\/strong><\/a><\/p>\n\n\n\n<h2 class=\"wp-block-heading has-brand-four-color has-text-color has-link-color has-small-font-size wp-elements-a7ee413eccea65321406039e0206c417\">\u201eBawso Stories\u201c pristatymo renginys <\/h2>\n\n\n\n<h2 class=\"wp-block-heading has-brand-four-color has-text-color has-link-color has-small-font-size wp-elements-bb72eb752ffff7f96a94e60eb4d3f3f8\">Bawso istorijos: asmenin\u0117s istorijos \u012fvykio orientyrai <\/h2>\n\n\n\n<h2 class=\"wp-block-heading has-brand-four-color has-text-color has-link-color has-small-font-size wp-elements-837cb1c2d88e931d6fc0f0805f10a09b\">Kelion\u0117 \u012f Velso muziejus&nbsp;<\/h2>\n\n\n\n<h2 class=\"wp-block-heading has-brand-four-color has-text-color has-link-color has-small-font-size wp-elements-cfcf520190511e034d89760ae48101a6\">Bawso Llanberis skal\u016bno muziejuje<\/h2>\n\n\n\n<h2 class=\"wp-block-heading has-brand-four-color has-text-color has-link-color has-small-font-size wp-elements-c98774cc86b6a7f5132bfd56940c328a\">Apsilankymas Nacionaliniame Kardifo muziejuje<\/h2>\n\n\n\n<p class=\"is-style-text-x-large has-brand-four-color has-text-color has-link-color has-small-font-size wp-elements-6af1aeda4fbb35b8153ffd3fe2238c37\"><strong>Bawso lankosi Llanberis muziejuje \u0160iaur\u0117s Velse 2024 m. baland\u017eio 12 d&nbsp;<\/strong><\/p>\n\n\n\n<p><\/p>","protected":false},"excerpt":{"rendered":"<p>The Bawso BME Oral Stories project aims to digitally record and preserve 25 oral histories and 25 digital stories (3-minute videos) from Bawso service users. The project aligns with the [&hellip;]<\/p>\n","protected":false},"author":6,"featured_media":0,"parent":0,"menu_order":0,"comment_status":"closed","ping_status":"closed","template":"","meta":{"_acf_changed":false,"_seopress_robots_primary_cat":"","_seopress_titles_title":"","_seopress_titles_desc":"","_seopress_robots_index":"","footnotes":""},"class_list":["post-3329","page","type-page","status-publish","hentry"],"acf":[],"publishpress_future_action":{"enabled":false,"date":"2026-07-07 15:52:49","action":"category-add","newStatus":"draft","terms":[],"taxonomy":"","extraData":[]},"publishpress_future_workflow_manual_trigger":{"enabledWorkflows":[]},"_links":{"self":[{"href":"https:\/\/bawso.org.uk\/lt\/wp-json\/wp\/v2\/pages\/3329","targetHints":{"allow":["GET"]}}],"collection":[{"href":"https:\/\/bawso.org.uk\/lt\/wp-json\/wp\/v2\/pages"}],"about":[{"href":"https:\/\/bawso.org.uk\/lt\/wp-json\/wp\/v2\/types\/page"}],"author":[{"embeddable":true,"href":"https:\/\/bawso.org.uk\/lt\/wp-json\/wp\/v2\/users\/6"}],"replies":[{"embeddable":true,"href":"https:\/\/bawso.org.uk\/lt\/wp-json\/wp\/v2\/comments?post=3329"}],"version-history":[{"count":36,"href":"https:\/\/bawso.org.uk\/lt\/wp-json\/wp\/v2\/pages\/3329\/revisions"}],"predecessor-version":[{"id":4945,"href":"https:\/\/bawso.org.uk\/lt\/wp-json\/wp\/v2\/pages\/3329\/revisions\/4945"}],"wp:attachment":[{"href":"https:\/\/bawso.org.uk\/lt\/wp-json\/wp\/v2\/media?parent=3329"}],"curies":[{"name":"wp","href":"https:\/\/api.w.org\/{rel}","templated":true}]}}