{"id":311,"date":"2022-02-25T13:48:58","date_gmt":"2022-02-25T13:48:58","guid":{"rendered":"https:\/\/bawso.org.uk\/?page_id=311"},"modified":"2022-08-11T19:32:29","modified_gmt":"2022-08-11T18:32:29","slug":"about-us","status":"publish","type":"page","link":"https:\/\/bawso.org.uk\/lt\/about-us\/","title":{"rendered":"Apie mus"},"content":{"rendered":"<h2 class=\"wp-block-heading\"><strong>Kas mes esame<\/strong><\/h2>\n\n\n\n<p class=\"has-medium-font-size\"><strong>\u201eBawso\u201c 1995 m. \u012fk\u016br\u0117 nedidel\u0117 juodaod\u017ei\u0173 ir ma\u017eum\u0105 turin\u010di\u0173 moter\u0173 grup\u0117 Kardife, kurioms r\u016bp\u0117jo paslaug\u0173, teikiam\u0173 smurto \u0161eimoje aukoms tinkamumu. I\u0161sinuomojome kambar\u012f su ra\u0161omuoju stalu, k\u0117de ir telefonu ir prad\u0117jome didinti informuotum\u0105 juodaod\u017ei\u0173 ir ma\u017eumose gyvenan\u010diose bendruomen\u0117se su vyriausybe, statutin\u0117mis \u012fstaigomis ir tre\u010diojo sektoriaus paslaug\u0173 teik\u0117jais.<\/strong><\/p>\n\n\n\n<p>Per daugel\u012f met\u0173 Bawso prad\u0117jo dirbti tose srityse, kurios tapo plataus visuomen\u0117s susidom\u0117jimo ir \u012fstatym\u0173 objektu, \u012fskaitant priverstines santuokas (FM), moter\u0173 lytini\u0173 organ\u0173 \u017ealojim\u0105 (FMG), smurt\u0105 d\u0117l garb\u0117s (HBV), o neseniai \u2013 \u0161iuolaikin\u0119 vergij\u0105 ir prekyb\u0105 \u017emon\u0117mis. .<\/p>\n\n\n\n<p>\u201eBawso\u201c paslaugos dabar teikiamos visame Velse, jose dirba daugiau nei \u0161imtas apmokyt\u0173 ir patyrusi\u0173 darbuotoj\u0173 bei daugyb\u0117 savanori\u0173. M\u016bs\u0173 apyvarta siekia 4,6 mln. GBP per metus, mus finansuoja centrin\u0117 Vestminsterio vald\u017eia, Kardifo \u012flankos decentralizuota vyriausyb\u0117, vietos vald\u017eios institucijos, policijos nusikaltim\u0173 komisarai, kitos statutin\u0117s \u012fstaigos, fondai, trestai, filantropai ir bendruomen\u0117s l\u0117\u0161\u0173 rinkimo veikla.<\/p>\n\n\n\n<p>\u201eBawso\u201c vykdo specialiai sukurtus prieglobs\u010dius, saugus, \u201evieno langelio\u201c principu veikian\u010dias patalpas, slanki\u0105 param\u0105 i\u0161gyvenusiems bendruomen\u0117je ir specialist\u0173 projektus kiekvienai smurto ir moter\u0173 bei mergai\u010di\u0173, vyr\u0173 ir berniuk\u0173 i\u0161naudojimo sri\u010diai. Kasmet palaikome daugiau nei 6 000 asmen\u0173 ir kiekvienais metais \u0161ie skai\u010diai did\u0117ja.<\/p>\n\n\n\n<p>Darb\u0105 \u0161ioje srityje papildo 24 valandas per par\u0105 veikianti pagalbos linija, Mokymo skyrius, \u012fsipareigoj\u0119s nuolat tobulinti Bawso paslaugas ir Bawso darbuotoj\u0173 \u012fg\u016bd\u017eius bei teikti informuotumo mokymus i\u0161or\u0117s agent\u016broms, specialistams ir praktikams, \u012fskaitant policij\u0105, bendrosios praktikos gydytojus. , NHS darbuotojai, mokytojai ir valstyb\u0117s tarnautojai. \u201eBawso\u201c taip pat turi didel\u012f akredituot\u0173 darbuotoj\u0173 Vertimo \u017eod\u017eiu ir ra\u0161tu skyri\u0173.<\/p>\n\n\n\n<p>Bawso valdo daug pasiekusi\u0173 ir patyrusi\u0173 juodaod\u017ei\u0173 moter\u0173 ir vyr\u0173 i\u0161 bendruomeni\u0173, kurioms jie tarnauja, valdyba. \u201eBawso\u201c darbuotojai ir savanoriai taip pat yra i\u0161 juodaod\u017ei\u0173 ir ma\u017eumos bendruomeni\u0173 Velse, tod\u0117l jie puikiai supranta paslaug\u0173 vartotoj\u0173 ir j\u0173 bendruomeni\u0173 kult\u016bras, religijas ir kalbas.<\/p>\n\n\n\n<h3 class=\"wp-block-heading\"><strong>M\u016aS\u0172 VIZIJA<\/strong><\/h3>\n\n\n\n<p class=\"is-style-text-x-large has-medium-font-size\"><strong>Kad visi \u017emon\u0117s Velse gyvent\u0173 be prievartos, smurto ir i\u0161naudojimo.<\/strong><\/p>\n\n\n\n<h3 class=\"wp-block-heading\"><strong>M\u016aS\u0172 MISIJA<\/strong><\/h3>\n\n\n\n<p class=\"is-style-text-x-large has-medium-font-size\"><strong>Rengti juodaod\u017eius ir ma\u017eumoms priklausan\u010dias prievartos, smurto ir i\u0161naudojimo aukas Velse ir teikti joms specializuotas paslaugas.<\/strong><\/p>\n\n\n\n<h3 class=\"wp-block-heading\"><strong>M\u016aS\u0172 VERTYB\u0116S<\/strong><\/h3>\n\n\n\n<ul class=\"wp-block-list\"><li>Esame \u012fsipareigoj\u0119 dirbti nesmerkiant, visi\u0161kai netoleruodami prievartos, smurto ir i\u0161naudojimo.<\/li><li>Mes laikom\u0117s auk\u0161t\u0173 profesin\u0117s veiklos standart\u0173, esame pagarb\u016bs, empati\u0161ki, jautr\u016bs ir s\u0105\u017einingi.<\/li><li>Visuose savo darbuose laikom\u0117s s\u0105\u017einingumo, skaidrumo ir atskaitingumo.<\/li><li>Teikiame lengvai prieinamas ir lengvai prieinamas paslaugas.<\/li><li>Didiname informuotum\u0105 apie vis\u0173 form\u0173 prievart\u0105 ir smurt\u0105 juodaod\u017ei\u0173 ir ma\u017eum\u0173 bendruomen\u0117se, taip pat su vyriausybe ir pilietine visuomene Velse.<\/li><li>Mes visada metame i\u0161\u0161\u016bk\u012f rasizmui ir vis\u0173 form\u0173 tarpsektorinei nelygybei, neteisybei ir diskriminacijai.<\/li><\/ul>","protected":false},"excerpt":{"rendered":"<p>Who we are Bawso was established in 1995 by a small group of black and minoritised women in Cardiff, who were concerned about the appropriateness of services provided to victims [&hellip;]<\/p>\n","protected":false},"author":1,"featured_media":0,"parent":0,"menu_order":4,"comment_status":"closed","ping_status":"closed","template":"","meta":{"_acf_changed":false,"_seopress_robots_primary_cat":"","_seopress_titles_title":"Bawso | About Us","_seopress_titles_desc":"The lead organisation in Wales providing practical &amp; emotional support to black minority ethnic (BAME) and migrant victims of abuse, violence and exploitation.","_seopress_robots_index":"","footnotes":""},"class_list":["post-311","page","type-page","status-publish","hentry"],"acf":[],"publishpress_future_action":{"enabled":false,"date":"2026-06-27 14:15:57","action":"category-add","newStatus":"draft","terms":[],"taxonomy":"","extraData":[]},"publishpress_future_workflow_manual_trigger":{"enabledWorkflows":[]},"_links":{"self":[{"href":"https:\/\/bawso.org.uk\/lt\/wp-json\/wp\/v2\/pages\/311","targetHints":{"allow":["GET"]}}],"collection":[{"href":"https:\/\/bawso.org.uk\/lt\/wp-json\/wp\/v2\/pages"}],"about":[{"href":"https:\/\/bawso.org.uk\/lt\/wp-json\/wp\/v2\/types\/page"}],"author":[{"embeddable":true,"href":"https:\/\/bawso.org.uk\/lt\/wp-json\/wp\/v2\/users\/1"}],"replies":[{"embeddable":true,"href":"https:\/\/bawso.org.uk\/lt\/wp-json\/wp\/v2\/comments?post=311"}],"version-history":[{"count":9,"href":"https:\/\/bawso.org.uk\/lt\/wp-json\/wp\/v2\/pages\/311\/revisions"}],"predecessor-version":[{"id":1985,"href":"https:\/\/bawso.org.uk\/lt\/wp-json\/wp\/v2\/pages\/311\/revisions\/1985"}],"wp:attachment":[{"href":"https:\/\/bawso.org.uk\/lt\/wp-json\/wp\/v2\/media?parent=311"}],"curies":[{"name":"wp","href":"https:\/\/api.w.org\/{rel}","templated":true}]}}