{"id":272,"date":"2022-02-08T15:34:29","date_gmt":"2022-02-08T15:34:29","guid":{"rendered":"https:\/\/bawso.org.uk\/?page_id=272"},"modified":"2022-03-23T20:40:58","modified_gmt":"2022-03-23T20:40:58","slug":"terms-of-use","status":"publish","type":"page","link":"https:\/\/bawso.org.uk\/lt\/terms-of-use\/","title":{"rendered":"Naudojimo s\u0105lygos"},"content":{"rendered":"<h2 class=\"has-brand-one-color has-text-color wp-block-heading\" id=\"website-terms-of-use-privacy\"><strong>Svetain\u0117s naudojimo s\u0105lygos ir privatumas<\/strong><\/h2>\n\n\n\n<p>\u201eMes\u201c ir \u201eM\u016bs\u0173\u201c toliau rei\u0161kia \u201eBawso\u201c ir bet kur\u012f asmen\u012f, kuris dirba arba dirba m\u016bs\u0173 vardu.<\/p>\n\n\n\n<p>Naudodamiesi m\u016bs\u0173 svetaine, j\u016bs sutinkate laikytis naudojimo s\u0105lyg\u0173 ir m\u016bs\u0173 privatumo parei\u0161kimo, pateikto toliau.<\/p>\n\n\n\n<div style=\"height:20px\" aria-hidden=\"true\" class=\"wp-block-spacer\"><\/div>\n\n\n\n<h2 class=\"has-brand-one-color has-text-color wp-block-heading\" id=\"terms-and-conditions\"><strong>Taisykl\u0117s ir s\u0105lygos<\/strong><\/h2>\n\n\n\n<div style=\"height:20px\" aria-hidden=\"true\" class=\"wp-block-spacer\"><\/div>\n\n\n\n<h3 class=\"has-brand-one-color has-text-color wp-block-heading\" id=\"1-access-to-the-website-and-content\"><strong>1. Prieiga prie svetain\u0117s ir turinio<\/strong><\/h3>\n\n\n\n<p>\u0160ioje svetain\u0117je pateikta informacija jokiu b\u016bdu n\u0117ra kvietimas ar rekomendacija pirkti bet kokius si\u016blomus produktus ar paslaugas, tod\u0117l tur\u0117tum\u0117te kreiptis \u012f atitinkam\u0105 nepriklausom\u0105 patarim\u0105.<\/p>\n\n\n\n<p>Stengsim\u0117s u\u017etikrinti nepertraukiam\u0105 prieig\u0105 prie \u0161ios svetain\u0117s, ta\u010diau prieiga prie \u0161ios svetain\u0117s gali b\u016bti sustabdyta, apribota arba nutraukta bet kuriuo metu.<\/p>\n\n\n\n<p>Mes neprisiimame atsakomyb\u0117s u\u017e kit\u0173 svetaini\u0173, \u012f kurias yra nuorod\u0173 \u012f \u0161i\u0105 svetain\u0119, turin\u012f.<\/p>\n\n\n\n<div style=\"height:20px\" aria-hidden=\"true\" class=\"wp-block-spacer\"><\/div>\n\n\n\n<h3 class=\"has-brand-one-color has-text-color wp-block-heading\" id=\"2-intellectual-property\"><strong>2. Intelektin\u0117 nuosavyb\u0117<\/strong><\/h3>\n\n\n\n<p>Autori\u0173 teis\u0117s \u012f \u0161ios svetain\u0117s turin\u012f, dizain\u0105, tekst\u0105 ir grafik\u0105 bei j\u0173 pasirinkim\u0105 ir i\u0161d\u0117stym\u0105 priklauso mums arba tokios informacijos teik\u0117jams. Visos teis\u0117s saugomos. Jokia \u0161i med\u017eiaga negali b\u016bti atgaminta ar platinama be m\u016bs\u0173 ra\u0161ti\u0161ko leidimo. Ta\u010diau galite atsisi\u0173sti arba atsispausdinti vien\u0105 kopij\u0105 savo nekomerciniam per\u017ei\u016brai neprisijungus.<\/p>\n\n\n\n<p>\u0160ioje svetain\u0117je minimi produkt\u0173 ir \u012fmoni\u0173 pavadinimai gali b\u016bti atitinkam\u0173 savinink\u0173 preki\u0173 \u017eenklai arba registruotieji preki\u0173 \u017eenklai.<\/p>\n\n\n\n<div style=\"height:20px\" aria-hidden=\"true\" class=\"wp-block-spacer\"><\/div>\n\n\n\n<h3 class=\"has-brand-one-color has-text-color wp-block-heading\" id=\"3-exclusions-of-liability\"><strong>3. Atsakomyb\u0117s pa\u0161alinimas<\/strong><\/h3>\n\n\n\n<p>Tiek, kiek leid\u017eia taikytini \u012fstatymai, atsisakome vis\u0173 garantij\u0173 ir parei\u0161kim\u0173 (tiesiogini\u0173 ar numanom\u0173) d\u0117l bet kokios \u0161ioje svetain\u0117je pateiktos informacijos tikslumo. Mes negarantuojame, kad \u0161i svetain\u0117 veiks be klaid\u0173, ir neprisiimame atsakomyb\u0117s u\u017e klaidas ar praleidimus.<\/p>\n\n\n\n<p>D\u0117l elektroninio duomen\u0173 perdavimo internetu pob\u016bd\u017eio ir vartotoj\u0173, kurie skelbia duomenis \u0161ioje svetain\u0117je, skai\u010diaus, galime tur\u0117ti bet koki\u0105 atsakomyb\u0119 u\u017e bet kokius nuostolius ar pretenzijas, kylan\u010dias d\u0117l negal\u0117jimo prisijungti prie \u0161ios svetain\u0117s arba naudojimasis \u0161ia svetaine arba pasitik\u0117jimas duomenimis, perduodamais naudojant \u0161i\u0105 svetain\u0119, yra draud\u017eiamas, kiek tai leid\u017eia \u012fstatymai. Jokiu b\u016bdu nesame atsakingi u\u017e bet kok\u012f pelno, pajam\u0173, presti\u017eo, galimybi\u0173, verslo, numatom\u0173 santaup\u0173 praradim\u0105 ar kitokius netiesioginius ar pasekminius nuostolius, atsiradusius d\u0117l sutarties, delikto (\u012fskaitant aplaidum\u0105) ar kitaip d\u0117l \u0161ios svetain\u0117s naudojimo, i\u0161skyrus atvejus, kai tokios atsakomyb\u0117s negalima atmesti \u012fstatymu.<\/p>\n\n\n\n<p>Mes nesuteikiame joki\u0173 garantij\u0173, kad \u0161ioje svetain\u0117je n\u0117ra virus\u0173 ar kit\u0173 dalyk\u0173, kurie gali tur\u0117ti \u017ealing\u0105 poveik\u012f bet kuriai technologijai.<\/p>\n\n\n\n<div style=\"height:20px\" aria-hidden=\"true\" class=\"wp-block-spacer\"><\/div>\n\n\n\n<h3 class=\"has-brand-one-color has-text-color wp-block-heading\" id=\"4-links-disclaimer\"><strong>4. Nuorod\u0173 atsisakymas<\/strong><\/h3>\n\n\n\n<p>Visos pateiktos nuorodos pateikiamos m\u016bs\u0173 vartotoj\u0173 patogumui. Mes nekontroliuojame, neprisiimame jokios atsakomyb\u0117s ir nepretenduojame \u012f turinio \/ informacijos tikslum\u0105 ar bet kok\u012f kit\u0105 aspekt\u0105, rast\u0105 ar naudojam\u0105 lankantis bet kurioje tre\u010di\u0173j\u0173 \u0161ali\u0173 svetain\u0117je. Nuorodos \u012f tre\u010diosios \u0161alies svetain\u0119 pateikimas netur\u0117t\u0173 b\u016bti laikomas tiesioginiu ar numanomu bet kokio turinio\/informacijos, produkt\u0173\/paslaug\u0173, kurie gali b\u016bti prieinami jums arba per tre\u010di\u0105j\u0105 \u0161al\u012f, patvirtinimu.<\/p>\n\n\n\n<div style=\"height:20px\" aria-hidden=\"true\" class=\"wp-block-spacer\"><\/div>\n\n\n\n<h3 class=\"has-brand-one-color has-text-color wp-block-heading\" id=\"5-governing-law\"><strong>5. Taikanti teis\u0117<\/strong><\/h3>\n\n\n\n<p>\u0160ios s\u0105lygos yra reglamentuojamos ir turi b\u016bti ai\u0161kinamos pagal Anglijos ir Velso \u012fstatymus. Bet kokie gin\u010dai priklauso i\u0161imtinei Anglijos ir Velso teism\u0173 jurisdikcijai.<\/p>\n\n\n\n<p>Svetain\u0117s privatumo parei\u0161kimas \u0160is privatumo parei\u0161kimas taikomas Bawso svetainei (-\u0117ms) adresu <a href=\"https:\/\/bawso.org.uk\/lt\/\" data-type=\"URL\" data-id=\"www.bawso.org.uk\" target=\"_blank\" rel=\"noreferrer noopener\">www.bawso.org.uk<\/a> Mes rimtai \u017ei\u016brime \u012f asmens duomen\u0173 privatum\u0105. \u0160i privatumo politika apima asmens duomen\u0173 rinkim\u0105, tvarkym\u0105 ir kitok\u012f naudojim\u0105 pagal Bendr\u0105j\u012f duomen\u0173 apsaugos reglament\u0105 2016\/679 ir 2018 m. duomen\u0173 apsaugos \u012fstatym\u0105, \u0161iuo tikslu duomen\u0173 valdytojas yra Bawso. Naudodamiesi \u0161ia svetaine sutinkate su \u0161ia privatumo politika ir jos taikymu jums. \u0160iuo tikslu esame u\u017esiregistrav\u0119 Informacijos komisaro biure.<\/p>\n\n\n\n<div style=\"height:20px\" aria-hidden=\"true\" class=\"wp-block-spacer\"><\/div>\n\n\n\n<h3 class=\"has-brand-one-color has-text-color wp-block-heading\" id=\"6-information-we-collect\"><strong>6. Informacija, kuri\u0105 renkame<\/strong><\/h3>\n\n\n\n<p>Asmens duomenis pirmiau nurodytoje (-se) svetain\u0117je (-\u0117se) rinksime tik tuo atveju, jei juos mums tiesiogiai pateiksite j\u016bs, vartotojas, ir tod\u0117l juos pateik\u0117te gav\u0119 j\u016bs\u0173 sutikim\u0105. Taip pat naudojame analitinius ir statistinius \u012frankius, kurie stebi i\u0161sami\u0105 j\u016bs\u0173 apsilankym\u0173 m\u016bs\u0173 svetain\u0117je informacij\u0105 ir i\u0161teklius, kuriuos pasiekiate, \u012fskaitant, bet neapsiribojant, srauto duomenis, vietos duomenis, tinklara\u0161\u010dius ir kitus komunikacijos duomenis (ta\u010diau \u0161ie duomenys neatpa\u017eins j\u016bs\u0173 asmens tapatyb\u0117s). ).<\/p>\n\n\n\n<p>J\u016bs\u0173 mok\u0117jimo informacijos (pvz., kredito kortel\u0117s duomen\u0173), pateiktos, jei paaukojate per m\u016bs\u0173 svetain\u0119, mes negauname ir nesaugome. \u0160i\u0105 informacij\u0105 saugiai ir priva\u010diai apdoroja m\u016bs\u0173 naudojami tre\u010di\u0173j\u0173 \u0161ali\u0173 mok\u0117jim\u0173 tvarkytojai. Mes bet kada netur\u0117sime prieigos prie \u0161ios informacijos. Mes galime dalytis j\u016bs\u0173 asmens duomenimis su savo mok\u0117jim\u0173 tvarkytojais, ta\u010diau tik tam, kad b\u016bt\u0173 atlikta atitinkama mok\u0117jimo operacija. Tokiems mok\u0117jim\u0173 tvarkytojams draud\u017eiama naudoti J\u016bs\u0173 asmens duomenis, i\u0161skyrus \u0161i\u0173 b\u016btin\u0173 mok\u0117jimo paslaug\u0173 teikim\u0105 mums, ir jie privalo i\u0161laikyti J\u016bs\u0173 asmens duomen\u0173 ir mok\u0117jimo informacijos konfidencialum\u0105.<\/p>\n\n\n\n<div style=\"height:20px\" aria-hidden=\"true\" class=\"wp-block-spacer\"><\/div>\n\n\n\n<h3 class=\"has-brand-one-color has-text-color wp-block-heading\" id=\"7-use-storage-and-disclosure-of-your-information\"><strong>7. J\u016bs\u0173 informacijos naudojimas, saugojimas ir atskleidimas<\/strong><\/h3>\n\n\n\n<p>Galime laikyti ir tvarkyti \u0161iuos asmens duomenis pagal 2018 m. duomen\u0173 apsaugos \u012fstatym\u0105, bet neperduosime, nedalinsime, neparduosime, nuomosime ir nei\u0161nuomosime j\u016bs\u0173 asmens duomen\u0173 tre\u010diosioms \u0161alims.<\/p>\n\n\n\n<p>Su jumis susijusi informacija, kuri\u0105 mes renkame ir saugome, pirmiausia naudojama tam, kad gal\u0117tume teikti jums paslaugas. Be to, mes galime naudoti informacij\u0105 \u0161iais tikslais, \u012fskaitant:<\/p>\n\n\n\n<p>Suteikti jums i\u0161 m\u016bs\u0173 pra\u0161om\u0105 informacij\u0105, susijusi\u0105 su m\u016bs\u0173 paslaugomis. Teikti informacij\u0105 apie kitas paslaugas, kurios, m\u016bs\u0173 nuomone, gali jus domina, jei sutikote gauti toki\u0105 informacij\u0105;<\/p>\n\n\n\n<p>Vykdyti m\u016bs\u0173 sutartinius \u012fsipareigojimus, jei toki\u0173 yra, jums;<\/p>\n\n\n\n<p>Prane\u0161ti apie bet kokius m\u016bs\u0173 svetain\u0117s pakeitimus, tokius kaip patobulinimai ar paslaugos\/produkto pakeitimai, kurie gali tur\u0117ti \u012ftakos m\u016bs\u0173 paslaugai;<\/p>\n\n\n\n<p>Nor\u0117dami pad\u0117ti apsisaugoti nuo suk\u010diavimo ir suma\u017einti rizik\u0105.<\/p>\n\n\n\n<p>Informuojame, kad jokioms tre\u010diosioms \u0161alims neatskleid\u017eiame informacijos apie identifikuojamus asmenis, ta\u010diau kartais galime pateikti joms apibendrint\u0105 statistin\u0119 informacij\u0105 apie savo lankytojus.<\/p>\n\n\n\n<p>Teikdami jums teikiamas paslaugas, pavyzd\u017eiui, per m\u016bs\u0173 svetain\u0119, informacija, kuri\u0105 mums pateikiate, gali b\u016bti perkelta \u012f \u0161alis, kurios n\u0117ra Europos ekonomin\u0117s erdv\u0117s (EEE), bet nesaugoma jose, nes mes naudojame nuotolini\u0173 svetaini\u0173 serveri\u0173 prieglobas, kad pateiktume svetain\u0119 ir kai kuriuos m\u016bs\u0173 paslaugos aspektus, kurie gali b\u016bti teikiami u\u017e EEE rib\u0173, arba naudoti serverius, esan\u010dius u\u017e EEE rib\u0173 \u2013 tai paprastai yra \u201edebesyje\u201c saugom\u0173 duomen\u0173 pob\u016bdis. J\u016bs\u0173 asmens duomenys gali b\u016bti perduoti, jei kuris nors i\u0161 m\u016bs\u0173 serveri\u0173 yra ne EEE \u0161alyje arba vienas i\u0161 m\u016bs\u0173 paslaug\u0173 teik\u0117j\u0173 yra ne EEE \u0161alyje. Jei tokiu b\u016bdu perduosime arba saugosime j\u016bs\u0173 asmens duomenis u\u017e EEE rib\u0173, imsim\u0117s veiksm\u0173, siekdami u\u017etikrinti, kad j\u016bs\u0173 teis\u0117s \u012f privatum\u0105 ir toliau b\u016bt\u0173 apsaugotos, kaip nurodyta \u0161ioje privatumo politikoje ir pagal 1998 m. Duomen\u0173 apsaugos \u012fstatym\u0105 (2018 m. ). Jei naudojat\u0117s m\u016bs\u0173 paslauga, kai esate u\u017e EEE rib\u0173, j\u016bs\u0173 asmens duomenys gali b\u016bti perduoti u\u017e EEE rib\u0173, kad b\u016bt\u0173 galima teikti jums \u0161ias paslaugas.<\/p>\n\n\n\n<p>Mes nenaudojame ir neatskleid\u017eiame jautri\u0173 asmens duomen\u0173, toki\u0173 kaip ras\u0117, religija ar politin\u0117s priklausomyb\u0117s, be ai\u0161kaus j\u016bs\u0173 sutikimo.<\/p>\n\n\n\n<p>Prie\u0161ingu atveju j\u016bs\u0173 asmens duomenis tvarkysime, atskleisime arba dalinsim\u0117s tik tuo atveju, jei to reikalaujama pagal \u012fstatymus arba s\u0105\u017einingai tik\u0117dami, kad tokie veiksmai yra b\u016btini, kad b\u016bt\u0173 laikomasi teisini\u0173 reikalavim\u0173 arba teisinio proceso, pateikto mums ar svetain\u0117je.<\/p>\n\n\n\n<p>J\u016bs turite teis\u0119 atsisakyti tvarkyti J\u016bs\u0173 asmens duomenis rinkodaros tikslais susisiek\u0119 su mumis el <a href=\"mailto:info@bawso.org.uk\" target=\"_blank\" rel=\"noreferrer noopener\">info@bawso.org.uk<\/a><\/p>\n\n\n\n<div style=\"height:20px\" aria-hidden=\"true\" class=\"wp-block-spacer\"><\/div>\n\n\n\n<h3 class=\"has-brand-one-color has-text-color wp-block-heading\" id=\"8-security\"><strong>8. Saugumas<\/strong><\/h3>\n\n\n\n<p>Informacijos perdavimas internetu ar el. pa\u0161tu n\u0117ra visi\u0161kai saugus. Nors padarysime visk\u0105, kad apsaugotume j\u016bs\u0173 asmens duomenis, negalime garantuoti duomen\u0173 saugumo, kol perduodate juos \u012f m\u016bs\u0173 svetain\u0119; bet koks toks perdavimas yra j\u016bs\u0173 pa\u010di\u0173 rizika. Gav\u0119 j\u016bs\u0173 asmens duomenis, taikysime grie\u017etas proced\u016bras ir apsaugos priemones, siekdami u\u017ekirsti keli\u0105 neteis\u0117tai prieigai.<\/p>\n\n\n\n<p>Jei mes jums suteik\u0117me (arba pasirinkote) slapta\u017eod\u012f, kad gal\u0117tum\u0117te pasiekti tam tikras m\u016bs\u0173 svetain\u0117s dalis, j\u016bs esate atsakingi u\u017e \u0161io slapta\u017eod\u017eio konfidencialum\u0105. Tur\u0117tum\u0117te pasirinkti slapta\u017eod\u012f, kur\u012f ka\u017ekam nesunku atsp\u0117ti.<\/p>\n\n\n\n<div style=\"height:20px\" aria-hidden=\"true\" class=\"wp-block-spacer\"><\/div>\n\n\n\n<h3 class=\"has-brand-one-color has-text-color wp-block-heading\" id=\"9-third-party-links\"><strong>9. Tre\u010di\u0173j\u0173 \u0161ali\u0173 nuorodos<\/strong><\/h3>\n\n\n\n<p>Nuorod\u0173 \u012f tre\u010di\u0173j\u0173 \u0161ali\u0173 svetaines galite rasti auk\u0161\u010diau esan\u010dioje (-se) svetain\u0117je (-\u0117se). \u0160ios svetain\u0117s turi tur\u0117ti savo privatumo politik\u0105, kuri\u0105 tur\u0117tum\u0117te patikrinti. Mes neprisiimame jokios atsakomyb\u0117s u\u017e j\u0173 svetaines ar politik\u0105, nes j\u0173 nekontroliuojame.<\/p>\n\n\n\n<div style=\"height:20px\" aria-hidden=\"true\" class=\"wp-block-spacer\"><\/div>\n\n\n\n<h3 class=\"has-brand-one-color has-text-color wp-block-heading\" id=\"10-cookies\"><strong>10. Slapukai<\/strong><\/h3>\n\n\n\n<p>Kartais galime rinkti informacij\u0105 apie j\u016bs\u0173 kompiuter\u012f savo paslaugoms teikti ir reklamuotojams teikti statistin\u0119 informacij\u0105 apie naudojim\u0105si m\u016bs\u0173 svetaine. Tokia informacija J\u016bs\u0173 neidentifikuos \u2013 tai statistiniai duomenys apie m\u016bs\u0173 lankytojus ir j\u0173 naudojim\u0105si m\u016bs\u0173 svetaine. \u0160ie statistiniai duomenys neidentifikuoja joki\u0173 asmenini\u0173 duomen\u0173. Pana\u0161iai, kaip ir auk\u0161\u010diau, mes galime rinkti informacij\u0105 apie j\u016bs\u0173 bendr\u0105 naudojim\u0105si internetu naudodami slapuk\u0173 fail\u0105. Kai naudojami, \u0161ie slapukai automati\u0161kai atsisiun\u010diami \u012f j\u016bs\u0173 kompiuter\u012f. \u0160is slapuk\u0173 failas yra saugomas j\u016bs\u0173 kompiuterio stand\u017eiajame diske, nes slapukuose yra informacija, kuri perkeliama \u012f j\u016bs\u0173 kompiuterio stand\u0173j\u012f disk\u0105. Jie padeda mums tobulinti m\u016bs\u0173 svetain\u0119 ir jums teikiamas paslaugas. Visi kompiuteriai turi galimyb\u0119 atmesti slapukus. Tai galima padaryti nar\u0161ykl\u0117je suaktyvinus nustatym\u0105, kuris leid\u017eia atmesti slapukus. Atkreipkite d\u0117mes\u012f, kad jei nuspr\u0119site atmesti slapukus, jums gali nepavykti pasiekti tam tikr\u0173 m\u016bs\u0173 svetain\u0117s dali\u0173.<\/p>\n\n\n\n<div style=\"height:20px\" aria-hidden=\"true\" class=\"wp-block-spacer\"><\/div>\n\n\n\n<h3 class=\"has-brand-one-color has-text-color wp-block-heading\" id=\"11-access-to-information\"><strong>11. Prieiga prie informacijos<\/strong><\/h3>\n\n\n\n<p>2018 m. Duomen\u0173 apsaugos \u012fstatymas suteikia jums teis\u0119 susipa\u017einti su m\u016bs\u0173 turima informacija apie jus. \u0160ia teise galite pasinaudoti pagal \u012estatym\u0105. Jei norite gauti m\u016bs\u0173 turim\u0105 informacij\u0105 apie jus, susisiekite su mumis \u017eemiau nurodytais kontaktais:<br><br>El. pa\u0161tu: <a rel=\"noreferrer noopener\" href=\"mailto:dataprotection@bawso.org.uk\" target=\"_blank\">dataprotection@bawso.org.uk<\/a><br>Tel: <a href=\"http:\/\/02920644633\" data-type=\"URL\" data-id=\"02920644633\">02920644633<\/a><br>Kokyb\u0117s u\u017etikrinimo ir atitikties skyriaus vadovas,<br>4 blokas, Sovereign Quay,<br>Havannah Street,<br>Cardiff,<br>CF10 5SF<\/p>\n\n\n\n<div style=\"height:20px\" aria-hidden=\"true\" class=\"wp-block-spacer\"><\/div>\n\n\n\n<h3 class=\"has-brand-one-color has-text-color wp-block-heading\" id=\"12-changes-to-this-policy\"><strong>12. \u0160ios Politikos pakeitimai<\/strong><\/h3>\n\n\n\n<p>\u0160i\u0105 privatumo politik\u0105 galime bet kada atnaujinti, kad atspind\u0117t\u0173 pirmiau nurodytos (-i\u0173j\u0173) svetain\u0117s (-i\u0173) pakeitimus ir klient\u0173 atsiliepimus. Reguliariai per\u017ei\u016br\u0117kite \u0161i\u0105 privatumo politik\u0105, kad b\u016btum\u0117te informuoti apie m\u016bs\u0173 galiojan\u010di\u0105 privatumo politik\u0105<\/p>","protected":false},"excerpt":{"rendered":"<p>Website Terms of Use &amp; Privacy \u201cWe\u201d and \u201cOur\u201d below refer to \u201cBawso\u201d and anyone in our employment or working on our behalf. By using our website, you are agreeing [&hellip;]<\/p>\n","protected":false},"author":1,"featured_media":0,"parent":0,"menu_order":14,"comment_status":"closed","ping_status":"closed","template":"","meta":{"_acf_changed":false,"_seopress_robots_primary_cat":"","_seopress_titles_title":"Bawso | Terms &amp; Conditions","_seopress_titles_desc":"Bawso terms of use - by using our website, you are agreeing to be bound by terms and conditions of use and our privacy statement.","_seopress_robots_index":"","footnotes":""},"class_list":["post-272","page","type-page","status-publish","hentry"],"acf":[],"publishpress_future_action":{"enabled":false,"date":"2026-07-07 16:10:40","action":"category-add","newStatus":"draft","terms":[],"taxonomy":"","extraData":[]},"publishpress_future_workflow_manual_trigger":{"enabledWorkflows":[]},"_links":{"self":[{"href":"https:\/\/bawso.org.uk\/lt\/wp-json\/wp\/v2\/pages\/272","targetHints":{"allow":["GET"]}}],"collection":[{"href":"https:\/\/bawso.org.uk\/lt\/wp-json\/wp\/v2\/pages"}],"about":[{"href":"https:\/\/bawso.org.uk\/lt\/wp-json\/wp\/v2\/types\/page"}],"author":[{"embeddable":true,"href":"https:\/\/bawso.org.uk\/lt\/wp-json\/wp\/v2\/users\/1"}],"replies":[{"embeddable":true,"href":"https:\/\/bawso.org.uk\/lt\/wp-json\/wp\/v2\/comments?post=272"}],"version-history":[{"count":0,"href":"https:\/\/bawso.org.uk\/lt\/wp-json\/wp\/v2\/pages\/272\/revisions"}],"wp:attachment":[{"href":"https:\/\/bawso.org.uk\/lt\/wp-json\/wp\/v2\/media?parent=272"}],"curies":[{"name":"wp","href":"https:\/\/api.w.org\/{rel}","templated":true}]}}