{"id":1535,"date":"2022-08-11T19:40:46","date_gmt":"2022-08-11T18:40:46","guid":{"rendered":"https:\/\/bawso.org.uk\/?page_id=1535"},"modified":"2022-08-12T12:54:53","modified_gmt":"2022-08-12T11:54:53","slug":"grants-team","status":"publish","type":"page","link":"https:\/\/bawso.org.uk\/lt\/grants-team\/","title":{"rendered":"Dotacij\u0173 komanda"},"content":{"rendered":"<p class=\"is-style-text-x-large\">\u201eBawso\u201c turi specialist\u0173 dotacij\u0173 komand\u0105, turin\u010di\u0105 patirties valdant ir administruojant dotacijas i\u0161 JK ir vietos institucij\u0173 juodaod\u017ei\u0173 ir ma\u017eumoms priklausan\u010dioms grup\u0117ms Velse.<\/p>\n\n\n\n<p class=\"is-style-default\">\u0160i galimyb\u0117 buvo sukurta pastaraisiais metais teikiant Pasaulinio daugumos fondo dotacij\u0173 programas, kurias teikia Comic Relief.<\/p>\n\n\n\n<p class=\"is-style-default\">Bawso palaiko gilius ir ilgalaikius ry\u0161ius su juodaod\u017ei\u0173 grup\u0117mis ir bendruomen\u0117s lyderiais visame Velse. \u201eBawso\u201c valdyba, darbuotojai ir savanoriai yra i\u0161 \u0161i\u0173 bendruomeni\u0173, o \u201eBawso\u201c turi i\u0161bandytus geb\u0117jimus teikti dotacijas, remti ir patarti dotacij\u0173 finansuotojams, norintiems veikti Velse. Ji atlieka pirminius \u0161ios darbo srities tyrimus.<\/p>","protected":false},"excerpt":{"rendered":"<p>Bawso has a specialist grants team with expertise in managing and administering grants from UK and local bodies to black and minoritised groups in Wales. This capability has been developed [&hellip;]<\/p>\n","protected":false},"author":1,"featured_media":0,"parent":0,"menu_order":3,"comment_status":"closed","ping_status":"closed","template":"","meta":{"_acf_changed":false,"_seopress_robots_primary_cat":"","_seopress_titles_title":"Bawso | Grants Team","_seopress_titles_desc":"Bawso has a specialist grants team with expertise in managing and administering grants from UK and local bodies to black and minoritised groups in Wales.","_seopress_robots_index":"","footnotes":""},"class_list":["post-1535","page","type-page","status-publish","hentry"],"acf":[],"publishpress_future_action":{"enabled":false,"date":"2026-07-08 16:30:23","action":"category-add","newStatus":"draft","terms":[],"taxonomy":"","extraData":[]},"publishpress_future_workflow_manual_trigger":{"enabledWorkflows":[]},"_links":{"self":[{"href":"https:\/\/bawso.org.uk\/lt\/wp-json\/wp\/v2\/pages\/1535","targetHints":{"allow":["GET"]}}],"collection":[{"href":"https:\/\/bawso.org.uk\/lt\/wp-json\/wp\/v2\/pages"}],"about":[{"href":"https:\/\/bawso.org.uk\/lt\/wp-json\/wp\/v2\/types\/page"}],"author":[{"embeddable":true,"href":"https:\/\/bawso.org.uk\/lt\/wp-json\/wp\/v2\/users\/1"}],"replies":[{"embeddable":true,"href":"https:\/\/bawso.org.uk\/lt\/wp-json\/wp\/v2\/comments?post=1535"}],"version-history":[{"count":3,"href":"https:\/\/bawso.org.uk\/lt\/wp-json\/wp\/v2\/pages\/1535\/revisions"}],"predecessor-version":[{"id":1562,"href":"https:\/\/bawso.org.uk\/lt\/wp-json\/wp\/v2\/pages\/1535\/revisions\/1562"}],"wp:attachment":[{"href":"https:\/\/bawso.org.uk\/lt\/wp-json\/wp\/v2\/media?parent=1535"}],"curies":[{"name":"wp","href":"https:\/\/api.w.org\/{rel}","templated":true}]}}