{"id":77,"date":"2021-11-30T13:46:45","date_gmt":"2021-11-30T13:46:45","guid":{"rendered":"https:\/\/bawso.org.uk\/?page_id=77"},"modified":"2025-11-19T10:26:37","modified_gmt":"2025-11-19T10:26:37","slug":"support-us","status":"publish","type":"page","link":"https:\/\/bawso.org.uk\/ku\/support-us\/","title":{"rendered":"Pi\u015ftgiriya Me bikin"},"content":{"rendered":"<h2 class=\"wp-block-heading\">B\u00ea\u015fdan<\/h2>\n\n\n\n<p class=\"is-style-text-x-large\">Bi bex\u015f\u00ean mehane \u00fb diyariy\u00ean yekcar pi\u015ftgir\u00ee bidin Bawso.<\/p>\n\n\n\n<p class=\"is-style-default\">Bex\u015f\u00ean we d\u00ea c\u00fbdahiyek pir mezin \u00e7\u00eabike \u00fb r\u00ea bide me ku em par\u00eazvaniy\u00ea bikin \u00fb kar\u00fbbar\u00ean pispor p\u00ea\u015fk\u00ea\u015f\u00ee mexd\u00fbr\u00ean re\u015f \u00fb hindikb\u00fby\u00ee y\u00ean destdir\u00eaj\u00ee, \u015f\u00eedet \u00fb \u00eestismarkirin\u00ea li Wales bikin. Ma h\u00fbn bex\u015feyek mehane an diyariyek yekal\u00ee saz bikin, bex\u015f\u00eena we - d\u00ea \u00e7iqas jiyana jin\u00ean ku li dora Wales bi destdir\u00eaj\u00ee \u00fb \u00eestismarkirin\u00ea re r\u00fb bi r\u00fb ne biguhez\u00eene. Ew \u00ea bibe al\u00eekar da ku c\u00eehek ewlekar\u00ee \u00fb stargehek ji jinan re peyda bike \u00fb pi\u015ftgir\u00ee li gor\u00ee hewcedariy\u00ean kesane.<\/p>\n\n\n\n<div class=\"wp-block-buttons is-layout-flex wp-block-buttons-is-layout-flex\">\n<div class=\"wp-block-button is-style-primary-btn\"><a class=\"wp-block-button__link wp-element-button\" href=\"https:\/\/www.justgiving.com\/bawso\">Ji kerema xwe \u00eero bex\u015f bikin<\/a><\/div>\n<\/div>\n\n\n\n<div style=\"height:28px\" aria-hidden=\"true\" class=\"wp-block-spacer\"><\/div>\n\n\n\n<p class=\"is-style-default\">Ger h\u00fbn dixwazin bi drav, \u00e7eq an veguheztina bank\u00ea bex\u015fiyek bikin, ji kerema xwe bi yek ji t\u00eem\u00ea me re t\u00eakil\u00ee daynin <a href=\"tel: 02920 644 633\"><strong>02920 644 633<\/strong><\/a> an email <a href=\"mailto:info@bawso.org.uk\" target=\"_blank\" rel=\"noreferrer noopener\">info@bawso.org.uk<\/a>. Spas dikim.<\/p>\n\n\n\n<div style=\"height:28px\" aria-hidden=\"true\" class=\"wp-block-spacer\"><\/div>\n\n\n\n<h2 class=\"wp-block-heading\">Bibin endam\u00ea Bawso <\/h2>\n\n\n\n<p>Endamtiya Salane ya Bawso her sal ji 1-\u00ea R\u00eabendan\u00ea heya 31-\u00ea Kan\u00fbn\u00ea dime\u015fe, Ger h\u00fbn di n\u00eev\u00ea sal\u00ea de be\u015fdar bibin, em drav didin ber r\u00eajey\u00ea. <\/p>\n\n\n\n<p><strong>Feydey\u00ean ji bo hem\u00ee endaman: <\/strong><\/p>\n\n\n\n<ul class=\"wp-block-list\">\n<li>Daxistin li ser qurs\u00ean Perwerdehiya Bawso<\/li>\n\n\n\n<li>Gih\u00ee\u015ftina \u015f\u00eedeta li ser jinan bi dani\u015f\u00een\u00ean hi\u015fyarkirin\u00ea<\/li>\n\n\n\n<li>Hi\u015fyariy\u00ean e-namey\u00ea y\u00ean Kar, N\u00fb\u00e7e, B\u00fbyer \u00fb Perwerdehiya me<\/li>\n\n\n\n<li>Gih\u00ee\u015ftina dilxwazan \/ dilxwaz\u00ee<\/li>\n\n\n\n<li>Tevl\u00eeb\u00fbna \u00eensiyat\u00eef\u00ean berhevkirina drav<\/li>\n\n\n\n<li>Kampanyay\u00ean Tundiya Li Dij\u00ee Jinan<\/li>\n<\/ul>\n\n\n\n<p><strong>Feydey\u00ean z\u00eade ji bo kes\u00ean pi\u015ftgir\u00ee: <\/strong><\/p>\n\n\n\n<ul class=\"wp-block-list\">\n<li>Gih\u00ee\u015ftina perwerdehiya kapas\u00eetey\u00ea<\/li>\n\n\n\n<li>H\u00easankirina atolyeyan \u00fb axaftina li ser b\u00fbyeran<\/li>\n\n\n\n<li>Maf\u00ean dengdan\u00ea li AGM me<\/li>\n<\/ul>\n\n\n\n<p><strong>Feydey\u00ean z\u00eade ji bo r\u00eaxistinan: <\/strong><\/p>\n\n\n\n<ul class=\"wp-block-list\">\n<li>P\u00ea\u015fk\u00ea\u015fkirina bela\u015f a valahiy\u00ean kar\u00ea we<\/li>\n<\/ul>\n\n\n\n<p>Li d\u00fb vekol\u00eenek nex\u015feya endamtiya me ya di sala 2018-an de, Bawso naha kategoriya Endamtiya j\u00ear\u00een p\u00ea\u015fk\u00ea\u015f\u00ee dike:<\/p>\n\n\n\n<div class=\"wp-block-columns alignwide is-layout-flex wp-container-core-columns-is-layout-829b1d53 wp-block-columns-is-layout-flex\" style=\"margin-bottom:0\">\n<div class=\"wp-block-column is-vertically-aligned-top has-brand-seven-background-color has-text-color has-background has-link-color wp-elements-5bea72c41901201a2af98d370fd96f4f is-layout-flow wp-block-column-is-layout-flow\" style=\"color:#000000;padding-top:2em;padding-right:2em;padding-bottom:2em;padding-left:2em\">\n<h2 class=\"wp-block-heading\" id=\"single\" style=\"font-size:25px\"><strong>Heq\u00ea endametiya r\u00eaxistin\u00ea<\/strong><\/h2>\n\n\n\n<hr class=\"wp-block-separator has-text-color has-css-opacity has-background is-style-wide\" style=\"background-color:#000000;color:#000000\"\/>\n\n\n\n<div style=\"height:31px\" aria-hidden=\"true\" class=\"wp-block-spacer\"><\/div>\n\n\n\n<div class=\"wp-block-buttons alignfull is-horizontal is-content-justification-center is-layout-flex wp-container-core-buttons-is-layout-499968f5 wp-block-buttons-is-layout-flex\">\n<div class=\"wp-block-button has-custom-width wp-block-button__width-100 is-style-fill\"><a class=\"wp-block-button__link has-white-color has-brand-two-background-color has-text-color has-background has-medium-font-size no-border-radius has-custom-font-size wp-element-button\"><strong>\u00a3 100 \/ sal<\/strong> (ji bo r\u00eaxistina ku bi 1 m\u00eelyon \u00a3 vegere)<\/a><\/div>\n\n\n\n<div class=\"wp-block-button has-custom-width wp-block-button__width-100 is-style-fill\"><a class=\"wp-block-button__link has-white-color has-brand-two-background-color has-text-color has-background has-medium-font-size no-border-radius has-custom-font-size wp-element-button\"><strong>\u00a3 200 \/ sal<\/strong> (ji bo r\u00eaxistina bi Turnover z\u00eadetir\u00ee 1 m\u00eelyon \u00a3)<\/a><\/div>\n<\/div>\n\n\n\n<div style=\"height:41px\" aria-hidden=\"true\" class=\"wp-block-spacer\"><\/div>\n\n\n\n<div class=\"wp-block-buttons is-content-justification-right is-layout-flex wp-container-core-buttons-is-layout-765c4724 wp-block-buttons-is-layout-flex\">\n<div class=\"wp-block-button is-style-primary-btn\"><a class=\"wp-block-button__link wp-element-button\" href=\"https:\/\/bawso.org.uk\/ku\/bawso-membership-application-form-for-organisations\/\">Forma Bin\u00eare<\/a><\/div>\n<\/div>\n<\/div>\n\n\n\n<div class=\"wp-block-column is-vertically-aligned-top has-brand-seven-background-color has-text-color has-background has-link-color wp-elements-91b7c1bf9238835c2d39eae0154569b1 is-layout-flow wp-block-column-is-layout-flow\" style=\"color:#000000;padding-top:2em;padding-right:2em;padding-bottom:2em;padding-left:2em\">\n<h2 class=\"wp-block-heading\" id=\"family\" style=\"font-size:29px\"><strong>Heq\u00ea endametiya ferd\u00ee<\/strong><\/h2>\n\n\n\n<hr class=\"wp-block-separator has-css-opacity is-style-wide\"\/>\n\n\n\n<div style=\"height:31px\" aria-hidden=\"true\" class=\"wp-block-spacer\"><\/div>\n\n\n\n<div class=\"wp-block-buttons alignfull is-horizontal is-content-justification-center is-layout-flex wp-container-core-buttons-is-layout-499968f5 wp-block-buttons-is-layout-flex\">\n<div class=\"wp-block-button has-custom-width wp-block-button__width-100 is-style-fill\"><a class=\"wp-block-button__link has-white-color has-brand-two-background-color has-text-color has-background has-medium-font-size no-border-radius has-custom-font-size wp-element-button\"><strong>\u00a320\/sal<\/strong> (karkir\u00ee)<\/a><\/div>\n\n\n\n<div class=\"wp-block-button has-custom-width wp-block-button__width-100 is-style-fill\"><a class=\"wp-block-button__link has-white-color has-brand-two-background-color has-text-color has-background has-medium-font-size no-border-radius has-custom-font-size wp-element-button\"><strong>\u00a3 10 \/ sal <\/strong>(b\u00eakar)<\/a><\/div>\n<\/div>\n\n\n\n<div style=\"height:107px\" aria-hidden=\"true\" class=\"wp-block-spacer\"><\/div>\n\n\n\n<div class=\"wp-block-buttons is-content-justification-right is-layout-flex wp-container-core-buttons-is-layout-765c4724 wp-block-buttons-is-layout-flex\">\n<div class=\"wp-block-button is-style-primary-btn\"><a class=\"wp-block-button__link wp-element-button\" href=\"https:\/\/bawso.org.uk\/ku\/bawso-membership-application-form-for-individuals\/\">Forma Bin\u00eare<\/a><\/div>\n<\/div>\n<\/div>\n<\/div>\n\n\n\n<details class=\"wp-block-details is-layout-flow wp-block-details-is-layout-flow\"><summary>Timeframe <\/summary>\n<p>Endamtiya Bawso bi gelemper\u00ee dikare di nav 5 roj\u00ean xebat\u00ea de were pejirandin bi \u015fert\u00ea ku h\u00fbn p\u00eevan\u00ean endamtiya me bic\u00eeh b\u00eenin \u00fb hem\u00ee agahdariya ku di v\u00ea form\u00ea de t\u00ea xwestin peyda bikin. Dibe ku ser\u00eel\u00eadan\u00ean tevlihevtir ji h\u00eala Desteya R\u00eavebir a Bawso ve were pejirandin, ku dikare heya 3 mehan bidome (li gor\u00ee \u00e7erxa civ\u00een\u00ea ve gir\u00eaday\u00ee ye). Ger serl\u00eadana we ji Lijneya Em\u00eendariy\u00ea re were \u015fandin, em \u00ea we agahdar bikin.<\/p>\n<\/details>\n\n\n\n<details class=\"wp-block-details is-layout-flow wp-block-details-is-layout-flow\"><summary>R\u00eaziknameya Parastina Daney\u00ean Gi\u015ft\u00ee (GDPR)<\/summary>\n<p>Em nepen\u00ee \u00fb ewlehiya kesan \u00fb agahdariya kesane ya wan pir cidd\u00ee digirin \u00fb her tedb\u00eer \u00fb tedb\u00eer\u00ean maq\u00fbl digirin ji bo parastin \u00fb ewlekariya daney\u00ean kesane y\u00ean ku em p\u00eavajo dikin. Me pol\u00eet\u00eeka \u00fb prosedur\u00ean ewlehiya agahdariya bih\u00eaz hene ku ji bo parastina agahdariya kesane ji gih\u00ee\u015ftin, guhartin \u00fb e\u015fkerekirina b\u00ea dest\u00fbr. Bawso xwedan n\u00fbnerek diyarkir\u00ee ye ku dikare ji bo her pirs, \u015f\u00eerove \u00fb daxwaz\u00ean di derheq\u00ea Parastina Daney\u00ea de were n\u00eaz\u00eek kirin info@bawso.org.uk.<\/p>\n<\/details>\n\n\n\n<h2 class=\"wp-block-heading\">Dilxwaz<\/h2>\n\n\n\n<p class=\"is-style-default\">Bawso xwedan bernameyek dilxwaz\u00ee ya sazkir\u00ee ye ku perwerde \u00fb pi\u015ftgir\u00ee dide jin \u00fb ke\u00e7\u00ean jin\u00ean re\u015f \u00fb civak\u00ean hindikah\u00ee y\u00ean li Wales, ku dixwazin pi\u015ftgir\u00ee bidin \u00e7alakiy\u00ean Bawso.<\/p>\n\n\n\n<p class=\"is-style-default\">Dilxwaz li her devera Bawso dixebitin, ji pi\u015ftgir\u00eekirina kar\u00fbbar\u00ean l\u00ean\u00ear\u00eena mezinan \u00fb zarokan bigire heya kar\u00fbbar\u00ean navend\u00ee \u00fb r\u00eaveberiy\u00ea, \u00fb li hem\u00ee dever\u00ean Wales.<\/p>\n\n\n\n<p class=\"is-style-default\">Rol\u00ean dilxwaz\u00ee li gor\u00ee berjewend\u00ee \u00fb kapas\u00eetey\u00ean her dilxwaz in.<\/p>\n\n\n\n<p class=\"is-style-default\">Dilxwaz\u00ean Bawso j\u00eahat\u00eeb\u00fbn \u00fb ezm\u00fbnek bi dest dixin ku bi gir\u00eeng\u00ee be\u015fdar\u00ee peydakirina xebata pa\u015f\u00een di civak\u00ea de dibe. Hin dilxwaz\u00ean Bawso di\u00e7in ku perwerdehiya p\u00ee\u015fey\u00ee werdigirin \u00fb be\u015fdar\u00ee t\u00eem\u00ea karmend\u00ean Bawso dibin.<\/p>\n\n\n\n\n\n<div style=\"height:28px\" aria-hidden=\"true\" class=\"wp-block-spacer\"><\/div>\n\n\n\n<h2 class=\"wp-block-heading\">Ji bo Bawso drav berhev bikin<\/h2>\n\n\n\n<p class=\"is-style-default\">Em \u00ea ji we re bibin al\u00eekar ku h\u00fbn ji bo Bawso drav berhev bikin bi r\u00eavekirina b\u00fbyera xweya be\u015fdarb\u00fbna b\u00fbyer\u00ean ku ji h\u00eala Bawso ve t\u00eane r\u00eave kirin. Ten\u00ea telefon\u00ea me bikin \u00fb em \u00ea \u015f\u00eeretan bidin \u00fb materyalan peyda bikin.<\/p>\n\n\n\n<div style=\"height:28px\" aria-hidden=\"true\" class=\"wp-block-spacer\"><\/div>\n\n\n\n<h2 class=\"wp-block-heading\">Bibe Heval\u00ea Bawso<\/h2>\n\n\n\n<p class=\"is-style-default\">Friends of Bawso berhevokek b\u00eak\u00eamas\u00ee ya pispor\u00ean teqaw\u00eetb\u00fby\u00ee \u00fb xebatkar e ku pi\u015ftgir\u00ee dide Bawso \u00fb kar\u00fbbar\u00ean \u015f\u00eawirmendiya pro-bono di gelek waran de, di nav de p\u00ea\u015fkeftina siyaset\u00ea, plansaziya p\u00ea\u015feroj, kirr\u00fbbirra, ragihandin, ser\u00eel\u00eadan\u00ean al\u00eekariy\u00ea, radestkirina kar\u00fbbar\u00ean kom\u00eesyon\u00ea, xan\u00ee, xan\u00ee, \u00fb \u015f\u00eawirmendiya dadr\u00eas\u00ee peyda dike. .<\/p>\n\n\n\n<p class=\"is-style-default\">Heval\u00ean Bawso bersiv\u00ea dide daxwaz\u00ean ACEO \u00fb Lijney\u00ea. Kes\u00ean pispor\u00ean Heval\u00ean Bawso rasterast \u015f\u00eeret \u00fb kar\u00fbbaran peyda dikin. Tu stat\u00fbya w\u00ea ya ferm\u00ee tune ye \u00fb di r\u00eavebirin \u00fb r\u00eavebirina Bawso de tu rolek dil\u00eeze.<\/p>\n\n\n\n<p class=\"is-style-default\">Ger h\u00fbn dixwazin bi v\u00ee reng\u00ee pi\u015ftgir\u00ee bidin Bawso, ji kerema xwe t\u00eakil\u00ee Bawso bidin \u00fb qada pisporiya xwe parve bikin.<\/p>","protected":false},"excerpt":{"rendered":"<p>Donate Support Bawso through monthly donations and one-off gifts. Your donations will make a huge difference&nbsp;and allow us to advocate for and deliver specialist services to black and minoritised victims [&hellip;]<\/p>\n","protected":false},"author":1,"featured_media":0,"parent":0,"menu_order":13,"comment_status":"closed","ping_status":"closed","template":"","meta":{"_acf_changed":false,"_seopress_robots_primary_cat":"","_seopress_titles_title":"","_seopress_titles_desc":"","_seopress_robots_index":"","footnotes":""},"class_list":["post-77","page","type-page","status-publish","hentry"],"acf":[],"publishpress_future_action":{"enabled":false,"date":"2026-07-06 10:22:11","action":"category-add","newStatus":"draft","terms":[],"taxonomy":"","extraData":[]},"publishpress_future_workflow_manual_trigger":{"enabledWorkflows":[]},"_links":{"self":[{"href":"https:\/\/bawso.org.uk\/ku\/wp-json\/wp\/v2\/pages\/77","targetHints":{"allow":["GET"]}}],"collection":[{"href":"https:\/\/bawso.org.uk\/ku\/wp-json\/wp\/v2\/pages"}],"about":[{"href":"https:\/\/bawso.org.uk\/ku\/wp-json\/wp\/v2\/types\/page"}],"author":[{"embeddable":true,"href":"https:\/\/bawso.org.uk\/ku\/wp-json\/wp\/v2\/users\/1"}],"replies":[{"embeddable":true,"href":"https:\/\/bawso.org.uk\/ku\/wp-json\/wp\/v2\/comments?post=77"}],"version-history":[{"count":70,"href":"https:\/\/bawso.org.uk\/ku\/wp-json\/wp\/v2\/pages\/77\/revisions"}],"predecessor-version":[{"id":4884,"href":"https:\/\/bawso.org.uk\/ku\/wp-json\/wp\/v2\/pages\/77\/revisions\/4884"}],"wp:attachment":[{"href":"https:\/\/bawso.org.uk\/ku\/wp-json\/wp\/v2\/media?parent=77"}],"curies":[{"name":"wp","href":"https:\/\/api.w.org\/{rel}","templated":true}]}}