{"id":4797,"date":"2025-08-29T11:35:05","date_gmt":"2025-08-29T10:35:05","guid":{"rendered":"https:\/\/bawso.org.uk\/?page_id=4797"},"modified":"2025-09-16T10:37:43","modified_gmt":"2025-09-16T09:37:43","slug":"bawso-service-user-engagement-july-2025","status":"publish","type":"page","link":"https:\/\/bawso.org.uk\/ku\/bawso-service-user-engagement-july-2025\/","title":{"rendered":"T\u00eakiliya Bikarh\u00eaner\u00ean Xizmeta Bawso - T\u00eermeh 2025\u00a0"},"content":{"rendered":"<p>Li Bawso, em bawer dikin ku guhertinek watedar \u00fb domdar ten\u00ea dikare were bidestxistin dema ku kes\u00ean xwed\u00ee ezm\u00fbna jiyan\u00ee werin h\u00eazdar kirin ku xizmet\u00ean ku ji bo pi\u015ftgiriya wan hatine \u00e7\u00eakirin \u015fekil bidin \u00fb r\u00eave bibin. Di n\u00eaz\u00eekatiya me de be\u015fdariya \u00e7alak a bikarh\u00eaner\u00ean xizmet\u00ea y\u00ean niha \u00fb ber\u00ea di hem\u00ee ast\u00ean xebata me de navend\u00ee ye. Em perwerdehiya domdar, avakirina kapas\u00eetey\u00ea \u00fb derfet\u00ean serokatiy\u00ea ji bo kes\u00ean ku dixwazin be\u015fdar\u00ee m\u00eesyona me \u00fb tevgera berfirehtir a ji bo guhertin\u00ea bibin peyda dikin.&nbsp;<\/p>\n\n\n\n<p>Pabendb\u00fbna me ya ji bo bicihkirina ezm\u00fbn\u00ean jiyan\u00ee bi awayek\u00ee avah\u00eesaz\u00ee \u00fb stratej\u00eek li seranser\u00ea r\u00eaxistin\u00ea t\u00ea n\u00ee\u015fandan. Serokatiya Lijneya Bawso ji h\u00eala bikarh\u00eanerek\u00ee ber\u00ea y\u00ea xizmet\u00ea ve t\u00ea kirin, \u00fb kes\u00ean ku ji \u00ea\u015f \u00fb azaran rizgar b\u00fbne di p\u00eavajoy\u00ean me y\u00ean wergirtina karmend\u00ean me de cih digirin. Gelek ji projey\u00ean me t\u00eaketina rasterast ji kes\u00ean xwed\u00ee ezm\u00fbn\u00ean jiyan\u00ee vedihew\u00eenin, ku pi\u015ftrast dike ku xizmet bi away\u00ean hem bibandor \u00fb hem j\u00ee h\u00eazdar t\u00eane s\u00eawirandin \u00fb p\u00ea\u015fk\u00ea\u015f kirin.&nbsp;<\/p>\n\n\n\n<p><strong>Nim\u00fbney\u00ean sereke y\u00ean tevl\u00eab\u00fbna bikarh\u00eaner\u00ean xizmet\u00ea ev in:<\/strong>&nbsp;<\/p>\n\n\n\n<p><strong>1. Stratejiya VAWDASV ya Hik\u00fbmeta Gal\u00ee (2022\u20132026)<\/strong>&nbsp;<\/p>\n\n\n\n<div class=\"wp-block-media-text is-stacked-on-mobile\" style=\"grid-template-columns:30% auto\"><figure class=\"wp-block-media-text__media\"><img loading=\"lazy\" decoding=\"async\" width=\"1024\" height=\"576\" src=\"https:\/\/bawso.org.uk\/wp-content\/uploads\/2025\/08\/Welsh-Governments-VAWDASV-Strategy-2022\u20132026-1024x576.png\" alt=\"\" class=\"wp-image-4767 size-full\" srcset=\"https:\/\/bawso.org.uk\/wp-content\/uploads\/2025\/08\/Welsh-Governments-VAWDASV-Strategy-2022\u20132026-1024x576.png 1024w, https:\/\/bawso.org.uk\/wp-content\/uploads\/2025\/08\/Welsh-Governments-VAWDASV-Strategy-2022\u20132026-300x169.png 300w, https:\/\/bawso.org.uk\/wp-content\/uploads\/2025\/08\/Welsh-Governments-VAWDASV-Strategy-2022\u20132026-768x432.png 768w, https:\/\/bawso.org.uk\/wp-content\/uploads\/2025\/08\/Welsh-Governments-VAWDASV-Strategy-2022\u20132026-1536x864.png 1536w, https:\/\/bawso.org.uk\/wp-content\/uploads\/2025\/08\/Welsh-Governments-VAWDASV-Strategy-2022\u20132026-18x10.png 18w, https:\/\/bawso.org.uk\/wp-content\/uploads\/2025\/08\/Welsh-Governments-VAWDASV-Strategy-2022\u20132026.png 1920w\" sizes=\"auto, (max-width: 1024px) 100vw, 1024px\" \/><\/figure><div class=\"wp-block-media-text__content\">\n<p>Bawso bi awayek\u00ee \u00e7alak be\u015fdar\u00ee p\u00eakan\u00eena Stratejiya Hik\u00fbmeta Gal\u00ea ya li dij\u00ee Tund\u00fbt\u00fbjiya li dij\u00ee Jinan, \u00cest\u00eesmara Navmal\u00ee \u00fb \u015e\u00eedeta Cins\u00ee (VAWDASV) dibe. Ev stratejiya netewey\u00ee n\u00eaz\u00eekatiyek tevah\u00ee-s\u00eestem\u00ea dipejir\u00eene, \u00fb be\u015fdar\u00ean ji pol\u00ees, dadwer\u00ee, tendurist\u00ee, perwerde, xizmet\u00ean civak\u00ee, akademiy\u00ea, x\u00earxwaz\u00ee \u00fb civakan t\u00eene cem hev. Du bikarh\u00eaner\u00ean ber\u00ea y\u00ean xizmeta Bawso niha di Panela L\u00eakol\u00eena Rizgarb\u00fby\u00ee\/Qurbaniy\u00ean Hik\u00fbmeta Gal\u00ea de cih digirin. Ezm\u00fbna wan a jiyan\u00ee t\u00eagihi\u015ftinek kr\u00eet\u00eek dide ser p\u00ea\u015fxistina pol\u00eet\u00eekay\u00ea \u00fb hewildan\u00ean ba\u015fkirin\u00ea da ku hewcedariy\u00ean rizgarb\u00fbyan \u00e7\u00eatir bic\u00eeh b\u00eene.&nbsp;<\/p>\n<\/div><\/div>\n\n\n\n<p><strong>2. T\u00eakiliya Bikarh\u00eaner\u00ean Xizmet\u00ea bi Kom\u00eeser\u00ea Pol\u00ees \u00fb S\u00fbc \u00ea Wales Ba\u015f\u00fbr (SWPCC) re<\/strong>&nbsp;<\/p>\n\n\n\n<div class=\"wp-block-media-text has-media-on-the-right is-stacked-on-mobile is-vertically-aligned-center\" style=\"grid-template-columns:auto 27%\"><div class=\"wp-block-media-text__content\">\n<p>Bawso civ\u00een\u00ean bir\u00eak\u00fbp\u00eak di navbera kes\u00ean rizgarb\u00fby\u00ee \u00fb n\u00fbner\u00ean Pol\u00ees\u00ea Ba\u015f\u00fbr\u00ea Wales\u00ea de p\u00eak t\u00eene. Ev r\u00fbni\u015ftin ji bo kes\u00ean rizgarb\u00fby\u00ee platformek peyda dikin da ku ezm\u00fbn, dijwar\u00ee \u00fb ner\u00een\u00ean xwe y\u00ean di derbar\u00ea pi\u015ftgiriya pol\u00eesan de ji t\u00eakiliya destp\u00eak\u00ea bigire heya p\u00eavajoy\u00ean dadgeh\u00ea an j\u00ee heya xala ku kes\u00ean rizgarb\u00fby\u00ee ji xizmet\u00ea raz\u00ee ne \u00fb pi\u015ftgiriya me diki\u015f\u00eenin parve bikin. Diyalog ji bo pol\u00eesan f\u00earb\u00fbna rast-dem peyda dike \u00fb rasterast be\u015fdar\u00ee p\u00ea\u015fxistina pol\u00eet\u00eeka \u00fb prat\u00eek\u00ean pol\u00ees\u00ee y\u00ean bersivkartir \u00fb navenda wan li ser kes\u00ean rizgarb\u00fby\u00ee ye dibe.&nbsp;<\/p>\n<\/div><figure class=\"wp-block-media-text__media\"><img loading=\"lazy\" decoding=\"async\" width=\"1024\" height=\"1024\" src=\"https:\/\/bawso.org.uk\/wp-content\/uploads\/2025\/08\/WhatsApp-Image-2025-08-19-at-11.47.28_19f4de11-edited-1024x1024.jpg\" alt=\"\" class=\"wp-image-4771 size-full\" srcset=\"https:\/\/bawso.org.uk\/wp-content\/uploads\/2025\/08\/WhatsApp-Image-2025-08-19-at-11.47.28_19f4de11-edited-1024x1024.jpg 1024w, https:\/\/bawso.org.uk\/wp-content\/uploads\/2025\/08\/WhatsApp-Image-2025-08-19-at-11.47.28_19f4de11-edited-300x300.jpg 300w, https:\/\/bawso.org.uk\/wp-content\/uploads\/2025\/08\/WhatsApp-Image-2025-08-19-at-11.47.28_19f4de11-edited-150x150.jpg 150w, https:\/\/bawso.org.uk\/wp-content\/uploads\/2025\/08\/WhatsApp-Image-2025-08-19-at-11.47.28_19f4de11-edited-768x768.jpg 768w, https:\/\/bawso.org.uk\/wp-content\/uploads\/2025\/08\/WhatsApp-Image-2025-08-19-at-11.47.28_19f4de11-edited-12x12.jpg 12w, https:\/\/bawso.org.uk\/wp-content\/uploads\/2025\/08\/WhatsApp-Image-2025-08-19-at-11.47.28_19f4de11-edited-250x250.jpg 250w, https:\/\/bawso.org.uk\/wp-content\/uploads\/2025\/08\/WhatsApp-Image-2025-08-19-at-11.47.28_19f4de11-edited.jpg 1200w\" sizes=\"auto, (max-width: 1024px) 100vw, 1024px\" \/><\/figure><\/div>\n\n\n\n<p><strong>3. &#039;Guhdar\u00eekirin Gaveke Mezin e&#039; - Hev-P\u00ea\u015fvebirina \u00c7ar\u00e7oveya Pir-Ajans\u00ee<\/strong>&nbsp;<br>Ev projeya l\u00eakol\u00een\u00ea ya du-sal\u00ee, ku ji h\u00eala L\u00eakol\u00eena Tenduristiy\u00ea \u00fb L\u00eanih\u00ear\u00eena Wales\u00ea ve t\u00ea f\u00eenansekirin \u00fb bi hevkariya Zan\u00eengeha Ba\u015f\u00fbr\u00ea Wales\u00ea t\u00ea p\u00ea\u015fk\u00ea\u015f kirin, ji raman \u00fb p\u00ea\u015f\u00eeniy\u00ean ku ji h\u00eala bikarh\u00eaner\u00ean xizmet\u00ea ve hatine destn\u00ee\u015fankirin derketiye hol\u00ea. Du bikarh\u00eaner\u00ean xizmet\u00ea y\u00ean ber\u00ea wek\u00ee l\u00eakol\u00eener\u00ean hevp\u00ee\u015fey\u00ee t\u00eane xebitandin, di heman dem\u00ea de neh bikarh\u00eaner\u00ean xizmet\u00ea y\u00ean niha \u00fb y\u00ean ber\u00ea di panela \u015f\u00eawirmendiya projey\u00ea de cih digirin. Panel her weha n\u00fbner\u00ean pol\u00ees, tendurist\u00ee, l\u00ean\u00ear\u00eena civak\u00ee, \u00fb Xizmet\u00ean \u015e\u00eawirmend\u00ee \u00fb Pi\u015ftgiriy\u00ea y\u00ean Dadgeha Zarok \u00fb Malbat\u00ea (CAFCASS) j\u00ee dihew\u00eene. Bi hev re, ew dixebitin ku \u00e7ar\u00e7oveyek pir-ajansiyey\u00ee p\u00ea\u015fve bibin ku armanc dike ku bersiv\u00ean li hember \u015e\u00eedeta li dij\u00ee Jinan, \u00cest\u00eesmara Navmal\u00ee, \u00fb \u015e\u00eedeta Cins\u00ee (VAWDASV) ku ji h\u00eala jin\u00ean Re\u015f \u00fb K\u00eamnetewey\u00ee (BME) ve li Wales\u00ea t\u00eane ceribandin ba\u015ftir bike. \u00c7ar\u00e7oveya ku encam d\u00ea r\u00eabernameyek prat\u00eek\u00ee ji ajansan re peyda bike da ku bi bandortir di pi\u015ftgiriya rizgarb\u00fby\u00ean BME de hevkariy\u00ea bikin.&nbsp;<\/p>\n\n\n\n<div style=\"height:35px\" aria-hidden=\"true\" class=\"wp-block-spacer\"><\/div>\n\n\n\n<p><strong>4. Hevkariya L\u00eakol\u00een \u00fb Siyaset\u00ea bi Zan\u00eengeha Cardiff re<\/strong>&nbsp;<\/p>\n\n\n\n<p>Bawso bi Zan\u00eengeha Cardiff re di gelek hevkariy\u00ean l\u00eakol\u00een\u00ea y\u00ean berdewam de ye ku bal\u00ea diki\u015f\u00eenin ser \u00eest\u00eesmara navmal\u00ee \u00fb par\u00eazvaniya pol\u00eet\u00eekay\u00ea. Ev hevkar\u00ee ji deng\u00ean bikarh\u00eaner\u00ean xizmet\u00ea t\u00eane agahdarkirin \u00fb armanc dikin ku bandor\u00ea li pol\u00eet\u00eeka \u00fb prat\u00eek\u00ea hem li ser asta her\u00eam\u00ee \u00fb hem j\u00ee li ser asta netewey\u00ee bikin.&nbsp;<\/p>\n\n\n\n<div style=\"height:35px\" aria-hidden=\"true\" class=\"wp-block-spacer\"><\/div>\n\n\n\n<p>Bi r\u00eaya van destp\u00ea\u015fxeriyan \u00fb b\u00eatir, Bawso pabendb\u00fbnek k\u00fbr \u00fb domdar n\u00ee\u015fan dide ji bo navend\u00eekirina deng\u00ea saxmay\u00eeyan di s\u00eawirandin, p\u00ea\u015fk\u00ea\u015fkirin \u00fb nirxandina xizmetan de. Bi misogerkirina ku kes\u00ean xwed\u00ee ezm\u00fbna jiyan\u00ea ne ten\u00ea t\u00eane bih\u00eestin, l\u00ea di heman dem\u00ea de bi awayek\u00ee \u00e7alak pergal \u00fb \u00e7areseriyan diafir\u00eenin, em guhertin\u00ea p\u00ea\u015f dixin.<\/p>","protected":false},"excerpt":{"rendered":"<p>Li Bawso, em bawer dikin ku guhertinek watedar \u00fb domdar ten\u00ea dikare were bidestxistin dema ku kes\u00ean xwed\u00ee ezm\u00fbna jiyan\u00ee werin h\u00eazdar kirin ku xizmet\u00ean ku ji bo pi\u015ftgiriya wan hatine \u00e7\u00eakirin \u015fekil bidin \u00fb r\u00eave bibin. [\u2026]<\/p>","protected":false},"author":6,"featured_media":0,"parent":0,"menu_order":0,"comment_status":"closed","ping_status":"closed","template":"","meta":{"_acf_changed":false,"_seopress_robots_primary_cat":"","_seopress_titles_title":"","_seopress_titles_desc":"","_seopress_robots_index":"","footnotes":""},"class_list":["post-4797","page","type-page","status-publish","hentry"],"acf":[],"publishpress_future_action":{"enabled":false,"date":"2026-06-17 11:53:43","action":"category-add","newStatus":"draft","terms":[],"taxonomy":"","extraData":[]},"publishpress_future_workflow_manual_trigger":{"enabledWorkflows":[]},"_links":{"self":[{"href":"https:\/\/bawso.org.uk\/ku\/wp-json\/wp\/v2\/pages\/4797","targetHints":{"allow":["GET"]}}],"collection":[{"href":"https:\/\/bawso.org.uk\/ku\/wp-json\/wp\/v2\/pages"}],"about":[{"href":"https:\/\/bawso.org.uk\/ku\/wp-json\/wp\/v2\/types\/page"}],"author":[{"embeddable":true,"href":"https:\/\/bawso.org.uk\/ku\/wp-json\/wp\/v2\/users\/6"}],"replies":[{"embeddable":true,"href":"https:\/\/bawso.org.uk\/ku\/wp-json\/wp\/v2\/comments?post=4797"}],"version-history":[{"count":2,"href":"https:\/\/bawso.org.uk\/ku\/wp-json\/wp\/v2\/pages\/4797\/revisions"}],"predecessor-version":[{"id":4809,"href":"https:\/\/bawso.org.uk\/ku\/wp-json\/wp\/v2\/pages\/4797\/revisions\/4809"}],"wp:attachment":[{"href":"https:\/\/bawso.org.uk\/ku\/wp-json\/wp\/v2\/media?parent=4797"}],"curies":[{"name":"wp","href":"https:\/\/api.w.org\/{rel}","templated":true}]}}