{"id":4134,"date":"2024-09-23T14:26:13","date_gmt":"2024-09-23T13:26:13","guid":{"rendered":"https:\/\/bawso.org.uk\/?page_id=4134"},"modified":"2024-09-23T14:26:13","modified_gmt":"2024-09-23T13:26:13","slug":"trust-matters-no-one-is-hard-to-reach-conference","status":"publish","type":"page","link":"https:\/\/bawso.org.uk\/ku\/trust-matters-no-one-is-hard-to-reach-conference\/","title":{"rendered":"&quot;Bawer\u00ee Pirs e. Hevd\u00eetina Kes Ne Zehmet e\u201d Konferans"},"content":{"rendered":"<p>&quot;Bawer\u00ee Pirs e. Kesek Zehmet Nabe ku Bigih\u00eaje\u201d konferans\u00ea ew e ku pevguhertina zan\u00een\u00ea di nav civak\u00ean l\u00eakol\u00een\u00ea y\u00ean Zan\u00eengeha South Wales (USW), R\u00eaxistin\u00ean Sektora S\u00eayem\u00een, \u00fb civak\u00ean hindikb\u00fby\u00ee y\u00ean ku bi kevne\u015fop\u00ee ji l\u00eakol\u00een\u00ea t\u00eane derxistin, bi giran\u00ee li ser p\u00eabawer\u00ee \u00fb avakirina p\u00eawendiy\u00ea de p\u00ea\u015fve bibin. Nancy Lidubwi ji Bawso, ji bil\u00ee xizmetkirina wek\u00ee yek ji axaftvana sereke ya b\u00fbyer\u00ea, di heman dem\u00ea de atolyeyek li ser &quot;P\u00ea\u015fvebirina p\u00eabaweriy\u00ea di xebata hevkariy\u00ea de bi civak\u00ean hindikb\u00fby\u00ee re&quot; r\u00ea kir. Parvekirina ti\u015ft\u00ea ku Bawso dike ji bo pi\u015ftgir\u00eekirina civak\u00ean BME, nemaze di \u00e7ar\u00e7oweya l\u00eakol\u00een\u00ea de, ji h\u00eala v\u00ea derfeta h\u00eaja ve hat\u00ee \u00e7\u00eakirin.<\/p>\n\n\n\n<figure class=\"wp-block-gallery has-nested-images columns-default is-cropped wp-block-gallery-1 is-layout-flex wp-block-gallery-is-layout-flex\">\n<figure class=\"wp-block-image size-large\"><img loading=\"lazy\" decoding=\"async\" width=\"1024\" height=\"768\" data-id=\"4137\" src=\"https:\/\/bawso.org.uk\/wp-content\/uploads\/2024\/09\/Trust-Matters.-No-One-is-Hard-To-Reach-conference-4-1024x768.jpg\" alt=\"\" class=\"wp-image-4137\" srcset=\"https:\/\/bawso.org.uk\/wp-content\/uploads\/2024\/09\/Trust-Matters.-No-One-is-Hard-To-Reach-conference-4-1024x768.jpg 1024w, https:\/\/bawso.org.uk\/wp-content\/uploads\/2024\/09\/Trust-Matters.-No-One-is-Hard-To-Reach-conference-4-300x225.jpg 300w, https:\/\/bawso.org.uk\/wp-content\/uploads\/2024\/09\/Trust-Matters.-No-One-is-Hard-To-Reach-conference-4-768x576.jpg 768w, https:\/\/bawso.org.uk\/wp-content\/uploads\/2024\/09\/Trust-Matters.-No-One-is-Hard-To-Reach-conference-4-1536x1152.jpg 1536w, https:\/\/bawso.org.uk\/wp-content\/uploads\/2024\/09\/Trust-Matters.-No-One-is-Hard-To-Reach-conference-4-16x12.jpg 16w, https:\/\/bawso.org.uk\/wp-content\/uploads\/2024\/09\/Trust-Matters.-No-One-is-Hard-To-Reach-conference-4.jpg 1600w\" sizes=\"auto, (max-width: 1024px) 100vw, 1024px\" \/><\/figure>\n\n\n\n<figure class=\"wp-block-image size-large\"><img loading=\"lazy\" decoding=\"async\" width=\"768\" height=\"1024\" data-id=\"4139\" src=\"https:\/\/bawso.org.uk\/wp-content\/uploads\/2024\/09\/Trust-Matters.-No-One-is-Hard-To-Reach-conference-3-768x1024.jpg\" alt=\"\" class=\"wp-image-4139\" srcset=\"https:\/\/bawso.org.uk\/wp-content\/uploads\/2024\/09\/Trust-Matters.-No-One-is-Hard-To-Reach-conference-3-768x1024.jpg 768w, https:\/\/bawso.org.uk\/wp-content\/uploads\/2024\/09\/Trust-Matters.-No-One-is-Hard-To-Reach-conference-3-225x300.jpg 225w, https:\/\/bawso.org.uk\/wp-content\/uploads\/2024\/09\/Trust-Matters.-No-One-is-Hard-To-Reach-conference-3-1152x1536.jpg 1152w, https:\/\/bawso.org.uk\/wp-content\/uploads\/2024\/09\/Trust-Matters.-No-One-is-Hard-To-Reach-conference-3-9x12.jpg 9w, https:\/\/bawso.org.uk\/wp-content\/uploads\/2024\/09\/Trust-Matters.-No-One-is-Hard-To-Reach-conference-3.jpg 1200w\" sizes=\"auto, (max-width: 768px) 100vw, 768px\" \/><\/figure>\n\n\n\n<figure class=\"wp-block-image size-large\"><img loading=\"lazy\" decoding=\"async\" width=\"1024\" height=\"768\" data-id=\"4140\" src=\"https:\/\/bawso.org.uk\/wp-content\/uploads\/2024\/09\/Trust-Matters.-No-One-is-Hard-To-Reach-conference-2-1024x768.jpg\" alt=\"\" class=\"wp-image-4140\" srcset=\"https:\/\/bawso.org.uk\/wp-content\/uploads\/2024\/09\/Trust-Matters.-No-One-is-Hard-To-Reach-conference-2-1024x768.jpg 1024w, https:\/\/bawso.org.uk\/wp-content\/uploads\/2024\/09\/Trust-Matters.-No-One-is-Hard-To-Reach-conference-2-300x225.jpg 300w, https:\/\/bawso.org.uk\/wp-content\/uploads\/2024\/09\/Trust-Matters.-No-One-is-Hard-To-Reach-conference-2-768x576.jpg 768w, https:\/\/bawso.org.uk\/wp-content\/uploads\/2024\/09\/Trust-Matters.-No-One-is-Hard-To-Reach-conference-2-1536x1152.jpg 1536w, https:\/\/bawso.org.uk\/wp-content\/uploads\/2024\/09\/Trust-Matters.-No-One-is-Hard-To-Reach-conference-2-16x12.jpg 16w, https:\/\/bawso.org.uk\/wp-content\/uploads\/2024\/09\/Trust-Matters.-No-One-is-Hard-To-Reach-conference-2.jpg 1600w\" sizes=\"auto, (max-width: 1024px) 100vw, 1024px\" \/><\/figure>\n\n\n\n<figure class=\"wp-block-image size-large\"><img loading=\"lazy\" decoding=\"async\" width=\"1024\" height=\"768\" data-id=\"4138\" src=\"https:\/\/bawso.org.uk\/wp-content\/uploads\/2024\/09\/Trust-Matters.-No-One-is-Hard-To-Reach-conference-1-1024x768.jpg\" alt=\"\" class=\"wp-image-4138\" srcset=\"https:\/\/bawso.org.uk\/wp-content\/uploads\/2024\/09\/Trust-Matters.-No-One-is-Hard-To-Reach-conference-1-1024x768.jpg 1024w, https:\/\/bawso.org.uk\/wp-content\/uploads\/2024\/09\/Trust-Matters.-No-One-is-Hard-To-Reach-conference-1-300x225.jpg 300w, https:\/\/bawso.org.uk\/wp-content\/uploads\/2024\/09\/Trust-Matters.-No-One-is-Hard-To-Reach-conference-1-768x576.jpg 768w, https:\/\/bawso.org.uk\/wp-content\/uploads\/2024\/09\/Trust-Matters.-No-One-is-Hard-To-Reach-conference-1-1536x1152.jpg 1536w, https:\/\/bawso.org.uk\/wp-content\/uploads\/2024\/09\/Trust-Matters.-No-One-is-Hard-To-Reach-conference-1-16x12.jpg 16w, https:\/\/bawso.org.uk\/wp-content\/uploads\/2024\/09\/Trust-Matters.-No-One-is-Hard-To-Reach-conference-1.jpg 1600w\" sizes=\"auto, (max-width: 1024px) 100vw, 1024px\" \/><\/figure>\n<\/figure>","protected":false},"excerpt":{"rendered":"<p>&#8220;Trust Matters. No One is Hard To Reach\u201d conference is to foster knowledge exchange among the University of South Wales (USW) research communities, Third Sector Organisations, and Minoritised communities traditionally [&hellip;]<\/p>","protected":false},"author":6,"featured_media":0,"parent":0,"menu_order":0,"comment_status":"closed","ping_status":"closed","template":"","meta":{"_acf_changed":false,"_seopress_robots_primary_cat":"","_seopress_titles_title":"","_seopress_titles_desc":"","_seopress_robots_index":"","footnotes":""},"class_list":["post-4134","page","type-page","status-publish","hentry"],"acf":[],"publishpress_future_action":{"enabled":false,"date":"2026-06-16 16:35:12","action":"category-add","newStatus":"draft","terms":[],"taxonomy":"","extraData":[]},"publishpress_future_workflow_manual_trigger":{"enabledWorkflows":[]},"_links":{"self":[{"href":"https:\/\/bawso.org.uk\/ku\/wp-json\/wp\/v2\/pages\/4134","targetHints":{"allow":["GET"]}}],"collection":[{"href":"https:\/\/bawso.org.uk\/ku\/wp-json\/wp\/v2\/pages"}],"about":[{"href":"https:\/\/bawso.org.uk\/ku\/wp-json\/wp\/v2\/types\/page"}],"author":[{"embeddable":true,"href":"https:\/\/bawso.org.uk\/ku\/wp-json\/wp\/v2\/users\/6"}],"replies":[{"embeddable":true,"href":"https:\/\/bawso.org.uk\/ku\/wp-json\/wp\/v2\/comments?post=4134"}],"version-history":[{"count":1,"href":"https:\/\/bawso.org.uk\/ku\/wp-json\/wp\/v2\/pages\/4134\/revisions"}],"predecessor-version":[{"id":4141,"href":"https:\/\/bawso.org.uk\/ku\/wp-json\/wp\/v2\/pages\/4134\/revisions\/4141"}],"wp:attachment":[{"href":"https:\/\/bawso.org.uk\/ku\/wp-json\/wp\/v2\/media?parent=4134"}],"curies":[{"name":"wp","href":"https:\/\/api.w.org\/{rel}","templated":true}]}}