{"id":3983,"date":"2024-07-10T11:01:52","date_gmt":"2024-07-10T10:01:52","guid":{"rendered":"https:\/\/bawso.org.uk\/?page_id=3983"},"modified":"2024-07-10T11:01:52","modified_gmt":"2024-07-10T10:01:52","slug":"bawso-sebei-fgm-project-update","status":"publish","type":"page","link":"https:\/\/bawso.org.uk\/ku\/bawso-sebei-fgm-project-update\/","title":{"rendered":"Bawso \u2013 NAVENDA N\u00db\u00c7EYAN Projeya FGM ya Sebei!\u00a0"},"content":{"rendered":"<p>Em bi k\u00eafxwe\u015f\u00ee radigih\u00eenin ku Projeya H\u00eazdarkirina Mezin a Sebei li Uganda dest bi zem\u00een\u00ea kiriye. Armanca v\u00ea projey\u00ea ew e ku k\u00eamkirina \u015f\u00eedeta li dij\u00ee jin \u00fb ke\u00e7an (VAWG) ku t\u00ea de FGM, guhertina helw\u00east\u00ea \u00fb p\u00eabaweriya ji bo r\u00fbbir\u00fbb\u00fbna kiryar\u00ean \u00e7and\u00ee y\u00ean zirardar dihew\u00eene.\u00a0\u00a0<\/p>\n\n\n\n<h2 class=\"wp-block-heading\"><strong>Serkeftin\u00ean Key<\/strong>\u00a0<\/h2>\n\n\n\n<p>15 rihspiy\u00ean civak\u00ea hem m\u00ear \u00fb hem j\u00ee jin be\u015fdar\u00ee l\u00eestina v\u00eezyon\u00ea b\u00fbn, li wir ji wan re v\u00eezyona proje \u00fb stratejiy\u00ean ji hol\u00ea rakirina FGM wek\u00ee be\u015fek ji n\u00eaz\u00eekatiya meya kir\u00eena civat\u00ea hate day\u00een.\u00a0<\/p>\n\n\n\n<figure class=\"wp-block-gallery has-nested-images columns-default is-cropped wp-block-gallery-1 is-layout-flex wp-block-gallery-is-layout-flex\">\n<figure class=\"wp-block-image size-large\"><img loading=\"lazy\" decoding=\"async\" width=\"339\" height=\"452\" data-id=\"3986\" src=\"https:\/\/bawso.org.uk\/wp-content\/uploads\/2024\/07\/Bawso-\u2013-Sebei-FGM-Project-UPDATE-Picture-2.jpg\" alt=\"\" class=\"wp-image-3986\" srcset=\"https:\/\/bawso.org.uk\/wp-content\/uploads\/2024\/07\/Bawso-\u2013-Sebei-FGM-Project-UPDATE-Picture-2.jpg 339w, https:\/\/bawso.org.uk\/wp-content\/uploads\/2024\/07\/Bawso-\u2013-Sebei-FGM-Project-UPDATE-Picture-2-225x300.jpg 225w, https:\/\/bawso.org.uk\/wp-content\/uploads\/2024\/07\/Bawso-\u2013-Sebei-FGM-Project-UPDATE-Picture-2-9x12.jpg 9w\" sizes=\"auto, (max-width: 339px) 100vw, 339px\" \/><\/figure>\n\n\n\n<figure class=\"wp-block-image size-large\"><img loading=\"lazy\" decoding=\"async\" width=\"259\" height=\"194\" data-id=\"3987\" src=\"https:\/\/bawso.org.uk\/wp-content\/uploads\/2024\/07\/Bawso-\u2013-Sebei-FGM-Project-UPDATE-Picture-1.png\" alt=\"\" class=\"wp-image-3987\" srcset=\"https:\/\/bawso.org.uk\/wp-content\/uploads\/2024\/07\/Bawso-\u2013-Sebei-FGM-Project-UPDATE-Picture-1.png 259w, https:\/\/bawso.org.uk\/wp-content\/uploads\/2024\/07\/Bawso-\u2013-Sebei-FGM-Project-UPDATE-Picture-1-16x12.png 16w\" sizes=\"auto, (max-width: 259px) 100vw, 259px\" \/><\/figure>\n<\/figure>\n\n\n\n<p>\u00a0Rihspiy\u00ean ku be\u015fdar\u00ee l\u00eestina v\u00eezyon\u00ea dibin Benfred - yek ji endam\u00ean t\u00eem\u00ea di projeya FGM de ye, ku rihspiyan be\u015fdar\u00ee n\u00eeqa\u015f\u00ean li ser alternat\u00eef\u00ean FGM dike.<\/p>\n\n\n\n<div class=\"wp-block-media-text is-stacked-on-mobile\"><figure class=\"wp-block-media-text__media\"><img loading=\"lazy\" decoding=\"async\" width=\"609\" height=\"456\" src=\"https:\/\/bawso.org.uk\/wp-content\/uploads\/2024\/07\/Bawso-\u2013-Sebei-FGM-Project-UPDATE-Picture-3.jpg\" alt=\"\" class=\"wp-image-3988 size-full\" srcset=\"https:\/\/bawso.org.uk\/wp-content\/uploads\/2024\/07\/Bawso-\u2013-Sebei-FGM-Project-UPDATE-Picture-3.jpg 609w, https:\/\/bawso.org.uk\/wp-content\/uploads\/2024\/07\/Bawso-\u2013-Sebei-FGM-Project-UPDATE-Picture-3-300x225.jpg 300w, https:\/\/bawso.org.uk\/wp-content\/uploads\/2024\/07\/Bawso-\u2013-Sebei-FGM-Project-UPDATE-Picture-3-16x12.jpg 16w\" sizes=\"auto, (max-width: 609px) 100vw, 609px\" \/><\/figure><div class=\"wp-block-media-text__content\">\n<p>Ji s\u00ea dibistan\u00ean cuda 20 mamoste be\u015fdar\u00ee perwerdey\u00ea b\u00fbn. Projeya bih\u00eazkirina Sebei ya Mezin armanc dike ku bi dibistanan re bixebite \u00fb dani\u015f\u00eenan ji zarokan re peyda bike. Ev ji aliy\u00ea mamoste \u00fb mamosteyan ve hat p\u00ea\u015fwaz\u00eekirin.<\/p>\n<\/div><\/div>\n\n\n\n<div class=\"wp-block-media-text has-media-on-the-right is-stacked-on-mobile\"><div class=\"wp-block-media-text__content\">\n<p>T\u00eem bi 40 xwendekar\u00ean l\u00eesey\u00ea re hevd\u00eetin kir ku ji bo FGM n\u00eeqa\u015f bikin, \u00fb ji ciwanan re am\u00fbran da ku ji z\u00fb de fikar\u00ean li ser destdir\u00eajiya zarokan \u00fb VAWG nas bikin.<\/p>\n<\/div><figure class=\"wp-block-media-text__media\"><img loading=\"lazy\" decoding=\"async\" width=\"256\" height=\"192\" src=\"https:\/\/bawso.org.uk\/wp-content\/uploads\/2024\/07\/Bawso-\u2013-Sebei-FGM-Project-UPDATE-Picture-4.jpg\" alt=\"\" class=\"wp-image-3989 size-full\" srcset=\"https:\/\/bawso.org.uk\/wp-content\/uploads\/2024\/07\/Bawso-\u2013-Sebei-FGM-Project-UPDATE-Picture-4.jpg 256w, https:\/\/bawso.org.uk\/wp-content\/uploads\/2024\/07\/Bawso-\u2013-Sebei-FGM-Project-UPDATE-Picture-4-16x12.jpg 16w\" sizes=\"auto, (max-width: 256px) 100vw, 256px\" \/><\/figure><\/div>\n\n\n\n<div class=\"wp-block-media-text is-stacked-on-mobile\"><figure class=\"wp-block-media-text__media\"><img loading=\"lazy\" decoding=\"async\" width=\"258\" height=\"117\" src=\"https:\/\/bawso.org.uk\/wp-content\/uploads\/2024\/07\/Bawso-\u2013-Sebei-FGM-Project-UPDATE-Picture-5.png\" alt=\"\" class=\"wp-image-3990 size-full\" srcset=\"https:\/\/bawso.org.uk\/wp-content\/uploads\/2024\/07\/Bawso-\u2013-Sebei-FGM-Project-UPDATE-Picture-5.png 258w, https:\/\/bawso.org.uk\/wp-content\/uploads\/2024\/07\/Bawso-\u2013-Sebei-FGM-Project-UPDATE-Picture-5-18x8.png 18w\" sizes=\"auto, (max-width: 258px) 100vw, 258px\" \/><\/figure><div class=\"wp-block-media-text__content\">\n<p>Ji 40 kesan 30 kes li ser behrey\u00ean jiyan\u00ea \u00fb bandor\u00ean xisar \u00ean cinet\u00ea hatin day\u00een.<\/p>\n\n\n\n<p>Winnie, Trainer\u00ea Projey\u00ea dani\u015f\u00eenek perwerdehiy\u00ea h\u00easan dike.<\/p>\n<\/div><\/div>\n\n\n\n<p>Ev projeyek balk\u00ea\u015f e ji bo civata Sebei li Rojhilat\u00ea Uganda \u00fb ew jixwe di nav hem\u00ee kom\u00ean temen\u00ee de gelek eleqe \u00e7\u00eakiriye.<\/p>\n\n\n\n<p>Ji bo b\u00eatir n\u00fbvekirin\u00ean ji Uganda Bawso li ser medyaya civak\u00ee \u00fb malper\u00ea bi\u015fop\u00eenin.<\/p>","protected":false},"excerpt":{"rendered":"<p>Em bi k\u00eafxwe\u015f\u00ee radigih\u00eenin ku Projeya H\u00eazdarkirina Sebeiya Mezin li Uganday\u00ea dest bi xebata bingeh\u00een kiriye. Armanca v\u00ea projey\u00ea k\u00eamkirina \u015f\u00eedeta li dij\u00ee jinan e [\u2026]<\/p>","protected":false},"author":6,"featured_media":0,"parent":0,"menu_order":0,"comment_status":"closed","ping_status":"closed","template":"","meta":{"_acf_changed":false,"_seopress_robots_primary_cat":"","_seopress_titles_title":"","_seopress_titles_desc":"","_seopress_robots_index":"","footnotes":""},"class_list":["post-3983","page","type-page","status-publish","hentry"],"acf":[],"publishpress_future_action":{"enabled":false,"date":"2026-06-18 10:26:30","action":"category-add","newStatus":"draft","terms":[],"taxonomy":"","extraData":[]},"publishpress_future_workflow_manual_trigger":{"enabledWorkflows":[]},"_links":{"self":[{"href":"https:\/\/bawso.org.uk\/ku\/wp-json\/wp\/v2\/pages\/3983","targetHints":{"allow":["GET"]}}],"collection":[{"href":"https:\/\/bawso.org.uk\/ku\/wp-json\/wp\/v2\/pages"}],"about":[{"href":"https:\/\/bawso.org.uk\/ku\/wp-json\/wp\/v2\/types\/page"}],"author":[{"embeddable":true,"href":"https:\/\/bawso.org.uk\/ku\/wp-json\/wp\/v2\/users\/6"}],"replies":[{"embeddable":true,"href":"https:\/\/bawso.org.uk\/ku\/wp-json\/wp\/v2\/comments?post=3983"}],"version-history":[{"count":1,"href":"https:\/\/bawso.org.uk\/ku\/wp-json\/wp\/v2\/pages\/3983\/revisions"}],"predecessor-version":[{"id":3991,"href":"https:\/\/bawso.org.uk\/ku\/wp-json\/wp\/v2\/pages\/3983\/revisions\/3991"}],"wp:attachment":[{"href":"https:\/\/bawso.org.uk\/ku\/wp-json\/wp\/v2\/media?parent=3983"}],"curies":[{"name":"wp","href":"https:\/\/api.w.org\/{rel}","templated":true}]}}