{"id":396,"date":"2022-03-10T11:49:44","date_gmt":"2022-03-10T11:49:44","guid":{"rendered":"https:\/\/bawso.org.uk\/?post_type=services&#038;p=396"},"modified":"2022-08-23T11:22:20","modified_gmt":"2022-08-23T10:22:20","slug":"raising-awareness-in-the-community","status":"publish","type":"page","link":"https:\/\/bawso.org.uk\/ku\/raising-awareness-in-the-community\/","title":{"rendered":"Rakirina Hi\u015fyariy\u00ea di Civak\u00ea de"},"content":{"rendered":"<p class=\"is-style-text-x-large\">Bawso di civak\u00ean re\u015f \u00fb hindikb\u00fby\u00ee de li ser prat\u00eek\u00ean \u00e7and\u00ee \u00fb kevne\u015fop\u00ee y\u00ean zirardar dani\u015f\u00een\u00ean hi\u015fyariy\u00ea p\u00ea\u015fk\u00ea\u015f dike. <\/p>\n\n\n\n<p class=\"is-style-default\">Jin \u00fb ke\u00e7, m\u00ear \u00fb xort be\u015fdar dibin \u00fb bandor \u00fb neheqiya p\u00eakan\u00een\u00ean wek\u00ee sinetkirina jinan, \u015f\u00eedeta li ser nam\u00fbs\u00ea, destdir\u00eajiya nav mal\u00ea \u00fb her cure hov\u00eetiy\u00ea vedib\u00eajin.<\/p>\n\n\n\n<p class=\"is-style-default\">R\u00fbni\u015ftin ji bo ku civakan bi zanyar\u00ee \u00fb agahdariya ku ew hewce ne ji bo dijberkirina prat\u00eek\u00ean zirardar \u00fb guheztina helwest\u00ean ku dih\u00eale ku destdir\u00eaj\u00ee bidome \u00fb ney\u00ea ragihandin biguhez\u00eene t\u00eane \u00e7\u00eakirin.<\/p>\n\n\n\n<h3 class=\"wp-block-heading\">Tevl\u00ee bibin<\/h3>\n\n\n\n<p>Ji bo ku h\u00fbn be\u015fdar\u00ee xebata meya p\u00ea\u015f\u00eel\u00eagirtin\u00ea bibin, ji kerema xwe ji me re bi e-namey\u00ea re bi\u015f\u00eenin <a href=\"mailto:info@bawso.org.uk\" target=\"_blank\" rel=\"noreferrer noopener\">info@bawso.org.uk<\/a><\/p>","protected":false},"excerpt":{"rendered":"<p>Bawso li civak\u00ean re\u015fik \u00fb k\u00eamnetewey\u00ee li ser prat\u00eek\u00ean \u00e7and\u00ee \u00fb kevne\u015fop\u00ee y\u00ean zirardar r\u00fbni\u015ftin\u00ean hi\u015fyariy\u00ea li dar dixe. Jin \u00fb ke\u00e7, m\u00ear \u00fb kur be\u015fdar\u00ee van r\u00fbni\u015ftinan dibin, \u00fb bandor \u00fb [\u2026] vedib\u00eaje.<\/p>","protected":false},"author":1,"featured_media":0,"parent":0,"menu_order":6,"comment_status":"open","ping_status":"closed","template":"","meta":{"_acf_changed":false,"_seopress_robots_primary_cat":"","_seopress_titles_title":"Bawso | Raising Awareness in the Community","_seopress_titles_desc":"Bawso works with Black and Ethnic Minority communities (BME) improving understanding of harmful cultural practices including violence against women and girls.","_seopress_robots_index":"","footnotes":""},"class_list":["post-396","page","type-page","status-publish","hentry"],"acf":[],"publishpress_future_action":{"enabled":false,"date":"2026-06-18 10:26:31","action":"category-add","newStatus":"draft","terms":[],"taxonomy":"","extraData":[]},"publishpress_future_workflow_manual_trigger":{"enabledWorkflows":[]},"_links":{"self":[{"href":"https:\/\/bawso.org.uk\/ku\/wp-json\/wp\/v2\/pages\/396","targetHints":{"allow":["GET"]}}],"collection":[{"href":"https:\/\/bawso.org.uk\/ku\/wp-json\/wp\/v2\/pages"}],"about":[{"href":"https:\/\/bawso.org.uk\/ku\/wp-json\/wp\/v2\/types\/page"}],"author":[{"embeddable":true,"href":"https:\/\/bawso.org.uk\/ku\/wp-json\/wp\/v2\/users\/1"}],"replies":[{"embeddable":true,"href":"https:\/\/bawso.org.uk\/ku\/wp-json\/wp\/v2\/comments?post=396"}],"version-history":[{"count":7,"href":"https:\/\/bawso.org.uk\/ku\/wp-json\/wp\/v2\/pages\/396\/revisions"}],"predecessor-version":[{"id":1658,"href":"https:\/\/bawso.org.uk\/ku\/wp-json\/wp\/v2\/pages\/396\/revisions\/1658"}],"wp:attachment":[{"href":"https:\/\/bawso.org.uk\/ku\/wp-json\/wp\/v2\/media?parent=396"}],"curies":[{"name":"wp","href":"https:\/\/api.w.org\/{rel}","templated":true}]}}