{"id":311,"date":"2022-02-25T13:48:58","date_gmt":"2022-02-25T13:48:58","guid":{"rendered":"https:\/\/bawso.org.uk\/?page_id=311"},"modified":"2022-08-11T19:32:29","modified_gmt":"2022-08-11T18:32:29","slug":"about-us","status":"publish","type":"page","link":"https:\/\/bawso.org.uk\/ku\/about-us\/","title":{"rendered":"\u00c7\u00fbna nava"},"content":{"rendered":"<h2 class=\"wp-block-heading\"><strong>Em k\u00ee ne<\/strong><\/h2>\n\n\n\n<p class=\"has-medium-font-size\"><strong>Bawso di sala 1995-an de ji h\u00eala komek pi\u00e7\u00fbk a jin\u00ean re\u015f \u00fb hindikb\u00fby\u00ee ve li Cardiff hate damezrandin, y\u00ean ku ji guncavb\u00fbna kar\u00fbbar\u00ean ku ji mexd\u00fbr\u00ean destdir\u00eajiya nav mal\u00ea re t\u00eane peyda kirin bi fikar b\u00fbn. Me j\u00fbreyek bi mase, kurs\u00ee \u00fb t\u00ealefon kir\u00ea kir, \u00fb me dest p\u00ea kir ku di nav civak\u00ean re\u015f \u00fb hindikb\u00fby\u00ee de, digel huk\u00fbmet\u00ea, saziy\u00ean qan\u00fbn\u00ee, \u00fb p\u00ea\u015fk\u00ea\u015fker\u00ean kar\u00fbbar\u00ea sektora s\u00eayem\u00een hi\u015fyariy\u00ea bilind bikin.<\/strong><\/p>\n\n\n\n<p>Bi salan, Bawso p\u00ea\u015fengiya xebat\u00ea kir li dever\u00ean gelek ber\u00ee ku ew bibin mijara berjewend\u00ee \u00fb qan\u00fbn\u00ean gi\u015ft\u00ee y\u00ean berfireh, di nav de zewaca bi dar\u00ea zor\u00ea (FM), sinetkirina jinan (FMG), \u015f\u00eedeta li ser nam\u00fbs\u00ea (HBV), \u00fb her\u00ee daw\u00ee, koletiya n\u00fbjen \u00fb qa\u00e7ax\u00e7\u00eetiy\u00ea. .<\/p>\n\n\n\n<p>Kar\u00fbbar\u00ean Bawso naha li seranser\u00ea Wales-\u00ea dir\u00eaj dibin, z\u00eadetir\u00ee sed karmend\u00ean perwerdekir\u00ee \u00fb bi ezm\u00fbn \u00fb gelek dilxwazan dixebitin. Di sal\u00ea de 4,6 m\u00eelyon \u00a3 em ji h\u00eala hukumeta navend\u00ee ya Westminster, huk\u00fbmeta veqetand\u00ee ya li Cardiff Bay, Desthilatdar\u00ean Her\u00eam\u00ee, Kom\u00eeser\u00ean S\u00fbc\u00ean Pol\u00eesan, saziy\u00ean din \u00ean zagon\u00ee, Weqf, Bawer\u00ee, x\u00earxwaz, \u00fb \u00e7alakiy\u00ean berhevkirina dirav\u00ee y\u00ean li ser bingeha civak\u00ea t\u00eane f\u00eenanse kirin.<\/p>\n\n\n\n<p>Bawso Penaber\u00ean ku bi mebest hatine \u00e7\u00eakirin, mal\u00ean ewle, tes\u00ees\u00ean yek-stop-firo\u015fgeh, Pi\u015ftgiriya Herik\u00een ji bo rizgarb\u00fbyan di civak\u00ea de, \u00fb projey\u00ean pispor ji bo her devera tund\u00fbt\u00fbj\u00ee \u00fb \u00eestismarkirina jin \u00fb ke\u00e7, m\u00ear \u00fb kur dime\u015f\u00eene. Em her sal pi\u015ftgiriya z\u00eadetir\u00ee 6,000 kesan dikin \u00fb her sal ev hejmar z\u00eade dibin.<\/p>\n\n\n\n<p>Kar\u00ea li qad\u00ea ji h\u00eala Xetek Al\u00eekariy\u00ea ya 24-saetan ve, Dezgehek Perwerdehiy\u00ea ya ku bi ba\u015fkirina domdar a kar\u00fbbar\u00ean Bawso \u00fb j\u00eahat\u00eeb\u00fbna karmend\u00ean Bawso ve gir\u00eaday\u00ee ye, \u00fb peydakirina perwerdehiya hi\u015fyariy\u00ea ji dezgeh\u00ean dervey\u00ee, pispor \u00fb bij\u00eejkan re, di nav de Pol\u00ees, Bij\u00eejk\u00ean Gi\u015ft\u00ee, t\u00ea pesend kirin. , karmend\u00ean NHS, Mamoste, \u00fb Karmend\u00ean Siv\u00eel. Bawso di heman dem\u00ea de xwedan Be\u015fek Werger \u00fb Werger\u00ea ya mezin \u00fb feday\u00ee ya xebatkar\u00ean pejirand\u00ee ye.<\/p>\n\n\n\n<p>Bawso ji h\u00eala Lijneyek ji jin \u00fb m\u00ear\u00ean re\u015f \u00fb hindikb\u00fby\u00ee y\u00ean pir bik\u00earhat\u00ee \u00fb bi tecrube ji civak\u00ean ku j\u00ea re xizmet dikin ve t\u00ea r\u00eavebirin. Karmend \u00fb dilxwaz\u00ean Bawso j\u00ee ji civak\u00ean re\u015f \u00fb hindikb\u00fby\u00ee y\u00ean li Wales in, ji wan re t\u00eagihi\u015ftinek b\u00eahempa ya \u00e7and, ol, \u00fb ziman\u00ean bikarh\u00eaner\u00ean kar\u00fbbar \u00fb civak\u00ean wan dide.<\/p>\n\n\n\n<h3 class=\"wp-block-heading\"><strong>V\u00ceZONA ME<\/strong><\/h3>\n\n\n\n<p class=\"is-style-text-x-large has-medium-font-size\"><strong>Ku hem\u00ee mirov\u00ean li Wales ji destdir\u00eaj\u00ee, \u015f\u00eedet \u00fb \u00eestismarkirin\u00ea b\u00eapar bij\u00een.<\/strong><\/p>\n\n\n\n<h3 class=\"wp-block-heading\"><strong>MISSION ME<\/strong><\/h3>\n\n\n\n<p class=\"is-style-text-x-large has-medium-font-size\"><strong>Ji bo par\u00eazvan\u00ee \u00fb p\u00ea\u015fk\u00ea\u015fkirina kar\u00fbbar\u00ean pispor ji mexd\u00fbr\u00ean re\u015f \u00fb hindikb\u00fby\u00ee y\u00ean destdir\u00eaj\u00ee, \u015f\u00eedet \u00fb \u00eestismarkirin\u00ea re li Wales.<\/strong><\/p>\n\n\n\n<h3 class=\"wp-block-heading\"><strong>NIRX\u00caN ME<\/strong><\/h3>\n\n\n\n<ul class=\"wp-block-list\"><li>Em pabend in ku xebata ne-dadbar bi toleransek sifir a destdir\u00eaj\u00ee, \u015f\u00eedet \u00fb \u00eest\u00eesmar\u00ea.<\/li><li>Em bi p\u00eevan\u00ean prat\u00eek\u00ee y\u00ean profesyonel \u00ean bilind ve gir\u00eaday\u00ee ne, r\u00eazdar, empat\u00eek, hesas \u00fb durust in.<\/li><li>Em di her ti\u015ft\u00ea ku em dikin de yekit\u00ee, \u015fefaf\u00ee \u00fb berpirsiyariy\u00ea dipar\u00eazin.<\/li><li>Em kar\u00fbbar\u00ean ku bi h\u00easan\u00ee peyda dibin \u00fb bi h\u00easan\u00ee t\u00eane gih\u00ee\u015ftin peyda dikin.<\/li><li>Em hem di nav civak\u00ean re\u015f \u00fb hindikb\u00fby\u00ee de, hem j\u00ee li gel huk\u00fbmet \u00fb civaka siv\u00eel li Wales hi\u015fyariya her c\u00fbre destdir\u00eaj\u00ee \u00fb \u015f\u00eedet\u00ea bilind dikin.<\/li><li>Em hergav n\u00eejadperest\u00ee \u00fb her c\u00fbre newekheviya navbe\u015f, b\u00eaedalet\u00ee \u00fb cih\u00eakariy\u00ea dikin.<\/li><\/ul>","protected":false},"excerpt":{"rendered":"<p>Who we are Bawso was established in 1995 by a small group of black and minoritised women in Cardiff, who were concerned about the appropriateness of services provided to victims [&hellip;]<\/p>\n","protected":false},"author":1,"featured_media":0,"parent":0,"menu_order":4,"comment_status":"closed","ping_status":"closed","template":"","meta":{"_acf_changed":false,"_seopress_robots_primary_cat":"","_seopress_titles_title":"Bawso | About Us","_seopress_titles_desc":"The lead organisation in Wales providing practical &amp; emotional support to black minority ethnic (BAME) and migrant victims of abuse, violence and exploitation.","_seopress_robots_index":"","footnotes":""},"class_list":["post-311","page","type-page","status-publish","hentry"],"acf":[],"publishpress_future_action":{"enabled":false,"date":"2026-07-07 16:10:53","action":"category-add","newStatus":"draft","terms":[],"taxonomy":"","extraData":[]},"publishpress_future_workflow_manual_trigger":{"enabledWorkflows":[]},"_links":{"self":[{"href":"https:\/\/bawso.org.uk\/ku\/wp-json\/wp\/v2\/pages\/311","targetHints":{"allow":["GET"]}}],"collection":[{"href":"https:\/\/bawso.org.uk\/ku\/wp-json\/wp\/v2\/pages"}],"about":[{"href":"https:\/\/bawso.org.uk\/ku\/wp-json\/wp\/v2\/types\/page"}],"author":[{"embeddable":true,"href":"https:\/\/bawso.org.uk\/ku\/wp-json\/wp\/v2\/users\/1"}],"replies":[{"embeddable":true,"href":"https:\/\/bawso.org.uk\/ku\/wp-json\/wp\/v2\/comments?post=311"}],"version-history":[{"count":9,"href":"https:\/\/bawso.org.uk\/ku\/wp-json\/wp\/v2\/pages\/311\/revisions"}],"predecessor-version":[{"id":1985,"href":"https:\/\/bawso.org.uk\/ku\/wp-json\/wp\/v2\/pages\/311\/revisions\/1985"}],"wp:attachment":[{"href":"https:\/\/bawso.org.uk\/ku\/wp-json\/wp\/v2\/media?parent=311"}],"curies":[{"name":"wp","href":"https:\/\/api.w.org\/{rel}","templated":true}]}}