{"id":3983,"date":"2024-07-10T11:01:52","date_gmt":"2024-07-10T10:01:52","guid":{"rendered":"https:\/\/bawso.org.uk\/?page_id=3983"},"modified":"2024-07-10T11:01:52","modified_gmt":"2024-07-10T10:01:52","slug":"bawso-sebei-fgm-project-update","status":"publish","type":"page","link":"https:\/\/bawso.org.uk\/it\/bawso-sebei-fgm-project-update\/","title":{"rendered":"AGGIORNAMENTO Progetto Bawso \u2013 Sebei MGF!\u00a0"},"content":{"rendered":"<p>Siamo lieti di annunciare che il progetto Greater Sebei Empowerment ha avviato i lavori di base in Uganda. Lo scopo di questo progetto \u00e8 vedere una riduzione della violenza contro le donne e le ragazze (VAWG), che include le MGF, il cambiamento di atteggiamento e la fiducia necessaria per contrastare le pratiche culturali dannose.\u00a0\u00a0<\/p>\n\n\n\n<h2 class=\"wp-block-heading\"><strong>Successi principali<\/strong>\u00a0<\/h2>\n\n\n\n<p>15 anziani della comunit\u00e0, uomini e donne, hanno partecipato al casting della visione, durante il quale \u00e8 stata data loro la visione del progetto e le strategie per eliminare le MGF come parte del nostro approccio comunitario di partecipazione.\u00a0<\/p>\n\n\n\n<figure class=\"wp-block-gallery has-nested-images columns-default is-cropped wp-block-gallery-1 is-layout-flex wp-block-gallery-is-layout-flex\">\n<figure class=\"wp-block-image size-large\"><img loading=\"lazy\" decoding=\"async\" width=\"339\" height=\"452\" data-id=\"3986\" src=\"https:\/\/bawso.org.uk\/wp-content\/uploads\/2024\/07\/Bawso-\u2013-Sebei-FGM-Project-UPDATE-Picture-2.jpg\" alt=\"\" class=\"wp-image-3986\" srcset=\"https:\/\/bawso.org.uk\/wp-content\/uploads\/2024\/07\/Bawso-\u2013-Sebei-FGM-Project-UPDATE-Picture-2.jpg 339w, https:\/\/bawso.org.uk\/wp-content\/uploads\/2024\/07\/Bawso-\u2013-Sebei-FGM-Project-UPDATE-Picture-2-225x300.jpg 225w, https:\/\/bawso.org.uk\/wp-content\/uploads\/2024\/07\/Bawso-\u2013-Sebei-FGM-Project-UPDATE-Picture-2-9x12.jpg 9w\" sizes=\"auto, (max-width: 339px) 100vw, 339px\" \/><\/figure>\n\n\n\n<figure class=\"wp-block-image size-large\"><img loading=\"lazy\" decoding=\"async\" width=\"259\" height=\"194\" data-id=\"3987\" src=\"https:\/\/bawso.org.uk\/wp-content\/uploads\/2024\/07\/Bawso-\u2013-Sebei-FGM-Project-UPDATE-Picture-1.png\" alt=\"\" class=\"wp-image-3987\" srcset=\"https:\/\/bawso.org.uk\/wp-content\/uploads\/2024\/07\/Bawso-\u2013-Sebei-FGM-Project-UPDATE-Picture-1.png 259w, https:\/\/bawso.org.uk\/wp-content\/uploads\/2024\/07\/Bawso-\u2013-Sebei-FGM-Project-UPDATE-Picture-1-16x12.png 16w\" sizes=\"auto, (max-width: 259px) 100vw, 259px\" \/><\/figure>\n<\/figure>\n\n\n\n<p>\u00a0Anziani presenti al casting per la visione di Benfred, uno dei membri del team del progetto MGF, che ha coinvolto gli anziani in discussioni sulle alternative alla MGF.<\/p>\n\n\n\n<div class=\"wp-block-media-text is-stacked-on-mobile\"><figure class=\"wp-block-media-text__media\"><img loading=\"lazy\" decoding=\"async\" width=\"609\" height=\"456\" src=\"https:\/\/bawso.org.uk\/wp-content\/uploads\/2024\/07\/Bawso-\u2013-Sebei-FGM-Project-UPDATE-Picture-3.jpg\" alt=\"\" class=\"wp-image-3988 size-full\" srcset=\"https:\/\/bawso.org.uk\/wp-content\/uploads\/2024\/07\/Bawso-\u2013-Sebei-FGM-Project-UPDATE-Picture-3.jpg 609w, https:\/\/bawso.org.uk\/wp-content\/uploads\/2024\/07\/Bawso-\u2013-Sebei-FGM-Project-UPDATE-Picture-3-300x225.jpg 300w, https:\/\/bawso.org.uk\/wp-content\/uploads\/2024\/07\/Bawso-\u2013-Sebei-FGM-Project-UPDATE-Picture-3-16x12.jpg 16w\" sizes=\"auto, (max-width: 609px) 100vw, 609px\" \/><\/figure><div class=\"wp-block-media-text__content\">\n<p>Hanno partecipato alla formazione 20 insegnanti provenienti da tre diverse scuole. Il progetto di empowerment della Grande Sebei mira a lavorare con le scuole e fornire sessioni ai bambini. Ci\u00f2 \u00e8 stato accolto favorevolmente dai presidi e dagli insegnanti.<\/p>\n<\/div><\/div>\n\n\n\n<div class=\"wp-block-media-text has-media-on-the-right is-stacked-on-mobile\"><div class=\"wp-block-media-text__content\">\n<p>Il team ha incontrato 40 studenti delle scuole superiori per discutere delle MGF, offrendo ai giovani gli strumenti per identificare precocemente le preoccupazioni relative agli abusi sui minori e alla VAWG.<\/p>\n<\/div><figure class=\"wp-block-media-text__media\"><img loading=\"lazy\" decoding=\"async\" width=\"256\" height=\"192\" src=\"https:\/\/bawso.org.uk\/wp-content\/uploads\/2024\/07\/Bawso-\u2013-Sebei-FGM-Project-UPDATE-Picture-4.jpg\" alt=\"\" class=\"wp-image-3989 size-full\" srcset=\"https:\/\/bawso.org.uk\/wp-content\/uploads\/2024\/07\/Bawso-\u2013-Sebei-FGM-Project-UPDATE-Picture-4.jpg 256w, https:\/\/bawso.org.uk\/wp-content\/uploads\/2024\/07\/Bawso-\u2013-Sebei-FGM-Project-UPDATE-Picture-4-16x12.jpg 16w\" sizes=\"auto, (max-width: 256px) 100vw, 256px\" \/><\/figure><\/div>\n\n\n\n<div class=\"wp-block-media-text is-stacked-on-mobile\"><figure class=\"wp-block-media-text__media\"><img loading=\"lazy\" decoding=\"async\" width=\"258\" height=\"117\" src=\"https:\/\/bawso.org.uk\/wp-content\/uploads\/2024\/07\/Bawso-\u2013-Sebei-FGM-Project-UPDATE-Picture-5.png\" alt=\"\" class=\"wp-image-3990 size-full\" srcset=\"https:\/\/bawso.org.uk\/wp-content\/uploads\/2024\/07\/Bawso-\u2013-Sebei-FGM-Project-UPDATE-Picture-5.png 258w, https:\/\/bawso.org.uk\/wp-content\/uploads\/2024\/07\/Bawso-\u2013-Sebei-FGM-Project-UPDATE-Picture-5-18x8.png 18w\" sizes=\"auto, (max-width: 258px) 100vw, 258px\" \/><\/figure><div class=\"wp-block-media-text__content\">\n<p>30 su 40 hanno ricevuto una formazione sulle competenze di vita e sugli effetti dannosi delle MGF.<\/p>\n\n\n\n<p>Winnie, la Project Trainer che facilita una sessione di formazione.<\/p>\n<\/div><\/div>\n\n\n\n<p>Questo \u00e8 un progetto entusiasmante per la comunit\u00e0 Sebei nell&#039;Uganda orientale e ha gi\u00e0 suscitato molto interesse tra tutte le fasce d&#039;et\u00e0.<\/p>\n\n\n\n<p>Segui Bawso sui social media e sul sito web per ulteriori aggiornamenti dall&#039;Uganda.<\/p>","protected":false},"excerpt":{"rendered":"<p>We are delighted to announce that Greater Sebei Empowerment Project has started the groundwork in Uganda. The aim of this project is to see a reduction in violence against women [&hellip;]<\/p>\n","protected":false},"author":6,"featured_media":0,"parent":0,"menu_order":0,"comment_status":"closed","ping_status":"closed","template":"","meta":{"_acf_changed":false,"_seopress_robots_primary_cat":"","_seopress_titles_title":"","_seopress_titles_desc":"","_seopress_robots_index":"","footnotes":""},"class_list":["post-3983","page","type-page","status-publish","hentry"],"acf":[],"publishpress_future_action":{"enabled":false,"date":"2026-07-07 14:48:18","action":"category-add","newStatus":"draft","terms":[],"taxonomy":"","extraData":[]},"publishpress_future_workflow_manual_trigger":{"enabledWorkflows":[]},"_links":{"self":[{"href":"https:\/\/bawso.org.uk\/it\/wp-json\/wp\/v2\/pages\/3983","targetHints":{"allow":["GET"]}}],"collection":[{"href":"https:\/\/bawso.org.uk\/it\/wp-json\/wp\/v2\/pages"}],"about":[{"href":"https:\/\/bawso.org.uk\/it\/wp-json\/wp\/v2\/types\/page"}],"author":[{"embeddable":true,"href":"https:\/\/bawso.org.uk\/it\/wp-json\/wp\/v2\/users\/6"}],"replies":[{"embeddable":true,"href":"https:\/\/bawso.org.uk\/it\/wp-json\/wp\/v2\/comments?post=3983"}],"version-history":[{"count":1,"href":"https:\/\/bawso.org.uk\/it\/wp-json\/wp\/v2\/pages\/3983\/revisions"}],"predecessor-version":[{"id":3991,"href":"https:\/\/bawso.org.uk\/it\/wp-json\/wp\/v2\/pages\/3983\/revisions\/3991"}],"wp:attachment":[{"href":"https:\/\/bawso.org.uk\/it\/wp-json\/wp\/v2\/media?parent=3983"}],"curies":[{"name":"parola chiave","href":"https:\/\/api.w.org\/{rel}","templated":true}]}}