{"id":3329,"date":"2023-12-06T14:09:09","date_gmt":"2023-12-06T14:09:09","guid":{"rendered":"https:\/\/bawso.org.uk\/?page_id=3329"},"modified":"2026-01-13T11:10:21","modified_gmt":"2026-01-13T11:10:21","slug":"bawso-bme-oral-stories","status":"publish","type":"page","link":"https:\/\/bawso.org.uk\/it\/bawso-bme-oral-stories\/","title":{"rendered":"Storie orali di Bawso Black e delle minoranze etniche (BME)."},"content":{"rendered":"<p>Il progetto Bawso BME Oral Stories mira a registrare digitalmente e preservare 25 storie orali e 25 storie digitali (video di 3 minuti) degli utenti del servizio Bawso. <\/p>\n\n\n\n<p>Il progetto \u00e8 in linea con il Well-being and Future Generations Act Wales (2015) e promuove la coesione contribuendo al tempo stesso alla ricca cultura gallese e al lavoro del National Museum Wales. <\/p>\n\n\n\n<p>Si tratta di un progetto di partnership tra Bawso, il National Museum Wales e il George Ewart Evans Centre for Storytelling dell&#039;Universit\u00e0 del Galles del Sud. Ha ricevuto finanziamenti dal National Lottery Heritage Fund per un anno. <\/p>\n\n\n<div class=\"wp-block-image is-style-default\">\n<figure class=\"alignright size-full\"><img loading=\"lazy\" decoding=\"async\" width=\"3477\" height=\"869\" src=\"https:\/\/bawso.org.uk\/wp-content\/uploads\/2023\/12\/Bawso-BME-Stories-1-3.png\" alt=\"\" class=\"wp-image-3394\" srcset=\"https:\/\/bawso.org.uk\/wp-content\/uploads\/2023\/12\/Bawso-BME-Stories-1-3.png 3477w, https:\/\/bawso.org.uk\/wp-content\/uploads\/2023\/12\/Bawso-BME-Stories-1-3-300x75.png 300w, https:\/\/bawso.org.uk\/wp-content\/uploads\/2023\/12\/Bawso-BME-Stories-1-3-1024x256.png 1024w, https:\/\/bawso.org.uk\/wp-content\/uploads\/2023\/12\/Bawso-BME-Stories-1-3-768x192.png 768w, https:\/\/bawso.org.uk\/wp-content\/uploads\/2023\/12\/Bawso-BME-Stories-1-3-1536x384.png 1536w, https:\/\/bawso.org.uk\/wp-content\/uploads\/2023\/12\/Bawso-BME-Stories-1-3-2048x512.png 2048w, https:\/\/bawso.org.uk\/wp-content\/uploads\/2023\/12\/Bawso-BME-Stories-1-3-18x4.png 18w\" sizes=\"auto, (max-width: 3477px) 100vw, 3477px\" \/><\/figure>\n<\/div>\n\n\n<h2 class=\"wp-block-heading\">Incontra il team che lavora sulle storie di Bawso BME <\/h2>\n\n\n\n<div class=\"wp-block-media-text is-stacked-on-mobile is-vertically-aligned-top is-image-fill-element\" style=\"grid-template-columns:23% auto\"><figure class=\"wp-block-media-text__media\"><img loading=\"lazy\" decoding=\"async\" width=\"768\" height=\"1024\" src=\"https:\/\/bawso.org.uk\/wp-content\/uploads\/2024\/02\/Nancy-Picture-1-768x1024.jpg\" alt=\"\" class=\"wp-image-3540 size-full\" style=\"object-position:50% 50%\" srcset=\"https:\/\/bawso.org.uk\/wp-content\/uploads\/2024\/02\/Nancy-Picture-1-768x1024.jpg 768w, https:\/\/bawso.org.uk\/wp-content\/uploads\/2024\/02\/Nancy-Picture-1-225x300.jpg 225w, https:\/\/bawso.org.uk\/wp-content\/uploads\/2024\/02\/Nancy-Picture-1-1152x1536.jpg 1152w, https:\/\/bawso.org.uk\/wp-content\/uploads\/2024\/02\/Nancy-Picture-1-9x12.jpg 9w, https:\/\/bawso.org.uk\/wp-content\/uploads\/2024\/02\/Nancy-Picture-1.jpg 1536w\" sizes=\"auto, (max-width: 768px) 100vw, 768px\" \/><\/figure><div class=\"wp-block-media-text__content\">\n<p><strong>Nancy Lidubwi, responsabile delle politiche VAW di Bawso<\/strong><\/p>\n\n\n\n<details class=\"wp-block-details is-layout-flow wp-block-details-is-layout-flow\"><summary>BIO<\/summary>\n<p>Nancy Lidubwi lavora per Bawso come responsabile delle politiche sulla violenza contro le donne ed \u00e8 la responsabile del progetto. In quanto tale, il suo ruolo \u00e8 quello di mantenere la supervisione manageriale durante l&#039;intero progetto tramite un membro dello staff nominato.&nbsp;&nbsp;<\/p>\n\n\n\n<p>\u00c8 responsabile della gestione generale delle sovvenzioni, del monitoraggio e del reporting, di tutta la stampa e la pubblicit\u00e0 del progetto, di tutti gli aspetti del reclutamento, della gestione e del supporto dei partecipanti al progetto.&nbsp;&nbsp;<\/p>\n\n\n\n<p>Nancy \u00e8 responsabile di tutto il coinvolgimento pubblico nel progetto, incluso essere il primo punto di riferimento per tutte le domande relative al progetto, partecipa a tutti i workshop di progetto, alle riunioni mensili di gestione del progetto e fornisce al team USW qualsiasi formazione e introduzione specifica BAWSO.&nbsp;&nbsp;<\/p>\n\n\n\n<p>Altri ruoli includono la gestione degli accordi contrattuali per la valutazione del progetto, il coordinamento di un gruppo direttivo del progetto che include la rappresentanza delle parti interessate necessarie, BAWSO e USW e la gestione dei rapporti con i partner del progetto.&nbsp;&nbsp;<\/p>\n\n\n\n<p>Nancy ha lavorato con Bawso in diversi ruoli, tra cui Responsabile dello sviluppo aziendale responsabile della raccolta fondi e dello sviluppo di strategie per rendere l&#039;organizzazione di beneficenza finanziariamente sostenibile. Ha anche lavorato come responsabile della formazione e del coinvolgimento degli utenti dei servizi, dove ha sviluppato e tenuto corsi di formazione per le principali organizzazioni e enti di beneficenza sulla violenza contro le donne dal punto di vista dei neri e delle minoranze etniche. Questo ruolo includeva la difesa dei diritti degli utenti dei servizi e la garanzia che le loro voci fossero ascoltate e incluse nella progettazione e attuazione delle politiche e che le loro esigenze fossero messe al centro dell&#039;erogazione dei servizi.&nbsp;<\/p>\n\n\n\n<p>Nancy ha conseguito un Msc Econ in Economia e sviluppo sociale e una laurea in Sociologia.&nbsp;<\/p>\n<\/details>\n<\/div><\/div>\n\n\n\n<hr class=\"wp-block-separator has-alpha-channel-opacity\"\/>\n\n\n\n<div class=\"wp-block-media-text is-stacked-on-mobile is-vertically-aligned-top is-image-fill-element\" style=\"grid-template-columns:23% auto\"><figure class=\"wp-block-media-text__media\"><img loading=\"lazy\" decoding=\"async\" width=\"1024\" height=\"619\" src=\"https:\/\/bawso.org.uk\/wp-content\/uploads\/2023\/12\/Sophia-website-photo-1024x619.jpg\" alt=\"\" class=\"wp-image-3402 size-full\" style=\"object-position:50% 50%\" srcset=\"https:\/\/bawso.org.uk\/wp-content\/uploads\/2023\/12\/Sophia-website-photo-1024x619.jpg 1024w, https:\/\/bawso.org.uk\/wp-content\/uploads\/2023\/12\/Sophia-website-photo-300x181.jpg 300w, https:\/\/bawso.org.uk\/wp-content\/uploads\/2023\/12\/Sophia-website-photo-768x464.jpg 768w, https:\/\/bawso.org.uk\/wp-content\/uploads\/2023\/12\/Sophia-website-photo-18x12.jpg 18w, https:\/\/bawso.org.uk\/wp-content\/uploads\/2023\/12\/Sophia-website-photo.jpg 1084w\" sizes=\"auto, (max-width: 1024px) 100vw, 1024px\" \/><\/figure><div class=\"wp-block-media-text__content\">\n<p><strong>Dott.ssa Sophia Kier-Byfield, associata al progetto Bawso Oral Stories, Universit\u00e0 del Galles del Sud<\/strong><\/p>\n\n\n\n<details class=\"wp-block-details is-layout-flow wp-block-details-is-layout-flow\"><summary>BIO <\/summary>\n<p>In qualit\u00e0 di ricercatrice post-dottorato con interessi nel femminismo e nel modo in cui le arti possono amplificare le voci e le storie delle comunit\u00e0 minoritarie, \u00e8 un privilegio lavorare con Bawso e il National Museum Wales su questo importante progetto. Il lavoro in prima linea di Bawso \u00e8 unico nel modo in cui soddisfa le esigenze specifiche delle comunit\u00e0 BME in Galles e oltre, e si spera che il coinvolgimento con il museo come luogo di narrazione possa animare nuove storie su cosa significhi per i sopravvissuti trovare una casa in Galles.<\/p>\n\n\n\n<p>In qualit\u00e0 di ricercatore presso l&#039;Universit\u00e0 del Galles del Sud, sono responsabile della pianificazione, organizzazione e realizzazione quotidiana del progetto. I primi mesi del progetto hanno comportato la conoscenza del mio nuovo posto di lavoro, dei colleghi e dell&#039;incontro con i partner del progetto. \u00c8 stato un piacere incontrare i colleghi Bawso in tutto il Galles del Sud, i curatori di St Fagans e gli archivisti della People&#039;s Collection Wales, comprendere le loro strutture e priorit\u00e0 con il progetto e iniziare a elaborare piani per i workshop partecipativi per gli utenti dei servizi Bawso. I workshop si svolgeranno tra gennaio e aprile 2024.<\/p>\n\n\n\n<p>Parlare con il personale in prima linea di Bawso \u00e8 stato particolarmente importante in questo processo di familiarit\u00e0 e pianificazione. Capire quali giorni della settimana sono pi\u00f9 convenienti per i partecipanti in diverse aree, organizzare il nostro progetto in base alle festivit\u00e0 religiose e mettere in atto un&#039;assistenza all&#039;infanzia sono dettagli che speriamo rendano la partecipazione pi\u00f9 comoda e divertente. Ho anche collaborato con i partner per trovare modi per rendere i workshop interessanti e offrire opportunit\u00e0 ai partecipanti non solo di raccontare storie ma anche di sperimentare e giocare con il modo in cui vengono raccontate e registrate.<\/p>\n\n\n\n<p>Dall&#039;inizio del progetto, ho richiesto con successo il sostegno del Fondo per le attivit\u00e0 civiche dell&#039;USW per consentirci di creare risorse durature (materiali didattici e un opuscolo di storie) che aiuteranno i membri del pubblico a continuare a impegnarsi con le storie una volta che il progetto \u00e8 terminato.<\/p>\n\n\n\n<p>Al fine di fornire il progetto ai pi\u00f9 alti standard etici e di qualit\u00e0, questi primi mesi del mio incarico hanno comportato anche un&#039;introduzione alla USW, una formazione di aggiornamento in Digital Storytelling, una formazione sulla storia orale con People&#039;s Collection Wales e un&#039;ulteriore introduzione al lavoro di Bawso da parte di partecipando e sostenendo i loro eventi pubblici, come il lancio del rapporto di ricerca sul matrimonio forzato all&#039;USW e il White Ribbon Day presso la cattedrale di Llandaff.<\/p>\n<\/details>\n<\/div><\/div>\n\n\n\n<hr class=\"wp-block-separator has-alpha-channel-opacity\"\/>\n\n\n\n<div class=\"wp-block-media-text is-stacked-on-mobile is-vertically-aligned-top is-image-fill-element\" style=\"grid-template-columns:23% auto\"><figure class=\"wp-block-media-text__media\"><img loading=\"lazy\" decoding=\"async\" width=\"450\" height=\"341\" src=\"https:\/\/bawso.org.uk\/wp-content\/uploads\/2023\/12\/Prof-Emily-Underwood-L.2e16d0ba.fill-450x341.format-jpeg_kCkKxX6-1-1.jpg\" alt=\"\" class=\"wp-image-3348 size-full\" style=\"object-position:50% 50%\" srcset=\"https:\/\/bawso.org.uk\/wp-content\/uploads\/2023\/12\/Prof-Emily-Underwood-L.2e16d0ba.fill-450x341.format-jpeg_kCkKxX6-1-1.jpg 450w, https:\/\/bawso.org.uk\/wp-content\/uploads\/2023\/12\/Prof-Emily-Underwood-L.2e16d0ba.fill-450x341.format-jpeg_kCkKxX6-1-1-300x227.jpg 300w, https:\/\/bawso.org.uk\/wp-content\/uploads\/2023\/12\/Prof-Emily-Underwood-L.2e16d0ba.fill-450x341.format-jpeg_kCkKxX6-1-1-16x12.jpg 16w\" sizes=\"auto, (max-width: 450px) 100vw, 450px\" \/><\/figure><div class=\"wp-block-media-text__content\">\n<p><strong>La professoressa Emily Underwood-Lee<\/strong><\/p>\n\n\n\n<details class=\"wp-block-details is-layout-flow wp-block-details-is-layout-flow\"><summary>BIO <\/summary>\n<p>Sono felice di lavorare al progetto Bawso Oral Stories. Il mio ruolo nel progetto \u00e8 guidare la narrazione e la raccolta di storie orali. Spero che potremo consentire agli utenti del servizio Bawso di condividere le storie che ci hanno raccontato e che desiderano essere ascoltate e preservate.<\/p>\n\n\n\n<p>Questo progetto si sviluppa sulla mia collaborazione in corso con Bawso e sul mio lavoro precedente esplorando come consentire alle voci dei sopravvissuti di essere ascoltate. Sono particolarmente interessato a pensare a come possiamo lavorare con le comunit\u00e0 che Bawso sostiene per garantire che le loro storie siano ascoltate nei luoghi e dalle persone che gli stessi narratori sentono il bisogno di ascoltare. Sappiamo che la voce dei sopravvissuti dovrebbe essere al centro delle politiche e delle pratiche e spero che questo progetto possa dare un contributo verso un\u2019offerta realmente orientata ai bisogni. Questo progetto consentir\u00e0 di condividere storie come parte della raccolta nazionale e ci aiuter\u00e0 a comprendere l\u2019ampiezza delle esperienze del popolo del Galles. Sappiamo anche che la condivisione di storie pu\u00f2 creare connessioni, favorire la comunit\u00e0 e la comprensione e migliorare il benessere e sono entusiasta di far parte di questo lavoro con gli utenti dei servizi Bawso.<\/p>\n\n\n\n<p>Il mio lavoro di ricerca pi\u00f9 ampio si concentra sull&#039;amplificazione di storie personali poco ascoltate da persone le cui voci potrebbero essere state trascurate e sulla differenza che l&#039;ascolto di queste storie pu\u00f2 fare nella politica, nella pratica e nella vita quotidiana sia per chi racconta che per chi ascolta. Ho un interesse particolare per le storie sulla maternit\u00e0, sul genere, sulla salute\/malattia e sul patrimonio culturale. Sono professore di Performance Studies presso l&#039;Universit\u00e0 del Galles del Sud, dove sono co-direttore del George Ewart Evans Center for Storytelling e co-presidente del Violence Against Women, Domestic Abuse, and Sexual Violence Research Network Wales. Le mie pubblicazioni recenti includono il libro Maternal Performance: Feminist Relations (Palgrave 2021), la raccolta curata Mothering Performance (Routledge 2022) e un&#039;edizione speciale della rivista peer-reviewed Storytelling, Self, Society on &#039;Storytelling for Health&#039; ( 2019).<\/p>\n<\/details>\n<\/div><\/div>\n\n\n\n<div style=\"height:54px\" aria-hidden=\"true\" class=\"wp-block-spacer\"><\/div>\n\n\n\n<p><strong>Celebrare le voci delle donne attraverso la narrazione digitale<\/strong>&nbsp;<\/p>\n\n\n\n<p>In collaborazione con l&#039;Universit\u00e0 del Galles del Sud, il George Ewart Evans Centre for Storytelling e l&#039;Amgueddfa Cymru \u2013 Museum Wales, Bawso ha guidato con orgoglio un potente progetto di valorizzazione del patrimonio culturale, portando le esperienze vissute dalle donne, utenti dei servizi di Bawso, nel cuore del Museo Nazionale e nel pubblico dominio.&nbsp;<\/p>\n\n\n\n<p>Finanziata dal National Lottery Heritage Fund nel 2023, questa iniziativa ha catturato e preservato le voci di donne che spesso sono rimaste inascoltate, garantendo che le loro storie vengano ascoltate e archiviate per le generazioni future.&nbsp;<\/p>\n\n\n\n<p>Il nostro rapporto di fine progetto offre uno sguardo dettagliato a questo stimolante percorso, dal coinvolgimento della comunit\u00e0 e dai workshop di narrazione, all&#039;editing, agli eventi di lancio pubblico e all&#039;archiviazione finale di 64 storie uniche tratte da 154 interazioni con gli utenti del servizio.&nbsp;<\/p>\n\n\n\n<p>Vi invitiamo ad esplorare queste storie profondamente toccanti di persona al Museo Nazionale di St Fagans, oppure online tramite <a href=\"https:\/\/www.peoplescollection.wales\/user\/117801\/author\/117801\/sort\/date\/page\/2\" data-type=\"link\" data-id=\"https:\/\/www.peoplescollection.wales\/user\/117801\/author\/117801\/sort\/date\/page\/2\"><a href=\"https:\/\/eu-west-1.protection.sophos.com?d=peoplescollection.wales&amp;u=aHR0cHM6Ly93d3cucGVvcGxlc2NvbGxlY3Rpb24ud2FsZXMvdXNlcnMvMTE3ODAxP3BhZ2U9MQ==&amp;i=NjM2M2I2NjdmZDAzM2IxMjc4MDU5Y2Rh&amp;t=c0pqSXE1SUwxYjhiRk1nNVRtR0NVTFgvd1F0YkY3ZVRxNUtpYzRGU1lPTT0=&amp;h=a716634ca9164f97a64090c918742f01&amp;s=AVNPUEhUT0NFTkNSWVBUSVbDh_BjtqC1MDxIjACgJI1UdN8tBYhl5cbKzMwKkkhEOvvWE0aH21uE4WeIt0V2LqQ\">Bawso | Collezione popolare Galles<\/a><\/a>.<\/p>\n\n\n\n<p>Vuoi saperne di pi\u00f9? Contattaci via SMS, e-mail o visita uno dei nostri uffici in Galles.&nbsp;<\/p>\n\n\n\n<div class=\"wp-block-file\"><a id=\"wp-block-file--media-371aa259-c3ef-4aaa-9a1f-57b36b67f683\" href=\"https:\/\/bawso.org.uk\/wp-content\/uploads\/2025\/08\/Final-version-Bawso-Stories-end-of-project-report-31-1-25-1.pdf\"><strong>Bawso Stories Rapporto di fine progetto <\/strong><\/a><a href=\"https:\/\/bawso.org.uk\/wp-content\/uploads\/2025\/08\/Final-version-Bawso-Stories-end-of-project-report-31-1-25-1.pdf\" class=\"wp-block-file__button wp-element-button\" download aria-describedby=\"wp-block-file--media-371aa259-c3ef-4aaa-9a1f-57b36b67f683\">Scarica<\/a><\/div>\n\n\n\n<div class=\"wp-block-file has-brand-four-background-color has-background\"><a id=\"wp-block-file--media-1c6cc171-d548-4e6e-afa5-020fb6c212ce\" href=\"https:\/\/bawso.org.uk\/wp-content\/uploads\/2025\/08\/Storiau-Bawso-adroddiad-diwedd-prosiect-21-3-25.pdf\" target=\"_blank\" rel=\"noreferrer noopener\"><strong>Stor\u00efau Bawso Adroddiad Diwedd Prosiect <\/strong><\/a><a href=\"https:\/\/bawso.org.uk\/wp-content\/uploads\/2025\/08\/Storiau-Bawso-adroddiad-diwedd-prosiect-21-3-25.pdf\" class=\"wp-block-file__button wp-element-button\" download aria-describedby=\"wp-block-file--media-1c6cc171-d548-4e6e-afa5-020fb6c212ce\">Scarica<\/a><\/div>\n\n\n\n<div style=\"height:47px\" aria-hidden=\"true\" class=\"wp-block-spacer\"><\/div>\n\n\n\n<div class=\"wp-block-query is-layout-flow wp-block-query-is-layout-flow\"><ul class=\"columns-2 wp-block-post-template is-layout-grid wp-container-core-post-template-is-layout-17361a50 wp-block-post-template-is-layout-grid\"><li class=\"wp-block-post post-4293 post type-post status-publish format-standard hentry category-events category-news tag-bawso-oral-stories\">\n\n<div class=\"wp-block-group\" style=\"padding-top:30px;padding-right:30px;padding-bottom:30px;padding-left:30px\"><div class=\"wp-block-group__inner-container is-layout-constrained wp-container-core-group-is-layout-644faf63 wp-block-group-is-layout-constrained\"><h2 class=\"wp-block-post-title\"><a href=\"https:\/\/bawso.org.uk\/it\/2024\/11\/bawso-stories-landmarks-of-personal-history\/\" target=\"_self\" >Storie di Bawso: punti di riferimento della storia personale<\/a><\/h2>\n\n<div class=\"wp-block-post-excerpt\"><p class=\"wp-block-post-excerpt__excerpt\">Dettagli dell&#039;evento: Data e ora: mercoled\u00ec 13 novembre \u00b7 11:00 \u2013 12:30 GMT Luogo: St. Fagans National\u2026<\/p><p class=\"wp-block-post-excerpt__more-text\"><a class=\"wp-block-post-excerpt__more-link\" href=\"https:\/\/bawso.org.uk\/it\/2024\/11\/bawso-stories-landmarks-of-personal-history\/\">Leggi di pi\u00f9<\/a><\/p><\/div>\n\n<div class=\"wp-block-post-date\"><time datetime=\"2024-11-11T11:37:27+00:00\">11 novembre 2024<\/time><\/div><\/div><\/div>\n\n<\/li><li class=\"wp-block-post post-4019 post type-post status-publish format-standard hentry category-events category-news tag-bawso-oral-stories\">\n\n<div class=\"wp-block-group\" style=\"padding-top:30px;padding-right:30px;padding-bottom:30px;padding-left:30px\"><div class=\"wp-block-group__inner-container is-layout-constrained wp-container-core-group-is-layout-644faf63 wp-block-group-is-layout-constrained\"><h2 class=\"wp-block-post-title\"><a href=\"https:\/\/bawso.org.uk\/it\/2024\/07\/bawso-stories-launch-event\/\" target=\"_self\" >Evento di lancio delle storie orali di Bawso<\/a><\/h2>\n\n<div class=\"wp-block-post-excerpt\"><p class=\"wp-block-post-excerpt__excerpt\">Unisciti a noi per il lancio di Bawso Stories, un progetto speciale che celebra gli individui, le storie e il patrimonio...<\/p><p class=\"wp-block-post-excerpt__more-text\"><a class=\"wp-block-post-excerpt__more-link\" href=\"https:\/\/bawso.org.uk\/it\/2024\/07\/bawso-stories-launch-event\/\">Leggi di pi\u00f9<\/a><\/p><\/div>\n\n<div class=\"wp-block-post-date\"><time datetime=\"2024-07-22T14:25:22+01:00\">22 Luglio, 2024<\/time><\/div><\/div><\/div>\n\n<\/li><li class=\"wp-block-post post-3877 post type-post status-publish format-standard hentry category-news tag-bawso-oral-stories\">\n\n<div class=\"wp-block-group\" style=\"padding-top:30px;padding-right:30px;padding-bottom:30px;padding-left:30px\"><div class=\"wp-block-group__inner-container is-layout-constrained wp-container-core-group-is-layout-644faf63 wp-block-group-is-layout-constrained\"><h2 class=\"wp-block-post-title\"><a href=\"https:\/\/bawso.org.uk\/it\/2024\/05\/a-visit-to-national-museum-cardiff\/\" target=\"_self\" >Una visita al Museo Nazionale di Cardiff<\/a><\/h2>\n\n<div class=\"wp-block-post-excerpt\"><p class=\"wp-block-post-excerpt__excerpt\">Una visita al Museo Nazionale di Cardiff da parte degli utenti del servizio Bawso Newport promette un&#039;esperienza arricchente piena di...<\/p><p class=\"wp-block-post-excerpt__more-text\"><a class=\"wp-block-post-excerpt__more-link\" href=\"https:\/\/bawso.org.uk\/it\/2024\/05\/a-visit-to-national-museum-cardiff\/\">Leggi di pi\u00f9<\/a><\/p><\/div>\n\n<div class=\"wp-block-post-date\"><time datetime=\"2024-05-03T12:14:30+01:00\">3 Maggio, 2024<\/time><\/div><\/div><\/div>\n\n<\/li><li class=\"wp-block-post post-3850 post type-post status-publish format-standard hentry category-news tag-bawso-oral-stories\">\n\n<div class=\"wp-block-group\" style=\"padding-top:30px;padding-right:30px;padding-bottom:30px;padding-left:30px\"><div class=\"wp-block-group__inner-container is-layout-constrained wp-container-core-group-is-layout-644faf63 wp-block-group-is-layout-constrained\"><h2 class=\"wp-block-post-title\"><a href=\"https:\/\/bawso.org.uk\/it\/2024\/04\/bawso-at-llanberis-slate-museum\/\" target=\"_self\" >Bawso al Museo dell&#039;ardesia di Llanberis<\/a><\/h2>\n\n<div class=\"wp-block-post-excerpt\"><p class=\"wp-block-post-excerpt__excerpt\">Nel cuore di Llanberis, si trova lo Slate Museum, una testimonianza del ricco patrimonio industriale della regione. Come\u2026<\/p><p class=\"wp-block-post-excerpt__more-text\"><a class=\"wp-block-post-excerpt__more-link\" href=\"https:\/\/bawso.org.uk\/it\/2024\/04\/bawso-at-llanberis-slate-museum\/\">Leggi di pi\u00f9<\/a><\/p><\/div>\n\n<div class=\"wp-block-post-date\"><time datetime=\"2024-04-30T14:40:05+01:00\">30 Aprile, 2024<\/time><\/div><\/div><\/div>\n\n<\/li><li class=\"wp-block-post post-3707 post type-post status-publish format-standard hentry category-news tag-bawso-oral-stories\">\n\n<div class=\"wp-block-group\" style=\"padding-top:30px;padding-right:30px;padding-bottom:30px;padding-left:30px\"><div class=\"wp-block-group__inner-container is-layout-constrained wp-container-core-group-is-layout-644faf63 wp-block-group-is-layout-constrained\"><h2 class=\"wp-block-post-title\"><a href=\"https:\/\/bawso.org.uk\/it\/2024\/04\/a-trip-to-welsh-museums\/\" target=\"_self\" >Un viaggio nei musei gallesi\u00a0<\/a><\/h2>\n\n<div class=\"wp-block-post-excerpt\"><p class=\"wp-block-post-excerpt__excerpt\">Finanziato dal National Lottery Heritage Fund, il progetto Bawso BME Oral Stories, sotto la guida di\u2026<\/p><p class=\"wp-block-post-excerpt__more-text\"><a class=\"wp-block-post-excerpt__more-link\" href=\"https:\/\/bawso.org.uk\/it\/2024\/04\/a-trip-to-welsh-museums\/\">Leggi di pi\u00f9<\/a><\/p><\/div>\n\n<div class=\"wp-block-post-date\"><time datetime=\"2024-04-08T11:20:31+01:00\">8 aprile 2024<\/time><\/div><\/div><\/div>\n\n<\/li><\/ul><\/div>\n\n\n\n<p><a href=\"https:\/\/nation.cymru\/news\/unique-partnership-to-share-untold-stories-of-wales-diverse-communities\/\"><strong>Nazione Cymru - Posto di notizie<\/strong><\/a><\/p>\n\n\n\n<h2 class=\"wp-block-heading has-brand-four-color has-text-color has-link-color has-small-font-size wp-elements-a7ee413eccea65321406039e0206c417\">Evento di lancio di Bawso Stories <\/h2>\n\n\n\n<h2 class=\"wp-block-heading has-brand-four-color has-text-color has-link-color has-small-font-size wp-elements-bb72eb752ffff7f96a94e60eb4d3f3f8\">Storie di Bawso: Punti di riferimento dell&#039;evento della storia personale <\/h2>\n\n\n\n<h2 class=\"wp-block-heading has-brand-four-color has-text-color has-link-color has-small-font-size wp-elements-837cb1c2d88e931d6fc0f0805f10a09b\">Un viaggio nei musei gallesi&nbsp;<\/h2>\n\n\n\n<h2 class=\"wp-block-heading has-brand-four-color has-text-color has-link-color has-small-font-size wp-elements-cfcf520190511e034d89760ae48101a6\">Bawso al Museo dell&#039;ardesia di Llanberis<\/h2>\n\n\n\n<h2 class=\"wp-block-heading has-brand-four-color has-text-color has-link-color has-small-font-size wp-elements-c98774cc86b6a7f5132bfd56940c328a\">Una visita al Museo Nazionale di Cardiff<\/h2>\n\n\n\n<p class=\"is-style-text-x-large has-brand-four-color has-text-color has-link-color has-small-font-size wp-elements-6af1aeda4fbb35b8153ffd3fe2238c37\"><strong>Bawso visita il museo Llanberis nel Galles del Nord il 12 aprile 2024&nbsp;<\/strong><\/p>\n\n\n\n<p><\/p>","protected":false},"excerpt":{"rendered":"<p>The Bawso BME Oral Stories project aims to digitally record and preserve 25 oral histories and 25 digital stories (3-minute videos) from Bawso service users. The project aligns with the [&hellip;]<\/p>\n","protected":false},"author":6,"featured_media":0,"parent":0,"menu_order":0,"comment_status":"closed","ping_status":"closed","template":"","meta":{"_acf_changed":false,"_seopress_robots_primary_cat":"","_seopress_titles_title":"","_seopress_titles_desc":"","_seopress_robots_index":"","footnotes":""},"class_list":["post-3329","page","type-page","status-publish","hentry"],"acf":[],"publishpress_future_action":{"enabled":false,"date":"2026-07-07 14:48:17","action":"category-add","newStatus":"draft","terms":[],"taxonomy":"","extraData":[]},"publishpress_future_workflow_manual_trigger":{"enabledWorkflows":[]},"_links":{"self":[{"href":"https:\/\/bawso.org.uk\/it\/wp-json\/wp\/v2\/pages\/3329","targetHints":{"allow":["GET"]}}],"collection":[{"href":"https:\/\/bawso.org.uk\/it\/wp-json\/wp\/v2\/pages"}],"about":[{"href":"https:\/\/bawso.org.uk\/it\/wp-json\/wp\/v2\/types\/page"}],"author":[{"embeddable":true,"href":"https:\/\/bawso.org.uk\/it\/wp-json\/wp\/v2\/users\/6"}],"replies":[{"embeddable":true,"href":"https:\/\/bawso.org.uk\/it\/wp-json\/wp\/v2\/comments?post=3329"}],"version-history":[{"count":36,"href":"https:\/\/bawso.org.uk\/it\/wp-json\/wp\/v2\/pages\/3329\/revisions"}],"predecessor-version":[{"id":4945,"href":"https:\/\/bawso.org.uk\/it\/wp-json\/wp\/v2\/pages\/3329\/revisions\/4945"}],"wp:attachment":[{"href":"https:\/\/bawso.org.uk\/it\/wp-json\/wp\/v2\/media?parent=3329"}],"curies":[{"name":"parola chiave","href":"https:\/\/api.w.org\/{rel}","templated":true}]}}