{"id":311,"date":"2022-02-25T13:48:58","date_gmt":"2022-02-25T13:48:58","guid":{"rendered":"https:\/\/bawso.org.uk\/?page_id=311"},"modified":"2022-08-11T19:32:29","modified_gmt":"2022-08-11T18:32:29","slug":"about-us","status":"publish","type":"page","link":"https:\/\/bawso.org.uk\/it\/about-us\/","title":{"rendered":"Chi siamo"},"content":{"rendered":"<h2 class=\"wp-block-heading\"><strong>Chi siamo<\/strong><\/h2>\n\n\n\n<p class=\"has-medium-font-size\"><strong>Bawso \u00e8 stata fondata nel 1995 da un piccolo gruppo di donne nere e minorizzate a Cardiff, preoccupate per l&#039;adeguatezza dei servizi forniti alle vittime di abusi domestici. Abbiamo affittato una stanza con scrivania, sedia e telefono e abbiamo iniziato a sensibilizzare le comunit\u00e0 nere e minorate, con il governo, gli enti statutari e i fornitori di servizi del terzo settore.<\/strong><\/p>\n\n\n\n<p>Nel corso degli anni Bawso ha aperto la strada al lavoro in aree molto prima che diventassero oggetto di un diffuso interesse pubblico e di leggi tra cui il matrimonio forzato (FM), le mutilazioni genitali femminili (FMG), la violenza basata sull&#039;onore (HBV) e, pi\u00f9 recentemente, la schiavit\u00f9 moderna e la tratta .<\/p>\n\n\n\n<p>I servizi di Bawso ora si estendono in tutto il Galles, impiegando oltre un centinaio di personale qualificato ed esperto e numerosi volontari. Con un fatturato di 4,6 milioni di sterline all&#039;anno, siamo finanziati dal governo centrale di Westminster, dal governo devoluto della baia di Cardiff, dalle autorit\u00e0 locali, dai commissari per la criminalit\u00e0 della polizia, altri organi statutari, fondazioni, trust, filantropi e attivit\u00e0 di raccolta fondi della comunit\u00e0.<\/p>\n\n\n\n<p>Bawso gestisce rifugi appositamente costruiti, rifugi, strutture di sportello unico, supporto galleggiante per i sopravvissuti nella comunit\u00e0 e progetti specializzati per ciascuna area di violenza e sfruttamento di donne e ragazze, uomini e ragazzi. Supportiamo oltre 6.000 persone ogni anno e ogni anno questi numeri aumentano.<\/p>\n\n\n\n<p>Il lavoro sul campo \u00e8 completato da una linea di assistenza attiva 24 ore su 24, un dipartimento di formazione impegnato nel miglioramento continuo dei servizi Bawso e delle competenze del personale Bawso e la fornitura di formazione di sensibilizzazione ad agenzie esterne, professionisti e professionisti, tra cui polizia e medici di base , personale del SSN, insegnanti e dipendenti pubblici. Bawso ha anche un ampio e dedicato Dipartimento di Interpretazione e Traduzione di lavoratori accreditati.<\/p>\n\n\n\n<p>Bawso \u00e8 governato da un consiglio di donne e uomini neri e minorizzati di grande talento ed esperienza delle comunit\u00e0 che servono. Anche il personale e i volontari di Bawso provengono da comunit\u00e0 nere e minorate del Galles, offrendo loro una comprensione unica delle culture, delle religioni e delle lingue degli utenti del servizio e delle loro comunit\u00e0.<\/p>\n\n\n\n<h3 class=\"wp-block-heading\"><strong>LA NOSTRA VISIONE<\/strong><\/h3>\n\n\n\n<p class=\"is-style-text-x-large has-medium-font-size\"><strong>Che tutte le persone in Galles vivano libere da abusi, violenze e sfruttamento.<\/strong><\/p>\n\n\n\n<h3 class=\"wp-block-heading\"><strong>LA NOSTRA MISSIONE<\/strong><\/h3>\n\n\n\n<p class=\"is-style-text-x-large has-medium-font-size\"><strong>Sostenere e fornire servizi specialistici alle vittime nere e minorizzate di abusi, violenze e sfruttamento in Galles.<\/strong><\/p>\n\n\n\n<h3 class=\"wp-block-heading\"><strong>I NOSTRI VALORI<\/strong><\/h3>\n\n\n\n<ul class=\"wp-block-list\"><li>Ci impegniamo a lavorare senza giudicare con una tolleranza zero di abusi, violenza e sfruttamento.<\/li><li>Aderiamo a elevati standard professionali di pratica, essendo rispettosi, empatici, sensibili e onesti.<\/li><li>Manteniamo integrit\u00e0, trasparenza e responsabilit\u00e0 in tutto ci\u00f2 che facciamo.<\/li><li>Forniamo servizi prontamente disponibili e facilmente accessibili.<\/li><li>Aumentiamo la consapevolezza di tutte le forme di abuso e violenza sia all&#039;interno delle comunit\u00e0 nere e minorate, sia con il governo e la societ\u00e0 civile in Galles.<\/li><li>Sfidiamo sempre il razzismo e tutte le forme di disuguaglianza, ingiustizia e discriminazione intersettoriali.<\/li><\/ul>","protected":false},"excerpt":{"rendered":"<p>Who we are Bawso was established in 1995 by a small group of black and minoritised women in Cardiff, who were concerned about the appropriateness of services provided to victims [&hellip;]<\/p>\n","protected":false},"author":1,"featured_media":0,"parent":0,"menu_order":4,"comment_status":"closed","ping_status":"closed","template":"","meta":{"_acf_changed":false,"_seopress_robots_primary_cat":"","_seopress_titles_title":"Bawso | About Us","_seopress_titles_desc":"The lead organisation in Wales providing practical &amp; emotional support to black minority ethnic (BAME) and migrant victims of abuse, violence and exploitation.","_seopress_robots_index":"","footnotes":""},"class_list":["post-311","page","type-page","status-publish","hentry"],"acf":[],"publishpress_future_action":{"enabled":false,"date":"2026-06-27 15:35:07","action":"category-add","newStatus":"draft","terms":[],"taxonomy":"","extraData":[]},"publishpress_future_workflow_manual_trigger":{"enabledWorkflows":[]},"_links":{"self":[{"href":"https:\/\/bawso.org.uk\/it\/wp-json\/wp\/v2\/pages\/311","targetHints":{"allow":["GET"]}}],"collection":[{"href":"https:\/\/bawso.org.uk\/it\/wp-json\/wp\/v2\/pages"}],"about":[{"href":"https:\/\/bawso.org.uk\/it\/wp-json\/wp\/v2\/types\/page"}],"author":[{"embeddable":true,"href":"https:\/\/bawso.org.uk\/it\/wp-json\/wp\/v2\/users\/1"}],"replies":[{"embeddable":true,"href":"https:\/\/bawso.org.uk\/it\/wp-json\/wp\/v2\/comments?post=311"}],"version-history":[{"count":9,"href":"https:\/\/bawso.org.uk\/it\/wp-json\/wp\/v2\/pages\/311\/revisions"}],"predecessor-version":[{"id":1985,"href":"https:\/\/bawso.org.uk\/it\/wp-json\/wp\/v2\/pages\/311\/revisions\/1985"}],"wp:attachment":[{"href":"https:\/\/bawso.org.uk\/it\/wp-json\/wp\/v2\/media?parent=311"}],"curies":[{"name":"parola chiave","href":"https:\/\/api.w.org\/{rel}","templated":true}]}}